{"id":10044,"date":"2023-09-13T07:00:40","date_gmt":"2023-09-13T07:00:40","guid":{"rendered":"https:\/\/www.tartuh.ee\/?page_id=10044"},"modified":"2025-01-29T06:54:56","modified_gmt":"2025-01-29T06:54:56","slug":"the-aim-and-general-principles-of-the-journal","status":"publish","type":"page","link":"https:\/\/www.tartuh.ee\/en\/research-and-development\/journal-healthy-body-healthy-mind-full-of-knowledge\/the-aim-and-general-principles-of-the-journal\/","title":{"rendered":"The Aim and General Principles of the Journal"},"content":{"rendered":"\n<p><em>Healthy Body, Healthy Mind Full of Knowledge<\/em> is the international peer-reviewed open access (freely available to the public) journal of Tartu Applied Health Sciences University issued every second year, publishing innovative research results in the fields of health care and health care education.\u00a0\u00a0<\/p>\n\n\n\n<figure class=\"wp-block-image size-large is-resized\"><a href=\"https:\/\/issuu.com\/tthkk\/docs\/tktv-01-web-pages\" target=\"_blank\" rel=\" noreferrer noopener\"><img loading=\"lazy\" decoding=\"async\" width=\"723\" height=\"1024\" src=\"https:\/\/www.tartuh.ee\/wp-content\/uploads\/2025\/01\/image-723x1024.png\" alt=\"\" class=\"wp-image-14644\" style=\"width:400px;height:auto\" srcset=\"https:\/\/www.tartuh.ee\/wp-content\/uploads\/2025\/01\/image-723x1024.png 723w, https:\/\/www.tartuh.ee\/wp-content\/uploads\/2025\/01\/image-212x300.png 212w, https:\/\/www.tartuh.ee\/wp-content\/uploads\/2025\/01\/image-768x1088.png 768w, https:\/\/www.tartuh.ee\/wp-content\/uploads\/2025\/01\/image.png 902w\" sizes=\"auto, (max-width: 723px) 100vw, 723px\" \/><\/a><\/figure>\n\n\n\n<div class=\"wp-block-buttons is-layout-flex wp-block-buttons-is-layout-flex\">\n<div class=\"wp-block-button\"><a class=\"wp-block-button__link wp-element-button\" href=\"https:\/\/issuu.com\/tthkk\/docs\/tktv-01-web-pages\" target=\"_blank\" rel=\"noreferrer noopener\">Read the journal here<\/a><\/div>\n<\/div>\n\n\n\n<p><\/p>\n\n\n\n<p>The Journal is focusing on the topics related to <strong>health <\/strong>and <strong>health care education<\/strong>, for example, health awareness in the society, diet, physical activity, mental health, infectious diseases and their prevention, patient safety, environment and health, health technologies, curriculum development in health care education, the cohesion of teaching and learning methods with assessment methods and assessment criteria in the achievement of learning outcomes.<\/p>\n\n\n\n<p><strong>The following types of manuscripts are expected to be submitted to the Journal:&nbsp;<\/strong><\/p>\n\n\n\n<ul class=\"wp-block-list\">\n<li><strong>Original research <\/strong>\u2013 the manuscript describes the results of an empirical study, providing new information about the topic under study on the basis of current relevant sources. The length of the text should not exceed 16 pages in A4 format, incl.&nbsp; tables, figures and the references; maximum number of references is 40.&nbsp;<\/li>\n\n\n\n<li><strong>Case study <\/strong>\u2013 the manuscript provides a brief description of results obtained with the help of an innovative method or a specific situation\/case. The length of the text should not exceed 8 pages, incl. the references; maximum number of references is 20.&nbsp;<\/li>\n\n\n\n<li><strong>Review article<\/strong> \u2013 the manuscript provides an overview of a specific historical or current aspect of health care or health care education; the novelty of approach and relevance of the topic are essential. The length of the text should not exceed 16 pages, incl. the references; maximum number of references is 60.&nbsp;<\/li>\n<\/ul>\n\n\n\n<p>The research study should be carried out and the manuscript compiled in accord with the principles of research integrity (see \u201cThe European Code of Conduct for Research Integrity\u201d, 2017). It is the first author\u2019s responsibility to ensure that the publication of the manuscript is not infringing the protection of intellectual property or the rights arising from other legal acts.<\/p>\n","protected":false},"excerpt":{"rendered":"<p>Healthy Body, Healthy Mind Full of Knowledge is the international peer-reviewed open access (freely available to the public) journal of Tartu Applied Health Sciences University issued every second year, publishing innovative research results in the fields of health care and health care education.\u00a0\u00a0 The Journal is focusing on the topics related to health and health [&hellip;]<\/p>\n","protected":false},"author":31,"featured_media":0,"parent":10779,"menu_order":0,"comment_status":"closed","ping_status":"closed","template":"","meta":{"_acf_changed":false,"_eb_attr":"","inline_featured_image":false,"footnotes":""},"class_list":["post-10044","page","type-page","status-publish","hentry"],"acf":[],"yoast_head":"<!-- This site is optimized with the Yoast SEO plugin v20.8 - https:\/\/yoast.com\/wordpress\/plugins\/seo\/ -->\n<title>The Aim and General Principles of the Journal - TARTUH.EE<\/title>\n<meta name=\"description\" content=\"Healthy body, healthy mind full of knowledge is the international peer-reviewed open access (freely available to the public) journal of Tartu Health Care College issued every second year, publishing innovative research results in the fields of health care and health care education.\u00a0\u00a0\" \/>\n<meta name=\"robots\" content=\"index, follow, max-snippet:-1, max-image-preview:large, max-video-preview:-1\" \/>\n<link rel=\"canonical\" href=\"https:\/\/www.tartuh.ee\/en\/research-and-development\/journal-healthy-body-healthy-mind-full-of-knowledge\/the-aim-and-general-principles-of-the-journal\/\" \/>\n<meta property=\"og:locale\" content=\"en_US\" \/>\n<meta property=\"og:type\" content=\"article\" \/>\n<meta property=\"og:title\" content=\"The Aim and General Principles of the Journal - TARTUH.EE\" \/>\n<meta property=\"og:description\" content=\"Healthy body, healthy mind full of knowledge is the international peer-reviewed open access (freely available to the public) journal of Tartu Health Care College issued every second year, publishing innovative research results in the fields of health care and health care education.\u00a0\u00a0\" \/>\n<meta property=\"og:url\" content=\"https:\/\/www.tartuh.ee\/en\/research-and-development\/journal-healthy-body-healthy-mind-full-of-knowledge\/the-aim-and-general-principles-of-the-journal\/\" \/>\n<meta property=\"og:site_name\" content=\"TARTUH.EE\" \/>\n<meta property=\"article:modified_time\" content=\"2025-01-29T06:54:56+00:00\" \/>\n<meta property=\"og:image\" content=\"https:\/\/www.tartuh.ee\/wp-content\/uploads\/2025\/01\/image-723x1024.png\" \/>\n<meta name=\"twitter:card\" content=\"summary_large_image\" \/>\n<meta name=\"twitter:label1\" content=\"Est. reading time\" \/>\n\t<meta name=\"twitter:data1\" content=\"2 minutes\" \/>\n<script type=\"application\/ld+json\" class=\"yoast-schema-graph\">{\"@context\":\"https:\/\/schema.org\",\"@graph\":[{\"@type\":\"WebPage\",\"@id\":\"https:\/\/www.tartuh.ee\/en\/research-and-development\/journal-healthy-body-healthy-mind-full-of-knowledge\/the-aim-and-general-principles-of-the-journal\/\",\"url\":\"https:\/\/www.tartuh.ee\/en\/research-and-development\/journal-healthy-body-healthy-mind-full-of-knowledge\/the-aim-and-general-principles-of-the-journal\/\",\"name\":\"The Aim and General Principles of the Journal - TARTUH.EE\",\"isPartOf\":{\"@id\":\"https:\/\/www.tartuh.ee\/#website\"},\"datePublished\":\"2023-09-13T07:00:40+00:00\",\"dateModified\":\"2025-01-29T06:54:56+00:00\",\"description\":\"Healthy body, healthy mind full of knowledge is the international peer-reviewed open access (freely available to the public) journal of Tartu Health Care College issued every second year, publishing innovative research results in the fields of health care and health care education.\u00a0\u00a0\",\"breadcrumb\":{\"@id\":\"https:\/\/www.tartuh.ee\/en\/research-and-development\/journal-healthy-body-healthy-mind-full-of-knowledge\/the-aim-and-general-principles-of-the-journal\/#breadcrumb\"},\"inLanguage\":\"en-US\",\"potentialAction\":[{\"@type\":\"ReadAction\",\"target\":[\"https:\/\/www.tartuh.ee\/en\/research-and-development\/journal-healthy-body-healthy-mind-full-of-knowledge\/the-aim-and-general-principles-of-the-journal\/\"]}]},{\"@type\":\"BreadcrumbList\",\"@id\":\"https:\/\/www.tartuh.ee\/en\/research-and-development\/journal-healthy-body-healthy-mind-full-of-knowledge\/the-aim-and-general-principles-of-the-journal\/#breadcrumb\",\"itemListElement\":[{\"@type\":\"ListItem\",\"position\":1,\"name\":\"Home\",\"item\":\"https:\/\/www.tartuh.ee\/en\/\"},{\"@type\":\"ListItem\",\"position\":2,\"name\":\"Research and Development\",\"item\":\"https:\/\/www.tartuh.ee\/en\/research-and-development\/\"},{\"@type\":\"ListItem\",\"position\":3,\"name\":\"Journal Healthy Body, Healthy Mind Full of Knowledge\",\"item\":\"https:\/\/www.tartuh.ee\/en\/research-and-development\/journal-healthy-body-healthy-mind-full-of-knowledge\/\"},{\"@type\":\"ListItem\",\"position\":4,\"name\":\"The Aim and General Principles of the Journal\"}]},{\"@type\":\"WebSite\",\"@id\":\"https:\/\/www.tartuh.ee\/#website\",\"url\":\"https:\/\/www.tartuh.ee\/\",\"name\":\"TARTUH.EE\",\"description\":\"Tartu Tervishoiu K\u00f5rgkool on Eestis ja rahvusvaheliselt hinnatud k\u00f5rgkool ning kompetentsikeskus tervise ja heaolu valdkonnas. K\u00f5rgkoolis on v\u00f5imalik \u00f5ppida rakendusk\u00f5rghariduse, magistri- ja kutse\u00f5ppe \u00f5ppekavadel.\",\"publisher\":{\"@id\":\"https:\/\/www.tartuh.ee\/#organization\"},\"potentialAction\":[{\"@type\":\"SearchAction\",\"target\":{\"@type\":\"EntryPoint\",\"urlTemplate\":\"https:\/\/www.tartuh.ee\/?s={search_term_string}\"},\"query-input\":\"required name=search_term_string\"}],\"inLanguage\":\"en-US\"},{\"@type\":\"Organization\",\"@id\":\"https:\/\/www.tartuh.ee\/#organization\",\"name\":\"TARTUH.EE\",\"url\":\"https:\/\/www.tartuh.ee\/\",\"logo\":{\"@type\":\"ImageObject\",\"inLanguage\":\"en-US\",\"@id\":\"https:\/\/www.tartuh.ee\/#\/schema\/logo\/image\/\",\"url\":\"https:\/\/www.tartuh.ee\/wp-content\/uploads\/2025\/01\/cropped-TTKK-2025-logo.jpg\",\"contentUrl\":\"https:\/\/www.tartuh.ee\/wp-content\/uploads\/2025\/01\/cropped-TTKK-2025-logo.jpg\",\"width\":1498,\"height\":755,\"caption\":\"TARTUH.EE\"},\"image\":{\"@id\":\"https:\/\/www.tartuh.ee\/#\/schema\/logo\/image\/\"}}]}<\/script>\n<!-- \/ Yoast SEO plugin. -->","yoast_head_json":{"title":"The Aim and General Principles of the Journal - TARTUH.EE","description":"Healthy body, healthy mind full of knowledge is the international peer-reviewed open access (freely available to the public) journal of Tartu Health Care College issued every second year, publishing innovative research results in the fields of health care and health care education.\u00a0\u00a0","robots":{"index":"index","follow":"follow","max-snippet":"max-snippet:-1","max-image-preview":"max-image-preview:large","max-video-preview":"max-video-preview:-1"},"canonical":"https:\/\/www.tartuh.ee\/en\/research-and-development\/journal-healthy-body-healthy-mind-full-of-knowledge\/the-aim-and-general-principles-of-the-journal\/","og_locale":"en_US","og_type":"article","og_title":"The Aim and General Principles of the Journal - TARTUH.EE","og_description":"Healthy body, healthy mind full of knowledge is the international peer-reviewed open access (freely available to the public) journal of Tartu Health Care College issued every second year, publishing innovative research results in the fields of health care and health care education.\u00a0\u00a0","og_url":"https:\/\/www.tartuh.ee\/en\/research-and-development\/journal-healthy-body-healthy-mind-full-of-knowledge\/the-aim-and-general-principles-of-the-journal\/","og_site_name":"TARTUH.EE","article_modified_time":"2025-01-29T06:54:56+00:00","og_image":[{"url":"https:\/\/www.tartuh.ee\/wp-content\/uploads\/2025\/01\/image-723x1024.png"}],"twitter_card":"summary_large_image","twitter_misc":{"Est. reading time":"2 minutes"},"schema":{"@context":"https:\/\/schema.org","@graph":[{"@type":"WebPage","@id":"https:\/\/www.tartuh.ee\/en\/research-and-development\/journal-healthy-body-healthy-mind-full-of-knowledge\/the-aim-and-general-principles-of-the-journal\/","url":"https:\/\/www.tartuh.ee\/en\/research-and-development\/journal-healthy-body-healthy-mind-full-of-knowledge\/the-aim-and-general-principles-of-the-journal\/","name":"The Aim and General Principles of the Journal - TARTUH.EE","isPartOf":{"@id":"https:\/\/www.tartuh.ee\/#website"},"datePublished":"2023-09-13T07:00:40+00:00","dateModified":"2025-01-29T06:54:56+00:00","description":"Healthy body, healthy mind full of knowledge is the international peer-reviewed open access (freely available to the public) journal of Tartu Health Care College issued every second year, publishing innovative research results in the fields of health care and health care education.\u00a0\u00a0","breadcrumb":{"@id":"https:\/\/www.tartuh.ee\/en\/research-and-development\/journal-healthy-body-healthy-mind-full-of-knowledge\/the-aim-and-general-principles-of-the-journal\/#breadcrumb"},"inLanguage":"en-US","potentialAction":[{"@type":"ReadAction","target":["https:\/\/www.tartuh.ee\/en\/research-and-development\/journal-healthy-body-healthy-mind-full-of-knowledge\/the-aim-and-general-principles-of-the-journal\/"]}]},{"@type":"BreadcrumbList","@id":"https:\/\/www.tartuh.ee\/en\/research-and-development\/journal-healthy-body-healthy-mind-full-of-knowledge\/the-aim-and-general-principles-of-the-journal\/#breadcrumb","itemListElement":[{"@type":"ListItem","position":1,"name":"Home","item":"https:\/\/www.tartuh.ee\/en\/"},{"@type":"ListItem","position":2,"name":"Research and Development","item":"https:\/\/www.tartuh.ee\/en\/research-and-development\/"},{"@type":"ListItem","position":3,"name":"Journal Healthy Body, Healthy Mind Full of Knowledge","item":"https:\/\/www.tartuh.ee\/en\/research-and-development\/journal-healthy-body-healthy-mind-full-of-knowledge\/"},{"@type":"ListItem","position":4,"name":"The Aim and General Principles of the Journal"}]},{"@type":"WebSite","@id":"https:\/\/www.tartuh.ee\/#website","url":"https:\/\/www.tartuh.ee\/","name":"TARTUH.EE","description":"Tartu Tervishoiu K\u00f5rgkool on Eestis ja rahvusvaheliselt hinnatud k\u00f5rgkool ning kompetentsikeskus tervise ja heaolu valdkonnas. K\u00f5rgkoolis on v\u00f5imalik \u00f5ppida rakendusk\u00f5rghariduse, magistri- ja kutse\u00f5ppe \u00f5ppekavadel.","publisher":{"@id":"https:\/\/www.tartuh.ee\/#organization"},"potentialAction":[{"@type":"SearchAction","target":{"@type":"EntryPoint","urlTemplate":"https:\/\/www.tartuh.ee\/?s={search_term_string}"},"query-input":"required name=search_term_string"}],"inLanguage":"en-US"},{"@type":"Organization","@id":"https:\/\/www.tartuh.ee\/#organization","name":"TARTUH.EE","url":"https:\/\/www.tartuh.ee\/","logo":{"@type":"ImageObject","inLanguage":"en-US","@id":"https:\/\/www.tartuh.ee\/#\/schema\/logo\/image\/","url":"https:\/\/www.tartuh.ee\/wp-content\/uploads\/2025\/01\/cropped-TTKK-2025-logo.jpg","contentUrl":"https:\/\/www.tartuh.ee\/wp-content\/uploads\/2025\/01\/cropped-TTKK-2025-logo.jpg","width":1498,"height":755,"caption":"TARTUH.EE"},"image":{"@id":"https:\/\/www.tartuh.ee\/#\/schema\/logo\/image\/"}}]}},"_links":{"self":[{"href":"https:\/\/www.tartuh.ee\/en\/wp-json\/wp\/v2\/pages\/10044","targetHints":{"allow":["GET"]}}],"collection":[{"href":"https:\/\/www.tartuh.ee\/en\/wp-json\/wp\/v2\/pages"}],"about":[{"href":"https:\/\/www.tartuh.ee\/en\/wp-json\/wp\/v2\/types\/page"}],"author":[{"embeddable":true,"href":"https:\/\/www.tartuh.ee\/en\/wp-json\/wp\/v2\/users\/31"}],"replies":[{"embeddable":true,"href":"https:\/\/www.tartuh.ee\/en\/wp-json\/wp\/v2\/comments?post=10044"}],"version-history":[{"count":8,"href":"https:\/\/www.tartuh.ee\/en\/wp-json\/wp\/v2\/pages\/10044\/revisions"}],"predecessor-version":[{"id":14662,"href":"https:\/\/www.tartuh.ee\/en\/wp-json\/wp\/v2\/pages\/10044\/revisions\/14662"}],"up":[{"embeddable":true,"href":"https:\/\/www.tartuh.ee\/en\/wp-json\/wp\/v2\/pages\/10779"}],"wp:attachment":[{"href":"https:\/\/www.tartuh.ee\/en\/wp-json\/wp\/v2\/media?parent=10044"}],"curies":[{"name":"wp","href":"https:\/\/api.w.org\/{rel}","templated":true}]}}