{"id":10219,"date":"2023-07-07T12:53:55","date_gmt":"2023-07-07T12:53:55","guid":{"rendered":"https:\/\/www.tartuh.ee\/?page_id=10219"},"modified":"2025-11-18T22:45:18","modified_gmt":"2025-11-18T22:45:18","slug":"schedule-2","status":"publish","type":"page","link":"https:\/\/www.tartuh.ee\/en\/about-tartuh\/events\/student-conference-health-in-our-hands\/schedule-2\/","title":{"rendered":"Schedule"},"content":{"rendered":"\n<h2 class=\"wp-block-heading\"><strong>International Student Conference in Health Sciences<\/strong><br><strong>\u201eHealth in Our Hands\u201c<\/strong><br><strong>20 November 2025<\/strong><\/h2>\n\n\n\n<p><strong>9.15&nbsp;&nbsp;&nbsp;&nbsp; Opening Ceremony (Address: Nooruse 5, room: 007)<\/strong><\/p>\n\n\n\n<h2 class=\"wp-block-heading\"><strong>Scientific Session I (oral presentations)<br>Scientific Committee members: <\/strong>Saima Hinno, Hanna Michnowska, Katrin Lang, Bernhard Engelmann, Eerik J\u00f5gi<br><strong>Moderators:<\/strong> Anni M\u00e4gi, Jaanika Reinmann<\/h2>\n\n\n\n<ul class=\"wp-block-list\">\n<li><strong>9.30&nbsp;&nbsp;&nbsp;&nbsp; WORKPLACE BULLYING EXPERIENCED BY LATVIAN DOCTOR\u2019S ASSISTANT STUDENTS DURING CLINICAL PRACTICE<\/strong><br>Presenter: Kristina Fedorenkova<br>Scientific research supervisor: Jolanta Pupure<\/li>\n\n\n\n<li><strong>9.45&nbsp;&nbsp;&nbsp;&nbsp; HEALTHCARE AND SOCIAL WORKERS` EXPERIENCES WITH ETHICAL CHALLENGES IN DEMENTIA CARE \u2013 A QUALITATIVE STUDY<\/strong><br>Presenter: Maia-Liisa Suigusaar<br>Scientific research supervisor: Merle Varik<\/li>\n\n\n\n<li><strong>10.00&nbsp;&nbsp; ORGAN DONATION: BARRIERS AND STRATEGIES \u2013 A SYSTEMATIC LITERATURE REVIEW<\/strong><br>Presenter: Giedr\u0117 Vikait\u0117<br>Scientific research supervisor: Zyta Kuzborska<\/li>\n\n\n\n<li><strong>10.15&nbsp;&nbsp; DIET AND BODY COMPOSITION IN YOUNG WOMEN WITH LONG-TERM USE OF ORAL CONTRACEPTIVES<\/strong><br>Presenter: Kevin K\u00f6ster<br>Scientific research supervisors: Anna-Liisa Tamm, \u00dclle Parm<\/li>\n\n\n\n<li><strong>10.30&nbsp;&nbsp; HEALTH DATA IN PERSONAL SOLID PODS: PATIENT OWNERSHIP, SAFER SHARING, AND PRACTICAL USE IN EVERYDAY CARE<\/strong><br>Authors: Yassuan Vincenzo Foljanty Catanzaro<\/li>\n\n\n\n<li><strong>10.45&nbsp;&nbsp; EVALUATION OF LOCAL LARGE LANGUAGE MODELS FOR THE DEVELOPMENT OF A PATIENT SAFETY ONTOLOGY<\/strong><br>Presenter: Jessica Hochwald<br>Scientific research supervisor: Thomas Schrader<\/li>\n\n\n\n<li><strong>11.00&nbsp;&nbsp; GESTURE LAB \u2013 INCLUSIVE DIGITAL ART THROUGH GESTURE RECOGNITION<\/strong><br>Authors: Batur Can Asildas, Sarah Stricker, Dennis Hoffmann, Armin Emil Heinrich Paul Wladimir Schulz, Lara Hermany, Ulrike Faik<br>Scientific research supervisor: Thomas Schrader<\/li>\n\n\n\n<li><strong>11.15&nbsp;&nbsp; Break<\/strong><\/li>\n<\/ul>\n\n\n\n<h2 class=\"wp-block-heading\"><strong>Scientific session II<\/strong> <strong>(oral presentations)<br>Scientific Committee members: <\/strong>\u00a0\u00a0Saima Hinno, Hanna Michnowska, Katrin Lang, Bernhard Engelmann, Sirje Sammul<br><strong>Moderators: <\/strong>Anna Verro, Artur Sirk<\/h2>\n\n\n\n<ul class=\"wp-block-list\">\n<li><strong>11.30&nbsp;&nbsp; THE USAGE OF INFORMATION TECHNOLOGY EQUIPMENT BY HEALTHCARE WORKERS, PREPAREDNESS TO IMPLEMENT NEW SOLUTIONS IN THE SA TUH ADULT INTENSIVE CARE DEPARTMENTS<\/strong><br>Authors: Karin Vichmann, Siret L\u00e4\u00e4nelaid, Hanna Kadri Laas, Tuuli Metsvaht<\/li>\n\n\n\n<li><strong>11.45&nbsp;&nbsp; HEALTH EFFECTS OF IONIZING RADIATION DURING MEDICAL SCREENING<\/strong><br>Authors: Patricija \u0160ostak, Vaidil\u0117 Sp\u0117\u010dien\u0117<\/li>\n\n\n\n<li><strong>12.00&nbsp;&nbsp; X-RAY ILLUSIONS: THE HIDDEN DANGER OF RADIOLOGY ARTIFACT&nbsp;&nbsp;<\/strong><br>Presenter: Domantas Skikas<br>Scientific research supervisor: Virginija Andriusevi\u010dien\u0117<\/li>\n\n\n\n<li><strong>12.15&nbsp;&nbsp; HOW TO PROMOTE MOTIVATION FOR ORAL HYGIENE IN KINDERKARTEN CHILDREN AGED FOUR TO SIX THROUGH PLAYFUL METHODS<\/strong><br>Authors: Celine Pieritz, Emely G\u00f6pfarth, Ksenia Matusevich<br>Scientific research supervisor: Beatrix Schulte-Huermann<\/li>\n\n\n\n<li><strong>12.30&nbsp;&nbsp; EFFECTS OF A SHORT-TERM PHYSICAL INTERVENTION ON WORKING MEMORY AND FUNCTIONAL PERFORMANCE IN OLDER ADULTS<\/strong><br>Authors: Kristina \u017demgulien\u0117, Kristina Rukui\u017eien\u0117, Julija Pocien\u0119, Egl\u0117 Pukait\u0117, Sandra Minkevi\u010dien\u0117, Svetlana Ko\u010detova<br>Supervisors: Laura \u017dalien\u0117, Jurgita Boltutien\u0117, Simona Urbonien\u0117, Au\u0161ra Ra\u010d\u0117, Dovydas Anglickas<\/li>\n\n\n\n<li><strong>12.45\u00a0\u00a0 PHYSICAL ACTIVITY DURING MENOPAUSE: OPPORTUNITIES FOR HEALTH PROMOTION AND DISEASE PREVENTION<\/strong><br>Authors: Kristina Ambras\u0117, Giedr\u0117 Gudelyt\u0117-Gudelevi\u010di\u016bt\u0117, Viktorija Gulianova, consulted by Milda \u017dukauskien\u0117<\/li>\n\n\n\n<li><strong>13.00&nbsp;&nbsp; <\/strong><strong>Lunch<\/strong><\/li>\n<\/ul>\n\n\n\n<h2 class=\"wp-block-heading\"><strong>Scientific session III (oral presentations)<br>Scientific Committee members:<\/strong> Steven Onkelinx, Gerli M\u00f5ts, Merle Talvik, Eerik J\u00f5gi, Thomas Schrader<br><strong>Moderator: <\/strong>Jaanika Reinmann<\/h2>\n\n\n\n<ul class=\"wp-block-list\">\n<li><strong>13.45&nbsp;&nbsp; ARTIFICIAL INTELLIGENCE IN PHYSIOTHERAPY: USE CASES &amp; LIMITATIONS<\/strong><br>Authors: Dennis Hoffmann, Jonas Arnold Rahm, Joachim Wolfgang Ulrich Wagnitz, Charlie Tim Stage, Yassuan Vincenzo Foljanty Catanzaro, Hillary Ingrid Kengne Mboghe Noughe, Mylene C Makuetche Talla, Daliane Mape Noumbissi<br>Scientific research supervisor: Thomas Schrader<\/li>\n\n\n\n<li><strong>14.00&nbsp;&nbsp; PREVALENCE OF DOPING USE AND HEALTH RISKS AMONG AMATEUR ATHLETES<\/strong><br>Presenter: Ieva Egl\u012bte<br>Scientific research supervisor: Sanita Liti\u0146a<\/li>\n\n\n\n<li><strong>14.15&nbsp;&nbsp; POSTOPERATIVE FUNCTIONAL OUTCOMES IN PATIENTS WITH ANTERIOR SHOULDER INSTABILITY FOLLOWING BANKART AND BANKART WITH REMPLISSAGE PROCEDURES<\/strong><br>Presenter: Karl Frederik Pruuden<br>Scientific research supervisors: Doris Vahtrik, Madis Rahu, Mihkel Luik<\/li>\n\n\n\n<li><strong>14.30&nbsp;&nbsp; BREAST CANCER PATIENTS\u2019 ASSESSMENT OF THEIR QUALITY OF LIFE DURING RADIOTHERAPY AT TARTU UNIVERSITY HOSPITAL<\/strong><br>Presenters: Kelly Metsam\u00e4rt, Sonja Kaur<br>Scientific research supervisor: Stella Kibena<\/li>\n\n\n\n<li><strong>14.45&nbsp;&nbsp; PRESENCE OF STREPTOCOCCUS MUTANS AND GRAM-POSITIVE PATHOGENIC BACTERIAL SPECIES WITH ALPHA\u2013 AND BETA\u2013HEMOLYSIS ON THE TOOTHBRUSHES OF EMPLOYEES AND STUDENTS OF TARTU HEALTH CARE COLLEGE<\/strong><br>Presenters: Elke Tatar, Lisett Sang<br>Scientific research supervisors: Eerik J\u00f5gi, Marika K\u00fclm<\/li>\n\n\n\n<li><strong>15.00&nbsp;&nbsp; PHYTOCHEMICAL AND TOXICOLOGICAL PROFILING OF THE AYAHUASCA INGREDIENT CHALIPONGA<\/strong><br>Authors: Maria Rita Garcia, Mykhaylo Dutka, Sofia Guimar\u00e3es, Paula B. Andrade, Diana Diasda-Silva, Nelson G. M. Gomes<\/li>\n\n\n\n<li><strong>15.15&nbsp;&nbsp; Break<\/strong><\/li>\n<\/ul>\n\n\n\n<h2 class=\"wp-block-heading\"><strong>Scientific session IV (poster presentations)<\/strong><br><strong>Scientific Committee members:<\/strong> Steven Onkelinx, Gerli M\u00f5ts, Merle Talvik, Eerik J\u00f5gi, Thomas Schrader<br><strong>Moderators: <\/strong>Maia-Liisa Suigusaar,Arnis K\u00e4sper<\/h2>\n\n\n\n<ul class=\"wp-block-list\">\n<li><strong>15.30&nbsp;&nbsp; FACILITATING MEDICAL CAREER DIALOGUE ACROSS BORDERS: A REFLECTIVE CASE<\/strong><br>Presenter: Matas Mikalauskas<br>Scientific research supervisor: Saulius Luko\u0161evi\u010dius<\/li>\n\n\n\n<li><strong>15.37&nbsp;&nbsp; CHANGES IN THE WORK ORGANIZATION OF ESTONIAN PHYSIOTHERAPISTS FOLLOWING THE AMENDMENTS IN THE REGULATORY FRAMEWORK OF THE PROFESSION IN 2023-2024<\/strong><br>Presenter: Christofer Kalda<br>Scientific research supervisors: Anna-Liisa Tamm, Martin Argus<\/li>\n\n\n\n<li><strong>15.44&nbsp;&nbsp; THE USE OF FASTING TECHNIQUES IN MEDICAL THERAPY<\/strong><br>Presenter: Daina Zal\u0101ne<\/li>\n\n\n\n<li><strong>15.51\u00a0\u00a0  ASSESSMENT OF PHYSICAL FITNESS IN ELITE YOUTH ATHLETES: BODY COMPOSITION, FUNCTIONAL MOVEMENT, AND BALANCE<\/strong><br>Presenters: Kazimieras Bergelis, Kristina \u017demgulien\u0117<br>Scientific research supervisors: Laura \u017dalien\u0117, Rita Gikarien\u0117, Kornelija Ma\u017eionyt\u0117<\/li>\n\n\n\n<li><strong>15.58\u00a0\u00a0 NECROTIZING FASCIITIS OF THE THIGH: DIAGNOSTIC CHALLENGES AND DIFFERENTIAL DIAGNOSES \u2013 A CASE REPORT AND LITERATURE REVIEW<\/strong><br>Authors: Viktorija Urbonaviciute, Tomas Budrys, Saulius Lukosevicius, Klaudijus Baranauskas<br>Scientific research supervisor: Tomas Budrys<\/li>\n\n\n\n<li><strong>16.05\u00a0\u00a0 BONE METRICS AND FORENSIC ANTHROPOLOGY: INSIGHTS FROM KAZAKH POPULATIONS<\/strong><br>Presenter: Ayan M. Nurolatuly<br>Scientific research supervisor: Saule A. Mussabekova<\/li>\n\n\n\n<li><strong>16.12\u00a0\u00a0 FORENSIC EXAMINATION OF CONDOM TRACES IN THE VAGINAL MATRIX USING FOURIER TRANSFORM INFRARED SPECTROSCOPY<\/strong><br>Presenters: Abdulrahman Noor Bakri Dahair, Amjad Fahmida<br>Scientific research supervisor: Saule A. Mussabekova<\/li>\n\n\n\n<li><strong>16.19\u00a0\u00a0 THE INFLUENCE OF SEXUAL INTERCOURSE ON THE VAGINAL MICROBIOTA: A LITERATURE REVIEW<\/strong><br>Presenter: Yusra Hussain, Sidra Shaukat<br>Scientific research supervisors: Saule A. Mussabekova<\/li>\n\n\n\n<li><strong>16.33&nbsp;&nbsp; BRIDGING PRACTICE AND RESEARCH: FROM EVIDENCE TO ACTION IN OSTEOARTHRITIS CARE<\/strong><br>Presenter: Bernhard Engelmann, Institute of Health Sciences, Center for Digital Health and Social Innovation, Austria<\/li>\n<\/ul>\n\n\n\n<p><strong>18.45&nbsp;&nbsp; Gathering for the Gala Dinner \u2013 <\/strong><a href=\"https:\/\/loomelava.ee\/\" target=\"_blank\" rel=\"noreferrer noopener\"><strong>LOOMELAVA<\/strong><\/a><strong> (Address: Narva mnt 2)<\/strong><br><strong>19.15&nbsp;&nbsp; Awarding Ceremony<\/strong><br><strong>19.45&nbsp;&nbsp; Dinner \/ Performers \/ Dance<\/strong><br><strong>23.00&nbsp;&nbsp; End of the evening<\/strong><\/p>\n\n\n\n<div class=\"wp-block-buttons is-layout-flex wp-block-buttons-is-layout-flex\">\n<div class=\"wp-block-button\"><a class=\"wp-block-button__link wp-element-button\" href=\"https:\/\/www.tartuh.ee\/en\/student-conference-health-in-our-hands\/\">Return to the HOH Main Page<\/a><\/div>\n<\/div>\n\n\n\n<p><\/p>\n","protected":false},"excerpt":{"rendered":"<p>International Student Conference in Health Sciences\u201eHealth in Our Hands\u201c20 November 2025 9.15&nbsp;&nbsp;&nbsp;&nbsp; Opening Ceremony (Address: Nooruse 5, room: 007) Scientific Session I (oral presentations)Scientific Committee members: Saima Hinno, Hanna Michnowska, Katrin Lang, Bernhard Engelmann, Eerik J\u00f5giModerators: Anni M\u00e4gi, Jaanika Reinmann Scientific session II (oral presentations)Scientific Committee members: \u00a0\u00a0Saima Hinno, Hanna Michnowska, Katrin Lang, Bernhard Engelmann, [&hellip;]<\/p>\n","protected":false},"author":6,"featured_media":0,"parent":836,"menu_order":0,"comment_status":"closed","ping_status":"closed","template":"","meta":{"_acf_changed":false,"_eb_attr":"","inline_featured_image":false,"footnotes":""},"class_list":["post-10219","page","type-page","status-publish","hentry"],"acf":[],"yoast_head":"<!-- This site is optimized with the Yoast SEO plugin v20.8 - https:\/\/yoast.com\/wordpress\/plugins\/seo\/ -->\n<title>Schedule - TARTUH.EE<\/title>\n<meta name=\"description\" content=\"Schedule and programme of the conference &quot;Health in Our Hands&quot;.\" \/>\n<meta name=\"robots\" content=\"index, follow, max-snippet:-1, max-image-preview:large, max-video-preview:-1\" \/>\n<link rel=\"canonical\" href=\"https:\/\/www.tartuh.ee\/en\/about-tartuh\/events\/student-conference-health-in-our-hands\/schedule-2\/\" \/>\n<meta property=\"og:locale\" content=\"en_US\" \/>\n<meta property=\"og:type\" content=\"article\" \/>\n<meta property=\"og:title\" content=\"Schedule - TARTUH.EE\" \/>\n<meta property=\"og:description\" content=\"Schedule and programme of the conference &quot;Health in Our Hands&quot;.\" \/>\n<meta property=\"og:url\" content=\"https:\/\/www.tartuh.ee\/en\/about-tartuh\/events\/student-conference-health-in-our-hands\/schedule-2\/\" \/>\n<meta property=\"og:site_name\" content=\"TARTUH.EE\" \/>\n<meta property=\"article:modified_time\" content=\"2025-11-18T22:45:18+00:00\" \/>\n<meta name=\"twitter:card\" content=\"summary_large_image\" \/>\n<meta name=\"twitter:label1\" content=\"Est. reading time\" \/>\n\t<meta name=\"twitter:data1\" content=\"5 minutes\" \/>\n<script type=\"application\/ld+json\" class=\"yoast-schema-graph\">{\"@context\":\"https:\/\/schema.org\",\"@graph\":[{\"@type\":\"WebPage\",\"@id\":\"https:\/\/www.tartuh.ee\/en\/about-tartuh\/events\/student-conference-health-in-our-hands\/schedule-2\/\",\"url\":\"https:\/\/www.tartuh.ee\/en\/about-tartuh\/events\/student-conference-health-in-our-hands\/schedule-2\/\",\"name\":\"Schedule - TARTUH.EE\",\"isPartOf\":{\"@id\":\"https:\/\/www.tartuh.ee\/#website\"},\"datePublished\":\"2023-07-07T12:53:55+00:00\",\"dateModified\":\"2025-11-18T22:45:18+00:00\",\"description\":\"Schedule and programme of the conference \\\"Health in Our Hands\\\".\",\"breadcrumb\":{\"@id\":\"https:\/\/www.tartuh.ee\/en\/about-tartuh\/events\/student-conference-health-in-our-hands\/schedule-2\/#breadcrumb\"},\"inLanguage\":\"en-US\",\"potentialAction\":[{\"@type\":\"ReadAction\",\"target\":[\"https:\/\/www.tartuh.ee\/en\/about-tartuh\/events\/student-conference-health-in-our-hands\/schedule-2\/\"]}]},{\"@type\":\"BreadcrumbList\",\"@id\":\"https:\/\/www.tartuh.ee\/en\/about-tartuh\/events\/student-conference-health-in-our-hands\/schedule-2\/#breadcrumb\",\"itemListElement\":[{\"@type\":\"ListItem\",\"position\":1,\"name\":\"Home\",\"item\":\"https:\/\/www.tartuh.ee\/en\/\"},{\"@type\":\"ListItem\",\"position\":2,\"name\":\"About TARTUH\",\"item\":\"https:\/\/www.tartuh.ee\/en\/about-tartuh\/\"},{\"@type\":\"ListItem\",\"position\":3,\"name\":\"Events\",\"item\":\"https:\/\/www.tartuh.ee\/en\/about-tartuh\/events\/\"},{\"@type\":\"ListItem\",\"position\":4,\"name\":\"Student Conference &#8220;Health in our Hands&#8221;\",\"item\":\"https:\/\/www.tartuh.ee\/en\/about-tartuh\/events\/student-conference-health-in-our-hands\/\"},{\"@type\":\"ListItem\",\"position\":5,\"name\":\"Schedule\"}]},{\"@type\":\"WebSite\",\"@id\":\"https:\/\/www.tartuh.ee\/#website\",\"url\":\"https:\/\/www.tartuh.ee\/\",\"name\":\"TARTUH.EE\",\"description\":\"Tartu Tervishoiu K\u00f5rgkool on Eestis ja rahvusvaheliselt hinnatud k\u00f5rgkool ning kompetentsikeskus tervise ja heaolu valdkonnas. K\u00f5rgkoolis on v\u00f5imalik \u00f5ppida rakendusk\u00f5rghariduse, magistri- ja kutse\u00f5ppe \u00f5ppekavadel.\",\"publisher\":{\"@id\":\"https:\/\/www.tartuh.ee\/#organization\"},\"potentialAction\":[{\"@type\":\"SearchAction\",\"target\":{\"@type\":\"EntryPoint\",\"urlTemplate\":\"https:\/\/www.tartuh.ee\/?s={search_term_string}\"},\"query-input\":\"required name=search_term_string\"}],\"inLanguage\":\"en-US\"},{\"@type\":\"Organization\",\"@id\":\"https:\/\/www.tartuh.ee\/#organization\",\"name\":\"TARTUH.EE\",\"url\":\"https:\/\/www.tartuh.ee\/\",\"logo\":{\"@type\":\"ImageObject\",\"inLanguage\":\"en-US\",\"@id\":\"https:\/\/www.tartuh.ee\/#\/schema\/logo\/image\/\",\"url\":\"https:\/\/www.tartuh.ee\/wp-content\/uploads\/2025\/01\/cropped-TTKK-2025-logo.jpg\",\"contentUrl\":\"https:\/\/www.tartuh.ee\/wp-content\/uploads\/2025\/01\/cropped-TTKK-2025-logo.jpg\",\"width\":1498,\"height\":755,\"caption\":\"TARTUH.EE\"},\"image\":{\"@id\":\"https:\/\/www.tartuh.ee\/#\/schema\/logo\/image\/\"}}]}<\/script>\n<!-- \/ Yoast SEO plugin. -->","yoast_head_json":{"title":"Schedule - TARTUH.EE","description":"Schedule and programme of the conference \"Health in Our Hands\".","robots":{"index":"index","follow":"follow","max-snippet":"max-snippet:-1","max-image-preview":"max-image-preview:large","max-video-preview":"max-video-preview:-1"},"canonical":"https:\/\/www.tartuh.ee\/en\/about-tartuh\/events\/student-conference-health-in-our-hands\/schedule-2\/","og_locale":"en_US","og_type":"article","og_title":"Schedule - TARTUH.EE","og_description":"Schedule and programme of the conference \"Health in Our Hands\".","og_url":"https:\/\/www.tartuh.ee\/en\/about-tartuh\/events\/student-conference-health-in-our-hands\/schedule-2\/","og_site_name":"TARTUH.EE","article_modified_time":"2025-11-18T22:45:18+00:00","twitter_card":"summary_large_image","twitter_misc":{"Est. reading time":"5 minutes"},"schema":{"@context":"https:\/\/schema.org","@graph":[{"@type":"WebPage","@id":"https:\/\/www.tartuh.ee\/en\/about-tartuh\/events\/student-conference-health-in-our-hands\/schedule-2\/","url":"https:\/\/www.tartuh.ee\/en\/about-tartuh\/events\/student-conference-health-in-our-hands\/schedule-2\/","name":"Schedule - TARTUH.EE","isPartOf":{"@id":"https:\/\/www.tartuh.ee\/#website"},"datePublished":"2023-07-07T12:53:55+00:00","dateModified":"2025-11-18T22:45:18+00:00","description":"Schedule and programme of the conference \"Health in Our Hands\".","breadcrumb":{"@id":"https:\/\/www.tartuh.ee\/en\/about-tartuh\/events\/student-conference-health-in-our-hands\/schedule-2\/#breadcrumb"},"inLanguage":"en-US","potentialAction":[{"@type":"ReadAction","target":["https:\/\/www.tartuh.ee\/en\/about-tartuh\/events\/student-conference-health-in-our-hands\/schedule-2\/"]}]},{"@type":"BreadcrumbList","@id":"https:\/\/www.tartuh.ee\/en\/about-tartuh\/events\/student-conference-health-in-our-hands\/schedule-2\/#breadcrumb","itemListElement":[{"@type":"ListItem","position":1,"name":"Home","item":"https:\/\/www.tartuh.ee\/en\/"},{"@type":"ListItem","position":2,"name":"About TARTUH","item":"https:\/\/www.tartuh.ee\/en\/about-tartuh\/"},{"@type":"ListItem","position":3,"name":"Events","item":"https:\/\/www.tartuh.ee\/en\/about-tartuh\/events\/"},{"@type":"ListItem","position":4,"name":"Student Conference &#8220;Health in our Hands&#8221;","item":"https:\/\/www.tartuh.ee\/en\/about-tartuh\/events\/student-conference-health-in-our-hands\/"},{"@type":"ListItem","position":5,"name":"Schedule"}]},{"@type":"WebSite","@id":"https:\/\/www.tartuh.ee\/#website","url":"https:\/\/www.tartuh.ee\/","name":"TARTUH.EE","description":"Tartu Tervishoiu K\u00f5rgkool on Eestis ja rahvusvaheliselt hinnatud k\u00f5rgkool ning kompetentsikeskus tervise ja heaolu valdkonnas. K\u00f5rgkoolis on v\u00f5imalik \u00f5ppida rakendusk\u00f5rghariduse, magistri- ja kutse\u00f5ppe \u00f5ppekavadel.","publisher":{"@id":"https:\/\/www.tartuh.ee\/#organization"},"potentialAction":[{"@type":"SearchAction","target":{"@type":"EntryPoint","urlTemplate":"https:\/\/www.tartuh.ee\/?s={search_term_string}"},"query-input":"required name=search_term_string"}],"inLanguage":"en-US"},{"@type":"Organization","@id":"https:\/\/www.tartuh.ee\/#organization","name":"TARTUH.EE","url":"https:\/\/www.tartuh.ee\/","logo":{"@type":"ImageObject","inLanguage":"en-US","@id":"https:\/\/www.tartuh.ee\/#\/schema\/logo\/image\/","url":"https:\/\/www.tartuh.ee\/wp-content\/uploads\/2025\/01\/cropped-TTKK-2025-logo.jpg","contentUrl":"https:\/\/www.tartuh.ee\/wp-content\/uploads\/2025\/01\/cropped-TTKK-2025-logo.jpg","width":1498,"height":755,"caption":"TARTUH.EE"},"image":{"@id":"https:\/\/www.tartuh.ee\/#\/schema\/logo\/image\/"}}]}},"_links":{"self":[{"href":"https:\/\/www.tartuh.ee\/en\/wp-json\/wp\/v2\/pages\/10219","targetHints":{"allow":["GET"]}}],"collection":[{"href":"https:\/\/www.tartuh.ee\/en\/wp-json\/wp\/v2\/pages"}],"about":[{"href":"https:\/\/www.tartuh.ee\/en\/wp-json\/wp\/v2\/types\/page"}],"author":[{"embeddable":true,"href":"https:\/\/www.tartuh.ee\/en\/wp-json\/wp\/v2\/users\/6"}],"replies":[{"embeddable":true,"href":"https:\/\/www.tartuh.ee\/en\/wp-json\/wp\/v2\/comments?post=10219"}],"version-history":[{"count":9,"href":"https:\/\/www.tartuh.ee\/en\/wp-json\/wp\/v2\/pages\/10219\/revisions"}],"predecessor-version":[{"id":17501,"href":"https:\/\/www.tartuh.ee\/en\/wp-json\/wp\/v2\/pages\/10219\/revisions\/17501"}],"up":[{"embeddable":true,"href":"https:\/\/www.tartuh.ee\/en\/wp-json\/wp\/v2\/pages\/836"}],"wp:attachment":[{"href":"https:\/\/www.tartuh.ee\/en\/wp-json\/wp\/v2\/media?parent=10219"}],"curies":[{"name":"wp","href":"https:\/\/api.w.org\/{rel}","templated":true}]}}