{"id":10285,"date":"2023-07-09T14:54:40","date_gmt":"2023-07-09T14:54:40","guid":{"rendered":"https:\/\/www.tartuh.ee\/?page_id=10285"},"modified":"2026-03-03T12:32:07","modified_gmt":"2026-03-03T12:32:07","slug":"support-and-counselling","status":"publish","type":"page","link":"https:\/\/www.tartuh.ee\/en\/admission\/support-and-counselling\/","title":{"rendered":"Support and Counselling\u00a0"},"content":{"rendered":"\n<p>Study specialists can advise students on all aspects of their studies: study options, study organisation, timetables, and practical training.&nbsp;<\/p>\n\n\n\n<p>It is also worth checking with them, if necessary, about the possibilities for academic leave or how the <a href=\"https:\/\/www.tartuh.ee\/en\/studying\/recognition-of-prior-learning-and-professional-experience\/\">Recognition of Prior Learning and Professional Experience<\/a> can be used to count prior learning towards your studies. Study specialists also issue various certificates, such as certificates of study to the local municipality, Social Insurance Board, etc.&nbsp;<\/p>\n\n\n\n<p>Psychological counselling is available to students free of charge. You should see a psychologist if you have personal problems or feel stressed, sad, anxious, lonely or unhappy with your relationships. The psychologist also helps with career guidance. For counselling, book an appointment with psychologist via e-mail: <a href=\"mailto:info@mindgram.ee\" target=\"_blank\" rel=\"noreferrer noopener\">info@mindgram.ee<\/a>. An appointment already made with the psychologist can be cancelled or changed no later than 24 hours before the appointment.\u00a0<\/p>\n\n\n\n<p>Members of the <a href=\"https:\/\/www.tartuh.ee\/en\/about-the-college\/students-council\/\">Students Council<\/a> are also available to provide advice and information if needed.&nbsp;<\/p>\n\n\n\n<p>Students have the opportunity to take part in in-depth Estonian language training. All participants in the in-depth study have also been transferred to the in-depth study in the Estonian Education Information System and their nominal study time is extended. In-depth studies are intended by law for students whose proficiency in Estonian as the language of instruction does not meet the requirements for higher education, the volume of studies is 30 ECTS credits per semester. These students cannot attend other classes but will only learn Estonian.&nbsp;<\/p>\n","protected":false},"excerpt":{"rendered":"<p>Study specialists can advise students on all aspects of their studies: study options, study organisation, timetables, and practical training.&nbsp; It is also worth checking with them, if necessary, about the possibilities for academic leave or how the Recognition of Prior Learning and Professional Experience can be used to count prior learning towards your studies. Study [&hellip;]<\/p>\n","protected":false},"author":6,"featured_media":0,"parent":10278,"menu_order":0,"comment_status":"closed","ping_status":"closed","template":"","meta":{"_acf_changed":false,"_eb_attr":"","inline_featured_image":false,"footnotes":""},"class_list":["post-10285","page","type-page","status-publish","hentry"],"acf":[],"yoast_head":"<!-- This site is optimized with the Yoast SEO plugin v20.8 - https:\/\/yoast.com\/wordpress\/plugins\/seo\/ -->\n<title>Support and Counselling\u00a0 - TARTUH.EE<\/title>\n<meta name=\"description\" content=\"Study specialists can advise students on all aspects of their studies: study options, study organisation, timetables, and practical training.\u00a0\" \/>\n<meta name=\"robots\" content=\"index, follow, max-snippet:-1, max-image-preview:large, max-video-preview:-1\" \/>\n<link rel=\"canonical\" href=\"https:\/\/www.tartuh.ee\/en\/admission\/support-and-counselling\/\" \/>\n<meta property=\"og:locale\" content=\"en_US\" \/>\n<meta property=\"og:type\" content=\"article\" \/>\n<meta property=\"og:title\" content=\"Support and Counselling\u00a0 - TARTUH.EE\" \/>\n<meta property=\"og:description\" content=\"Study specialists can advise students on all aspects of their studies: study options, study organisation, timetables, and practical training.\u00a0\" \/>\n<meta property=\"og:url\" content=\"https:\/\/www.tartuh.ee\/en\/admission\/support-and-counselling\/\" \/>\n<meta property=\"og:site_name\" content=\"TARTUH.EE\" \/>\n<meta property=\"article:modified_time\" content=\"2026-03-03T12:32:07+00:00\" \/>\n<meta name=\"twitter:card\" content=\"summary_large_image\" \/>\n<meta name=\"twitter:label1\" content=\"Est. reading time\" \/>\n\t<meta name=\"twitter:data1\" content=\"2 minutes\" \/>\n<script type=\"application\/ld+json\" class=\"yoast-schema-graph\">{\"@context\":\"https:\/\/schema.org\",\"@graph\":[{\"@type\":\"WebPage\",\"@id\":\"https:\/\/www.tartuh.ee\/en\/admission\/support-and-counselling\/\",\"url\":\"https:\/\/www.tartuh.ee\/en\/admission\/support-and-counselling\/\",\"name\":\"Support and Counselling\u00a0 - TARTUH.EE\",\"isPartOf\":{\"@id\":\"https:\/\/www.tartuh.ee\/#website\"},\"datePublished\":\"2023-07-09T14:54:40+00:00\",\"dateModified\":\"2026-03-03T12:32:07+00:00\",\"description\":\"Study specialists can advise students on all aspects of their studies: study options, study organisation, timetables, and practical training.\u00a0\",\"breadcrumb\":{\"@id\":\"https:\/\/www.tartuh.ee\/en\/admission\/support-and-counselling\/#breadcrumb\"},\"inLanguage\":\"en-US\",\"potentialAction\":[{\"@type\":\"ReadAction\",\"target\":[\"https:\/\/www.tartuh.ee\/en\/admission\/support-and-counselling\/\"]}]},{\"@type\":\"BreadcrumbList\",\"@id\":\"https:\/\/www.tartuh.ee\/en\/admission\/support-and-counselling\/#breadcrumb\",\"itemListElement\":[{\"@type\":\"ListItem\",\"position\":1,\"name\":\"Home\",\"item\":\"https:\/\/www.tartuh.ee\/en\/\"},{\"@type\":\"ListItem\",\"position\":2,\"name\":\"Admission and Studies\",\"item\":\"https:\/\/www.tartuh.ee\/en\/admission\/\"},{\"@type\":\"ListItem\",\"position\":3,\"name\":\"Support and Counselling\u00a0\"}]},{\"@type\":\"WebSite\",\"@id\":\"https:\/\/www.tartuh.ee\/#website\",\"url\":\"https:\/\/www.tartuh.ee\/\",\"name\":\"TARTUH.EE\",\"description\":\"Tartu Tervishoiu K\u00f5rgkool on Eestis ja rahvusvaheliselt hinnatud k\u00f5rgkool ning kompetentsikeskus tervise ja heaolu valdkonnas. K\u00f5rgkoolis on v\u00f5imalik \u00f5ppida rakendusk\u00f5rghariduse, magistri- ja kutse\u00f5ppe \u00f5ppekavadel.\",\"publisher\":{\"@id\":\"https:\/\/www.tartuh.ee\/#organization\"},\"potentialAction\":[{\"@type\":\"SearchAction\",\"target\":{\"@type\":\"EntryPoint\",\"urlTemplate\":\"https:\/\/www.tartuh.ee\/?s={search_term_string}\"},\"query-input\":\"required name=search_term_string\"}],\"inLanguage\":\"en-US\"},{\"@type\":\"Organization\",\"@id\":\"https:\/\/www.tartuh.ee\/#organization\",\"name\":\"TARTUH.EE\",\"url\":\"https:\/\/www.tartuh.ee\/\",\"logo\":{\"@type\":\"ImageObject\",\"inLanguage\":\"en-US\",\"@id\":\"https:\/\/www.tartuh.ee\/#\/schema\/logo\/image\/\",\"url\":\"https:\/\/www.tartuh.ee\/wp-content\/uploads\/2025\/01\/cropped-TTKK-2025-logo.jpg\",\"contentUrl\":\"https:\/\/www.tartuh.ee\/wp-content\/uploads\/2025\/01\/cropped-TTKK-2025-logo.jpg\",\"width\":1498,\"height\":755,\"caption\":\"TARTUH.EE\"},\"image\":{\"@id\":\"https:\/\/www.tartuh.ee\/#\/schema\/logo\/image\/\"}}]}<\/script>\n<!-- \/ Yoast SEO plugin. -->","yoast_head_json":{"title":"Support and Counselling\u00a0 - TARTUH.EE","description":"Study specialists can advise students on all aspects of their studies: study options, study organisation, timetables, and practical training.\u00a0","robots":{"index":"index","follow":"follow","max-snippet":"max-snippet:-1","max-image-preview":"max-image-preview:large","max-video-preview":"max-video-preview:-1"},"canonical":"https:\/\/www.tartuh.ee\/en\/admission\/support-and-counselling\/","og_locale":"en_US","og_type":"article","og_title":"Support and Counselling\u00a0 - TARTUH.EE","og_description":"Study specialists can advise students on all aspects of their studies: study options, study organisation, timetables, and practical training.\u00a0","og_url":"https:\/\/www.tartuh.ee\/en\/admission\/support-and-counselling\/","og_site_name":"TARTUH.EE","article_modified_time":"2026-03-03T12:32:07+00:00","twitter_card":"summary_large_image","twitter_misc":{"Est. reading time":"2 minutes"},"schema":{"@context":"https:\/\/schema.org","@graph":[{"@type":"WebPage","@id":"https:\/\/www.tartuh.ee\/en\/admission\/support-and-counselling\/","url":"https:\/\/www.tartuh.ee\/en\/admission\/support-and-counselling\/","name":"Support and Counselling\u00a0 - TARTUH.EE","isPartOf":{"@id":"https:\/\/www.tartuh.ee\/#website"},"datePublished":"2023-07-09T14:54:40+00:00","dateModified":"2026-03-03T12:32:07+00:00","description":"Study specialists can advise students on all aspects of their studies: study options, study organisation, timetables, and practical training.\u00a0","breadcrumb":{"@id":"https:\/\/www.tartuh.ee\/en\/admission\/support-and-counselling\/#breadcrumb"},"inLanguage":"en-US","potentialAction":[{"@type":"ReadAction","target":["https:\/\/www.tartuh.ee\/en\/admission\/support-and-counselling\/"]}]},{"@type":"BreadcrumbList","@id":"https:\/\/www.tartuh.ee\/en\/admission\/support-and-counselling\/#breadcrumb","itemListElement":[{"@type":"ListItem","position":1,"name":"Home","item":"https:\/\/www.tartuh.ee\/en\/"},{"@type":"ListItem","position":2,"name":"Admission and Studies","item":"https:\/\/www.tartuh.ee\/en\/admission\/"},{"@type":"ListItem","position":3,"name":"Support and Counselling\u00a0"}]},{"@type":"WebSite","@id":"https:\/\/www.tartuh.ee\/#website","url":"https:\/\/www.tartuh.ee\/","name":"TARTUH.EE","description":"Tartu Tervishoiu K\u00f5rgkool on Eestis ja rahvusvaheliselt hinnatud k\u00f5rgkool ning kompetentsikeskus tervise ja heaolu valdkonnas. K\u00f5rgkoolis on v\u00f5imalik \u00f5ppida rakendusk\u00f5rghariduse, magistri- ja kutse\u00f5ppe \u00f5ppekavadel.","publisher":{"@id":"https:\/\/www.tartuh.ee\/#organization"},"potentialAction":[{"@type":"SearchAction","target":{"@type":"EntryPoint","urlTemplate":"https:\/\/www.tartuh.ee\/?s={search_term_string}"},"query-input":"required name=search_term_string"}],"inLanguage":"en-US"},{"@type":"Organization","@id":"https:\/\/www.tartuh.ee\/#organization","name":"TARTUH.EE","url":"https:\/\/www.tartuh.ee\/","logo":{"@type":"ImageObject","inLanguage":"en-US","@id":"https:\/\/www.tartuh.ee\/#\/schema\/logo\/image\/","url":"https:\/\/www.tartuh.ee\/wp-content\/uploads\/2025\/01\/cropped-TTKK-2025-logo.jpg","contentUrl":"https:\/\/www.tartuh.ee\/wp-content\/uploads\/2025\/01\/cropped-TTKK-2025-logo.jpg","width":1498,"height":755,"caption":"TARTUH.EE"},"image":{"@id":"https:\/\/www.tartuh.ee\/#\/schema\/logo\/image\/"}}]}},"_links":{"self":[{"href":"https:\/\/www.tartuh.ee\/en\/wp-json\/wp\/v2\/pages\/10285","targetHints":{"allow":["GET"]}}],"collection":[{"href":"https:\/\/www.tartuh.ee\/en\/wp-json\/wp\/v2\/pages"}],"about":[{"href":"https:\/\/www.tartuh.ee\/en\/wp-json\/wp\/v2\/types\/page"}],"author":[{"embeddable":true,"href":"https:\/\/www.tartuh.ee\/en\/wp-json\/wp\/v2\/users\/6"}],"replies":[{"embeddable":true,"href":"https:\/\/www.tartuh.ee\/en\/wp-json\/wp\/v2\/comments?post=10285"}],"version-history":[{"count":3,"href":"https:\/\/www.tartuh.ee\/en\/wp-json\/wp\/v2\/pages\/10285\/revisions"}],"predecessor-version":[{"id":18510,"href":"https:\/\/www.tartuh.ee\/en\/wp-json\/wp\/v2\/pages\/10285\/revisions\/18510"}],"up":[{"embeddable":true,"href":"https:\/\/www.tartuh.ee\/en\/wp-json\/wp\/v2\/pages\/10278"}],"wp:attachment":[{"href":"https:\/\/www.tartuh.ee\/en\/wp-json\/wp\/v2\/media?parent=10285"}],"curies":[{"name":"wp","href":"https:\/\/api.w.org\/{rel}","templated":true}]}}