{"id":10411,"date":"2023-07-31T10:08:18","date_gmt":"2023-07-31T10:08:18","guid":{"rendered":"https:\/\/www.tartuh.ee\/?page_id=10411"},"modified":"2025-05-22T06:38:23","modified_gmt":"2025-05-22T06:38:23","slug":"quality-of-education-in-multiculturalism","status":"publish","type":"page","link":"https:\/\/www.tartuh.ee\/en\/quality-of-education-in-multiculturalism\/","title":{"rendered":"Quality of Education in Multiculturalism"},"content":{"rendered":"\n<p>The aim of the project is to study how internationalization and immigration affect the quality of education in the higher education field. In addition, propose suitable activities to ensure the quality of teaching, taking internationalization into account. Higher education institutions work closely together, sharing and collecting good practices and creating a model for improving the quality of learning in a multicultural classroom. Tartu Applied Health Sciences University participates in a project as a partner.<\/p>\n\n\n\n<p>Maiken Jaanisk, Kristi Vahur and Inga Ploomipuu participate in the project from the Tartu Applied Health Sciences University.<\/p>\n\n\n\n<p>The project is funded by Nordplus Horizontal.<\/p>\n\n\n\n<p><a href=\"https:\/\/www.tartuh.ee\/wp-content\/uploads\/2022\/05\/STUDY_QUALITY_IN_TERMS_OF_MULTICULTURALISM_IN_THE_BALTIC_COUNTRIES.pdf\">The outcome material of the project.<\/a><\/p>\n","protected":false},"excerpt":{"rendered":"<p>The aim of the project is to study how internationalization and immigration affect the quality of education in the higher education field. In addition, propose suitable activities to ensure the quality of teaching, taking internationalization into account. Higher education institutions work closely together, sharing and collecting good practices and creating a model for improving the [&hellip;]<\/p>\n","protected":false},"author":31,"featured_media":0,"parent":0,"menu_order":0,"comment_status":"closed","ping_status":"closed","template":"","meta":{"_acf_changed":false,"_eb_attr":"","inline_featured_image":false,"footnotes":""},"class_list":["post-10411","page","type-page","status-publish","hentry"],"acf":[],"yoast_head":"<!-- This site is optimized with the Yoast SEO plugin v20.8 - https:\/\/yoast.com\/wordpress\/plugins\/seo\/ -->\n<title>Quality of Education in Multiculturalism - TARTUH.EE<\/title>\n<meta name=\"robots\" content=\"index, follow, max-snippet:-1, max-image-preview:large, max-video-preview:-1\" \/>\n<link rel=\"canonical\" href=\"https:\/\/www.tartuh.ee\/en\/quality-of-education-in-multiculturalism\/\" \/>\n<meta property=\"og:locale\" content=\"en_US\" \/>\n<meta property=\"og:type\" content=\"article\" \/>\n<meta property=\"og:title\" content=\"Quality of Education in Multiculturalism - TARTUH.EE\" \/>\n<meta property=\"og:description\" content=\"The aim of the project is to study how internationalization and immigration affect the quality of education in the higher education field. In addition, propose suitable activities to ensure the quality of teaching, taking internationalization into account. Higher education institutions work closely together, sharing and collecting good practices and creating a model for improving the [&hellip;]\" \/>\n<meta property=\"og:url\" content=\"https:\/\/www.tartuh.ee\/en\/quality-of-education-in-multiculturalism\/\" \/>\n<meta property=\"og:site_name\" content=\"TARTUH.EE\" \/>\n<meta property=\"article:modified_time\" content=\"2025-05-22T06:38:23+00:00\" \/>\n<meta name=\"twitter:card\" content=\"summary_large_image\" \/>\n<meta name=\"twitter:label1\" content=\"Est. reading time\" \/>\n\t<meta name=\"twitter:data1\" content=\"1 minute\" \/>\n<script type=\"application\/ld+json\" class=\"yoast-schema-graph\">{\"@context\":\"https:\/\/schema.org\",\"@graph\":[{\"@type\":\"WebPage\",\"@id\":\"https:\/\/www.tartuh.ee\/en\/quality-of-education-in-multiculturalism\/\",\"url\":\"https:\/\/www.tartuh.ee\/en\/quality-of-education-in-multiculturalism\/\",\"name\":\"Quality of Education in Multiculturalism - TARTUH.EE\",\"isPartOf\":{\"@id\":\"https:\/\/www.tartuh.ee\/#website\"},\"datePublished\":\"2023-07-31T10:08:18+00:00\",\"dateModified\":\"2025-05-22T06:38:23+00:00\",\"breadcrumb\":{\"@id\":\"https:\/\/www.tartuh.ee\/en\/quality-of-education-in-multiculturalism\/#breadcrumb\"},\"inLanguage\":\"en-US\",\"potentialAction\":[{\"@type\":\"ReadAction\",\"target\":[\"https:\/\/www.tartuh.ee\/en\/quality-of-education-in-multiculturalism\/\"]}]},{\"@type\":\"BreadcrumbList\",\"@id\":\"https:\/\/www.tartuh.ee\/en\/quality-of-education-in-multiculturalism\/#breadcrumb\",\"itemListElement\":[{\"@type\":\"ListItem\",\"position\":1,\"name\":\"Home\",\"item\":\"https:\/\/www.tartuh.ee\/en\/\"},{\"@type\":\"ListItem\",\"position\":2,\"name\":\"Quality of Education in Multiculturalism\"}]},{\"@type\":\"WebSite\",\"@id\":\"https:\/\/www.tartuh.ee\/#website\",\"url\":\"https:\/\/www.tartuh.ee\/\",\"name\":\"TARTUH.EE\",\"description\":\"Tartu Tervishoiu K\u00f5rgkool on Eestis ja rahvusvaheliselt hinnatud k\u00f5rgkool ning kompetentsikeskus tervise ja heaolu valdkonnas. K\u00f5rgkoolis on v\u00f5imalik \u00f5ppida rakendusk\u00f5rghariduse, magistri- ja kutse\u00f5ppe \u00f5ppekavadel.\",\"publisher\":{\"@id\":\"https:\/\/www.tartuh.ee\/#organization\"},\"potentialAction\":[{\"@type\":\"SearchAction\",\"target\":{\"@type\":\"EntryPoint\",\"urlTemplate\":\"https:\/\/www.tartuh.ee\/?s={search_term_string}\"},\"query-input\":\"required name=search_term_string\"}],\"inLanguage\":\"en-US\"},{\"@type\":\"Organization\",\"@id\":\"https:\/\/www.tartuh.ee\/#organization\",\"name\":\"TARTUH.EE\",\"url\":\"https:\/\/www.tartuh.ee\/\",\"logo\":{\"@type\":\"ImageObject\",\"inLanguage\":\"en-US\",\"@id\":\"https:\/\/www.tartuh.ee\/#\/schema\/logo\/image\/\",\"url\":\"https:\/\/www.tartuh.ee\/wp-content\/uploads\/2025\/01\/cropped-TTKK-2025-logo.jpg\",\"contentUrl\":\"https:\/\/www.tartuh.ee\/wp-content\/uploads\/2025\/01\/cropped-TTKK-2025-logo.jpg\",\"width\":1498,\"height\":755,\"caption\":\"TARTUH.EE\"},\"image\":{\"@id\":\"https:\/\/www.tartuh.ee\/#\/schema\/logo\/image\/\"}}]}<\/script>\n<!-- \/ Yoast SEO plugin. -->","yoast_head_json":{"title":"Quality of Education in Multiculturalism - TARTUH.EE","robots":{"index":"index","follow":"follow","max-snippet":"max-snippet:-1","max-image-preview":"max-image-preview:large","max-video-preview":"max-video-preview:-1"},"canonical":"https:\/\/www.tartuh.ee\/en\/quality-of-education-in-multiculturalism\/","og_locale":"en_US","og_type":"article","og_title":"Quality of Education in Multiculturalism - TARTUH.EE","og_description":"The aim of the project is to study how internationalization and immigration affect the quality of education in the higher education field. In addition, propose suitable activities to ensure the quality of teaching, taking internationalization into account. Higher education institutions work closely together, sharing and collecting good practices and creating a model for improving the [&hellip;]","og_url":"https:\/\/www.tartuh.ee\/en\/quality-of-education-in-multiculturalism\/","og_site_name":"TARTUH.EE","article_modified_time":"2025-05-22T06:38:23+00:00","twitter_card":"summary_large_image","twitter_misc":{"Est. reading time":"1 minute"},"schema":{"@context":"https:\/\/schema.org","@graph":[{"@type":"WebPage","@id":"https:\/\/www.tartuh.ee\/en\/quality-of-education-in-multiculturalism\/","url":"https:\/\/www.tartuh.ee\/en\/quality-of-education-in-multiculturalism\/","name":"Quality of Education in Multiculturalism - TARTUH.EE","isPartOf":{"@id":"https:\/\/www.tartuh.ee\/#website"},"datePublished":"2023-07-31T10:08:18+00:00","dateModified":"2025-05-22T06:38:23+00:00","breadcrumb":{"@id":"https:\/\/www.tartuh.ee\/en\/quality-of-education-in-multiculturalism\/#breadcrumb"},"inLanguage":"en-US","potentialAction":[{"@type":"ReadAction","target":["https:\/\/www.tartuh.ee\/en\/quality-of-education-in-multiculturalism\/"]}]},{"@type":"BreadcrumbList","@id":"https:\/\/www.tartuh.ee\/en\/quality-of-education-in-multiculturalism\/#breadcrumb","itemListElement":[{"@type":"ListItem","position":1,"name":"Home","item":"https:\/\/www.tartuh.ee\/en\/"},{"@type":"ListItem","position":2,"name":"Quality of Education in Multiculturalism"}]},{"@type":"WebSite","@id":"https:\/\/www.tartuh.ee\/#website","url":"https:\/\/www.tartuh.ee\/","name":"TARTUH.EE","description":"Tartu Tervishoiu K\u00f5rgkool on Eestis ja rahvusvaheliselt hinnatud k\u00f5rgkool ning kompetentsikeskus tervise ja heaolu valdkonnas. K\u00f5rgkoolis on v\u00f5imalik \u00f5ppida rakendusk\u00f5rghariduse, magistri- ja kutse\u00f5ppe \u00f5ppekavadel.","publisher":{"@id":"https:\/\/www.tartuh.ee\/#organization"},"potentialAction":[{"@type":"SearchAction","target":{"@type":"EntryPoint","urlTemplate":"https:\/\/www.tartuh.ee\/?s={search_term_string}"},"query-input":"required name=search_term_string"}],"inLanguage":"en-US"},{"@type":"Organization","@id":"https:\/\/www.tartuh.ee\/#organization","name":"TARTUH.EE","url":"https:\/\/www.tartuh.ee\/","logo":{"@type":"ImageObject","inLanguage":"en-US","@id":"https:\/\/www.tartuh.ee\/#\/schema\/logo\/image\/","url":"https:\/\/www.tartuh.ee\/wp-content\/uploads\/2025\/01\/cropped-TTKK-2025-logo.jpg","contentUrl":"https:\/\/www.tartuh.ee\/wp-content\/uploads\/2025\/01\/cropped-TTKK-2025-logo.jpg","width":1498,"height":755,"caption":"TARTUH.EE"},"image":{"@id":"https:\/\/www.tartuh.ee\/#\/schema\/logo\/image\/"}}]}},"_links":{"self":[{"href":"https:\/\/www.tartuh.ee\/en\/wp-json\/wp\/v2\/pages\/10411","targetHints":{"allow":["GET"]}}],"collection":[{"href":"https:\/\/www.tartuh.ee\/en\/wp-json\/wp\/v2\/pages"}],"about":[{"href":"https:\/\/www.tartuh.ee\/en\/wp-json\/wp\/v2\/types\/page"}],"author":[{"embeddable":true,"href":"https:\/\/www.tartuh.ee\/en\/wp-json\/wp\/v2\/users\/31"}],"replies":[{"embeddable":true,"href":"https:\/\/www.tartuh.ee\/en\/wp-json\/wp\/v2\/comments?post=10411"}],"version-history":[{"count":2,"href":"https:\/\/www.tartuh.ee\/en\/wp-json\/wp\/v2\/pages\/10411\/revisions"}],"predecessor-version":[{"id":15652,"href":"https:\/\/www.tartuh.ee\/en\/wp-json\/wp\/v2\/pages\/10411\/revisions\/15652"}],"wp:attachment":[{"href":"https:\/\/www.tartuh.ee\/en\/wp-json\/wp\/v2\/media?parent=10411"}],"curies":[{"name":"wp","href":"https:\/\/api.w.org\/{rel}","templated":true}]}}