{"id":10417,"date":"2023-08-01T09:29:40","date_gmt":"2023-08-01T09:29:40","guid":{"rendered":"https:\/\/www.tartuh.ee\/?page_id=10417"},"modified":"2023-08-01T09:29:42","modified_gmt":"2023-08-01T09:29:42","slug":"educational-investment-in-health-care-hit","status":"publish","type":"page","link":"https:\/\/www.tartuh.ee\/en\/educational-investment-in-health-care-hit\/","title":{"rendered":"Educational investment in health care \u2013 HiT!"},"content":{"rendered":"\n<p><strong>Duration of the project:<\/strong> 01.09.2015 \u2013 09.01.2022<\/p>\n\n\n\n<p>The implementation of project activities is supported by the European Regional Development Fund (Institutional Development Program for Research and Development Institutions and Higher Education Institutions (ASTRA measure)).<\/p>\n\n\n\n<p><strong>Project aim:<\/strong> enhancing the competitiveness of the Tartu Health Care College and the ability to serve society, as a result of which the competitiveness of the THCC will increase and the joint international master&#8217;s study program in the field of radiology technician will be opened. In addition, the research capacity of teaching staff increases and services related to the fields of study are provided to the population. Systematic activities will take place in the newly created competence center.<\/p>\n\n\n\n<p>The aim of the HiT! project is to enhance the competitiveness (including international) of the Tartu Health Care College and the ability to serve society in the areas of responsibility of the university and to consolidate development and learning resources to increase efficiency.<\/p>\n\n\n\n<p>As a result of the project, the competitiveness of Tartu Health College&#8217;s teaching and research work and the ability to serve society have increased. To ensure the sustainability of learning quality, the curricula of THCC has common modules and subjects, and active learning methods are integrated into the learning activities. In order to ensure the quality of research work, an international master&#8217;s joint study program in the field of radiology technician has been opened in the growing field of smart specialization, and foreign lecturers with research experience have been involved.<\/p>\n\n\n\n<p>The research capacity of the teaching staff has increased due to the applied research activities carried out in cooperation with companies, the laboratory base has been expanded, licenses for the use of scientific journals have been acquired, and the publication of a collection of research papers continues. Cooperation with partners has increased in order to prepare specialists who have completed master&#8217;s studies needed for the labor market for research-intensive companies in the field of healthcare. As a result of structural changes within the higher education institution, the efficiency of using human and financial resources in both teaching and development activities has improved.<\/p>\n\n\n\n<p><strong>Contact person:<\/strong> Jaan Looga, jaanlooga@nooruse.ee, 737 0210<\/p>\n","protected":false},"excerpt":{"rendered":"<p>Duration of the project: 01.09.2015 \u2013 09.01.2022 The implementation of project activities is supported by the European Regional Development Fund (Institutional Development Program for Research and Development Institutions and Higher Education Institutions (ASTRA measure)). Project aim: enhancing the competitiveness of the Tartu Health Care College and the ability to serve society, as a result of [&hellip;]<\/p>\n","protected":false},"author":31,"featured_media":0,"parent":0,"menu_order":0,"comment_status":"closed","ping_status":"closed","template":"","meta":{"_acf_changed":false,"_eb_attr":"","inline_featured_image":false,"footnotes":""},"class_list":["post-10417","page","type-page","status-publish","hentry"],"acf":[],"yoast_head":"<!-- This site is optimized with the Yoast SEO plugin v20.8 - https:\/\/yoast.com\/wordpress\/plugins\/seo\/ -->\n<title>Educational investment in health care \u2013 HiT! - TARTUH.EE<\/title>\n<meta name=\"robots\" content=\"index, follow, max-snippet:-1, max-image-preview:large, max-video-preview:-1\" \/>\n<link rel=\"canonical\" href=\"https:\/\/www.tartuh.ee\/en\/educational-investment-in-health-care-hit\/\" \/>\n<meta property=\"og:locale\" content=\"en_US\" \/>\n<meta property=\"og:type\" content=\"article\" \/>\n<meta property=\"og:title\" content=\"Educational investment in health care \u2013 HiT! - TARTUH.EE\" \/>\n<meta property=\"og:description\" content=\"Duration of the project: 01.09.2015 \u2013 09.01.2022 The implementation of project activities is supported by the European Regional Development Fund (Institutional Development Program for Research and Development Institutions and Higher Education Institutions (ASTRA measure)). Project aim: enhancing the competitiveness of the Tartu Health Care College and the ability to serve society, as a result of [&hellip;]\" \/>\n<meta property=\"og:url\" content=\"https:\/\/www.tartuh.ee\/en\/educational-investment-in-health-care-hit\/\" \/>\n<meta property=\"og:site_name\" content=\"TARTUH.EE\" \/>\n<meta property=\"article:modified_time\" content=\"2023-08-01T09:29:42+00:00\" \/>\n<meta name=\"twitter:card\" content=\"summary_large_image\" \/>\n<meta name=\"twitter:label1\" content=\"Est. reading time\" \/>\n\t<meta name=\"twitter:data1\" content=\"2 minutes\" \/>\n<script type=\"application\/ld+json\" class=\"yoast-schema-graph\">{\"@context\":\"https:\/\/schema.org\",\"@graph\":[{\"@type\":\"WebPage\",\"@id\":\"https:\/\/www.tartuh.ee\/en\/educational-investment-in-health-care-hit\/\",\"url\":\"https:\/\/www.tartuh.ee\/en\/educational-investment-in-health-care-hit\/\",\"name\":\"Educational investment in health care \u2013 HiT! - TARTUH.EE\",\"isPartOf\":{\"@id\":\"https:\/\/www.tartuh.ee\/#website\"},\"datePublished\":\"2023-08-01T09:29:40+00:00\",\"dateModified\":\"2023-08-01T09:29:42+00:00\",\"breadcrumb\":{\"@id\":\"https:\/\/www.tartuh.ee\/en\/educational-investment-in-health-care-hit\/#breadcrumb\"},\"inLanguage\":\"en-US\",\"potentialAction\":[{\"@type\":\"ReadAction\",\"target\":[\"https:\/\/www.tartuh.ee\/en\/educational-investment-in-health-care-hit\/\"]}]},{\"@type\":\"BreadcrumbList\",\"@id\":\"https:\/\/www.tartuh.ee\/en\/educational-investment-in-health-care-hit\/#breadcrumb\",\"itemListElement\":[{\"@type\":\"ListItem\",\"position\":1,\"name\":\"Home\",\"item\":\"https:\/\/www.tartuh.ee\/en\/\"},{\"@type\":\"ListItem\",\"position\":2,\"name\":\"Educational investment in health care \u2013 HiT!\"}]},{\"@type\":\"WebSite\",\"@id\":\"https:\/\/www.tartuh.ee\/#website\",\"url\":\"https:\/\/www.tartuh.ee\/\",\"name\":\"TARTUH.EE\",\"description\":\"Tartu Tervishoiu K\u00f5rgkool on Eestis ja rahvusvaheliselt hinnatud k\u00f5rgkool ning kompetentsikeskus tervise ja heaolu valdkonnas. K\u00f5rgkoolis on v\u00f5imalik \u00f5ppida rakendusk\u00f5rghariduse, magistri- ja kutse\u00f5ppe \u00f5ppekavadel.\",\"publisher\":{\"@id\":\"https:\/\/www.tartuh.ee\/#organization\"},\"potentialAction\":[{\"@type\":\"SearchAction\",\"target\":{\"@type\":\"EntryPoint\",\"urlTemplate\":\"https:\/\/www.tartuh.ee\/?s={search_term_string}\"},\"query-input\":\"required name=search_term_string\"}],\"inLanguage\":\"en-US\"},{\"@type\":\"Organization\",\"@id\":\"https:\/\/www.tartuh.ee\/#organization\",\"name\":\"TARTUH.EE\",\"url\":\"https:\/\/www.tartuh.ee\/\",\"logo\":{\"@type\":\"ImageObject\",\"inLanguage\":\"en-US\",\"@id\":\"https:\/\/www.tartuh.ee\/#\/schema\/logo\/image\/\",\"url\":\"https:\/\/www.tartuh.ee\/wp-content\/uploads\/2025\/01\/cropped-TTKK-2025-logo.jpg\",\"contentUrl\":\"https:\/\/www.tartuh.ee\/wp-content\/uploads\/2025\/01\/cropped-TTKK-2025-logo.jpg\",\"width\":1498,\"height\":755,\"caption\":\"TARTUH.EE\"},\"image\":{\"@id\":\"https:\/\/www.tartuh.ee\/#\/schema\/logo\/image\/\"}}]}<\/script>\n<!-- \/ Yoast SEO plugin. -->","yoast_head_json":{"title":"Educational investment in health care \u2013 HiT! - TARTUH.EE","robots":{"index":"index","follow":"follow","max-snippet":"max-snippet:-1","max-image-preview":"max-image-preview:large","max-video-preview":"max-video-preview:-1"},"canonical":"https:\/\/www.tartuh.ee\/en\/educational-investment-in-health-care-hit\/","og_locale":"en_US","og_type":"article","og_title":"Educational investment in health care \u2013 HiT! - TARTUH.EE","og_description":"Duration of the project: 01.09.2015 \u2013 09.01.2022 The implementation of project activities is supported by the European Regional Development Fund (Institutional Development Program for Research and Development Institutions and Higher Education Institutions (ASTRA measure)). Project aim: enhancing the competitiveness of the Tartu Health Care College and the ability to serve society, as a result of [&hellip;]","og_url":"https:\/\/www.tartuh.ee\/en\/educational-investment-in-health-care-hit\/","og_site_name":"TARTUH.EE","article_modified_time":"2023-08-01T09:29:42+00:00","twitter_card":"summary_large_image","twitter_misc":{"Est. reading time":"2 minutes"},"schema":{"@context":"https:\/\/schema.org","@graph":[{"@type":"WebPage","@id":"https:\/\/www.tartuh.ee\/en\/educational-investment-in-health-care-hit\/","url":"https:\/\/www.tartuh.ee\/en\/educational-investment-in-health-care-hit\/","name":"Educational investment in health care \u2013 HiT! - TARTUH.EE","isPartOf":{"@id":"https:\/\/www.tartuh.ee\/#website"},"datePublished":"2023-08-01T09:29:40+00:00","dateModified":"2023-08-01T09:29:42+00:00","breadcrumb":{"@id":"https:\/\/www.tartuh.ee\/en\/educational-investment-in-health-care-hit\/#breadcrumb"},"inLanguage":"en-US","potentialAction":[{"@type":"ReadAction","target":["https:\/\/www.tartuh.ee\/en\/educational-investment-in-health-care-hit\/"]}]},{"@type":"BreadcrumbList","@id":"https:\/\/www.tartuh.ee\/en\/educational-investment-in-health-care-hit\/#breadcrumb","itemListElement":[{"@type":"ListItem","position":1,"name":"Home","item":"https:\/\/www.tartuh.ee\/en\/"},{"@type":"ListItem","position":2,"name":"Educational investment in health care \u2013 HiT!"}]},{"@type":"WebSite","@id":"https:\/\/www.tartuh.ee\/#website","url":"https:\/\/www.tartuh.ee\/","name":"TARTUH.EE","description":"Tartu Tervishoiu K\u00f5rgkool on Eestis ja rahvusvaheliselt hinnatud k\u00f5rgkool ning kompetentsikeskus tervise ja heaolu valdkonnas. K\u00f5rgkoolis on v\u00f5imalik \u00f5ppida rakendusk\u00f5rghariduse, magistri- ja kutse\u00f5ppe \u00f5ppekavadel.","publisher":{"@id":"https:\/\/www.tartuh.ee\/#organization"},"potentialAction":[{"@type":"SearchAction","target":{"@type":"EntryPoint","urlTemplate":"https:\/\/www.tartuh.ee\/?s={search_term_string}"},"query-input":"required name=search_term_string"}],"inLanguage":"en-US"},{"@type":"Organization","@id":"https:\/\/www.tartuh.ee\/#organization","name":"TARTUH.EE","url":"https:\/\/www.tartuh.ee\/","logo":{"@type":"ImageObject","inLanguage":"en-US","@id":"https:\/\/www.tartuh.ee\/#\/schema\/logo\/image\/","url":"https:\/\/www.tartuh.ee\/wp-content\/uploads\/2025\/01\/cropped-TTKK-2025-logo.jpg","contentUrl":"https:\/\/www.tartuh.ee\/wp-content\/uploads\/2025\/01\/cropped-TTKK-2025-logo.jpg","width":1498,"height":755,"caption":"TARTUH.EE"},"image":{"@id":"https:\/\/www.tartuh.ee\/#\/schema\/logo\/image\/"}}]}},"_links":{"self":[{"href":"https:\/\/www.tartuh.ee\/en\/wp-json\/wp\/v2\/pages\/10417","targetHints":{"allow":["GET"]}}],"collection":[{"href":"https:\/\/www.tartuh.ee\/en\/wp-json\/wp\/v2\/pages"}],"about":[{"href":"https:\/\/www.tartuh.ee\/en\/wp-json\/wp\/v2\/types\/page"}],"author":[{"embeddable":true,"href":"https:\/\/www.tartuh.ee\/en\/wp-json\/wp\/v2\/users\/31"}],"replies":[{"embeddable":true,"href":"https:\/\/www.tartuh.ee\/en\/wp-json\/wp\/v2\/comments?post=10417"}],"version-history":[{"count":1,"href":"https:\/\/www.tartuh.ee\/en\/wp-json\/wp\/v2\/pages\/10417\/revisions"}],"predecessor-version":[{"id":10418,"href":"https:\/\/www.tartuh.ee\/en\/wp-json\/wp\/v2\/pages\/10417\/revisions\/10418"}],"wp:attachment":[{"href":"https:\/\/www.tartuh.ee\/en\/wp-json\/wp\/v2\/media?parent=10417"}],"curies":[{"name":"wp","href":"https:\/\/api.w.org\/{rel}","templated":true}]}}