{"id":10419,"date":"2023-08-01T09:41:49","date_gmt":"2023-08-01T09:41:49","guid":{"rendered":"https:\/\/www.tartuh.ee\/?page_id=10419"},"modified":"2023-08-01T09:41:50","modified_gmt":"2023-08-01T09:41:50","slug":"virtual-reality-workshops-for-adolescents","status":"publish","type":"page","link":"https:\/\/www.tartuh.ee\/en\/virtual-reality-workshops-for-adolescents\/","title":{"rendered":"Virtual Reality Workshops for Adolescents"},"content":{"rendered":"\n<p><strong>Duration of the project: <\/strong>14.02.2019-31.08.2020<\/p>\n\n\n\n<p>Starting in 2019, the employees of the Tartu Health Care College, on the order of the Estonian Youth Work Centre, will carry out virtual reality workshops introducing the professions of nurses and bioanalysts across Estonia. Virtual reality has gained more and more popularity in recent years, which allows you to stay inside a specific environment or activity and get an immediate experience using a special head unit.<\/p>\n\n\n\n<p>The purpose of the workshops is to connect education and working life, increasing young people&#8217;s contact with working life, increasing competitiveness and providing guidelines for making a more informed career choice. In the workshops, it is possible to experience the work of a nurse and bioanalyst through virtual reality glasses, learn life-saving first aid techniques under the guidance of experts in their field, and practice correct laboratory techniques.<\/p>\n\n\n\n<p>The workshops are financed within the framework of the activities approved by the Minister of Education and Research and described in the ESF co-financed program &#8220;Involving youth at risk of eviction and improving the employment readiness of youth&#8221; implemented by the Estonian Youth Employment Center.<\/p>\n\n\n\n<p>Tartu Health Care College\u00b4s cooperation agreement with the Estonian Youth Work Center lasts until the end of 2020.<\/p>\n\n\n\n<p><strong>Contact person: <\/strong>Gerit Dreyersdorff, geritdreyersdorff@nooruse.ee.<\/p>\n","protected":false},"excerpt":{"rendered":"<p>Duration of the project: 14.02.2019-31.08.2020 Starting in 2019, the employees of the Tartu Health Care College, on the order of the Estonian Youth Work Centre, will carry out virtual reality workshops introducing the professions of nurses and bioanalysts across Estonia. Virtual reality has gained more and more popularity in recent years, which allows you to [&hellip;]<\/p>\n","protected":false},"author":31,"featured_media":0,"parent":0,"menu_order":0,"comment_status":"closed","ping_status":"closed","template":"","meta":{"_acf_changed":false,"_eb_attr":"","inline_featured_image":false,"footnotes":""},"class_list":["post-10419","page","type-page","status-publish","hentry"],"acf":[],"yoast_head":"<!-- This site is optimized with the Yoast SEO plugin v20.8 - https:\/\/yoast.com\/wordpress\/plugins\/seo\/ -->\n<title>Virtual Reality Workshops for Adolescents - TARTUH.EE<\/title>\n<meta name=\"robots\" content=\"index, follow, max-snippet:-1, max-image-preview:large, max-video-preview:-1\" \/>\n<link rel=\"canonical\" href=\"https:\/\/www.tartuh.ee\/en\/virtual-reality-workshops-for-adolescents\/\" \/>\n<meta property=\"og:locale\" content=\"en_US\" \/>\n<meta property=\"og:type\" content=\"article\" \/>\n<meta property=\"og:title\" content=\"Virtual Reality Workshops for Adolescents - TARTUH.EE\" \/>\n<meta property=\"og:description\" content=\"Duration of the project: 14.02.2019-31.08.2020 Starting in 2019, the employees of the Tartu Health Care College, on the order of the Estonian Youth Work Centre, will carry out virtual reality workshops introducing the professions of nurses and bioanalysts across Estonia. Virtual reality has gained more and more popularity in recent years, which allows you to [&hellip;]\" \/>\n<meta property=\"og:url\" content=\"https:\/\/www.tartuh.ee\/en\/virtual-reality-workshops-for-adolescents\/\" \/>\n<meta property=\"og:site_name\" content=\"TARTUH.EE\" \/>\n<meta property=\"article:modified_time\" content=\"2023-08-01T09:41:50+00:00\" \/>\n<meta name=\"twitter:card\" content=\"summary_large_image\" \/>\n<meta name=\"twitter:label1\" content=\"Est. reading time\" \/>\n\t<meta name=\"twitter:data1\" content=\"2 minutes\" \/>\n<script type=\"application\/ld+json\" class=\"yoast-schema-graph\">{\"@context\":\"https:\/\/schema.org\",\"@graph\":[{\"@type\":\"WebPage\",\"@id\":\"https:\/\/www.tartuh.ee\/en\/virtual-reality-workshops-for-adolescents\/\",\"url\":\"https:\/\/www.tartuh.ee\/en\/virtual-reality-workshops-for-adolescents\/\",\"name\":\"Virtual Reality Workshops for Adolescents - TARTUH.EE\",\"isPartOf\":{\"@id\":\"https:\/\/www.tartuh.ee\/#website\"},\"datePublished\":\"2023-08-01T09:41:49+00:00\",\"dateModified\":\"2023-08-01T09:41:50+00:00\",\"breadcrumb\":{\"@id\":\"https:\/\/www.tartuh.ee\/en\/virtual-reality-workshops-for-adolescents\/#breadcrumb\"},\"inLanguage\":\"en-US\",\"potentialAction\":[{\"@type\":\"ReadAction\",\"target\":[\"https:\/\/www.tartuh.ee\/en\/virtual-reality-workshops-for-adolescents\/\"]}]},{\"@type\":\"BreadcrumbList\",\"@id\":\"https:\/\/www.tartuh.ee\/en\/virtual-reality-workshops-for-adolescents\/#breadcrumb\",\"itemListElement\":[{\"@type\":\"ListItem\",\"position\":1,\"name\":\"Home\",\"item\":\"https:\/\/www.tartuh.ee\/en\/\"},{\"@type\":\"ListItem\",\"position\":2,\"name\":\"Virtual Reality Workshops for Adolescents\"}]},{\"@type\":\"WebSite\",\"@id\":\"https:\/\/www.tartuh.ee\/#website\",\"url\":\"https:\/\/www.tartuh.ee\/\",\"name\":\"TARTUH.EE\",\"description\":\"Tartu Tervishoiu K\u00f5rgkool on Eestis ja rahvusvaheliselt hinnatud k\u00f5rgkool ning kompetentsikeskus tervise ja heaolu valdkonnas. K\u00f5rgkoolis on v\u00f5imalik \u00f5ppida rakendusk\u00f5rghariduse, magistri- ja kutse\u00f5ppe \u00f5ppekavadel.\",\"publisher\":{\"@id\":\"https:\/\/www.tartuh.ee\/#organization\"},\"potentialAction\":[{\"@type\":\"SearchAction\",\"target\":{\"@type\":\"EntryPoint\",\"urlTemplate\":\"https:\/\/www.tartuh.ee\/?s={search_term_string}\"},\"query-input\":\"required name=search_term_string\"}],\"inLanguage\":\"en-US\"},{\"@type\":\"Organization\",\"@id\":\"https:\/\/www.tartuh.ee\/#organization\",\"name\":\"TARTUH.EE\",\"url\":\"https:\/\/www.tartuh.ee\/\",\"logo\":{\"@type\":\"ImageObject\",\"inLanguage\":\"en-US\",\"@id\":\"https:\/\/www.tartuh.ee\/#\/schema\/logo\/image\/\",\"url\":\"https:\/\/www.tartuh.ee\/wp-content\/uploads\/2025\/01\/cropped-TTKK-2025-logo.jpg\",\"contentUrl\":\"https:\/\/www.tartuh.ee\/wp-content\/uploads\/2025\/01\/cropped-TTKK-2025-logo.jpg\",\"width\":1498,\"height\":755,\"caption\":\"TARTUH.EE\"},\"image\":{\"@id\":\"https:\/\/www.tartuh.ee\/#\/schema\/logo\/image\/\"}}]}<\/script>\n<!-- \/ Yoast SEO plugin. -->","yoast_head_json":{"title":"Virtual Reality Workshops for Adolescents - TARTUH.EE","robots":{"index":"index","follow":"follow","max-snippet":"max-snippet:-1","max-image-preview":"max-image-preview:large","max-video-preview":"max-video-preview:-1"},"canonical":"https:\/\/www.tartuh.ee\/en\/virtual-reality-workshops-for-adolescents\/","og_locale":"en_US","og_type":"article","og_title":"Virtual Reality Workshops for Adolescents - TARTUH.EE","og_description":"Duration of the project: 14.02.2019-31.08.2020 Starting in 2019, the employees of the Tartu Health Care College, on the order of the Estonian Youth Work Centre, will carry out virtual reality workshops introducing the professions of nurses and bioanalysts across Estonia. Virtual reality has gained more and more popularity in recent years, which allows you to [&hellip;]","og_url":"https:\/\/www.tartuh.ee\/en\/virtual-reality-workshops-for-adolescents\/","og_site_name":"TARTUH.EE","article_modified_time":"2023-08-01T09:41:50+00:00","twitter_card":"summary_large_image","twitter_misc":{"Est. reading time":"2 minutes"},"schema":{"@context":"https:\/\/schema.org","@graph":[{"@type":"WebPage","@id":"https:\/\/www.tartuh.ee\/en\/virtual-reality-workshops-for-adolescents\/","url":"https:\/\/www.tartuh.ee\/en\/virtual-reality-workshops-for-adolescents\/","name":"Virtual Reality Workshops for Adolescents - TARTUH.EE","isPartOf":{"@id":"https:\/\/www.tartuh.ee\/#website"},"datePublished":"2023-08-01T09:41:49+00:00","dateModified":"2023-08-01T09:41:50+00:00","breadcrumb":{"@id":"https:\/\/www.tartuh.ee\/en\/virtual-reality-workshops-for-adolescents\/#breadcrumb"},"inLanguage":"en-US","potentialAction":[{"@type":"ReadAction","target":["https:\/\/www.tartuh.ee\/en\/virtual-reality-workshops-for-adolescents\/"]}]},{"@type":"BreadcrumbList","@id":"https:\/\/www.tartuh.ee\/en\/virtual-reality-workshops-for-adolescents\/#breadcrumb","itemListElement":[{"@type":"ListItem","position":1,"name":"Home","item":"https:\/\/www.tartuh.ee\/en\/"},{"@type":"ListItem","position":2,"name":"Virtual Reality Workshops for Adolescents"}]},{"@type":"WebSite","@id":"https:\/\/www.tartuh.ee\/#website","url":"https:\/\/www.tartuh.ee\/","name":"TARTUH.EE","description":"Tartu Tervishoiu K\u00f5rgkool on Eestis ja rahvusvaheliselt hinnatud k\u00f5rgkool ning kompetentsikeskus tervise ja heaolu valdkonnas. K\u00f5rgkoolis on v\u00f5imalik \u00f5ppida rakendusk\u00f5rghariduse, magistri- ja kutse\u00f5ppe \u00f5ppekavadel.","publisher":{"@id":"https:\/\/www.tartuh.ee\/#organization"},"potentialAction":[{"@type":"SearchAction","target":{"@type":"EntryPoint","urlTemplate":"https:\/\/www.tartuh.ee\/?s={search_term_string}"},"query-input":"required name=search_term_string"}],"inLanguage":"en-US"},{"@type":"Organization","@id":"https:\/\/www.tartuh.ee\/#organization","name":"TARTUH.EE","url":"https:\/\/www.tartuh.ee\/","logo":{"@type":"ImageObject","inLanguage":"en-US","@id":"https:\/\/www.tartuh.ee\/#\/schema\/logo\/image\/","url":"https:\/\/www.tartuh.ee\/wp-content\/uploads\/2025\/01\/cropped-TTKK-2025-logo.jpg","contentUrl":"https:\/\/www.tartuh.ee\/wp-content\/uploads\/2025\/01\/cropped-TTKK-2025-logo.jpg","width":1498,"height":755,"caption":"TARTUH.EE"},"image":{"@id":"https:\/\/www.tartuh.ee\/#\/schema\/logo\/image\/"}}]}},"_links":{"self":[{"href":"https:\/\/www.tartuh.ee\/en\/wp-json\/wp\/v2\/pages\/10419","targetHints":{"allow":["GET"]}}],"collection":[{"href":"https:\/\/www.tartuh.ee\/en\/wp-json\/wp\/v2\/pages"}],"about":[{"href":"https:\/\/www.tartuh.ee\/en\/wp-json\/wp\/v2\/types\/page"}],"author":[{"embeddable":true,"href":"https:\/\/www.tartuh.ee\/en\/wp-json\/wp\/v2\/users\/31"}],"replies":[{"embeddable":true,"href":"https:\/\/www.tartuh.ee\/en\/wp-json\/wp\/v2\/comments?post=10419"}],"version-history":[{"count":2,"href":"https:\/\/www.tartuh.ee\/en\/wp-json\/wp\/v2\/pages\/10419\/revisions"}],"predecessor-version":[{"id":10421,"href":"https:\/\/www.tartuh.ee\/en\/wp-json\/wp\/v2\/pages\/10419\/revisions\/10421"}],"wp:attachment":[{"href":"https:\/\/www.tartuh.ee\/en\/wp-json\/wp\/v2\/media?parent=10419"}],"curies":[{"name":"wp","href":"https:\/\/api.w.org\/{rel}","templated":true}]}}