{"id":10423,"date":"2023-08-01T09:48:06","date_gmt":"2023-08-01T09:48:06","guid":{"rendered":"https:\/\/www.tartuh.ee\/?page_id=10423"},"modified":"2023-08-01T09:48:08","modified_gmt":"2023-08-01T09:48:08","slug":"kudi-vocational-education-more-digital","status":"publish","type":"page","link":"https:\/\/www.tartuh.ee\/en\/kudi-vocational-education-more-digital\/","title":{"rendered":"KuDi &#8211; Vocational Education More Digital!"},"content":{"rendered":"\n<p><strong>Duration of the project: <\/strong>13.01.2020 \u2013 31.12.2021<\/p>\n\n\n\n<p><strong>Project number:<\/strong> 2014-2020.1.03.19-0220<\/p>\n\n\n\n<p><strong>The aim of the project: <\/strong>the goal of the project is to create digital educational software, the use of which is flexible, interactive and engaging, in order to take into account the changed approach to learning and increase the digital competence of learners and teachers. As a result of the project, two e-courses for the curriculum of care workers and digital learning materials for the curriculum of childminder will be prepared. The materials created during the project are available to everbody regardless of their location, and the educational software supports and promotes the learning of specialties needed in the working life.<\/p>\n\n\n\n<p>The project is supported by the European Social Fund in the amount of 16,843.89 euros and the support is mediated by Innove.<\/p>\n\n\n\n<p><strong>Project coordinator: <\/strong>Jaan Looga, jaanlooga@nooruse.ee, 737 0210<\/p>\n","protected":false},"excerpt":{"rendered":"<p>Duration of the project: 13.01.2020 \u2013 31.12.2021 Project number: 2014-2020.1.03.19-0220 The aim of the project: the goal of the project is to create digital educational software, the use of which is flexible, interactive and engaging, in order to take into account the changed approach to learning and increase the digital competence of learners and teachers. [&hellip;]<\/p>\n","protected":false},"author":31,"featured_media":0,"parent":0,"menu_order":0,"comment_status":"closed","ping_status":"closed","template":"","meta":{"_acf_changed":false,"_eb_attr":"","inline_featured_image":false,"footnotes":""},"class_list":["post-10423","page","type-page","status-publish","hentry"],"acf":[],"yoast_head":"<!-- This site is optimized with the Yoast SEO plugin v20.8 - https:\/\/yoast.com\/wordpress\/plugins\/seo\/ -->\n<title>KuDi - Vocational Education More Digital! - TARTUH.EE<\/title>\n<meta name=\"robots\" content=\"index, follow, max-snippet:-1, max-image-preview:large, max-video-preview:-1\" \/>\n<link rel=\"canonical\" href=\"https:\/\/www.tartuh.ee\/en\/kudi-vocational-education-more-digital\/\" \/>\n<meta property=\"og:locale\" content=\"en_US\" \/>\n<meta property=\"og:type\" content=\"article\" \/>\n<meta property=\"og:title\" content=\"KuDi - Vocational Education More Digital! - TARTUH.EE\" \/>\n<meta property=\"og:description\" content=\"Duration of the project: 13.01.2020 \u2013 31.12.2021 Project number: 2014-2020.1.03.19-0220 The aim of the project: the goal of the project is to create digital educational software, the use of which is flexible, interactive and engaging, in order to take into account the changed approach to learning and increase the digital competence of learners and teachers. [&hellip;]\" \/>\n<meta property=\"og:url\" content=\"https:\/\/www.tartuh.ee\/en\/kudi-vocational-education-more-digital\/\" \/>\n<meta property=\"og:site_name\" content=\"TARTUH.EE\" \/>\n<meta property=\"article:modified_time\" content=\"2023-08-01T09:48:08+00:00\" \/>\n<meta name=\"twitter:card\" content=\"summary_large_image\" \/>\n<meta name=\"twitter:label1\" content=\"Est. reading time\" \/>\n\t<meta name=\"twitter:data1\" content=\"1 minute\" \/>\n<script type=\"application\/ld+json\" class=\"yoast-schema-graph\">{\"@context\":\"https:\/\/schema.org\",\"@graph\":[{\"@type\":\"WebPage\",\"@id\":\"https:\/\/www.tartuh.ee\/en\/kudi-vocational-education-more-digital\/\",\"url\":\"https:\/\/www.tartuh.ee\/en\/kudi-vocational-education-more-digital\/\",\"name\":\"KuDi - Vocational Education More Digital! - TARTUH.EE\",\"isPartOf\":{\"@id\":\"https:\/\/www.tartuh.ee\/#website\"},\"datePublished\":\"2023-08-01T09:48:06+00:00\",\"dateModified\":\"2023-08-01T09:48:08+00:00\",\"breadcrumb\":{\"@id\":\"https:\/\/www.tartuh.ee\/en\/kudi-vocational-education-more-digital\/#breadcrumb\"},\"inLanguage\":\"en-US\",\"potentialAction\":[{\"@type\":\"ReadAction\",\"target\":[\"https:\/\/www.tartuh.ee\/en\/kudi-vocational-education-more-digital\/\"]}]},{\"@type\":\"BreadcrumbList\",\"@id\":\"https:\/\/www.tartuh.ee\/en\/kudi-vocational-education-more-digital\/#breadcrumb\",\"itemListElement\":[{\"@type\":\"ListItem\",\"position\":1,\"name\":\"Home\",\"item\":\"https:\/\/www.tartuh.ee\/en\/\"},{\"@type\":\"ListItem\",\"position\":2,\"name\":\"KuDi &#8211; Vocational Education More Digital!\"}]},{\"@type\":\"WebSite\",\"@id\":\"https:\/\/www.tartuh.ee\/#website\",\"url\":\"https:\/\/www.tartuh.ee\/\",\"name\":\"TARTUH.EE\",\"description\":\"Tartu Tervishoiu K\u00f5rgkool on Eestis ja rahvusvaheliselt hinnatud k\u00f5rgkool ning kompetentsikeskus tervise ja heaolu valdkonnas. K\u00f5rgkoolis on v\u00f5imalik \u00f5ppida rakendusk\u00f5rghariduse, magistri- ja kutse\u00f5ppe \u00f5ppekavadel.\",\"publisher\":{\"@id\":\"https:\/\/www.tartuh.ee\/#organization\"},\"potentialAction\":[{\"@type\":\"SearchAction\",\"target\":{\"@type\":\"EntryPoint\",\"urlTemplate\":\"https:\/\/www.tartuh.ee\/?s={search_term_string}\"},\"query-input\":\"required name=search_term_string\"}],\"inLanguage\":\"en-US\"},{\"@type\":\"Organization\",\"@id\":\"https:\/\/www.tartuh.ee\/#organization\",\"name\":\"TARTUH.EE\",\"url\":\"https:\/\/www.tartuh.ee\/\",\"logo\":{\"@type\":\"ImageObject\",\"inLanguage\":\"en-US\",\"@id\":\"https:\/\/www.tartuh.ee\/#\/schema\/logo\/image\/\",\"url\":\"https:\/\/www.tartuh.ee\/wp-content\/uploads\/2025\/01\/cropped-TTKK-2025-logo.jpg\",\"contentUrl\":\"https:\/\/www.tartuh.ee\/wp-content\/uploads\/2025\/01\/cropped-TTKK-2025-logo.jpg\",\"width\":1498,\"height\":755,\"caption\":\"TARTUH.EE\"},\"image\":{\"@id\":\"https:\/\/www.tartuh.ee\/#\/schema\/logo\/image\/\"}}]}<\/script>\n<!-- \/ Yoast SEO plugin. -->","yoast_head_json":{"title":"KuDi - Vocational Education More Digital! - TARTUH.EE","robots":{"index":"index","follow":"follow","max-snippet":"max-snippet:-1","max-image-preview":"max-image-preview:large","max-video-preview":"max-video-preview:-1"},"canonical":"https:\/\/www.tartuh.ee\/en\/kudi-vocational-education-more-digital\/","og_locale":"en_US","og_type":"article","og_title":"KuDi - Vocational Education More Digital! - TARTUH.EE","og_description":"Duration of the project: 13.01.2020 \u2013 31.12.2021 Project number: 2014-2020.1.03.19-0220 The aim of the project: the goal of the project is to create digital educational software, the use of which is flexible, interactive and engaging, in order to take into account the changed approach to learning and increase the digital competence of learners and teachers. [&hellip;]","og_url":"https:\/\/www.tartuh.ee\/en\/kudi-vocational-education-more-digital\/","og_site_name":"TARTUH.EE","article_modified_time":"2023-08-01T09:48:08+00:00","twitter_card":"summary_large_image","twitter_misc":{"Est. reading time":"1 minute"},"schema":{"@context":"https:\/\/schema.org","@graph":[{"@type":"WebPage","@id":"https:\/\/www.tartuh.ee\/en\/kudi-vocational-education-more-digital\/","url":"https:\/\/www.tartuh.ee\/en\/kudi-vocational-education-more-digital\/","name":"KuDi - Vocational Education More Digital! - TARTUH.EE","isPartOf":{"@id":"https:\/\/www.tartuh.ee\/#website"},"datePublished":"2023-08-01T09:48:06+00:00","dateModified":"2023-08-01T09:48:08+00:00","breadcrumb":{"@id":"https:\/\/www.tartuh.ee\/en\/kudi-vocational-education-more-digital\/#breadcrumb"},"inLanguage":"en-US","potentialAction":[{"@type":"ReadAction","target":["https:\/\/www.tartuh.ee\/en\/kudi-vocational-education-more-digital\/"]}]},{"@type":"BreadcrumbList","@id":"https:\/\/www.tartuh.ee\/en\/kudi-vocational-education-more-digital\/#breadcrumb","itemListElement":[{"@type":"ListItem","position":1,"name":"Home","item":"https:\/\/www.tartuh.ee\/en\/"},{"@type":"ListItem","position":2,"name":"KuDi &#8211; Vocational Education More Digital!"}]},{"@type":"WebSite","@id":"https:\/\/www.tartuh.ee\/#website","url":"https:\/\/www.tartuh.ee\/","name":"TARTUH.EE","description":"Tartu Tervishoiu K\u00f5rgkool on Eestis ja rahvusvaheliselt hinnatud k\u00f5rgkool ning kompetentsikeskus tervise ja heaolu valdkonnas. K\u00f5rgkoolis on v\u00f5imalik \u00f5ppida rakendusk\u00f5rghariduse, magistri- ja kutse\u00f5ppe \u00f5ppekavadel.","publisher":{"@id":"https:\/\/www.tartuh.ee\/#organization"},"potentialAction":[{"@type":"SearchAction","target":{"@type":"EntryPoint","urlTemplate":"https:\/\/www.tartuh.ee\/?s={search_term_string}"},"query-input":"required name=search_term_string"}],"inLanguage":"en-US"},{"@type":"Organization","@id":"https:\/\/www.tartuh.ee\/#organization","name":"TARTUH.EE","url":"https:\/\/www.tartuh.ee\/","logo":{"@type":"ImageObject","inLanguage":"en-US","@id":"https:\/\/www.tartuh.ee\/#\/schema\/logo\/image\/","url":"https:\/\/www.tartuh.ee\/wp-content\/uploads\/2025\/01\/cropped-TTKK-2025-logo.jpg","contentUrl":"https:\/\/www.tartuh.ee\/wp-content\/uploads\/2025\/01\/cropped-TTKK-2025-logo.jpg","width":1498,"height":755,"caption":"TARTUH.EE"},"image":{"@id":"https:\/\/www.tartuh.ee\/#\/schema\/logo\/image\/"}}]}},"_links":{"self":[{"href":"https:\/\/www.tartuh.ee\/en\/wp-json\/wp\/v2\/pages\/10423","targetHints":{"allow":["GET"]}}],"collection":[{"href":"https:\/\/www.tartuh.ee\/en\/wp-json\/wp\/v2\/pages"}],"about":[{"href":"https:\/\/www.tartuh.ee\/en\/wp-json\/wp\/v2\/types\/page"}],"author":[{"embeddable":true,"href":"https:\/\/www.tartuh.ee\/en\/wp-json\/wp\/v2\/users\/31"}],"replies":[{"embeddable":true,"href":"https:\/\/www.tartuh.ee\/en\/wp-json\/wp\/v2\/comments?post=10423"}],"version-history":[{"count":1,"href":"https:\/\/www.tartuh.ee\/en\/wp-json\/wp\/v2\/pages\/10423\/revisions"}],"predecessor-version":[{"id":10424,"href":"https:\/\/www.tartuh.ee\/en\/wp-json\/wp\/v2\/pages\/10423\/revisions\/10424"}],"wp:attachment":[{"href":"https:\/\/www.tartuh.ee\/en\/wp-json\/wp\/v2\/media?parent=10423"}],"curies":[{"name":"wp","href":"https:\/\/api.w.org\/{rel}","templated":true}]}}