{"id":10896,"date":"2023-09-28T09:57:15","date_gmt":"2023-09-28T09:57:15","guid":{"rendered":"https:\/\/www.tartuh.ee\/?page_id=10896"},"modified":"2023-09-28T09:57:17","modified_gmt":"2023-09-28T09:57:17","slug":"digipadevuste-hindamine-hispaania-ja-eesti-tervishoiutootajate-seas","status":"publish","type":"page","link":"https:\/\/www.tartuh.ee\/en\/digipadevuste-hindamine-hispaania-ja-eesti-tervishoiutootajate-seas\/","title":{"rendered":"Digip\u00e4devuste hindamine Hispaania ja Eesti tervishoiut\u00f6\u00f6tajate seas"},"content":{"rendered":"\n<p><strong>Projekti pealkiri inglise keeles:<\/strong> Improving Digital Competences of the Health Workforce in Spain and Estonia<\/p>\n\n\n\n<p><strong>Projekti number:<\/strong> REFORM\/SC2022\/108<\/p>\n\n\n\n<p><strong>Projekti kestus:<\/strong> oktoober 2022 \u2013 oktoober 2024<\/p>\n\n\n\n<p>Projekti rahastab Euroopa Liit struktuurireformi toetusprogrammi kaudu ja seda viib ellu NTT DATA koost\u00f6\u00f6s Euroopa Komisjoni struktuurireformi peadirektoraadiga.<\/p>\n\n\n\n<p><strong>Juhtpartner: <\/strong>Sotsiaalministeerium<\/p>\n\n\n\n<p><strong>Partnerorganisatsioonid: <\/strong>Tartu Tervishoiu K\u00f5rgkool, TalTech, Eesti \u00d5dede Liit, Tallina Tervishoiu K\u00f5rgkool, Tartu \u00dclikool, Eesti Arstide Liit, Tervise ja Heaolu Infos\u00fcsteemide Keskus, Kataloonia tervishoiuministeerium.<\/p>\n\n\n\n<p><strong>Projekti eesm\u00e4rgid:<\/strong><\/p>\n\n\n\n<p>\u00dcldine eesm\u00e4rk: parendada Kataloonia ja Eesti tervisevaldkonna t\u00f6\u00f6tajate digioskusi ja digip\u00e4devusi.<\/p>\n\n\n\n<p>Oodatav tulem: m\u00f5lema riigi p\u00e4devad ametkonnad saavad rakendada strateegiat selleks, et standardiseerida, hinnata ja parendada tervise valdkonna t\u00f6\u00f6tajate digip\u00e4devusi.<\/p>\n\n\n\n<p>Oodatav m\u00f5ju: patsientide jaoks teenuse k\u00e4ttesaadavuse ja -kvaliteedi paranemine.<\/p>\n\n\n\n<p>Tegevused: hetkeolukorra \u00f5ppe v\u00f5rdlus soovitud tulemusega, praeguste koolituskursuste kasulikkuse ja \u00fclekantavuse hindamine, soovitused \u00f5ppekavade muudatusteks\/v\u00e4ljat\u00f6\u00f6tamiseks<\/p>\n\n\n\n<p><strong>Projektijuht k\u00f5rgkoolis:<\/strong> Jaan Looga, jaanlooga@nooruse.ee<\/p>\n\n\n\n<p><strong>Projekti meeskond k\u00f5rgkoolis:<\/strong> Martin Avameri<\/p>\n","protected":false},"excerpt":{"rendered":"<p>Projekti pealkiri inglise keeles: Improving Digital Competences of the Health Workforce in Spain and Estonia Projekti number: REFORM\/SC2022\/108 Projekti kestus: oktoober 2022 \u2013 oktoober 2024 Projekti rahastab Euroopa Liit struktuurireformi toetusprogrammi kaudu ja seda viib ellu NTT DATA koost\u00f6\u00f6s Euroopa Komisjoni struktuurireformi peadirektoraadiga. Juhtpartner: Sotsiaalministeerium Partnerorganisatsioonid: Tartu Tervishoiu K\u00f5rgkool, TalTech, Eesti \u00d5dede Liit, Tallina Tervishoiu [&hellip;]<\/p>\n","protected":false},"author":31,"featured_media":0,"parent":0,"menu_order":0,"comment_status":"closed","ping_status":"closed","template":"","meta":{"_acf_changed":false,"_eb_attr":"","inline_featured_image":false,"footnotes":""},"class_list":["post-10896","page","type-page","status-publish","hentry"],"acf":[],"yoast_head":"<!-- This site is optimized with the Yoast SEO plugin v20.8 - https:\/\/yoast.com\/wordpress\/plugins\/seo\/ -->\n<title>Digip\u00e4devuste hindamine Hispaania ja Eesti tervishoiut\u00f6\u00f6tajate seas - TARTUH.EE<\/title>\n<meta name=\"robots\" content=\"index, follow, max-snippet:-1, max-image-preview:large, max-video-preview:-1\" \/>\n<link rel=\"canonical\" href=\"https:\/\/www.tartuh.ee\/en\/digipadevuste-hindamine-hispaania-ja-eesti-tervishoiutootajate-seas\/\" \/>\n<meta property=\"og:locale\" content=\"en_US\" \/>\n<meta property=\"og:type\" content=\"article\" \/>\n<meta property=\"og:title\" content=\"Digip\u00e4devuste hindamine Hispaania ja Eesti tervishoiut\u00f6\u00f6tajate seas - TARTUH.EE\" \/>\n<meta property=\"og:description\" content=\"Projekti pealkiri inglise keeles: Improving Digital Competences of the Health Workforce in Spain and Estonia Projekti number: REFORM\/SC2022\/108 Projekti kestus: oktoober 2022 \u2013 oktoober 2024 Projekti rahastab Euroopa Liit struktuurireformi toetusprogrammi kaudu ja seda viib ellu NTT DATA koost\u00f6\u00f6s Euroopa Komisjoni struktuurireformi peadirektoraadiga. Juhtpartner: Sotsiaalministeerium Partnerorganisatsioonid: Tartu Tervishoiu K\u00f5rgkool, TalTech, Eesti \u00d5dede Liit, Tallina Tervishoiu [&hellip;]\" \/>\n<meta property=\"og:url\" content=\"https:\/\/www.tartuh.ee\/en\/digipadevuste-hindamine-hispaania-ja-eesti-tervishoiutootajate-seas\/\" \/>\n<meta property=\"og:site_name\" content=\"TARTUH.EE\" \/>\n<meta property=\"article:modified_time\" content=\"2023-09-28T09:57:17+00:00\" \/>\n<meta name=\"twitter:card\" content=\"summary_large_image\" \/>\n<meta name=\"twitter:label1\" content=\"Est. reading time\" \/>\n\t<meta name=\"twitter:data1\" content=\"1 minute\" \/>\n<script type=\"application\/ld+json\" class=\"yoast-schema-graph\">{\"@context\":\"https:\/\/schema.org\",\"@graph\":[{\"@type\":\"WebPage\",\"@id\":\"https:\/\/www.tartuh.ee\/en\/digipadevuste-hindamine-hispaania-ja-eesti-tervishoiutootajate-seas\/\",\"url\":\"https:\/\/www.tartuh.ee\/en\/digipadevuste-hindamine-hispaania-ja-eesti-tervishoiutootajate-seas\/\",\"name\":\"Digip\u00e4devuste hindamine Hispaania ja Eesti tervishoiut\u00f6\u00f6tajate seas - TARTUH.EE\",\"isPartOf\":{\"@id\":\"https:\/\/www.tartuh.ee\/#website\"},\"datePublished\":\"2023-09-28T09:57:15+00:00\",\"dateModified\":\"2023-09-28T09:57:17+00:00\",\"breadcrumb\":{\"@id\":\"https:\/\/www.tartuh.ee\/en\/digipadevuste-hindamine-hispaania-ja-eesti-tervishoiutootajate-seas\/#breadcrumb\"},\"inLanguage\":\"en-US\",\"potentialAction\":[{\"@type\":\"ReadAction\",\"target\":[\"https:\/\/www.tartuh.ee\/en\/digipadevuste-hindamine-hispaania-ja-eesti-tervishoiutootajate-seas\/\"]}]},{\"@type\":\"BreadcrumbList\",\"@id\":\"https:\/\/www.tartuh.ee\/en\/digipadevuste-hindamine-hispaania-ja-eesti-tervishoiutootajate-seas\/#breadcrumb\",\"itemListElement\":[{\"@type\":\"ListItem\",\"position\":1,\"name\":\"Home\",\"item\":\"https:\/\/www.tartuh.ee\/en\/\"},{\"@type\":\"ListItem\",\"position\":2,\"name\":\"Digip\u00e4devuste hindamine Hispaania ja Eesti tervishoiut\u00f6\u00f6tajate seas\"}]},{\"@type\":\"WebSite\",\"@id\":\"https:\/\/www.tartuh.ee\/#website\",\"url\":\"https:\/\/www.tartuh.ee\/\",\"name\":\"TARTUH.EE\",\"description\":\"Tartu Tervishoiu K\u00f5rgkool on Eestis ja rahvusvaheliselt hinnatud k\u00f5rgkool ning kompetentsikeskus tervise ja heaolu valdkonnas. K\u00f5rgkoolis on v\u00f5imalik \u00f5ppida rakendusk\u00f5rghariduse, magistri- ja kutse\u00f5ppe \u00f5ppekavadel.\",\"publisher\":{\"@id\":\"https:\/\/www.tartuh.ee\/#organization\"},\"potentialAction\":[{\"@type\":\"SearchAction\",\"target\":{\"@type\":\"EntryPoint\",\"urlTemplate\":\"https:\/\/www.tartuh.ee\/?s={search_term_string}\"},\"query-input\":\"required name=search_term_string\"}],\"inLanguage\":\"en-US\"},{\"@type\":\"Organization\",\"@id\":\"https:\/\/www.tartuh.ee\/#organization\",\"name\":\"TARTUH.EE\",\"url\":\"https:\/\/www.tartuh.ee\/\",\"logo\":{\"@type\":\"ImageObject\",\"inLanguage\":\"en-US\",\"@id\":\"https:\/\/www.tartuh.ee\/#\/schema\/logo\/image\/\",\"url\":\"https:\/\/www.tartuh.ee\/wp-content\/uploads\/2025\/01\/cropped-TTKK-2025-logo.jpg\",\"contentUrl\":\"https:\/\/www.tartuh.ee\/wp-content\/uploads\/2025\/01\/cropped-TTKK-2025-logo.jpg\",\"width\":1498,\"height\":755,\"caption\":\"TARTUH.EE\"},\"image\":{\"@id\":\"https:\/\/www.tartuh.ee\/#\/schema\/logo\/image\/\"}}]}<\/script>\n<!-- \/ Yoast SEO plugin. -->","yoast_head_json":{"title":"Digip\u00e4devuste hindamine Hispaania ja Eesti tervishoiut\u00f6\u00f6tajate seas - TARTUH.EE","robots":{"index":"index","follow":"follow","max-snippet":"max-snippet:-1","max-image-preview":"max-image-preview:large","max-video-preview":"max-video-preview:-1"},"canonical":"https:\/\/www.tartuh.ee\/en\/digipadevuste-hindamine-hispaania-ja-eesti-tervishoiutootajate-seas\/","og_locale":"en_US","og_type":"article","og_title":"Digip\u00e4devuste hindamine Hispaania ja Eesti tervishoiut\u00f6\u00f6tajate seas - TARTUH.EE","og_description":"Projekti pealkiri inglise keeles: Improving Digital Competences of the Health Workforce in Spain and Estonia Projekti number: REFORM\/SC2022\/108 Projekti kestus: oktoober 2022 \u2013 oktoober 2024 Projekti rahastab Euroopa Liit struktuurireformi toetusprogrammi kaudu ja seda viib ellu NTT DATA koost\u00f6\u00f6s Euroopa Komisjoni struktuurireformi peadirektoraadiga. Juhtpartner: Sotsiaalministeerium Partnerorganisatsioonid: Tartu Tervishoiu K\u00f5rgkool, TalTech, Eesti \u00d5dede Liit, Tallina Tervishoiu [&hellip;]","og_url":"https:\/\/www.tartuh.ee\/en\/digipadevuste-hindamine-hispaania-ja-eesti-tervishoiutootajate-seas\/","og_site_name":"TARTUH.EE","article_modified_time":"2023-09-28T09:57:17+00:00","twitter_card":"summary_large_image","twitter_misc":{"Est. reading time":"1 minute"},"schema":{"@context":"https:\/\/schema.org","@graph":[{"@type":"WebPage","@id":"https:\/\/www.tartuh.ee\/en\/digipadevuste-hindamine-hispaania-ja-eesti-tervishoiutootajate-seas\/","url":"https:\/\/www.tartuh.ee\/en\/digipadevuste-hindamine-hispaania-ja-eesti-tervishoiutootajate-seas\/","name":"Digip\u00e4devuste hindamine Hispaania ja Eesti tervishoiut\u00f6\u00f6tajate seas - TARTUH.EE","isPartOf":{"@id":"https:\/\/www.tartuh.ee\/#website"},"datePublished":"2023-09-28T09:57:15+00:00","dateModified":"2023-09-28T09:57:17+00:00","breadcrumb":{"@id":"https:\/\/www.tartuh.ee\/en\/digipadevuste-hindamine-hispaania-ja-eesti-tervishoiutootajate-seas\/#breadcrumb"},"inLanguage":"en-US","potentialAction":[{"@type":"ReadAction","target":["https:\/\/www.tartuh.ee\/en\/digipadevuste-hindamine-hispaania-ja-eesti-tervishoiutootajate-seas\/"]}]},{"@type":"BreadcrumbList","@id":"https:\/\/www.tartuh.ee\/en\/digipadevuste-hindamine-hispaania-ja-eesti-tervishoiutootajate-seas\/#breadcrumb","itemListElement":[{"@type":"ListItem","position":1,"name":"Home","item":"https:\/\/www.tartuh.ee\/en\/"},{"@type":"ListItem","position":2,"name":"Digip\u00e4devuste hindamine Hispaania ja Eesti tervishoiut\u00f6\u00f6tajate seas"}]},{"@type":"WebSite","@id":"https:\/\/www.tartuh.ee\/#website","url":"https:\/\/www.tartuh.ee\/","name":"TARTUH.EE","description":"Tartu Tervishoiu K\u00f5rgkool on Eestis ja rahvusvaheliselt hinnatud k\u00f5rgkool ning kompetentsikeskus tervise ja heaolu valdkonnas. K\u00f5rgkoolis on v\u00f5imalik \u00f5ppida rakendusk\u00f5rghariduse, magistri- ja kutse\u00f5ppe \u00f5ppekavadel.","publisher":{"@id":"https:\/\/www.tartuh.ee\/#organization"},"potentialAction":[{"@type":"SearchAction","target":{"@type":"EntryPoint","urlTemplate":"https:\/\/www.tartuh.ee\/?s={search_term_string}"},"query-input":"required name=search_term_string"}],"inLanguage":"en-US"},{"@type":"Organization","@id":"https:\/\/www.tartuh.ee\/#organization","name":"TARTUH.EE","url":"https:\/\/www.tartuh.ee\/","logo":{"@type":"ImageObject","inLanguage":"en-US","@id":"https:\/\/www.tartuh.ee\/#\/schema\/logo\/image\/","url":"https:\/\/www.tartuh.ee\/wp-content\/uploads\/2025\/01\/cropped-TTKK-2025-logo.jpg","contentUrl":"https:\/\/www.tartuh.ee\/wp-content\/uploads\/2025\/01\/cropped-TTKK-2025-logo.jpg","width":1498,"height":755,"caption":"TARTUH.EE"},"image":{"@id":"https:\/\/www.tartuh.ee\/#\/schema\/logo\/image\/"}}]}},"_links":{"self":[{"href":"https:\/\/www.tartuh.ee\/en\/wp-json\/wp\/v2\/pages\/10896","targetHints":{"allow":["GET"]}}],"collection":[{"href":"https:\/\/www.tartuh.ee\/en\/wp-json\/wp\/v2\/pages"}],"about":[{"href":"https:\/\/www.tartuh.ee\/en\/wp-json\/wp\/v2\/types\/page"}],"author":[{"embeddable":true,"href":"https:\/\/www.tartuh.ee\/en\/wp-json\/wp\/v2\/users\/31"}],"replies":[{"embeddable":true,"href":"https:\/\/www.tartuh.ee\/en\/wp-json\/wp\/v2\/comments?post=10896"}],"version-history":[{"count":1,"href":"https:\/\/www.tartuh.ee\/en\/wp-json\/wp\/v2\/pages\/10896\/revisions"}],"predecessor-version":[{"id":10897,"href":"https:\/\/www.tartuh.ee\/en\/wp-json\/wp\/v2\/pages\/10896\/revisions\/10897"}],"wp:attachment":[{"href":"https:\/\/www.tartuh.ee\/en\/wp-json\/wp\/v2\/media?parent=10896"}],"curies":[{"name":"wp","href":"https:\/\/api.w.org\/{rel}","templated":true}]}}