{"id":10898,"date":"2023-09-28T10:00:28","date_gmt":"2023-09-28T10:00:28","guid":{"rendered":"https:\/\/www.tartuh.ee\/?page_id=10898"},"modified":"2025-05-22T06:28:41","modified_gmt":"2025-05-22T06:28:41","slug":"improving-digital-competences-of-the-health-workforce-in-spain-and-estonia","status":"publish","type":"page","link":"https:\/\/www.tartuh.ee\/en\/improving-digital-competences-of-the-health-workforce-in-spain-and-estonia\/","title":{"rendered":"Improving Digital Competences of the Health Workforce in Spain and Estonia"},"content":{"rendered":"\n<p><strong>Project name:<\/strong> Improving Digital Competences of the Health Workforce in Spain and Estonia<\/p>\n\n\n\n<p><strong>Project number:<\/strong> REFORM\/SC2022\/108<\/p>\n\n\n\n<p><strong>Duration of the project: <\/strong>October 2022 \u2013 October 2024<\/p>\n\n\n\n<p><strong>Leading partner: <\/strong>Ministry of Social Affairs (Estonia)<\/p>\n\n\n\n<p><strong>Partner organizations: <\/strong>Tartu Health Care College, TalTech, Tallinn Health Care College, Estonian Medical Association, Estonian Nurses Union, Health and Welfare Information Systems Centre, University of Tartu, Ministry of Health of the Government of Catalonia (Spain)<strong>.<\/strong><\/p>\n\n\n\n<p><strong>The aim of the project:<\/strong><\/p>\n\n\n\n<p>The main objective of the project is to improve Digital Competencies (DCs) among the Catalan and Estonian Healthcare Workforce (HWF). The main outcome expected is the implementation by health authorities of a strategy to standardise, assess and improve digital competencies of the Catalan and Estonian healthcare workforce, to bolster the access and quality of services for patients.<\/p>\n\n\n\n<p><strong>Project manager in THCC:<\/strong> Jaan Looga, <a href=\"mailto:jaanlooga@nooruse.ee\">jaanlooga@nooruse.ee<\/a><\/p>\n\n\n\n<p><strong>Project team in THCC:<\/strong> Martin Avameri<\/p>\n","protected":false},"excerpt":{"rendered":"<p>Project name: Improving Digital Competences of the Health Workforce in Spain and Estonia Project number: REFORM\/SC2022\/108 Duration of the project: October 2022 \u2013 October 2024 Leading partner: Ministry of Social Affairs (Estonia) Partner organizations: Tartu Health Care College, TalTech, Tallinn Health Care College, Estonian Medical Association, Estonian Nurses Union, Health and Welfare Information Systems Centre, [&hellip;]<\/p>\n","protected":false},"author":31,"featured_media":0,"parent":0,"menu_order":0,"comment_status":"closed","ping_status":"closed","template":"","meta":{"_acf_changed":false,"_eb_attr":"","inline_featured_image":false,"footnotes":""},"class_list":["post-10898","page","type-page","status-publish","hentry"],"acf":[],"yoast_head":"<!-- This site is optimized with the Yoast SEO plugin v20.8 - https:\/\/yoast.com\/wordpress\/plugins\/seo\/ -->\n<title>Improving Digital Competences of the Health Workforce in Spain and Estonia - TARTUH.EE<\/title>\n<meta name=\"robots\" content=\"index, follow, max-snippet:-1, max-image-preview:large, max-video-preview:-1\" \/>\n<link rel=\"canonical\" href=\"https:\/\/www.tartuh.ee\/en\/improving-digital-competences-of-the-health-workforce-in-spain-and-estonia\/\" \/>\n<meta property=\"og:locale\" content=\"en_US\" \/>\n<meta property=\"og:type\" content=\"article\" \/>\n<meta property=\"og:title\" content=\"Improving Digital Competences of the Health Workforce in Spain and Estonia - TARTUH.EE\" \/>\n<meta property=\"og:description\" content=\"Project name: Improving Digital Competences of the Health Workforce in Spain and Estonia Project number: REFORM\/SC2022\/108 Duration of the project: October 2022 \u2013 October 2024 Leading partner: Ministry of Social Affairs (Estonia) Partner organizations: Tartu Health Care College, TalTech, Tallinn Health Care College, Estonian Medical Association, Estonian Nurses Union, Health and Welfare Information Systems Centre, [&hellip;]\" \/>\n<meta property=\"og:url\" content=\"https:\/\/www.tartuh.ee\/en\/improving-digital-competences-of-the-health-workforce-in-spain-and-estonia\/\" \/>\n<meta property=\"og:site_name\" content=\"TARTUH.EE\" \/>\n<meta property=\"article:modified_time\" content=\"2025-05-22T06:28:41+00:00\" \/>\n<meta name=\"twitter:card\" content=\"summary_large_image\" \/>\n<meta name=\"twitter:label1\" content=\"Est. reading time\" \/>\n\t<meta name=\"twitter:data1\" content=\"1 minute\" \/>\n<script type=\"application\/ld+json\" class=\"yoast-schema-graph\">{\"@context\":\"https:\/\/schema.org\",\"@graph\":[{\"@type\":\"WebPage\",\"@id\":\"https:\/\/www.tartuh.ee\/en\/improving-digital-competences-of-the-health-workforce-in-spain-and-estonia\/\",\"url\":\"https:\/\/www.tartuh.ee\/en\/improving-digital-competences-of-the-health-workforce-in-spain-and-estonia\/\",\"name\":\"Improving Digital Competences of the Health Workforce in Spain and Estonia - TARTUH.EE\",\"isPartOf\":{\"@id\":\"https:\/\/www.tartuh.ee\/#website\"},\"datePublished\":\"2023-09-28T10:00:28+00:00\",\"dateModified\":\"2025-05-22T06:28:41+00:00\",\"breadcrumb\":{\"@id\":\"https:\/\/www.tartuh.ee\/en\/improving-digital-competences-of-the-health-workforce-in-spain-and-estonia\/#breadcrumb\"},\"inLanguage\":\"en-US\",\"potentialAction\":[{\"@type\":\"ReadAction\",\"target\":[\"https:\/\/www.tartuh.ee\/en\/improving-digital-competences-of-the-health-workforce-in-spain-and-estonia\/\"]}]},{\"@type\":\"BreadcrumbList\",\"@id\":\"https:\/\/www.tartuh.ee\/en\/improving-digital-competences-of-the-health-workforce-in-spain-and-estonia\/#breadcrumb\",\"itemListElement\":[{\"@type\":\"ListItem\",\"position\":1,\"name\":\"Home\",\"item\":\"https:\/\/www.tartuh.ee\/en\/\"},{\"@type\":\"ListItem\",\"position\":2,\"name\":\"Improving Digital Competences of the Health Workforce in Spain and Estonia\"}]},{\"@type\":\"WebSite\",\"@id\":\"https:\/\/www.tartuh.ee\/#website\",\"url\":\"https:\/\/www.tartuh.ee\/\",\"name\":\"TARTUH.EE\",\"description\":\"Tartu Tervishoiu K\u00f5rgkool on Eestis ja rahvusvaheliselt hinnatud k\u00f5rgkool ning kompetentsikeskus tervise ja heaolu valdkonnas. K\u00f5rgkoolis on v\u00f5imalik \u00f5ppida rakendusk\u00f5rghariduse, magistri- ja kutse\u00f5ppe \u00f5ppekavadel.\",\"publisher\":{\"@id\":\"https:\/\/www.tartuh.ee\/#organization\"},\"potentialAction\":[{\"@type\":\"SearchAction\",\"target\":{\"@type\":\"EntryPoint\",\"urlTemplate\":\"https:\/\/www.tartuh.ee\/?s={search_term_string}\"},\"query-input\":\"required name=search_term_string\"}],\"inLanguage\":\"en-US\"},{\"@type\":\"Organization\",\"@id\":\"https:\/\/www.tartuh.ee\/#organization\",\"name\":\"TARTUH.EE\",\"url\":\"https:\/\/www.tartuh.ee\/\",\"logo\":{\"@type\":\"ImageObject\",\"inLanguage\":\"en-US\",\"@id\":\"https:\/\/www.tartuh.ee\/#\/schema\/logo\/image\/\",\"url\":\"https:\/\/www.tartuh.ee\/wp-content\/uploads\/2025\/01\/cropped-TTKK-2025-logo.jpg\",\"contentUrl\":\"https:\/\/www.tartuh.ee\/wp-content\/uploads\/2025\/01\/cropped-TTKK-2025-logo.jpg\",\"width\":1498,\"height\":755,\"caption\":\"TARTUH.EE\"},\"image\":{\"@id\":\"https:\/\/www.tartuh.ee\/#\/schema\/logo\/image\/\"}}]}<\/script>\n<!-- \/ Yoast SEO plugin. -->","yoast_head_json":{"title":"Improving Digital Competences of the Health Workforce in Spain and Estonia - TARTUH.EE","robots":{"index":"index","follow":"follow","max-snippet":"max-snippet:-1","max-image-preview":"max-image-preview:large","max-video-preview":"max-video-preview:-1"},"canonical":"https:\/\/www.tartuh.ee\/en\/improving-digital-competences-of-the-health-workforce-in-spain-and-estonia\/","og_locale":"en_US","og_type":"article","og_title":"Improving Digital Competences of the Health Workforce in Spain and Estonia - TARTUH.EE","og_description":"Project name: Improving Digital Competences of the Health Workforce in Spain and Estonia Project number: REFORM\/SC2022\/108 Duration of the project: October 2022 \u2013 October 2024 Leading partner: Ministry of Social Affairs (Estonia) Partner organizations: Tartu Health Care College, TalTech, Tallinn Health Care College, Estonian Medical Association, Estonian Nurses Union, Health and Welfare Information Systems Centre, [&hellip;]","og_url":"https:\/\/www.tartuh.ee\/en\/improving-digital-competences-of-the-health-workforce-in-spain-and-estonia\/","og_site_name":"TARTUH.EE","article_modified_time":"2025-05-22T06:28:41+00:00","twitter_card":"summary_large_image","twitter_misc":{"Est. reading time":"1 minute"},"schema":{"@context":"https:\/\/schema.org","@graph":[{"@type":"WebPage","@id":"https:\/\/www.tartuh.ee\/en\/improving-digital-competences-of-the-health-workforce-in-spain-and-estonia\/","url":"https:\/\/www.tartuh.ee\/en\/improving-digital-competences-of-the-health-workforce-in-spain-and-estonia\/","name":"Improving Digital Competences of the Health Workforce in Spain and Estonia - TARTUH.EE","isPartOf":{"@id":"https:\/\/www.tartuh.ee\/#website"},"datePublished":"2023-09-28T10:00:28+00:00","dateModified":"2025-05-22T06:28:41+00:00","breadcrumb":{"@id":"https:\/\/www.tartuh.ee\/en\/improving-digital-competences-of-the-health-workforce-in-spain-and-estonia\/#breadcrumb"},"inLanguage":"en-US","potentialAction":[{"@type":"ReadAction","target":["https:\/\/www.tartuh.ee\/en\/improving-digital-competences-of-the-health-workforce-in-spain-and-estonia\/"]}]},{"@type":"BreadcrumbList","@id":"https:\/\/www.tartuh.ee\/en\/improving-digital-competences-of-the-health-workforce-in-spain-and-estonia\/#breadcrumb","itemListElement":[{"@type":"ListItem","position":1,"name":"Home","item":"https:\/\/www.tartuh.ee\/en\/"},{"@type":"ListItem","position":2,"name":"Improving Digital Competences of the Health Workforce in Spain and Estonia"}]},{"@type":"WebSite","@id":"https:\/\/www.tartuh.ee\/#website","url":"https:\/\/www.tartuh.ee\/","name":"TARTUH.EE","description":"Tartu Tervishoiu K\u00f5rgkool on Eestis ja rahvusvaheliselt hinnatud k\u00f5rgkool ning kompetentsikeskus tervise ja heaolu valdkonnas. K\u00f5rgkoolis on v\u00f5imalik \u00f5ppida rakendusk\u00f5rghariduse, magistri- ja kutse\u00f5ppe \u00f5ppekavadel.","publisher":{"@id":"https:\/\/www.tartuh.ee\/#organization"},"potentialAction":[{"@type":"SearchAction","target":{"@type":"EntryPoint","urlTemplate":"https:\/\/www.tartuh.ee\/?s={search_term_string}"},"query-input":"required name=search_term_string"}],"inLanguage":"en-US"},{"@type":"Organization","@id":"https:\/\/www.tartuh.ee\/#organization","name":"TARTUH.EE","url":"https:\/\/www.tartuh.ee\/","logo":{"@type":"ImageObject","inLanguage":"en-US","@id":"https:\/\/www.tartuh.ee\/#\/schema\/logo\/image\/","url":"https:\/\/www.tartuh.ee\/wp-content\/uploads\/2025\/01\/cropped-TTKK-2025-logo.jpg","contentUrl":"https:\/\/www.tartuh.ee\/wp-content\/uploads\/2025\/01\/cropped-TTKK-2025-logo.jpg","width":1498,"height":755,"caption":"TARTUH.EE"},"image":{"@id":"https:\/\/www.tartuh.ee\/#\/schema\/logo\/image\/"}}]}},"_links":{"self":[{"href":"https:\/\/www.tartuh.ee\/en\/wp-json\/wp\/v2\/pages\/10898","targetHints":{"allow":["GET"]}}],"collection":[{"href":"https:\/\/www.tartuh.ee\/en\/wp-json\/wp\/v2\/pages"}],"about":[{"href":"https:\/\/www.tartuh.ee\/en\/wp-json\/wp\/v2\/types\/page"}],"author":[{"embeddable":true,"href":"https:\/\/www.tartuh.ee\/en\/wp-json\/wp\/v2\/users\/31"}],"replies":[{"embeddable":true,"href":"https:\/\/www.tartuh.ee\/en\/wp-json\/wp\/v2\/comments?post=10898"}],"version-history":[{"count":3,"href":"https:\/\/www.tartuh.ee\/en\/wp-json\/wp\/v2\/pages\/10898\/revisions"}],"predecessor-version":[{"id":15648,"href":"https:\/\/www.tartuh.ee\/en\/wp-json\/wp\/v2\/pages\/10898\/revisions\/15648"}],"wp:attachment":[{"href":"https:\/\/www.tartuh.ee\/en\/wp-json\/wp\/v2\/media?parent=10898"}],"curies":[{"name":"wp","href":"https:\/\/api.w.org\/{rel}","templated":true}]}}