{"id":13288,"date":"2024-08-16T10:01:18","date_gmt":"2024-08-16T10:01:18","guid":{"rendered":"https:\/\/www.tartuh.ee\/?page_id=13288"},"modified":"2024-08-16T10:01:19","modified_gmt":"2024-08-16T10:01:19","slug":"voti-rfk-2024","status":"publish","type":"page","link":"https:\/\/www.tartuh.ee\/en\/voti-rfk-2024\/","title":{"rendered":"V\u00d5TI RFK 2024"},"content":{"rendered":"\n<p><strong>Project title: <\/strong>V\u00d5TI RFK 2024<\/p>\n\n\n\n<p>Tartu Health College received funding from the European Social Fund&#8217;s activity &#8220;Development of adult education and provision of non-formal learning opportunities&#8221; (ESF V\u00d5TI).<\/p>\n\n\n\n<p><strong>Project number:<\/strong> TSTV.1.01.24-0054<\/p>\n\n\n\n<p><strong>Duration of the project: <\/strong>01.04.2024 \u2013 31.12.2024<\/p>\n\n\n\n<p><strong>Funder:<\/strong> European Social Fund\u00b4s<\/p>\n\n\n\n<p><strong>Objectives of the project:<\/strong><\/p>\n\n\n\n<p>9 trainings are conducted:<\/p>\n\n\n\n<ol class=\"wp-block-list\">\n<li>Basic pharmacology course for care workers<\/li>\n\n\n\n<li>Advanced training in personal care activity<\/li>\n\n\n\n<li>Advanced training in personal care activity 2<\/li>\n\n\n\n<li>Personal care activities at home<\/li>\n\n\n\n<li>Use of medical equipment in care activity work<\/li>\n\n\n\n<li>Practical first aid training for care workers<\/li>\n\n\n\n<li>Let\u00b4s talk about autism<\/li>\n\n\n\n<li>Communication with the client\u00b4s relatives<\/li>\n\n\n\n<li>Coping with a difficult, agitated or aggressive patient\/client<\/li>\n<\/ol>\n\n\n\n<p>Project manager: Merlis Suits, <a href=\"mailto:merlissuits@nooruse.ee\">merlissuits@nooruse.ee<\/a><\/p>\n","protected":false},"excerpt":{"rendered":"<p>Project title: V\u00d5TI RFK 2024 Tartu Health College received funding from the European Social Fund&#8217;s activity &#8220;Development of adult education and provision of non-formal learning opportunities&#8221; (ESF V\u00d5TI). Project number: TSTV.1.01.24-0054 Duration of the project: 01.04.2024 \u2013 31.12.2024 Funder: European Social Fund\u00b4s Objectives of the project: 9 trainings are conducted: Project manager: Merlis Suits, merlissuits@nooruse.ee<\/p>\n","protected":false},"author":31,"featured_media":0,"parent":0,"menu_order":0,"comment_status":"closed","ping_status":"closed","template":"","meta":{"_acf_changed":false,"_eb_attr":"","inline_featured_image":false,"footnotes":""},"class_list":["post-13288","page","type-page","status-publish","hentry"],"acf":[],"yoast_head":"<!-- This site is optimized with the Yoast SEO plugin v20.8 - https:\/\/yoast.com\/wordpress\/plugins\/seo\/ -->\n<title>V\u00d5TI RFK 2024 - TARTUH.EE<\/title>\n<meta name=\"robots\" content=\"index, follow, max-snippet:-1, max-image-preview:large, max-video-preview:-1\" \/>\n<link rel=\"canonical\" href=\"https:\/\/www.tartuh.ee\/en\/voti-rfk-2024\/\" \/>\n<meta property=\"og:locale\" content=\"en_US\" \/>\n<meta property=\"og:type\" content=\"article\" \/>\n<meta property=\"og:title\" content=\"V\u00d5TI RFK 2024 - TARTUH.EE\" \/>\n<meta property=\"og:description\" content=\"Project title: V\u00d5TI RFK 2024 Tartu Health College received funding from the European Social Fund&#8217;s activity &#8220;Development of adult education and provision of non-formal learning opportunities&#8221; (ESF V\u00d5TI). Project number: TSTV.1.01.24-0054 Duration of the project: 01.04.2024 \u2013 31.12.2024 Funder: European Social Fund\u00b4s Objectives of the project: 9 trainings are conducted: Project manager: Merlis Suits, merlissuits@nooruse.ee\" \/>\n<meta property=\"og:url\" content=\"https:\/\/www.tartuh.ee\/en\/voti-rfk-2024\/\" \/>\n<meta property=\"og:site_name\" content=\"TARTUH.EE\" \/>\n<meta property=\"article:modified_time\" content=\"2024-08-16T10:01:19+00:00\" \/>\n<meta name=\"twitter:card\" content=\"summary_large_image\" \/>\n<meta name=\"twitter:label1\" content=\"Est. reading time\" \/>\n\t<meta name=\"twitter:data1\" content=\"1 minute\" \/>\n<script type=\"application\/ld+json\" class=\"yoast-schema-graph\">{\"@context\":\"https:\/\/schema.org\",\"@graph\":[{\"@type\":\"WebPage\",\"@id\":\"https:\/\/www.tartuh.ee\/en\/voti-rfk-2024\/\",\"url\":\"https:\/\/www.tartuh.ee\/en\/voti-rfk-2024\/\",\"name\":\"V\u00d5TI RFK 2024 - TARTUH.EE\",\"isPartOf\":{\"@id\":\"https:\/\/www.tartuh.ee\/#website\"},\"datePublished\":\"2024-08-16T10:01:18+00:00\",\"dateModified\":\"2024-08-16T10:01:19+00:00\",\"breadcrumb\":{\"@id\":\"https:\/\/www.tartuh.ee\/en\/voti-rfk-2024\/#breadcrumb\"},\"inLanguage\":\"en-US\",\"potentialAction\":[{\"@type\":\"ReadAction\",\"target\":[\"https:\/\/www.tartuh.ee\/en\/voti-rfk-2024\/\"]}]},{\"@type\":\"BreadcrumbList\",\"@id\":\"https:\/\/www.tartuh.ee\/en\/voti-rfk-2024\/#breadcrumb\",\"itemListElement\":[{\"@type\":\"ListItem\",\"position\":1,\"name\":\"Home\",\"item\":\"https:\/\/www.tartuh.ee\/en\/\"},{\"@type\":\"ListItem\",\"position\":2,\"name\":\"V\u00d5TI RFK 2024\"}]},{\"@type\":\"WebSite\",\"@id\":\"https:\/\/www.tartuh.ee\/#website\",\"url\":\"https:\/\/www.tartuh.ee\/\",\"name\":\"TARTUH.EE\",\"description\":\"Tartu Tervishoiu K\u00f5rgkool on Eestis ja rahvusvaheliselt hinnatud k\u00f5rgkool ning kompetentsikeskus tervise ja heaolu valdkonnas. K\u00f5rgkoolis on v\u00f5imalik \u00f5ppida rakendusk\u00f5rghariduse, magistri- ja kutse\u00f5ppe \u00f5ppekavadel.\",\"publisher\":{\"@id\":\"https:\/\/www.tartuh.ee\/#organization\"},\"potentialAction\":[{\"@type\":\"SearchAction\",\"target\":{\"@type\":\"EntryPoint\",\"urlTemplate\":\"https:\/\/www.tartuh.ee\/?s={search_term_string}\"},\"query-input\":\"required name=search_term_string\"}],\"inLanguage\":\"en-US\"},{\"@type\":\"Organization\",\"@id\":\"https:\/\/www.tartuh.ee\/#organization\",\"name\":\"TARTUH.EE\",\"url\":\"https:\/\/www.tartuh.ee\/\",\"logo\":{\"@type\":\"ImageObject\",\"inLanguage\":\"en-US\",\"@id\":\"https:\/\/www.tartuh.ee\/#\/schema\/logo\/image\/\",\"url\":\"https:\/\/www.tartuh.ee\/wp-content\/uploads\/2025\/01\/cropped-TTKK-2025-logo.jpg\",\"contentUrl\":\"https:\/\/www.tartuh.ee\/wp-content\/uploads\/2025\/01\/cropped-TTKK-2025-logo.jpg\",\"width\":1498,\"height\":755,\"caption\":\"TARTUH.EE\"},\"image\":{\"@id\":\"https:\/\/www.tartuh.ee\/#\/schema\/logo\/image\/\"}}]}<\/script>\n<!-- \/ Yoast SEO plugin. -->","yoast_head_json":{"title":"V\u00d5TI RFK 2024 - TARTUH.EE","robots":{"index":"index","follow":"follow","max-snippet":"max-snippet:-1","max-image-preview":"max-image-preview:large","max-video-preview":"max-video-preview:-1"},"canonical":"https:\/\/www.tartuh.ee\/en\/voti-rfk-2024\/","og_locale":"en_US","og_type":"article","og_title":"V\u00d5TI RFK 2024 - TARTUH.EE","og_description":"Project title: V\u00d5TI RFK 2024 Tartu Health College received funding from the European Social Fund&#8217;s activity &#8220;Development of adult education and provision of non-formal learning opportunities&#8221; (ESF V\u00d5TI). Project number: TSTV.1.01.24-0054 Duration of the project: 01.04.2024 \u2013 31.12.2024 Funder: European Social Fund\u00b4s Objectives of the project: 9 trainings are conducted: Project manager: Merlis Suits, merlissuits@nooruse.ee","og_url":"https:\/\/www.tartuh.ee\/en\/voti-rfk-2024\/","og_site_name":"TARTUH.EE","article_modified_time":"2024-08-16T10:01:19+00:00","twitter_card":"summary_large_image","twitter_misc":{"Est. reading time":"1 minute"},"schema":{"@context":"https:\/\/schema.org","@graph":[{"@type":"WebPage","@id":"https:\/\/www.tartuh.ee\/en\/voti-rfk-2024\/","url":"https:\/\/www.tartuh.ee\/en\/voti-rfk-2024\/","name":"V\u00d5TI RFK 2024 - TARTUH.EE","isPartOf":{"@id":"https:\/\/www.tartuh.ee\/#website"},"datePublished":"2024-08-16T10:01:18+00:00","dateModified":"2024-08-16T10:01:19+00:00","breadcrumb":{"@id":"https:\/\/www.tartuh.ee\/en\/voti-rfk-2024\/#breadcrumb"},"inLanguage":"en-US","potentialAction":[{"@type":"ReadAction","target":["https:\/\/www.tartuh.ee\/en\/voti-rfk-2024\/"]}]},{"@type":"BreadcrumbList","@id":"https:\/\/www.tartuh.ee\/en\/voti-rfk-2024\/#breadcrumb","itemListElement":[{"@type":"ListItem","position":1,"name":"Home","item":"https:\/\/www.tartuh.ee\/en\/"},{"@type":"ListItem","position":2,"name":"V\u00d5TI RFK 2024"}]},{"@type":"WebSite","@id":"https:\/\/www.tartuh.ee\/#website","url":"https:\/\/www.tartuh.ee\/","name":"TARTUH.EE","description":"Tartu Tervishoiu K\u00f5rgkool on Eestis ja rahvusvaheliselt hinnatud k\u00f5rgkool ning kompetentsikeskus tervise ja heaolu valdkonnas. K\u00f5rgkoolis on v\u00f5imalik \u00f5ppida rakendusk\u00f5rghariduse, magistri- ja kutse\u00f5ppe \u00f5ppekavadel.","publisher":{"@id":"https:\/\/www.tartuh.ee\/#organization"},"potentialAction":[{"@type":"SearchAction","target":{"@type":"EntryPoint","urlTemplate":"https:\/\/www.tartuh.ee\/?s={search_term_string}"},"query-input":"required name=search_term_string"}],"inLanguage":"en-US"},{"@type":"Organization","@id":"https:\/\/www.tartuh.ee\/#organization","name":"TARTUH.EE","url":"https:\/\/www.tartuh.ee\/","logo":{"@type":"ImageObject","inLanguage":"en-US","@id":"https:\/\/www.tartuh.ee\/#\/schema\/logo\/image\/","url":"https:\/\/www.tartuh.ee\/wp-content\/uploads\/2025\/01\/cropped-TTKK-2025-logo.jpg","contentUrl":"https:\/\/www.tartuh.ee\/wp-content\/uploads\/2025\/01\/cropped-TTKK-2025-logo.jpg","width":1498,"height":755,"caption":"TARTUH.EE"},"image":{"@id":"https:\/\/www.tartuh.ee\/#\/schema\/logo\/image\/"}}]}},"_links":{"self":[{"href":"https:\/\/www.tartuh.ee\/en\/wp-json\/wp\/v2\/pages\/13288","targetHints":{"allow":["GET"]}}],"collection":[{"href":"https:\/\/www.tartuh.ee\/en\/wp-json\/wp\/v2\/pages"}],"about":[{"href":"https:\/\/www.tartuh.ee\/en\/wp-json\/wp\/v2\/types\/page"}],"author":[{"embeddable":true,"href":"https:\/\/www.tartuh.ee\/en\/wp-json\/wp\/v2\/users\/31"}],"replies":[{"embeddable":true,"href":"https:\/\/www.tartuh.ee\/en\/wp-json\/wp\/v2\/comments?post=13288"}],"version-history":[{"count":1,"href":"https:\/\/www.tartuh.ee\/en\/wp-json\/wp\/v2\/pages\/13288\/revisions"}],"predecessor-version":[{"id":13289,"href":"https:\/\/www.tartuh.ee\/en\/wp-json\/wp\/v2\/pages\/13288\/revisions\/13289"}],"wp:attachment":[{"href":"https:\/\/www.tartuh.ee\/en\/wp-json\/wp\/v2\/media?parent=13288"}],"curies":[{"name":"wp","href":"https:\/\/api.w.org\/{rel}","templated":true}]}}