{"id":13314,"date":"2024-08-16T13:16:07","date_gmt":"2024-08-16T13:16:07","guid":{"rendered":"https:\/\/www.tartuh.ee\/?page_id=13314"},"modified":"2025-10-29T13:58:24","modified_gmt":"2025-10-29T13:58:24","slug":"perfect-promoting-english-readiness-for-effective-care-and-trust-of-nurses","status":"publish","type":"page","link":"https:\/\/www.tartuh.ee\/en\/research-and-development\/projects\/ongoing-projects\/perfect-promoting-english-readiness-for-effective-care-and-trust-of-nurses\/","title":{"rendered":"PERFECT \u2013 Promoting English Readiness For Effective Care and Trust of Nurses"},"content":{"rendered":"\n<div style=\"height:48px\" aria-hidden=\"true\" class=\"wp-block-spacer\"><\/div>\n\n\n\n<p><strong>Project number:<\/strong> 2024-1-EE01-KA220-HED-000257646<\/p>\n\n\n\n<p><strong>Funder:<\/strong> Estonian Erasmus Agency, HARNO<\/p>\n\n\n\n<p><strong>Duration of the project:<\/strong> 01.12.2024 \u2013 30.11.2027<\/p>\n\n\n\n<p><strong>Leading partner:<\/strong> Tartu Applied Health Sciences University<\/p>\n\n\n\n<p><strong>Partner Organizations:<\/strong> University of Primorska (Slovenia), University of Iceland, H.S. Skovoroda Kharkiv National &nbsp;Pedagogical University (Ukraine), Bukovinian State Medical University (Ukraine, The University of Rijeka (Croatia), SA Narva Haigla.<\/p>\n\n\n\n<p><strong>Aim of the project:<\/strong><\/p>\n\n\n\n<p>The PERFECT project intends to tailor opportunities for pre-and in-service nurses through empowering them with sound language skills required for efficient care, stronger patient trust, and higher employability. By sharing rich experience and engaging experts in methods of teaching English, healthcare, and educational technologies, we will produce sound intellectual outputs that can be efficiently used both for independent and teacher assisted learning beyond the target group of nurses.<\/p>\n\n\n\n<p><strong>Project outcomes:<\/strong><\/p>\n\n\n\n<ol class=\"wp-block-list\">\n<li>An updated course &#8220;English for Nursing and Healthcare&#8221;<\/li>\n\n\n\n<li>Interactive book for healthcare professionals<\/li>\n\n\n\n<li>Learning opportunities for in-service nurses<\/li>\n<\/ol>\n\n\n\n<p><strong>Project manager in TARTUH:<\/strong> Oleksandra Golovko, oleksandra.golovko@tartuh.ee<\/p>\n\n\n\n<p><strong>Project team at TARTUH: <\/strong>Reet Urban, Martin Avameri, Gerli Usberg.<\/p>\n\n\n\n<div class=\"wp-block-buttons is-layout-flex wp-block-buttons-is-layout-flex\">\n<div class=\"wp-block-button\"><a class=\"wp-block-button__link wp-element-button\" href=\"https:\/\/www.tartuh.ee\/en\/research-and-development\/projects\/ongoing-projects\/\">Back to the ongoing projects page<\/a><\/div>\n<\/div>\n","protected":false},"excerpt":{"rendered":"<p>Project number: 2024-1-EE01-KA220-HED-000257646 Funder: Estonian Erasmus Agency, HARNO Duration of the project: 01.12.2024 \u2013 30.11.2027 Leading partner: Tartu Applied Health Sciences University Partner Organizations: University of Primorska (Slovenia), University of Iceland, H.S. Skovoroda Kharkiv National &nbsp;Pedagogical University (Ukraine), Bukovinian State Medical University (Ukraine, The University of Rijeka (Croatia), SA Narva Haigla. Aim of the project: [&hellip;]<\/p>\n","protected":false},"author":31,"featured_media":0,"parent":9224,"menu_order":0,"comment_status":"closed","ping_status":"closed","template":"","meta":{"_acf_changed":false,"_eb_attr":"","inline_featured_image":false,"footnotes":""},"class_list":["post-13314","page","type-page","status-publish","hentry"],"acf":[],"yoast_head":"<!-- This site is optimized with the Yoast SEO plugin v20.8 - https:\/\/yoast.com\/wordpress\/plugins\/seo\/ -->\n<title>PERFECT \u2013 Promoting English Readiness For Effective Care and Trust of Nurses - TARTUH.EE<\/title>\n<meta name=\"robots\" content=\"index, follow, max-snippet:-1, max-image-preview:large, max-video-preview:-1\" \/>\n<link rel=\"canonical\" href=\"https:\/\/www.tartuh.ee\/en\/research-and-development\/projects\/ongoing-projects\/perfect-promoting-english-readiness-for-effective-care-and-trust-of-nurses\/\" \/>\n<meta property=\"og:locale\" content=\"en_US\" \/>\n<meta property=\"og:type\" content=\"article\" \/>\n<meta property=\"og:title\" content=\"PERFECT \u2013 Promoting English Readiness For Effective Care and Trust of Nurses - TARTUH.EE\" \/>\n<meta property=\"og:description\" content=\"Project number: 2024-1-EE01-KA220-HED-000257646 Funder: Estonian Erasmus Agency, HARNO Duration of the project: 01.12.2024 \u2013 30.11.2027 Leading partner: Tartu Applied Health Sciences University Partner Organizations: University of Primorska (Slovenia), University of Iceland, H.S. Skovoroda Kharkiv National &nbsp;Pedagogical University (Ukraine), Bukovinian State Medical University (Ukraine, The University of Rijeka (Croatia), SA Narva Haigla. Aim of the project: [&hellip;]\" \/>\n<meta property=\"og:url\" content=\"https:\/\/www.tartuh.ee\/en\/research-and-development\/projects\/ongoing-projects\/perfect-promoting-english-readiness-for-effective-care-and-trust-of-nurses\/\" \/>\n<meta property=\"og:site_name\" content=\"TARTUH.EE\" \/>\n<meta property=\"article:modified_time\" content=\"2025-10-29T13:58:24+00:00\" \/>\n<meta name=\"twitter:card\" content=\"summary_large_image\" \/>\n<meta name=\"twitter:label1\" content=\"Est. reading time\" \/>\n\t<meta name=\"twitter:data1\" content=\"1 minute\" \/>\n<script type=\"application\/ld+json\" class=\"yoast-schema-graph\">{\"@context\":\"https:\/\/schema.org\",\"@graph\":[{\"@type\":\"WebPage\",\"@id\":\"https:\/\/www.tartuh.ee\/en\/research-and-development\/projects\/ongoing-projects\/perfect-promoting-english-readiness-for-effective-care-and-trust-of-nurses\/\",\"url\":\"https:\/\/www.tartuh.ee\/en\/research-and-development\/projects\/ongoing-projects\/perfect-promoting-english-readiness-for-effective-care-and-trust-of-nurses\/\",\"name\":\"PERFECT \u2013 Promoting English Readiness For Effective Care and Trust of Nurses - TARTUH.EE\",\"isPartOf\":{\"@id\":\"https:\/\/www.tartuh.ee\/#website\"},\"datePublished\":\"2024-08-16T13:16:07+00:00\",\"dateModified\":\"2025-10-29T13:58:24+00:00\",\"breadcrumb\":{\"@id\":\"https:\/\/www.tartuh.ee\/en\/research-and-development\/projects\/ongoing-projects\/perfect-promoting-english-readiness-for-effective-care-and-trust-of-nurses\/#breadcrumb\"},\"inLanguage\":\"en-US\",\"potentialAction\":[{\"@type\":\"ReadAction\",\"target\":[\"https:\/\/www.tartuh.ee\/en\/research-and-development\/projects\/ongoing-projects\/perfect-promoting-english-readiness-for-effective-care-and-trust-of-nurses\/\"]}]},{\"@type\":\"BreadcrumbList\",\"@id\":\"https:\/\/www.tartuh.ee\/en\/research-and-development\/projects\/ongoing-projects\/perfect-promoting-english-readiness-for-effective-care-and-trust-of-nurses\/#breadcrumb\",\"itemListElement\":[{\"@type\":\"ListItem\",\"position\":1,\"name\":\"Home\",\"item\":\"https:\/\/www.tartuh.ee\/en\/\"},{\"@type\":\"ListItem\",\"position\":2,\"name\":\"Research and Development\",\"item\":\"https:\/\/www.tartuh.ee\/en\/research-and-development\/\"},{\"@type\":\"ListItem\",\"position\":3,\"name\":\"Projects\",\"item\":\"https:\/\/www.tartuh.ee\/en\/research-and-development\/projects\/\"},{\"@type\":\"ListItem\",\"position\":4,\"name\":\"Ongoing Projects\",\"item\":\"https:\/\/www.tartuh.ee\/en\/research-and-development\/projects\/ongoing-projects\/\"},{\"@type\":\"ListItem\",\"position\":5,\"name\":\"PERFECT \u2013 Promoting English Readiness For Effective Care and Trust of Nurses\"}]},{\"@type\":\"WebSite\",\"@id\":\"https:\/\/www.tartuh.ee\/#website\",\"url\":\"https:\/\/www.tartuh.ee\/\",\"name\":\"TARTUH.EE\",\"description\":\"Tartu Tervishoiu K\u00f5rgkool on Eestis ja rahvusvaheliselt hinnatud k\u00f5rgkool ning kompetentsikeskus tervise ja heaolu valdkonnas. K\u00f5rgkoolis on v\u00f5imalik \u00f5ppida rakendusk\u00f5rghariduse, magistri- ja kutse\u00f5ppe \u00f5ppekavadel.\",\"publisher\":{\"@id\":\"https:\/\/www.tartuh.ee\/#organization\"},\"potentialAction\":[{\"@type\":\"SearchAction\",\"target\":{\"@type\":\"EntryPoint\",\"urlTemplate\":\"https:\/\/www.tartuh.ee\/?s={search_term_string}\"},\"query-input\":\"required name=search_term_string\"}],\"inLanguage\":\"en-US\"},{\"@type\":\"Organization\",\"@id\":\"https:\/\/www.tartuh.ee\/#organization\",\"name\":\"TARTUH.EE\",\"url\":\"https:\/\/www.tartuh.ee\/\",\"logo\":{\"@type\":\"ImageObject\",\"inLanguage\":\"en-US\",\"@id\":\"https:\/\/www.tartuh.ee\/#\/schema\/logo\/image\/\",\"url\":\"https:\/\/www.tartuh.ee\/wp-content\/uploads\/2025\/01\/cropped-TTKK-2025-logo.jpg\",\"contentUrl\":\"https:\/\/www.tartuh.ee\/wp-content\/uploads\/2025\/01\/cropped-TTKK-2025-logo.jpg\",\"width\":1498,\"height\":755,\"caption\":\"TARTUH.EE\"},\"image\":{\"@id\":\"https:\/\/www.tartuh.ee\/#\/schema\/logo\/image\/\"}}]}<\/script>\n<!-- \/ Yoast SEO plugin. -->","yoast_head_json":{"title":"PERFECT \u2013 Promoting English Readiness For Effective Care and Trust of Nurses - TARTUH.EE","robots":{"index":"index","follow":"follow","max-snippet":"max-snippet:-1","max-image-preview":"max-image-preview:large","max-video-preview":"max-video-preview:-1"},"canonical":"https:\/\/www.tartuh.ee\/en\/research-and-development\/projects\/ongoing-projects\/perfect-promoting-english-readiness-for-effective-care-and-trust-of-nurses\/","og_locale":"en_US","og_type":"article","og_title":"PERFECT \u2013 Promoting English Readiness For Effective Care and Trust of Nurses - TARTUH.EE","og_description":"Project number: 2024-1-EE01-KA220-HED-000257646 Funder: Estonian Erasmus Agency, HARNO Duration of the project: 01.12.2024 \u2013 30.11.2027 Leading partner: Tartu Applied Health Sciences University Partner Organizations: University of Primorska (Slovenia), University of Iceland, H.S. Skovoroda Kharkiv National &nbsp;Pedagogical University (Ukraine), Bukovinian State Medical University (Ukraine, The University of Rijeka (Croatia), SA Narva Haigla. Aim of the project: [&hellip;]","og_url":"https:\/\/www.tartuh.ee\/en\/research-and-development\/projects\/ongoing-projects\/perfect-promoting-english-readiness-for-effective-care-and-trust-of-nurses\/","og_site_name":"TARTUH.EE","article_modified_time":"2025-10-29T13:58:24+00:00","twitter_card":"summary_large_image","twitter_misc":{"Est. reading time":"1 minute"},"schema":{"@context":"https:\/\/schema.org","@graph":[{"@type":"WebPage","@id":"https:\/\/www.tartuh.ee\/en\/research-and-development\/projects\/ongoing-projects\/perfect-promoting-english-readiness-for-effective-care-and-trust-of-nurses\/","url":"https:\/\/www.tartuh.ee\/en\/research-and-development\/projects\/ongoing-projects\/perfect-promoting-english-readiness-for-effective-care-and-trust-of-nurses\/","name":"PERFECT \u2013 Promoting English Readiness For Effective Care and Trust of Nurses - TARTUH.EE","isPartOf":{"@id":"https:\/\/www.tartuh.ee\/#website"},"datePublished":"2024-08-16T13:16:07+00:00","dateModified":"2025-10-29T13:58:24+00:00","breadcrumb":{"@id":"https:\/\/www.tartuh.ee\/en\/research-and-development\/projects\/ongoing-projects\/perfect-promoting-english-readiness-for-effective-care-and-trust-of-nurses\/#breadcrumb"},"inLanguage":"en-US","potentialAction":[{"@type":"ReadAction","target":["https:\/\/www.tartuh.ee\/en\/research-and-development\/projects\/ongoing-projects\/perfect-promoting-english-readiness-for-effective-care-and-trust-of-nurses\/"]}]},{"@type":"BreadcrumbList","@id":"https:\/\/www.tartuh.ee\/en\/research-and-development\/projects\/ongoing-projects\/perfect-promoting-english-readiness-for-effective-care-and-trust-of-nurses\/#breadcrumb","itemListElement":[{"@type":"ListItem","position":1,"name":"Home","item":"https:\/\/www.tartuh.ee\/en\/"},{"@type":"ListItem","position":2,"name":"Research and Development","item":"https:\/\/www.tartuh.ee\/en\/research-and-development\/"},{"@type":"ListItem","position":3,"name":"Projects","item":"https:\/\/www.tartuh.ee\/en\/research-and-development\/projects\/"},{"@type":"ListItem","position":4,"name":"Ongoing Projects","item":"https:\/\/www.tartuh.ee\/en\/research-and-development\/projects\/ongoing-projects\/"},{"@type":"ListItem","position":5,"name":"PERFECT \u2013 Promoting English Readiness For Effective Care and Trust of Nurses"}]},{"@type":"WebSite","@id":"https:\/\/www.tartuh.ee\/#website","url":"https:\/\/www.tartuh.ee\/","name":"TARTUH.EE","description":"Tartu Tervishoiu K\u00f5rgkool on Eestis ja rahvusvaheliselt hinnatud k\u00f5rgkool ning kompetentsikeskus tervise ja heaolu valdkonnas. K\u00f5rgkoolis on v\u00f5imalik \u00f5ppida rakendusk\u00f5rghariduse, magistri- ja kutse\u00f5ppe \u00f5ppekavadel.","publisher":{"@id":"https:\/\/www.tartuh.ee\/#organization"},"potentialAction":[{"@type":"SearchAction","target":{"@type":"EntryPoint","urlTemplate":"https:\/\/www.tartuh.ee\/?s={search_term_string}"},"query-input":"required name=search_term_string"}],"inLanguage":"en-US"},{"@type":"Organization","@id":"https:\/\/www.tartuh.ee\/#organization","name":"TARTUH.EE","url":"https:\/\/www.tartuh.ee\/","logo":{"@type":"ImageObject","inLanguage":"en-US","@id":"https:\/\/www.tartuh.ee\/#\/schema\/logo\/image\/","url":"https:\/\/www.tartuh.ee\/wp-content\/uploads\/2025\/01\/cropped-TTKK-2025-logo.jpg","contentUrl":"https:\/\/www.tartuh.ee\/wp-content\/uploads\/2025\/01\/cropped-TTKK-2025-logo.jpg","width":1498,"height":755,"caption":"TARTUH.EE"},"image":{"@id":"https:\/\/www.tartuh.ee\/#\/schema\/logo\/image\/"}}]}},"_links":{"self":[{"href":"https:\/\/www.tartuh.ee\/en\/wp-json\/wp\/v2\/pages\/13314","targetHints":{"allow":["GET"]}}],"collection":[{"href":"https:\/\/www.tartuh.ee\/en\/wp-json\/wp\/v2\/pages"}],"about":[{"href":"https:\/\/www.tartuh.ee\/en\/wp-json\/wp\/v2\/types\/page"}],"author":[{"embeddable":true,"href":"https:\/\/www.tartuh.ee\/en\/wp-json\/wp\/v2\/users\/31"}],"replies":[{"embeddable":true,"href":"https:\/\/www.tartuh.ee\/en\/wp-json\/wp\/v2\/comments?post=13314"}],"version-history":[{"count":7,"href":"https:\/\/www.tartuh.ee\/en\/wp-json\/wp\/v2\/pages\/13314\/revisions"}],"predecessor-version":[{"id":17000,"href":"https:\/\/www.tartuh.ee\/en\/wp-json\/wp\/v2\/pages\/13314\/revisions\/17000"}],"up":[{"embeddable":true,"href":"https:\/\/www.tartuh.ee\/en\/wp-json\/wp\/v2\/pages\/9224"}],"wp:attachment":[{"href":"https:\/\/www.tartuh.ee\/en\/wp-json\/wp\/v2\/media?parent=13314"}],"curies":[{"name":"wp","href":"https:\/\/api.w.org\/{rel}","templated":true}]}}