{"id":14606,"date":"2025-01-24T11:12:38","date_gmt":"2025-01-24T11:12:38","guid":{"rendered":"https:\/\/www.tartuh.ee\/?page_id=14606"},"modified":"2026-03-10T07:59:44","modified_gmt":"2026-03-10T07:59:44","slug":"research-groups-in-tartu-applied-health-sciences-university","status":"publish","type":"page","link":"https:\/\/www.tartuh.ee\/en\/research-and-development\/research-groups-in-tartu-applied-health-sciences-university\/","title":{"rendered":"Research Groups in Tartu Applied Health Sciences University"},"content":{"rendered":"\n<p>Research at Tartu Applied Health Sciences University is conducted within nine distinct Research Groups:<\/p>\n\n\n\n<ol class=\"wp-block-list\">\n<li>Occupational Health and Safety&nbsp;Research Group&nbsp;<\/li>\n\n\n\n<li>Food and Health Research Group<\/li>\n\n\n\n<li>Primary Health Care Research Group<\/li>\n\n\n\n<li>Skilled Support for the Health and Well-being of Older Adults and Empowerment of Family Caregivers Research Group<\/li>\n\n\n\n<li>Radiotherapy Quality and Patient Experience Research Group&nbsp;<\/li>\n\n\n\n<li>Physical Activity and Brain Health Research Group<\/li>\n\n\n\n<li>Research Ethics in Healthcare Research Group<\/li>\n\n\n\n<li>Children\u2019s and Families\u2019 Health and Well-Being Research Group<\/li>\n\n\n\n<li>Healthcare Ethics Reasearch Group<br><\/li>\n<\/ol>\n\n\n\n<div class=\"wp-block-cover wp-duotone-midnight\"><img loading=\"lazy\" decoding=\"async\" width=\"1024\" height=\"683\" class=\"wp-block-cover__image-background wp-image-13493\" alt=\"\" src=\"https:\/\/www.tartuh.ee\/wp-content\/uploads\/2024\/09\/IMG_2662-1024x683.jpg\" data-object-fit=\"cover\" srcset=\"https:\/\/www.tartuh.ee\/wp-content\/uploads\/2024\/09\/IMG_2662-1024x683.jpg 1024w, https:\/\/www.tartuh.ee\/wp-content\/uploads\/2024\/09\/IMG_2662-300x200.jpg 300w, https:\/\/www.tartuh.ee\/wp-content\/uploads\/2024\/09\/IMG_2662-768x512.jpg 768w, https:\/\/www.tartuh.ee\/wp-content\/uploads\/2024\/09\/IMG_2662-1536x1024.jpg 1536w, https:\/\/www.tartuh.ee\/wp-content\/uploads\/2024\/09\/IMG_2662-2048x1365.jpg 2048w\" sizes=\"auto, (max-width: 1024px) 100vw, 1024px\" \/><span aria-hidden=\"true\" class=\"wp-block-cover__background has-background-dim\"><\/span><div class=\"wp-block-cover__inner-container is-layout-flow wp-block-cover-is-layout-flow\">\n<p class=\"has-text-align-center has-white-color has-text-color has-link-color has-large-font-size wp-elements-f6dc3653895b3ddb7860b5f4ada0265d\"><strong>OCCUPATIONAL HEALTH AND SAFETY RESEARCH GROUP<\/strong><\/p>\n\n\n\n<div class=\"wp-block-buttons is-content-justification-center is-layout-flex wp-container-core-buttons-is-layout-16018d1d wp-block-buttons-is-layout-flex\">\n<div class=\"wp-block-button\"><a class=\"wp-block-button__link wp-element-button\" href=\"https:\/\/www.tartuh.ee\/en\/research-and-development\/research-groups-in-tartu-applied-health-sciences-university\/health-professionals-job-satisfaction-and-mental-health\/\">More information<\/a><\/div>\n<\/div>\n<\/div><\/div>\n\n\n\n<div class=\"wp-block-cover wp-duotone-purple-green\"><img loading=\"lazy\" decoding=\"async\" width=\"1024\" height=\"683\" class=\"wp-block-cover__image-background wp-image-13485\" alt=\"\" src=\"https:\/\/www.tartuh.ee\/wp-content\/uploads\/2024\/09\/IMG_0591-1024x683.jpg\" data-object-fit=\"cover\" srcset=\"https:\/\/www.tartuh.ee\/wp-content\/uploads\/2024\/09\/IMG_0591-1024x683.jpg 1024w, https:\/\/www.tartuh.ee\/wp-content\/uploads\/2024\/09\/IMG_0591-300x200.jpg 300w, https:\/\/www.tartuh.ee\/wp-content\/uploads\/2024\/09\/IMG_0591-768x512.jpg 768w, https:\/\/www.tartuh.ee\/wp-content\/uploads\/2024\/09\/IMG_0591-1536x1024.jpg 1536w, https:\/\/www.tartuh.ee\/wp-content\/uploads\/2024\/09\/IMG_0591-2048x1365.jpg 2048w\" sizes=\"auto, (max-width: 1024px) 100vw, 1024px\" \/><span aria-hidden=\"true\" class=\"wp-block-cover__background has-background-dim\"><\/span><div class=\"wp-block-cover__inner-container is-layout-flow wp-block-cover-is-layout-flow\">\n<p class=\"has-text-align-center has-white-color has-text-color has-link-color has-large-font-size wp-elements-4697dbfff43d16eba54a46e8c424ac0c\"><strong>FOOD AND HEALTH RESEARCH GROUP<\/strong><\/p>\n\n\n\n<div class=\"wp-block-buttons is-content-justification-center is-layout-flex wp-container-core-buttons-is-layout-16018d1d wp-block-buttons-is-layout-flex\">\n<div class=\"wp-block-button\"><a class=\"wp-block-button__link wp-element-button\" href=\"https:\/\/www.tartuh.ee\/en\/research-and-development\/research-groups-in-tartu-applied-health-sciences-university\/organic-food-and-health\/\">More information<\/a><\/div>\n<\/div>\n<\/div><\/div>\n\n\n\n<div class=\"wp-block-cover wp-duotone-purple-yellow\"><img loading=\"lazy\" decoding=\"async\" width=\"1024\" height=\"683\" class=\"wp-block-cover__image-background wp-image-13504\" alt=\"\" src=\"https:\/\/www.tartuh.ee\/wp-content\/uploads\/2024\/09\/IMG_1935-1024x683.jpg\" data-object-fit=\"cover\" srcset=\"https:\/\/www.tartuh.ee\/wp-content\/uploads\/2024\/09\/IMG_1935-1024x683.jpg 1024w, https:\/\/www.tartuh.ee\/wp-content\/uploads\/2024\/09\/IMG_1935-300x200.jpg 300w, https:\/\/www.tartuh.ee\/wp-content\/uploads\/2024\/09\/IMG_1935-768x512.jpg 768w, https:\/\/www.tartuh.ee\/wp-content\/uploads\/2024\/09\/IMG_1935-1536x1024.jpg 1536w, https:\/\/www.tartuh.ee\/wp-content\/uploads\/2024\/09\/IMG_1935-2048x1365.jpg 2048w\" sizes=\"auto, (max-width: 1024px) 100vw, 1024px\" \/><span aria-hidden=\"true\" class=\"wp-block-cover__background has-background-dim\"><\/span><div class=\"wp-block-cover__inner-container is-layout-flow wp-block-cover-is-layout-flow\">\n<p class=\"has-text-align-center has-white-color has-text-color has-link-color has-large-font-size wp-elements-a72dc42d3700b7865bdc6b399b94e823\"><strong>PRIMARY HEALTH CARE RESEARCH GROUP<\/strong><\/p>\n\n\n\n<div class=\"wp-block-buttons is-content-justification-center is-layout-flex wp-container-core-buttons-is-layout-16018d1d wp-block-buttons-is-layout-flex\">\n<div class=\"wp-block-button\"><a class=\"wp-block-button__link wp-element-button\" href=\"https:\/\/www.tartuh.ee\/en\/research-and-development\/research-groups-in-tartu-applied-health-sciences-university\/14464-2\/\">More information<\/a><\/div>\n<\/div>\n<\/div><\/div>\n\n\n\n<div class=\"wp-block-cover is-light wp-duotone-blue-orange\"><img loading=\"lazy\" decoding=\"async\" width=\"2560\" height=\"1707\" class=\"wp-block-cover__image-background wp-image-14001\" alt=\"\" src=\"https:\/\/www.tartuh.ee\/wp-content\/uploads\/2024\/11\/tooruhm-scaled.jpg\" data-object-fit=\"cover\" srcset=\"https:\/\/www.tartuh.ee\/wp-content\/uploads\/2024\/11\/tooruhm-scaled.jpg 2560w, https:\/\/www.tartuh.ee\/wp-content\/uploads\/2024\/11\/tooruhm-300x200.jpg 300w, https:\/\/www.tartuh.ee\/wp-content\/uploads\/2024\/11\/tooruhm-768x512.jpg 768w, https:\/\/www.tartuh.ee\/wp-content\/uploads\/2024\/11\/tooruhm-1024x683.jpg 1024w, https:\/\/www.tartuh.ee\/wp-content\/uploads\/2024\/11\/tooruhm-1536x1024.jpg 1536w, https:\/\/www.tartuh.ee\/wp-content\/uploads\/2024\/11\/tooruhm-2048x1365.jpg 2048w\" sizes=\"auto, (max-width: 2560px) 100vw, 2560px\" \/><span aria-hidden=\"true\" class=\"wp-block-cover__background has-background-dim\" style=\"background-color:#a6a4a3\"><\/span><div class=\"wp-block-cover__inner-container is-layout-flow wp-block-cover-is-layout-flow\">\n<p class=\"has-text-align-center has-white-color has-text-color has-link-color has-large-font-size wp-elements-fa00336b19c38aacd6c2bc52cf8ae0b7\"><strong>SKILLED SUPPORT FOR THE HEALTH AND WELL-BEING OF OLDER ADULTS AND EMPOWERMENT OF FAMILY CAREGIVERS RESEARCH GROUP<\/strong><\/p>\n\n\n\n<div class=\"wp-block-buttons is-content-justification-center is-layout-flex wp-container-core-buttons-is-layout-16018d1d wp-block-buttons-is-layout-flex\">\n<div class=\"wp-block-button\"><a class=\"wp-block-button__link wp-element-button\" href=\"https:\/\/www.tartuh.ee\/en\/research-and-development\/research-groups-in-tartu-applied-health-sciences-university\/geriatrics\">More information<\/a><\/div>\n<\/div>\n<\/div><\/div>\n\n\n\n<div class=\"wp-block-cover aligncenter is-light wp-duotone-unset-1\"><img loading=\"lazy\" decoding=\"async\" width=\"2560\" height=\"1707\" class=\"wp-block-cover__image-background wp-image-14911 size-full\" alt=\"\" src=\"https:\/\/www.tartuh.ee\/wp-content\/uploads\/2025\/02\/DSC_8493-scaled.jpg\" data-object-fit=\"cover\"\/><span aria-hidden=\"true\" class=\"wp-block-cover__background has-background-dim\" style=\"background-color:#a69e8a\"><\/span><div class=\"wp-block-cover__inner-container is-layout-constrained wp-block-cover-is-layout-constrained\">\n<h1 class=\"wp-block-heading has-text-align-center has-white-color has-text-color has-link-color has-large-font-size wp-elements-68cd2db8e1ee41ce4f1eecaad7106a33\"><strong>RADIOTHERAPY QUALITY AND PATIENT EXPERIENCE RESEARCH GROUP<\/strong><\/h1>\n\n\n\n<div class=\"wp-block-buttons is-content-justification-center is-layout-flex wp-container-core-buttons-is-layout-16018d1d wp-block-buttons-is-layout-flex\">\n<div class=\"wp-block-button\"><a class=\"wp-block-button__link wp-element-button\" href=\"https:\/\/www.tartuh.ee\/15720-2\/\">More information<\/a><\/div>\n<\/div>\n<\/div><\/div>\n\n\n\n<div class=\"wp-block-cover aligncenter is-light wp-duotone-unset-2\"><img loading=\"lazy\" decoding=\"async\" width=\"2560\" height=\"1707\" class=\"wp-block-cover__image-background wp-image-11188 size-full\" alt=\"\" src=\"https:\/\/www.tartuh.ee\/wp-content\/uploads\/2023\/11\/liikumisre-scaled.jpg\" data-object-fit=\"cover\"\/><span aria-hidden=\"true\" class=\"wp-block-cover__background has-background-dim\" style=\"background-color:#a69e8a\"><\/span><div class=\"wp-block-cover__inner-container is-layout-constrained wp-block-cover-is-layout-constrained\">\n<h1 class=\"wp-block-heading has-text-align-center has-white-color has-text-color has-link-color has-large-font-size wp-elements-e64a191d9366806b097f47d413a2bb69\"><strong>PHYSICAL ACTIVITY AND BRAIN HEALTH RESEARCH GROUP<\/strong><\/h1>\n\n\n\n<div class=\"wp-block-buttons is-content-justification-center is-layout-flex wp-container-core-buttons-is-layout-16018d1d wp-block-buttons-is-layout-flex\">\n<div class=\"wp-block-button\"><a class=\"wp-block-button__link wp-element-button\" href=\"https:\/\/www.tartuh.ee\/en\/research-and-development\/research-groups-in-tartu-applied-health-sciences-university\/physical-activity-and-brain-health-research-group\/\">More information<\/a><\/div>\n<\/div>\n<\/div><\/div>\n\n\n\n<div class=\"wp-block-cover aligncenter is-light wp-duotone-unset-3\"><img loading=\"lazy\" decoding=\"async\" width=\"2560\" height=\"1707\" class=\"wp-block-cover__image-background wp-image-14258 size-large\" alt=\"\" src=\"https:\/\/www.tartuh.ee\/wp-content\/uploads\/2024\/12\/praktikajuhh-1-scaled.jpg\" data-object-fit=\"cover\" srcset=\"https:\/\/www.tartuh.ee\/wp-content\/uploads\/2024\/12\/praktikajuhh-1-scaled.jpg 2560w, https:\/\/www.tartuh.ee\/wp-content\/uploads\/2024\/12\/praktikajuhh-1-300x200.jpg 300w, https:\/\/www.tartuh.ee\/wp-content\/uploads\/2024\/12\/praktikajuhh-1-768x512.jpg 768w, https:\/\/www.tartuh.ee\/wp-content\/uploads\/2024\/12\/praktikajuhh-1-1024x683.jpg 1024w, https:\/\/www.tartuh.ee\/wp-content\/uploads\/2024\/12\/praktikajuhh-1-1536x1024.jpg 1536w, https:\/\/www.tartuh.ee\/wp-content\/uploads\/2024\/12\/praktikajuhh-1-2048x1365.jpg 2048w\" sizes=\"auto, (max-width: 2560px) 100vw, 2560px\" \/><span aria-hidden=\"true\" class=\"wp-block-cover__background has-background-dim\" style=\"background-color:#a69e8a\"><\/span><div class=\"wp-block-cover__inner-container is-layout-constrained wp-block-cover-is-layout-constrained\">\n<h1 class=\"wp-block-heading has-text-align-center has-white-color has-text-color has-link-color has-large-font-size wp-elements-a554ecffcdeaf947856df655ff166650\"><strong>RESEARCH ETHICS IN HEALTHCARE<\/strong> <strong>RESEARCH GROUP<\/strong><\/h1>\n\n\n\n<div class=\"wp-block-buttons is-content-justification-center is-layout-flex wp-container-core-buttons-is-layout-16018d1d wp-block-buttons-is-layout-flex\">\n<div class=\"wp-block-button\"><a class=\"wp-block-button__link wp-element-button\" href=\"https:\/\/www.tartuh.ee\/en\/research-and-development\/research-groups-in-tartu-applied-health-sciences-university\/research-ethics-in-healthcare-research-group\/\">More information<\/a><\/div>\n<\/div>\n\n\n\n<p class=\"has-text-align-center\"><br><\/p>\n<\/div><\/div>\n\n\n\n<div class=\"wp-block-cover aligncenter is-light wp-duotone-0693e3-ffffff-4\"><img loading=\"lazy\" decoding=\"async\" width=\"1024\" height=\"724\" class=\"wp-block-cover__image-background wp-image-14947 size-large\" alt=\"\" src=\"https:\/\/www.tartuh.ee\/wp-content\/uploads\/2025\/02\/autism-1024x724.png\" data-object-fit=\"cover\" srcset=\"https:\/\/www.tartuh.ee\/wp-content\/uploads\/2025\/02\/autism-1024x724.png 1024w, https:\/\/www.tartuh.ee\/wp-content\/uploads\/2025\/02\/autism-300x212.png 300w, https:\/\/www.tartuh.ee\/wp-content\/uploads\/2025\/02\/autism-768x543.png 768w, https:\/\/www.tartuh.ee\/wp-content\/uploads\/2025\/02\/autism-1536x1086.png 1536w, https:\/\/www.tartuh.ee\/wp-content\/uploads\/2025\/02\/autism.png 2000w\" sizes=\"auto, (max-width: 1024px) 100vw, 1024px\" \/><span aria-hidden=\"true\" class=\"wp-block-cover__background has-background-dim\" style=\"background-color:#a69e8a\"><\/span><div class=\"wp-block-cover__inner-container is-layout-constrained wp-block-cover-is-layout-constrained\">\n<h1 class=\"wp-block-heading has-text-align-center has-white-color has-text-color has-link-color has-large-font-size wp-elements-648489d63a5fe57371af92021ca8cc88\"><strong>CHILDREN\u2019S AND FAMILIES\u2019 HEALTH AND WELL-BEING RESEARCH GROUP<\/strong><\/h1>\n\n\n\n<div class=\"wp-block-buttons is-content-justification-center is-layout-flex wp-container-core-buttons-is-layout-16018d1d wp-block-buttons-is-layout-flex\">\n<div class=\"wp-block-button\"><a class=\"wp-block-button__link wp-element-button\" href=\"https:\/\/www.tartuh.ee\/en\/research-and-development\/research-groups-in-tartu-applied-health-sciences-university\/childrens-and-families-health-and-well-being-research-group\/\">More information<\/a><\/div>\n<\/div>\n<\/div><\/div>\n\n\n\n<div class=\"wp-block-cover aligncenter is-light wp-duotone-0693e3-fcff41-5\"><img loading=\"lazy\" decoding=\"async\" width=\"683\" height=\"1024\" class=\"wp-block-cover__image-background wp-image-11969 size-large\" alt=\"\" src=\"https:\/\/www.tartuh.ee\/wp-content\/uploads\/2024\/02\/ode-683x1024.jpg\" data-object-fit=\"cover\" srcset=\"https:\/\/www.tartuh.ee\/wp-content\/uploads\/2024\/02\/ode-683x1024.jpg 683w, https:\/\/www.tartuh.ee\/wp-content\/uploads\/2024\/02\/ode-200x300.jpg 200w, https:\/\/www.tartuh.ee\/wp-content\/uploads\/2024\/02\/ode-768x1152.jpg 768w, https:\/\/www.tartuh.ee\/wp-content\/uploads\/2024\/02\/ode-1024x1536.jpg 1024w, https:\/\/www.tartuh.ee\/wp-content\/uploads\/2024\/02\/ode-1365x2048.jpg 1365w, https:\/\/www.tartuh.ee\/wp-content\/uploads\/2024\/02\/ode-scaled.jpg 1707w\" sizes=\"auto, (max-width: 683px) 100vw, 683px\" \/><span aria-hidden=\"true\" class=\"wp-block-cover__background has-background-dim\" style=\"background-color:#a69e8a\"><\/span><div class=\"wp-block-cover__inner-container is-layout-constrained wp-block-cover-is-layout-constrained\">\n<h1 class=\"wp-block-heading has-text-align-center has-white-color has-text-color has-link-color has-large-font-size wp-elements-4d91883116be060797185fa359ef553a\"><strong>HEALTHCARE ETHICS RESEARCH GROUP<\/strong><\/h1>\n\n\n\n<div class=\"wp-block-buttons is-content-justification-center is-layout-flex wp-container-core-buttons-is-layout-16018d1d wp-block-buttons-is-layout-flex\">\n<div class=\"wp-block-button\"><a class=\"wp-block-button__link wp-element-button\" href=\"https:\/\/www.tartuh.ee\/en\/research-and-development\/research-groups-in-tartu-applied-health-sciences-university\/healthcare-ethics-research-group\/\">More information<\/a><\/div>\n<\/div>\n<\/div><\/div>\n\n\n\n<div class=\"wp-block-columns is-layout-flex wp-container-core-columns-is-layout-9d6595d7 wp-block-columns-is-layout-flex\">\n<div class=\"wp-block-column is-layout-flow wp-block-column-is-layout-flow\"><\/div>\n<\/div>\n\n\n<div class=\"_personShort\" role=\"region\" aria-label=\"Person short\"><div class=\"_personShortWrap\" role=\"group\" aria-label=\"Person info\"><div class=\"_personPhoto\" role=\"img\" aria-label=\"Photos of Jaan Looga\"><img loading=\"lazy\" decoding=\"async\" width=\"90\" height=\"90\" src=\"https:\/\/www.tartuh.ee\/wp-content\/uploads\/2022\/05\/jaanlooga-1.jpg\" class=\"attachment-hero-sm size-hero-sm\" alt=\"Jaan Looga\" \/><img loading=\"lazy\" decoding=\"async\" width=\"90\" height=\"90\" src=\"https:\/\/www.tartuh.ee\/wp-content\/uploads\/2022\/05\/jaanlooga-2.jpg\" class=\"attachment-hero-sm size-hero-sm\" alt=\"Jaan Looga\" \/><\/div><div class=\"_mainPersonInfo\" role=\"group\" aria-label=\"Main person info\"><p class=\"_name\" role=\"note\" aria-label=\"Name\">Jaan Looga<\/p><p class=\"_position\" role=\"note\" aria-label=\"Position\">Research Coordinator<\/p><a class=\"_phone\" href=\"tel:+372 7370210\"  aria-label=\"Phone\">+372 737 0210<\/a><a class=\"_email\" href=\"mailto:jaan.looga@tartuh.ee\"  aria-label=\"Email\">jaan.looga@tartuh.ee<\/a><\/div><\/div><\/div>","protected":false},"excerpt":{"rendered":"<p>Research at Tartu Applied Health Sciences University is conducted within nine distinct Research Groups:<\/p>\n","protected":false},"author":6,"featured_media":0,"parent":5847,"menu_order":0,"comment_status":"closed","ping_status":"closed","template":"","meta":{"_acf_changed":false,"_eb_attr":"","inline_featured_image":false,"footnotes":""},"class_list":["post-14606","page","type-page","status-publish","hentry"],"acf":[],"yoast_head":"<!-- This site is optimized with the Yoast SEO plugin v20.8 - https:\/\/yoast.com\/wordpress\/plugins\/seo\/ -->\n<title>Research Groups in Tartu Applied Health Sciences University - TARTUH.EE<\/title>\n<meta name=\"robots\" content=\"index, follow, max-snippet:-1, max-image-preview:large, max-video-preview:-1\" \/>\n<link rel=\"canonical\" href=\"https:\/\/www.tartuh.ee\/en\/research-and-development\/research-groups-in-tartu-applied-health-sciences-university\/\" \/>\n<meta property=\"og:locale\" content=\"en_US\" \/>\n<meta property=\"og:type\" content=\"article\" \/>\n<meta property=\"og:title\" content=\"Research Groups in Tartu Applied Health Sciences University - TARTUH.EE\" \/>\n<meta property=\"og:description\" content=\"Research at Tartu Applied Health Sciences University is conducted within nine distinct Research Groups:\" \/>\n<meta property=\"og:url\" content=\"https:\/\/www.tartuh.ee\/en\/research-and-development\/research-groups-in-tartu-applied-health-sciences-university\/\" \/>\n<meta property=\"og:site_name\" content=\"TARTUH.EE\" \/>\n<meta property=\"article:modified_time\" content=\"2026-03-10T07:59:44+00:00\" \/>\n<meta property=\"og:image\" content=\"https:\/\/www.tartuh.ee\/wp-content\/uploads\/2024\/09\/IMG_2662-1024x683.jpg\" \/>\n<meta name=\"twitter:card\" content=\"summary_large_image\" \/>\n<meta name=\"twitter:label1\" content=\"Est. reading time\" \/>\n\t<meta name=\"twitter:data1\" content=\"3 minutes\" \/>\n<script type=\"application\/ld+json\" class=\"yoast-schema-graph\">{\"@context\":\"https:\/\/schema.org\",\"@graph\":[{\"@type\":\"WebPage\",\"@id\":\"https:\/\/www.tartuh.ee\/en\/research-and-development\/research-groups-in-tartu-applied-health-sciences-university\/\",\"url\":\"https:\/\/www.tartuh.ee\/en\/research-and-development\/research-groups-in-tartu-applied-health-sciences-university\/\",\"name\":\"Research Groups in Tartu Applied Health Sciences University - TARTUH.EE\",\"isPartOf\":{\"@id\":\"https:\/\/www.tartuh.ee\/#website\"},\"datePublished\":\"2025-01-24T11:12:38+00:00\",\"dateModified\":\"2026-03-10T07:59:44+00:00\",\"breadcrumb\":{\"@id\":\"https:\/\/www.tartuh.ee\/en\/research-and-development\/research-groups-in-tartu-applied-health-sciences-university\/#breadcrumb\"},\"inLanguage\":\"en-US\",\"potentialAction\":[{\"@type\":\"ReadAction\",\"target\":[\"https:\/\/www.tartuh.ee\/en\/research-and-development\/research-groups-in-tartu-applied-health-sciences-university\/\"]}]},{\"@type\":\"BreadcrumbList\",\"@id\":\"https:\/\/www.tartuh.ee\/en\/research-and-development\/research-groups-in-tartu-applied-health-sciences-university\/#breadcrumb\",\"itemListElement\":[{\"@type\":\"ListItem\",\"position\":1,\"name\":\"Home\",\"item\":\"https:\/\/www.tartuh.ee\/en\/\"},{\"@type\":\"ListItem\",\"position\":2,\"name\":\"Research and Development\",\"item\":\"https:\/\/www.tartuh.ee\/en\/research-and-development\/\"},{\"@type\":\"ListItem\",\"position\":3,\"name\":\"Research Groups in Tartu Applied Health Sciences University\"}]},{\"@type\":\"WebSite\",\"@id\":\"https:\/\/www.tartuh.ee\/#website\",\"url\":\"https:\/\/www.tartuh.ee\/\",\"name\":\"TARTUH.EE\",\"description\":\"Tartu Tervishoiu K\u00f5rgkool on Eestis ja rahvusvaheliselt hinnatud k\u00f5rgkool ning kompetentsikeskus tervise ja heaolu valdkonnas. K\u00f5rgkoolis on v\u00f5imalik \u00f5ppida rakendusk\u00f5rghariduse, magistri- ja kutse\u00f5ppe \u00f5ppekavadel.\",\"publisher\":{\"@id\":\"https:\/\/www.tartuh.ee\/#organization\"},\"potentialAction\":[{\"@type\":\"SearchAction\",\"target\":{\"@type\":\"EntryPoint\",\"urlTemplate\":\"https:\/\/www.tartuh.ee\/?s={search_term_string}\"},\"query-input\":\"required name=search_term_string\"}],\"inLanguage\":\"en-US\"},{\"@type\":\"Organization\",\"@id\":\"https:\/\/www.tartuh.ee\/#organization\",\"name\":\"TARTUH.EE\",\"url\":\"https:\/\/www.tartuh.ee\/\",\"logo\":{\"@type\":\"ImageObject\",\"inLanguage\":\"en-US\",\"@id\":\"https:\/\/www.tartuh.ee\/#\/schema\/logo\/image\/\",\"url\":\"https:\/\/www.tartuh.ee\/wp-content\/uploads\/2025\/01\/cropped-TTKK-2025-logo.jpg\",\"contentUrl\":\"https:\/\/www.tartuh.ee\/wp-content\/uploads\/2025\/01\/cropped-TTKK-2025-logo.jpg\",\"width\":1498,\"height\":755,\"caption\":\"TARTUH.EE\"},\"image\":{\"@id\":\"https:\/\/www.tartuh.ee\/#\/schema\/logo\/image\/\"}}]}<\/script>\n<!-- \/ Yoast SEO plugin. -->","yoast_head_json":{"title":"Research Groups in Tartu Applied Health Sciences University - TARTUH.EE","robots":{"index":"index","follow":"follow","max-snippet":"max-snippet:-1","max-image-preview":"max-image-preview:large","max-video-preview":"max-video-preview:-1"},"canonical":"https:\/\/www.tartuh.ee\/en\/research-and-development\/research-groups-in-tartu-applied-health-sciences-university\/","og_locale":"en_US","og_type":"article","og_title":"Research Groups in Tartu Applied Health Sciences University - TARTUH.EE","og_description":"Research at Tartu Applied Health Sciences University is conducted within nine distinct Research Groups:","og_url":"https:\/\/www.tartuh.ee\/en\/research-and-development\/research-groups-in-tartu-applied-health-sciences-university\/","og_site_name":"TARTUH.EE","article_modified_time":"2026-03-10T07:59:44+00:00","og_image":[{"url":"https:\/\/www.tartuh.ee\/wp-content\/uploads\/2024\/09\/IMG_2662-1024x683.jpg"}],"twitter_card":"summary_large_image","twitter_misc":{"Est. reading time":"3 minutes"},"schema":{"@context":"https:\/\/schema.org","@graph":[{"@type":"WebPage","@id":"https:\/\/www.tartuh.ee\/en\/research-and-development\/research-groups-in-tartu-applied-health-sciences-university\/","url":"https:\/\/www.tartuh.ee\/en\/research-and-development\/research-groups-in-tartu-applied-health-sciences-university\/","name":"Research Groups in Tartu Applied Health Sciences University - TARTUH.EE","isPartOf":{"@id":"https:\/\/www.tartuh.ee\/#website"},"datePublished":"2025-01-24T11:12:38+00:00","dateModified":"2026-03-10T07:59:44+00:00","breadcrumb":{"@id":"https:\/\/www.tartuh.ee\/en\/research-and-development\/research-groups-in-tartu-applied-health-sciences-university\/#breadcrumb"},"inLanguage":"en-US","potentialAction":[{"@type":"ReadAction","target":["https:\/\/www.tartuh.ee\/en\/research-and-development\/research-groups-in-tartu-applied-health-sciences-university\/"]}]},{"@type":"BreadcrumbList","@id":"https:\/\/www.tartuh.ee\/en\/research-and-development\/research-groups-in-tartu-applied-health-sciences-university\/#breadcrumb","itemListElement":[{"@type":"ListItem","position":1,"name":"Home","item":"https:\/\/www.tartuh.ee\/en\/"},{"@type":"ListItem","position":2,"name":"Research and Development","item":"https:\/\/www.tartuh.ee\/en\/research-and-development\/"},{"@type":"ListItem","position":3,"name":"Research Groups in Tartu Applied Health Sciences University"}]},{"@type":"WebSite","@id":"https:\/\/www.tartuh.ee\/#website","url":"https:\/\/www.tartuh.ee\/","name":"TARTUH.EE","description":"Tartu Tervishoiu K\u00f5rgkool on Eestis ja rahvusvaheliselt hinnatud k\u00f5rgkool ning kompetentsikeskus tervise ja heaolu valdkonnas. K\u00f5rgkoolis on v\u00f5imalik \u00f5ppida rakendusk\u00f5rghariduse, magistri- ja kutse\u00f5ppe \u00f5ppekavadel.","publisher":{"@id":"https:\/\/www.tartuh.ee\/#organization"},"potentialAction":[{"@type":"SearchAction","target":{"@type":"EntryPoint","urlTemplate":"https:\/\/www.tartuh.ee\/?s={search_term_string}"},"query-input":"required name=search_term_string"}],"inLanguage":"en-US"},{"@type":"Organization","@id":"https:\/\/www.tartuh.ee\/#organization","name":"TARTUH.EE","url":"https:\/\/www.tartuh.ee\/","logo":{"@type":"ImageObject","inLanguage":"en-US","@id":"https:\/\/www.tartuh.ee\/#\/schema\/logo\/image\/","url":"https:\/\/www.tartuh.ee\/wp-content\/uploads\/2025\/01\/cropped-TTKK-2025-logo.jpg","contentUrl":"https:\/\/www.tartuh.ee\/wp-content\/uploads\/2025\/01\/cropped-TTKK-2025-logo.jpg","width":1498,"height":755,"caption":"TARTUH.EE"},"image":{"@id":"https:\/\/www.tartuh.ee\/#\/schema\/logo\/image\/"}}]}},"_links":{"self":[{"href":"https:\/\/www.tartuh.ee\/en\/wp-json\/wp\/v2\/pages\/14606","targetHints":{"allow":["GET"]}}],"collection":[{"href":"https:\/\/www.tartuh.ee\/en\/wp-json\/wp\/v2\/pages"}],"about":[{"href":"https:\/\/www.tartuh.ee\/en\/wp-json\/wp\/v2\/types\/page"}],"author":[{"embeddable":true,"href":"https:\/\/www.tartuh.ee\/en\/wp-json\/wp\/v2\/users\/6"}],"replies":[{"embeddable":true,"href":"https:\/\/www.tartuh.ee\/en\/wp-json\/wp\/v2\/comments?post=14606"}],"version-history":[{"count":23,"href":"https:\/\/www.tartuh.ee\/en\/wp-json\/wp\/v2\/pages\/14606\/revisions"}],"predecessor-version":[{"id":18557,"href":"https:\/\/www.tartuh.ee\/en\/wp-json\/wp\/v2\/pages\/14606\/revisions\/18557"}],"up":[{"embeddable":true,"href":"https:\/\/www.tartuh.ee\/en\/wp-json\/wp\/v2\/pages\/5847"}],"wp:attachment":[{"href":"https:\/\/www.tartuh.ee\/en\/wp-json\/wp\/v2\/media?parent=14606"}],"curies":[{"name":"wp","href":"https:\/\/api.w.org\/{rel}","templated":true}]}}