{"id":15748,"date":"2025-05-27T09:03:09","date_gmt":"2025-05-27T09:03:09","guid":{"rendered":"https:\/\/www.tartuh.ee\/?page_id=15748"},"modified":"2025-10-02T06:01:35","modified_gmt":"2025-10-02T06:01:35","slug":"research-ethics-in-healthcare-research-group","status":"publish","type":"page","link":"https:\/\/www.tartuh.ee\/en\/research-and-development\/research-groups-in-tartu-applied-health-sciences-university\/research-ethics-in-healthcare-research-group\/","title":{"rendered":"Research Ethics in Healthcare Research Group"},"content":{"rendered":"\n<p><br><\/p>\n\n\n\n<div class=\"wp-block-columns is-layout-flex wp-container-core-columns-is-layout-9d6595d7 wp-block-columns-is-layout-flex\">\n<div class=\"wp-block-column is-layout-flow wp-block-column-is-layout-flow\" style=\"flex-basis:33.33%\">\n<p><\/p>\n\n\n\n<p class=\"has-cyan-bluish-gray-background-color has-background\"><br><strong>Keywords:<\/strong> research ethics, data protection, international cooperation<\/p>\n\n\n\n<p class=\"has-cyan-bluish-gray-background-color has-background\"><br><strong>Overview of Main Activities:<\/strong> Planning and conducting research related to health research ethics; developing international cooperation in the field of health research ethics.<\/p>\n<\/div>\n\n\n\n<div class=\"wp-block-column is-layout-flow wp-block-column-is-layout-flow\" style=\"flex-basis:66.66%\">\n<h2 class=\"wp-block-heading\">Research Group Members<\/h2>\n\n\n\n<div class=\"wp-block-columns is-layout-flex wp-container-core-columns-is-layout-9d6595d7 wp-block-columns-is-layout-flex\">\n<div class=\"wp-block-column is-layout-flow wp-block-column-is-layout-flow\">\n<div class=\"wp-block-columns is-layout-flex wp-container-core-columns-is-layout-9d6595d7 wp-block-columns-is-layout-flex\">\n<div class=\"wp-block-column is-layout-flow wp-block-column-is-layout-flow\">\n<figure class=\"wp-block-image size-full\"><img loading=\"lazy\" decoding=\"async\" width=\"2560\" height=\"1707\" src=\"https:\/\/www.tartuh.ee\/wp-content\/uploads\/2024\/09\/Anna-Liisa-Tamm-2-scaled.jpg\" alt=\"\" class=\"wp-image-13490\"\/><\/figure>\n\n\n\n<p><strong>ANNA-LIISA TAMM, <\/strong><br><strong>PhD, Research Group Leader<\/strong> <strong>(physical education)<\/strong><\/p>\n\n\n\n<div class=\"wp-block-buttons is-layout-flex wp-block-buttons-is-layout-flex\">\n<div class=\"wp-block-button\"><a class=\"wp-block-button__link wp-element-button\" href=\"https:\/\/www.etis.ee\/CV\/Anna-Liisa_Tamm\/eng\/\" target=\"_blank\" rel=\"noreferrer noopener\">CV<\/a><\/div>\n<\/div>\n<\/div>\n<\/div>\n<\/div>\n\n\n\n<div class=\"wp-block-column is-layout-flow wp-block-column-is-layout-flow\">\n<div class=\"wp-block-columns is-layout-flex wp-container-core-columns-is-layout-9d6595d7 wp-block-columns-is-layout-flex\">\n<div class=\"wp-block-column is-layout-flow wp-block-column-is-layout-flow\">\n<figure class=\"wp-block-image size-full\"><img loading=\"lazy\" decoding=\"async\" width=\"2560\" height=\"1707\" src=\"https:\/\/www.tartuh.ee\/wp-content\/uploads\/2025\/05\/Jaan_Looga_1-scaled.jpg\" alt=\"\" class=\"wp-image-15763\" srcset=\"https:\/\/www.tartuh.ee\/wp-content\/uploads\/2025\/05\/Jaan_Looga_1-scaled.jpg 2560w, https:\/\/www.tartuh.ee\/wp-content\/uploads\/2025\/05\/Jaan_Looga_1-300x200.jpg 300w, https:\/\/www.tartuh.ee\/wp-content\/uploads\/2025\/05\/Jaan_Looga_1-768x512.jpg 768w, https:\/\/www.tartuh.ee\/wp-content\/uploads\/2025\/05\/Jaan_Looga_1-1024x683.jpg 1024w, https:\/\/www.tartuh.ee\/wp-content\/uploads\/2025\/05\/Jaan_Looga_1-1536x1024.jpg 1536w, https:\/\/www.tartuh.ee\/wp-content\/uploads\/2025\/05\/Jaan_Looga_1-2048x1365.jpg 2048w\" sizes=\"auto, (max-width: 2560px) 100vw, 2560px\" \/><\/figure>\n\n\n\n<p class=\"has-small-font-size\"><strong>JAAN LOOGA (MSc)<\/strong>, <strong>Research Manager<\/strong><\/p>\n\n\n\n<figure class=\"wp-block-image size-full\"><img loading=\"lazy\" decoding=\"async\" width=\"2560\" height=\"1707\" src=\"https:\/\/www.tartuh.ee\/wp-content\/uploads\/2024\/10\/esikas-scaled.jpg\" alt=\"\" class=\"wp-image-13843\"\/><\/figure>\n\n\n\n<p class=\"has-small-font-size\"><strong>MERLE VARIK (PhD) \u2013 associate professor (social sciences)<\/strong><\/p>\n\n\n\n<figure class=\"wp-block-image size-full\"><img loading=\"lazy\" decoding=\"async\" width=\"533\" height=\"355\" src=\"https:\/\/www.tartuh.ee\/wp-content\/uploads\/2025\/05\/IMG_2433-PS-BA1-edited-1.jpg\" alt=\"\" class=\"wp-image-15756\" srcset=\"https:\/\/www.tartuh.ee\/wp-content\/uploads\/2025\/05\/IMG_2433-PS-BA1-edited-1.jpg 533w, https:\/\/www.tartuh.ee\/wp-content\/uploads\/2025\/05\/IMG_2433-PS-BA1-edited-1-300x200.jpg 300w\" sizes=\"auto, (max-width: 533px) 100vw, 533px\" \/><\/figure>\n\n\n\n<p class=\"has-small-font-size\"><strong>ELIISE OTT (MSc) \u2013 development specialist, project coordinator<\/strong><\/p>\n<\/div>\n\n\n\n<div class=\"wp-block-column is-layout-flow wp-block-column-is-layout-flow\">\n<figure class=\"wp-block-image size-full\"><img loading=\"lazy\" decoding=\"async\" width=\"2560\" height=\"1707\" src=\"https:\/\/www.tartuh.ee\/wp-content\/uploads\/2025\/03\/DSC_5528-scaled.jpg\" alt=\"\" class=\"wp-image-15207\"\/><\/figure>\n\n\n\n<p class=\"has-small-font-size\"><strong>GERLI M\u00d5TS, (PhD) (nursing ethics, ethical issues in nursing care)<\/strong><\/p>\n\n\n\n<figure class=\"wp-block-image size-full\"><img loading=\"lazy\" decoding=\"async\" width=\"2560\" height=\"1707\" src=\"https:\/\/www.tartuh.ee\/wp-content\/uploads\/2025\/05\/267A2146-scaled.jpg\" alt=\"\" class=\"wp-image-15761\" srcset=\"https:\/\/www.tartuh.ee\/wp-content\/uploads\/2025\/05\/267A2146-scaled.jpg 2560w, https:\/\/www.tartuh.ee\/wp-content\/uploads\/2025\/05\/267A2146-300x200.jpg 300w, https:\/\/www.tartuh.ee\/wp-content\/uploads\/2025\/05\/267A2146-768x512.jpg 768w, https:\/\/www.tartuh.ee\/wp-content\/uploads\/2025\/05\/267A2146-1024x683.jpg 1024w, https:\/\/www.tartuh.ee\/wp-content\/uploads\/2025\/05\/267A2146-1536x1024.jpg 1536w, https:\/\/www.tartuh.ee\/wp-content\/uploads\/2025\/05\/267A2146-2048x1365.jpg 2048w\" sizes=\"auto, (max-width: 2560px) 100vw, 2560px\" \/><\/figure>\n\n\n\n<p class=\"has-small-font-size\"><strong>ERIK LAND\u00d5R (MSc<\/strong>)<strong> -(radiography<\/strong>; <strong>bioanalytics)<\/strong><\/p>\n\n\n\n<figure class=\"wp-block-image size-full\"><img loading=\"lazy\" decoding=\"async\" width=\"405\" height=\"235\" src=\"https:\/\/www.tartuh.ee\/wp-content\/uploads\/2024\/10\/TKK-2022-mustrid1-1.jpg\" alt=\"\" class=\"wp-image-13919\"\/><\/figure>\n\n\n\n<p class=\"has-small-font-size\"><strong>MAIE TREIAL (MSc) &#8211; (medicine and pharmacy) <\/strong><\/p>\n<\/div>\n<\/div>\n<\/div>\n<\/div>\n<\/div>\n<\/div>\n\n\n\n<h2 class=\"wp-block-heading\">Projects related to Research Group:<\/h2>\n\n\n\n<p>Project title: <em>&#8220;Research Ethics in Healthcare Higher Education Institutions (REHHEI)&#8221;<\/em><\/p>\n\n\n\n<p>The project aims to harmonize the knowledge base of Erasmus+ partner institution about research ethics procedures. It is done by systematically mapping current practices, identifying common challenges, and developing shared solutions. This will ultimately strengthen Europe&#8217;s position in global healthcare research while directly benefiting thousands of researchers and students across partner institutions.&nbsp;<\/p>\n\n\n\n<p><strong>Partners of the project:&nbsp;&nbsp;<\/strong><\/p>\n\n\n\n<figure class=\"wp-block-table\"><div class=\"table-wrapper\"><table class=\"has-fixed-layout\"><tbody><tr><td>AUT&nbsp;<\/td><td>Associate&nbsp;<\/td><td>University of Applied Sciences for Health Professionals Upper Austria&nbsp;<\/td><\/tr><tr><td>CZE&nbsp;<\/td><td>Full&nbsp;<\/td><td>Czech Technical University (Prague)&nbsp;<\/td><\/tr><tr><td>GRC&nbsp;<\/td><td>Full&nbsp;<\/td><td>University of West Attica (Athens)&nbsp;<\/td><\/tr><tr><td>FIN&nbsp;<\/td><td>Full&nbsp;<\/td><td>JAMK University of Applied Sciences&nbsp;<\/td><\/tr><tr><td>FIN&nbsp;<\/td><td>Full&nbsp;<\/td><td>Turku University of Applied Sciences&nbsp;<\/td><\/tr><tr><td>HRV&nbsp;<\/td><td>Full&nbsp;<\/td><td>University of Applied Science Velika Gorica&nbsp;<\/td><\/tr><tr><td>ITA&nbsp;<\/td><td>Full&nbsp;<\/td><td>University of Udine&nbsp;<\/td><\/tr><tr><td>LAT&nbsp;<\/td><td>Full&nbsp;<\/td><td>University of Latvia&nbsp;<\/td><\/tr><tr><td>LAT&nbsp;<\/td><td>Associate&nbsp;<\/td><td>P. Stradins Medical College of the University of Latvia&nbsp;<\/td><\/tr><tr><td>LTU&nbsp;<\/td><td>Full&nbsp;<\/td><td>Utenos Kolegija Higher Education Institution&nbsp;<\/td><\/tr><tr><td>LTU&nbsp;<\/td><td>Associate&nbsp;<\/td><td>Kauno Kolegija Higher Education Institution&nbsp;&nbsp;<\/td><\/tr><tr><td>PRT&nbsp;<\/td><td>Full&nbsp;<\/td><td>Escola Superior de Sa\u00fade \u2013 Polit\u00e9cnico do Porto&nbsp;<\/td><\/tr><\/tbody><\/table><\/div><\/figure>\n\n\n\n<h2 class=\"wp-block-heading\">Potential Thesis Topics for both master\u00b4s and bachelor\u00b4s level students:<\/h2>\n\n\n\n<ul class=\"wp-block-list\">\n<li><em>Research Ethics in the Field of Healthcare: A Comparative Analysis of Institutional Practices and Literature Review<\/em>&nbsp;<\/li>\n<\/ul>\n\n\n\n<ul class=\"wp-block-list\">\n<li><em>Awareness of Research Ethics and Training Needs Among Researchers and\/or Students in the Field of Healthcare<\/em>&nbsp;<\/li>\n<\/ul>\n\n\n\n<ul class=\"wp-block-list\">\n<li><em>Collaboration Between the Data Protection Inspectorate and Ethics Committees: An Analysis of Message Consistency<\/em>&nbsp;<\/li>\n<\/ul>\n\n\n\n<ul class=\"wp-block-list\">\n<li><em>Use of Artificial Intelligence in Research: Ethical Dilemmas and Decision-Making Practices of Researchers<\/em>&nbsp;<\/li>\n<\/ul>\n\n\n\n<ul class=\"wp-block-list\">\n<li><em>Raising Awareness of AI-Related Risks: Critical Thinking and Decision-Making Competence<\/em>&nbsp;<\/li>\n<\/ul>\n\n\n\n<ul class=\"wp-block-list\">\n<li><em>Ethical Practices of Research Companies: An Analysis of Quality and Responsibility in Commercial Sector Research<\/em>&nbsp;<\/li>\n<\/ul>\n\n\n<div class=\"_personShort\" role=\"region\" aria-label=\"Person short\"><div class=\"_personShortWrap\" role=\"group\" aria-label=\"Person info\"><div class=\"_personPhoto\" role=\"img\" aria-label=\"Photos of Anna-Liisa Tamm\"><img loading=\"lazy\" decoding=\"async\" width=\"90\" height=\"90\" src=\"https:\/\/www.tartuh.ee\/wp-content\/uploads\/2022\/05\/annaliisatamm-1.jpg\" class=\"attachment-hero-sm size-hero-sm\" alt=\"\" \/><img loading=\"lazy\" decoding=\"async\" width=\"90\" height=\"90\" src=\"https:\/\/www.tartuh.ee\/wp-content\/uploads\/2022\/05\/annaliisatamm-2.jpg\" class=\"attachment-hero-sm size-hero-sm\" alt=\"\" \/><\/div><div class=\"_mainPersonInfo\" role=\"group\" aria-label=\"Main person info\"><p class=\"_name\" role=\"note\" aria-label=\"Name\">Anna-Liisa Tamm<\/p><p class=\"_position\" role=\"note\" aria-label=\"Position\">Professor<\/p><a class=\"_phone\" href=\"tel:+372 7370242\"  aria-label=\"Phone\">+372 737 0242<\/a><a class=\"_email\" href=\"mailto:anna-liisa.tamm@tartuh.ee\"  aria-label=\"Email\">anna-liisa.tamm@tartuh.ee<\/a><\/div><\/div><\/div>\n\n\n<div class=\"wp-block-buttons is-layout-flex wp-block-buttons-is-layout-flex\">\n<div class=\"wp-block-button\"><a class=\"wp-block-button__link wp-element-button\" href=\"https:\/\/www.tartuh.ee\/en\/research-and-development\/research-groups-in-tartu-applied-health-sciences-university\/\">Back to the Research Groups main page<\/a><\/div>\n<\/div>\n","protected":false},"excerpt":{"rendered":"<p>Keywords: research ethics, data protection, international cooperation Overview of Main Activities: Planning and conducting research related to health research ethics; developing international cooperation in the field of health research ethics. Research Group Members ANNA-LIISA TAMM, PhD, Research Group Leader (physical education) JAAN LOOGA (MSc), Research Manager MERLE VARIK (PhD) \u2013 associate professor (social sciences) ELIISE [&hellip;]<\/p>\n","protected":false},"author":31,"featured_media":0,"parent":14606,"menu_order":0,"comment_status":"closed","ping_status":"closed","template":"","meta":{"_acf_changed":false,"_eb_attr":"","inline_featured_image":false,"footnotes":""},"class_list":["post-15748","page","type-page","status-publish","hentry"],"acf":[],"yoast_head":"<!-- This site is optimized with the Yoast SEO plugin v20.8 - https:\/\/yoast.com\/wordpress\/plugins\/seo\/ -->\n<title>Research Ethics in Healthcare Research Group - TARTUH.EE<\/title>\n<meta name=\"robots\" content=\"index, follow, max-snippet:-1, max-image-preview:large, max-video-preview:-1\" \/>\n<link rel=\"canonical\" href=\"https:\/\/www.tartuh.ee\/en\/research-and-development\/research-groups-in-tartu-applied-health-sciences-university\/research-ethics-in-healthcare-research-group\/\" \/>\n<meta property=\"og:locale\" content=\"en_US\" \/>\n<meta property=\"og:type\" content=\"article\" \/>\n<meta property=\"og:title\" content=\"Research Ethics in Healthcare Research Group - TARTUH.EE\" \/>\n<meta property=\"og:description\" content=\"Keywords: research ethics, data protection, international cooperation Overview of Main Activities: Planning and conducting research related to health research ethics; developing international cooperation in the field of health research ethics. Research Group Members ANNA-LIISA TAMM, PhD, Research Group Leader (physical education) JAAN LOOGA (MSc), Research Manager MERLE VARIK (PhD) \u2013 associate professor (social sciences) ELIISE [&hellip;]\" \/>\n<meta property=\"og:url\" content=\"https:\/\/www.tartuh.ee\/en\/research-and-development\/research-groups-in-tartu-applied-health-sciences-university\/research-ethics-in-healthcare-research-group\/\" \/>\n<meta property=\"og:site_name\" content=\"TARTUH.EE\" \/>\n<meta property=\"article:modified_time\" content=\"2025-10-02T06:01:35+00:00\" \/>\n<meta property=\"og:image\" content=\"https:\/\/www.tartuh.ee\/wp-content\/uploads\/2024\/09\/Anna-Liisa-Tamm-2-scaled.jpg\" \/>\n<meta name=\"twitter:card\" content=\"summary_large_image\" \/>\n<meta name=\"twitter:label1\" content=\"Est. reading time\" \/>\n\t<meta name=\"twitter:data1\" content=\"4 minutes\" \/>\n<script type=\"application\/ld+json\" class=\"yoast-schema-graph\">{\"@context\":\"https:\/\/schema.org\",\"@graph\":[{\"@type\":\"WebPage\",\"@id\":\"https:\/\/www.tartuh.ee\/en\/research-and-development\/research-groups-in-tartu-applied-health-sciences-university\/research-ethics-in-healthcare-research-group\/\",\"url\":\"https:\/\/www.tartuh.ee\/en\/research-and-development\/research-groups-in-tartu-applied-health-sciences-university\/research-ethics-in-healthcare-research-group\/\",\"name\":\"Research Ethics in Healthcare Research Group - TARTUH.EE\",\"isPartOf\":{\"@id\":\"https:\/\/www.tartuh.ee\/#website\"},\"datePublished\":\"2025-05-27T09:03:09+00:00\",\"dateModified\":\"2025-10-02T06:01:35+00:00\",\"breadcrumb\":{\"@id\":\"https:\/\/www.tartuh.ee\/en\/research-and-development\/research-groups-in-tartu-applied-health-sciences-university\/research-ethics-in-healthcare-research-group\/#breadcrumb\"},\"inLanguage\":\"en-US\",\"potentialAction\":[{\"@type\":\"ReadAction\",\"target\":[\"https:\/\/www.tartuh.ee\/en\/research-and-development\/research-groups-in-tartu-applied-health-sciences-university\/research-ethics-in-healthcare-research-group\/\"]}]},{\"@type\":\"BreadcrumbList\",\"@id\":\"https:\/\/www.tartuh.ee\/en\/research-and-development\/research-groups-in-tartu-applied-health-sciences-university\/research-ethics-in-healthcare-research-group\/#breadcrumb\",\"itemListElement\":[{\"@type\":\"ListItem\",\"position\":1,\"name\":\"Home\",\"item\":\"https:\/\/www.tartuh.ee\/en\/\"},{\"@type\":\"ListItem\",\"position\":2,\"name\":\"Research and Development\",\"item\":\"https:\/\/www.tartuh.ee\/en\/research-and-development\/\"},{\"@type\":\"ListItem\",\"position\":3,\"name\":\"Research Groups in Tartu Applied Health Sciences University\",\"item\":\"https:\/\/www.tartuh.ee\/en\/research-and-development\/research-groups-in-tartu-applied-health-sciences-university\/\"},{\"@type\":\"ListItem\",\"position\":4,\"name\":\"Research Ethics in Healthcare Research Group\"}]},{\"@type\":\"WebSite\",\"@id\":\"https:\/\/www.tartuh.ee\/#website\",\"url\":\"https:\/\/www.tartuh.ee\/\",\"name\":\"TARTUH.EE\",\"description\":\"Tartu Tervishoiu K\u00f5rgkool on Eestis ja rahvusvaheliselt hinnatud k\u00f5rgkool ning kompetentsikeskus tervise ja heaolu valdkonnas. K\u00f5rgkoolis on v\u00f5imalik \u00f5ppida rakendusk\u00f5rghariduse, magistri- ja kutse\u00f5ppe \u00f5ppekavadel.\",\"publisher\":{\"@id\":\"https:\/\/www.tartuh.ee\/#organization\"},\"potentialAction\":[{\"@type\":\"SearchAction\",\"target\":{\"@type\":\"EntryPoint\",\"urlTemplate\":\"https:\/\/www.tartuh.ee\/?s={search_term_string}\"},\"query-input\":\"required name=search_term_string\"}],\"inLanguage\":\"en-US\"},{\"@type\":\"Organization\",\"@id\":\"https:\/\/www.tartuh.ee\/#organization\",\"name\":\"TARTUH.EE\",\"url\":\"https:\/\/www.tartuh.ee\/\",\"logo\":{\"@type\":\"ImageObject\",\"inLanguage\":\"en-US\",\"@id\":\"https:\/\/www.tartuh.ee\/#\/schema\/logo\/image\/\",\"url\":\"https:\/\/www.tartuh.ee\/wp-content\/uploads\/2025\/01\/cropped-TTKK-2025-logo.jpg\",\"contentUrl\":\"https:\/\/www.tartuh.ee\/wp-content\/uploads\/2025\/01\/cropped-TTKK-2025-logo.jpg\",\"width\":1498,\"height\":755,\"caption\":\"TARTUH.EE\"},\"image\":{\"@id\":\"https:\/\/www.tartuh.ee\/#\/schema\/logo\/image\/\"}}]}<\/script>\n<!-- \/ Yoast SEO plugin. -->","yoast_head_json":{"title":"Research Ethics in Healthcare Research Group - TARTUH.EE","robots":{"index":"index","follow":"follow","max-snippet":"max-snippet:-1","max-image-preview":"max-image-preview:large","max-video-preview":"max-video-preview:-1"},"canonical":"https:\/\/www.tartuh.ee\/en\/research-and-development\/research-groups-in-tartu-applied-health-sciences-university\/research-ethics-in-healthcare-research-group\/","og_locale":"en_US","og_type":"article","og_title":"Research Ethics in Healthcare Research Group - TARTUH.EE","og_description":"Keywords: research ethics, data protection, international cooperation Overview of Main Activities: Planning and conducting research related to health research ethics; developing international cooperation in the field of health research ethics. Research Group Members ANNA-LIISA TAMM, PhD, Research Group Leader (physical education) JAAN LOOGA (MSc), Research Manager MERLE VARIK (PhD) \u2013 associate professor (social sciences) ELIISE [&hellip;]","og_url":"https:\/\/www.tartuh.ee\/en\/research-and-development\/research-groups-in-tartu-applied-health-sciences-university\/research-ethics-in-healthcare-research-group\/","og_site_name":"TARTUH.EE","article_modified_time":"2025-10-02T06:01:35+00:00","og_image":[{"url":"https:\/\/www.tartuh.ee\/wp-content\/uploads\/2024\/09\/Anna-Liisa-Tamm-2-scaled.jpg"}],"twitter_card":"summary_large_image","twitter_misc":{"Est. reading time":"4 minutes"},"schema":{"@context":"https:\/\/schema.org","@graph":[{"@type":"WebPage","@id":"https:\/\/www.tartuh.ee\/en\/research-and-development\/research-groups-in-tartu-applied-health-sciences-university\/research-ethics-in-healthcare-research-group\/","url":"https:\/\/www.tartuh.ee\/en\/research-and-development\/research-groups-in-tartu-applied-health-sciences-university\/research-ethics-in-healthcare-research-group\/","name":"Research Ethics in Healthcare Research Group - TARTUH.EE","isPartOf":{"@id":"https:\/\/www.tartuh.ee\/#website"},"datePublished":"2025-05-27T09:03:09+00:00","dateModified":"2025-10-02T06:01:35+00:00","breadcrumb":{"@id":"https:\/\/www.tartuh.ee\/en\/research-and-development\/research-groups-in-tartu-applied-health-sciences-university\/research-ethics-in-healthcare-research-group\/#breadcrumb"},"inLanguage":"en-US","potentialAction":[{"@type":"ReadAction","target":["https:\/\/www.tartuh.ee\/en\/research-and-development\/research-groups-in-tartu-applied-health-sciences-university\/research-ethics-in-healthcare-research-group\/"]}]},{"@type":"BreadcrumbList","@id":"https:\/\/www.tartuh.ee\/en\/research-and-development\/research-groups-in-tartu-applied-health-sciences-university\/research-ethics-in-healthcare-research-group\/#breadcrumb","itemListElement":[{"@type":"ListItem","position":1,"name":"Home","item":"https:\/\/www.tartuh.ee\/en\/"},{"@type":"ListItem","position":2,"name":"Research and Development","item":"https:\/\/www.tartuh.ee\/en\/research-and-development\/"},{"@type":"ListItem","position":3,"name":"Research Groups in Tartu Applied Health Sciences University","item":"https:\/\/www.tartuh.ee\/en\/research-and-development\/research-groups-in-tartu-applied-health-sciences-university\/"},{"@type":"ListItem","position":4,"name":"Research Ethics in Healthcare Research Group"}]},{"@type":"WebSite","@id":"https:\/\/www.tartuh.ee\/#website","url":"https:\/\/www.tartuh.ee\/","name":"TARTUH.EE","description":"Tartu Tervishoiu K\u00f5rgkool on Eestis ja rahvusvaheliselt hinnatud k\u00f5rgkool ning kompetentsikeskus tervise ja heaolu valdkonnas. K\u00f5rgkoolis on v\u00f5imalik \u00f5ppida rakendusk\u00f5rghariduse, magistri- ja kutse\u00f5ppe \u00f5ppekavadel.","publisher":{"@id":"https:\/\/www.tartuh.ee\/#organization"},"potentialAction":[{"@type":"SearchAction","target":{"@type":"EntryPoint","urlTemplate":"https:\/\/www.tartuh.ee\/?s={search_term_string}"},"query-input":"required name=search_term_string"}],"inLanguage":"en-US"},{"@type":"Organization","@id":"https:\/\/www.tartuh.ee\/#organization","name":"TARTUH.EE","url":"https:\/\/www.tartuh.ee\/","logo":{"@type":"ImageObject","inLanguage":"en-US","@id":"https:\/\/www.tartuh.ee\/#\/schema\/logo\/image\/","url":"https:\/\/www.tartuh.ee\/wp-content\/uploads\/2025\/01\/cropped-TTKK-2025-logo.jpg","contentUrl":"https:\/\/www.tartuh.ee\/wp-content\/uploads\/2025\/01\/cropped-TTKK-2025-logo.jpg","width":1498,"height":755,"caption":"TARTUH.EE"},"image":{"@id":"https:\/\/www.tartuh.ee\/#\/schema\/logo\/image\/"}}]}},"_links":{"self":[{"href":"https:\/\/www.tartuh.ee\/en\/wp-json\/wp\/v2\/pages\/15748","targetHints":{"allow":["GET"]}}],"collection":[{"href":"https:\/\/www.tartuh.ee\/en\/wp-json\/wp\/v2\/pages"}],"about":[{"href":"https:\/\/www.tartuh.ee\/en\/wp-json\/wp\/v2\/types\/page"}],"author":[{"embeddable":true,"href":"https:\/\/www.tartuh.ee\/en\/wp-json\/wp\/v2\/users\/31"}],"replies":[{"embeddable":true,"href":"https:\/\/www.tartuh.ee\/en\/wp-json\/wp\/v2\/comments?post=15748"}],"version-history":[{"count":9,"href":"https:\/\/www.tartuh.ee\/en\/wp-json\/wp\/v2\/pages\/15748\/revisions"}],"predecessor-version":[{"id":16726,"href":"https:\/\/www.tartuh.ee\/en\/wp-json\/wp\/v2\/pages\/15748\/revisions\/16726"}],"up":[{"embeddable":true,"href":"https:\/\/www.tartuh.ee\/en\/wp-json\/wp\/v2\/pages\/14606"}],"wp:attachment":[{"href":"https:\/\/www.tartuh.ee\/en\/wp-json\/wp\/v2\/media?parent=15748"}],"curies":[{"name":"wp","href":"https:\/\/api.w.org\/{rel}","templated":true}]}}