{"id":16252,"date":"2025-09-08T16:29:15","date_gmt":"2025-09-08T16:29:15","guid":{"rendered":"https:\/\/www.tartuh.ee\/?page_id=16252"},"modified":"2025-10-02T06:02:34","modified_gmt":"2025-10-02T06:02:34","slug":"physical-activity-and-brain-health-research-group","status":"publish","type":"page","link":"https:\/\/www.tartuh.ee\/en\/research-and-development\/research-groups-in-tartu-applied-health-sciences-university\/physical-activity-and-brain-health-research-group\/","title":{"rendered":"Physical Activity and Brain Health Research Group"},"content":{"rendered":"\n<p><br><\/p>\n\n\n\n<div class=\"wp-block-columns is-layout-flex wp-container-core-columns-is-layout-9d6595d7 wp-block-columns-is-layout-flex\">\n<div class=\"wp-block-column is-layout-flow wp-block-column-is-layout-flow\" style=\"flex-basis:33.33%\">\n<p><\/p>\n\n\n\n<p class=\"has-cyan-bluish-gray-background-color has-background\"><strong>Keywords:<\/strong> physical activity, exercise training, exercise breaks, brain health, cognitive function, memory, attention, mind wandering, academic performance, mental well-being.<\/p>\n\n\n\n<p class=\"has-cyan-bluish-gray-background-color has-background\"><br><strong>Overview of Main Activities:<\/strong> The research group focuses on exploring the relationship between physical activity and brain health across the lifespan. The aim of the studies conducted within the group is to understand how different types and intensities of physical activity influence mental well-being and cognitive abilities\/functions in children, adolescents, adults, and older individuals.&nbsp;<\/p>\n<\/div>\n\n\n\n<div class=\"wp-block-column is-layout-flow wp-block-column-is-layout-flow\" style=\"flex-basis:66.66%\">\n<h2 class=\"wp-block-heading\">Research Group Members<\/h2>\n\n\n\n<div class=\"wp-block-columns is-layout-flex wp-container-core-columns-is-layout-9d6595d7 wp-block-columns-is-layout-flex\">\n<div class=\"wp-block-column is-layout-flow wp-block-column-is-layout-flow\">\n<div class=\"wp-block-columns is-layout-flex wp-container-core-columns-is-layout-9d6595d7 wp-block-columns-is-layout-flex\">\n<div class=\"wp-block-column is-layout-flow wp-block-column-is-layout-flow\">\n<figure class=\"wp-block-image size-full\"><img loading=\"lazy\" decoding=\"async\" width=\"2560\" height=\"1706\" src=\"https:\/\/www.tartuh.ee\/wp-content\/uploads\/2024\/09\/Marit-Salus-2-scaled.jpg\" alt=\"\" class=\"wp-image-13453\"\/><\/figure>\n\n\n\n<p><strong>MARIT SALUS, <\/strong><br><strong>PhD, Research Group Leader<\/strong> <strong>(public health science)<\/strong><\/p>\n\n\n\n<div class=\"wp-block-buttons is-layout-flex wp-block-buttons-is-layout-flex\">\n<div class=\"wp-block-button\"><a class=\"wp-block-button__link wp-element-button\" href=\"https:\/\/www.etis.ee\/CV\/Marit_Salus\/eng\/\" target=\"_blank\" rel=\"noreferrer noopener\">CV<\/a><\/div>\n<\/div>\n<\/div>\n<\/div>\n<\/div>\n\n\n\n<div class=\"wp-block-column is-layout-flow wp-block-column-is-layout-flow\">\n<div class=\"wp-block-columns is-layout-flex wp-container-core-columns-is-layout-9d6595d7 wp-block-columns-is-layout-flex\">\n<div class=\"wp-block-column is-layout-flow wp-block-column-is-layout-flow\">\n<figure class=\"wp-block-image size-full\"><img loading=\"lazy\" decoding=\"async\" width=\"405\" height=\"235\" src=\"https:\/\/www.tartuh.ee\/wp-content\/uploads\/2024\/10\/TKK-2022-mustrid1-1.jpg\" alt=\"\" class=\"wp-image-13919\"\/><\/figure>\n\n\n\n<p class=\"has-small-font-size\"><strong>SIRET L\u00c4\u00c4NELAID, MSc<\/strong> <strong>(health sciences)<\/strong><\/p>\n\n\n\n<figure class=\"wp-block-image size-full\"><img loading=\"lazy\" decoding=\"async\" width=\"2560\" height=\"1707\" src=\"https:\/\/www.tartuh.ee\/wp-content\/uploads\/2024\/10\/esikas-scaled.jpg\" alt=\"\" class=\"wp-image-13843\"\/><\/figure>\n\n\n\n<p class=\"has-small-font-size\"><strong>MERLE VARIK, PhD (social sciences)<\/strong><\/p>\n\n\n\n<figure class=\"wp-block-image size-full\"><img loading=\"lazy\" decoding=\"async\" width=\"2560\" height=\"1707\" src=\"https:\/\/www.tartuh.ee\/wp-content\/uploads\/2024\/10\/Ivi-Vaher-2-scaled.jpg\" alt=\"\" class=\"wp-image-13891\"\/><\/figure>\n\n\n\n<p class=\"has-small-font-size\"><strong>IVI VAHER, MSc (sport sciences)<\/strong><\/p>\n<\/div>\n\n\n\n<div class=\"wp-block-column is-layout-flow wp-block-column-is-layout-flow\">\n<figure class=\"wp-block-image size-full\"><img loading=\"lazy\" decoding=\"async\" width=\"405\" height=\"235\" src=\"https:\/\/www.tartuh.ee\/wp-content\/uploads\/2024\/10\/TKK-2022-mustrid1-1.jpg\" alt=\"\" class=\"wp-image-13919\"\/><\/figure>\n\n\n\n<p class=\"has-small-font-size\"><strong>KATRIN TINT, MSc (psychology)<\/strong><\/p>\n\n\n\n<figure class=\"wp-block-image size-full\"><img loading=\"lazy\" decoding=\"async\" width=\"2560\" height=\"1672\" src=\"https:\/\/www.tartuh.ee\/wp-content\/uploads\/2024\/10\/jelena_sokk2-scaled.jpg\" alt=\"\" class=\"wp-image-13767\"\/><\/figure>\n\n\n\n<p class=\"has-small-font-size\"><strong>JELENA SOKK, PhD (sport sciences)<\/strong><\/p>\n\n\n\n<p class=\"has-small-font-size\"><\/p>\n<\/div>\n<\/div>\n<\/div>\n<\/div>\n<\/div>\n<\/div>\n\n\n\n<h2 class=\"wp-block-heading\">Research Background:<\/h2>\n\n\n\n<p>Scientific research has shown that regular physical activity is associated with reduced stress, anxiety, and symptoms of depression, as well as increased psychological well-being and positive emotions. In children, regular movement supports cognitive development, improving memory and attention; in young adults, it may enhance learning skills and academic success; and in older adults, physical activity helps slow cognitive decline and supports brain plasticity \u2013 the brain\u2019s ability to adapt, learn, and maintain mental functions during aging.&nbsp;<\/p>\n\n\n\n<p>In addition to general physical activity, the research group investigates targeted interventions, such as short physical activity breaks during sedentary work or study sessions. These short active breaks can stimulate circulation, activate brain function, and improve concentration. The group analyses how various forms of movement \u2013 from daily moderate physical activity to structured exercise programs \u2013 strengthen the connection between body and brain, promoting both mental and physical well-being.&nbsp;<\/p>\n\n\n\n<h2 class=\"wp-block-heading\">Publications:<\/h2>\n\n\n\n<ul class=\"wp-block-list\">\n<li>\u202fL\u00e4\u00e4nelaid S, Ortega F, Kunovac Kallak T, Joelsson l, Ruiz J, Hreinsson J,&nbsp; W\u00e5nggren K, Stavreus-Evers A, Kalda R, Salumets A, Altm\u00e4e S. (2021). Physical and Sedentary Activities in Association with Reproductive Outcomes among Couples Seeking Infertility Treatment: A Prospective Cohort Study. International Journal of Environmental Research and Public Health, 18 (5), 2718. DOI: 10.3390\/ijerph18052718.&nbsp;&nbsp;<\/li>\n<\/ul>\n\n\n\n<ul class=\"wp-block-list\">\n<li>Salus M, Tillmann V, Remmel L, Unt E, M\u00e4estu E, Parm \u00dc, M\u00e4gi A, Tali M, J\u00fcrim\u00e4e J. (2023). Serum Osteocalcin, Sclerostin and Lipocalin-2 Levels in Adolescent Boys with Obesity over a 12-Week Sprint Interval Training. Children (Basel). 8;10(5):850. doi: 10.3390\/children10050850. PMID: 37238398; PMCID: PMC10216930.&nbsp;&nbsp;<\/li>\n<\/ul>\n\n\n\n<ul class=\"wp-block-list\">\n<li>Salus M, Tillmann V, Remmel L, Unt E, M\u00e4estu E, Parm \u00dc, M\u00e4gi A, Tali M, J\u00fcrim\u00e4e J. (2022). Effect of Supervised Sprint Interval Training on Cardiorespiratory Fitness and Body Composition in Adolescent Boys with Obesity. Journal of Sports Sciences. ;40(18):2010-2017. doi: 10.1080\/02640414.2022.2125199. Epub 2022 Sep 20. PMID: 36126151.&nbsp;&nbsp;<\/li>\n<\/ul>\n\n\n\n<ul class=\"wp-block-list\">\n<li>Salus M, Tillmann V, Remmel L, Unt E, M\u00e4estu E, Parm \u00dc, M\u00e4gi A, Tali M, J\u00fcrim\u00e4e J. (2022). Effect of Sprint Interval Training on Cardiometabolic Biomarkers and Adipokine Levels in Adolescent Boys with Obesity. International Journal of Environmental Research and Public Health.&nbsp; 3;19(19):12672. doi: 10.3390\/ijerph191912672. PMID: 36231972; PMCID: PMC9564781.&nbsp;&nbsp;<\/li>\n<\/ul>\n\n\n\n<ul class=\"wp-block-list\">\n<li>S\u00f5ritsa D, M\u00e4estu E, Nuut M, M\u00e4estu J, Migueles J, L\u00e4\u00e4nelaid S, Ehrenberg A, Sekavin A, S\u00f5ritsa A, Salumets A, Ortega F, Altm\u00e4e S. (2020).&nbsp; Maternal physical activity and sedentary behaviour before and during in vitro fertilization treatment: a longitudinal study exploring the associations with controlled ovarian stimulation and pregnancy outcomes. Journal of Assisted Reproduction and Genetics.&nbsp; DOI: 10.1007\/s10815-020-01864-w.<\/li>\n<\/ul>\n\n\n\n<h2 class=\"wp-block-heading\">Students\u2019 Theses Related to the Research Group\u2019s Work:\u202f&nbsp;<\/h2>\n\n\n\n<ul class=\"wp-block-list\">\n<li>Kurvits, M. (2020). K\u00f5rge intensiivsusega intervalltreening ning m\u00f5\u00f5duka intensiivsusega kestev treening ning nende omavaheline v\u00f5rdlus kehakoostise muutumisel. Tartu Tervishoiu K\u00f5rgkool. L\u00f5put\u00f6\u00f6. (Juhendaja: M. Salus)\u202f&nbsp;<\/li>\n<\/ul>\n\n\n\n<ul class=\"wp-block-list\">\n<li>Tamm, K. (2022). F\u00fc\u00fcsilise aktiivsuse olulisus Alzheimeri t\u00f5ve ennetamisel. Tartu Tervishoiu K\u00f5rgkool. L\u00f5put\u00f6\u00f6. (Juhendaja: M. Varik)\u202f&nbsp;<\/li>\n<\/ul>\n\n\n\n<ul class=\"wp-block-list\">\n<li>Pullerits, M. (2025). J\u00f5utreeningu m\u00f5ju vanemaealiste kognitiivsele v\u00f5imekusele. Tartu Tervishoiu K\u00f5rgkool. L\u00f5put\u00f6\u00f6. (Juhendajad: I. Vaher, M. Varik)\u202f&nbsp;<\/li>\n<\/ul>\n\n\n\n<ul class=\"wp-block-list\">\n<li>Aru, I. (2025). Lihasv\u00f5imsuse languse p\u00f5hjused, selle hindamise ja arendamise metoodikad vanemaealistel. Tartu Tervishoiu K\u00f5rgkool. L\u00f5put\u00f6\u00f6. (Juhendaja: I. Vaher)\u202f&nbsp;<\/li>\n<\/ul>\n\n\n<div class=\"_personShort\" role=\"region\" aria-label=\"Person short\"><div class=\"_personShortWrap\" role=\"group\" aria-label=\"Person info\"><div class=\"_mainPersonInfo\" role=\"group\" aria-label=\"Main person info\"><p class=\"_name\" role=\"note\" aria-label=\"Name\">Marit Salus<\/p><p class=\"_position\" role=\"note\" aria-label=\"Position\">\u00d5ppej\u00f5ud-lektor<\/p><a class=\"_phone\" href=\"tel:+372 7370243\"  aria-label=\"Phone\">+372 737 0243<\/a><a class=\"_email\" href=\"mailto:marit.salus@tartuh.ee\"  aria-label=\"Email\">marit.salus@tartuh.ee<\/a><\/div><\/div><\/div>\n\n\n<div class=\"wp-block-buttons is-layout-flex wp-block-buttons-is-layout-flex\">\n<div class=\"wp-block-button\"><a class=\"wp-block-button__link wp-element-button\" href=\"https:\/\/www.tartuh.ee\/en\/research-and-development\/research-groups-in-tartu-applied-health-sciences-university\/\">Back to the Research Groups main page<\/a><\/div>\n<\/div>\n\n\n\n<p><\/p>\n","protected":false},"excerpt":{"rendered":"<p>Keywords: physical activity, exercise training, exercise breaks, brain health, cognitive function, memory, attention, mind wandering, academic performance, mental well-being. Overview of Main Activities: The research group focuses on exploring the relationship between physical activity and brain health across the lifespan. The aim of the studies conducted within the group is to understand how different types [&hellip;]<\/p>\n","protected":false},"author":6,"featured_media":0,"parent":14606,"menu_order":0,"comment_status":"closed","ping_status":"closed","template":"","meta":{"_acf_changed":false,"_eb_attr":"","inline_featured_image":false,"footnotes":""},"class_list":["post-16252","page","type-page","status-publish","hentry"],"acf":[],"yoast_head":"<!-- This site is optimized with the Yoast SEO plugin v20.8 - https:\/\/yoast.com\/wordpress\/plugins\/seo\/ -->\n<title>Physical Activity and Brain Health Research Group - TARTUH.EE<\/title>\n<meta name=\"robots\" content=\"index, follow, max-snippet:-1, max-image-preview:large, max-video-preview:-1\" \/>\n<link rel=\"canonical\" href=\"https:\/\/www.tartuh.ee\/en\/research-and-development\/research-groups-in-tartu-applied-health-sciences-university\/physical-activity-and-brain-health-research-group\/\" \/>\n<meta property=\"og:locale\" content=\"en_US\" \/>\n<meta property=\"og:type\" content=\"article\" \/>\n<meta property=\"og:title\" content=\"Physical Activity and Brain Health Research Group - TARTUH.EE\" \/>\n<meta property=\"og:description\" content=\"Keywords: physical activity, exercise training, exercise breaks, brain health, cognitive function, memory, attention, mind wandering, academic performance, mental well-being. Overview of Main Activities: The research group focuses on exploring the relationship between physical activity and brain health across the lifespan. The aim of the studies conducted within the group is to understand how different types [&hellip;]\" \/>\n<meta property=\"og:url\" content=\"https:\/\/www.tartuh.ee\/en\/research-and-development\/research-groups-in-tartu-applied-health-sciences-university\/physical-activity-and-brain-health-research-group\/\" \/>\n<meta property=\"og:site_name\" content=\"TARTUH.EE\" \/>\n<meta property=\"article:modified_time\" content=\"2025-10-02T06:02:34+00:00\" \/>\n<meta property=\"og:image\" content=\"https:\/\/www.tartuh.ee\/wp-content\/uploads\/2024\/09\/Marit-Salus-2-scaled.jpg\" \/>\n<meta name=\"twitter:card\" content=\"summary_large_image\" \/>\n<meta name=\"twitter:label1\" content=\"Est. reading time\" \/>\n\t<meta name=\"twitter:data1\" content=\"5 minutes\" \/>\n<script type=\"application\/ld+json\" class=\"yoast-schema-graph\">{\"@context\":\"https:\/\/schema.org\",\"@graph\":[{\"@type\":\"WebPage\",\"@id\":\"https:\/\/www.tartuh.ee\/en\/research-and-development\/research-groups-in-tartu-applied-health-sciences-university\/physical-activity-and-brain-health-research-group\/\",\"url\":\"https:\/\/www.tartuh.ee\/en\/research-and-development\/research-groups-in-tartu-applied-health-sciences-university\/physical-activity-and-brain-health-research-group\/\",\"name\":\"Physical Activity and Brain Health Research Group - TARTUH.EE\",\"isPartOf\":{\"@id\":\"https:\/\/www.tartuh.ee\/#website\"},\"datePublished\":\"2025-09-08T16:29:15+00:00\",\"dateModified\":\"2025-10-02T06:02:34+00:00\",\"breadcrumb\":{\"@id\":\"https:\/\/www.tartuh.ee\/en\/research-and-development\/research-groups-in-tartu-applied-health-sciences-university\/physical-activity-and-brain-health-research-group\/#breadcrumb\"},\"inLanguage\":\"en-US\",\"potentialAction\":[{\"@type\":\"ReadAction\",\"target\":[\"https:\/\/www.tartuh.ee\/en\/research-and-development\/research-groups-in-tartu-applied-health-sciences-university\/physical-activity-and-brain-health-research-group\/\"]}]},{\"@type\":\"BreadcrumbList\",\"@id\":\"https:\/\/www.tartuh.ee\/en\/research-and-development\/research-groups-in-tartu-applied-health-sciences-university\/physical-activity-and-brain-health-research-group\/#breadcrumb\",\"itemListElement\":[{\"@type\":\"ListItem\",\"position\":1,\"name\":\"Home\",\"item\":\"https:\/\/www.tartuh.ee\/en\/\"},{\"@type\":\"ListItem\",\"position\":2,\"name\":\"Research and Development\",\"item\":\"https:\/\/www.tartuh.ee\/en\/research-and-development\/\"},{\"@type\":\"ListItem\",\"position\":3,\"name\":\"Research Groups in Tartu Applied Health Sciences University\",\"item\":\"https:\/\/www.tartuh.ee\/en\/research-and-development\/research-groups-in-tartu-applied-health-sciences-university\/\"},{\"@type\":\"ListItem\",\"position\":4,\"name\":\"Physical Activity and Brain Health Research Group\"}]},{\"@type\":\"WebSite\",\"@id\":\"https:\/\/www.tartuh.ee\/#website\",\"url\":\"https:\/\/www.tartuh.ee\/\",\"name\":\"TARTUH.EE\",\"description\":\"Tartu Tervishoiu K\u00f5rgkool on Eestis ja rahvusvaheliselt hinnatud k\u00f5rgkool ning kompetentsikeskus tervise ja heaolu valdkonnas. K\u00f5rgkoolis on v\u00f5imalik \u00f5ppida rakendusk\u00f5rghariduse, magistri- ja kutse\u00f5ppe \u00f5ppekavadel.\",\"publisher\":{\"@id\":\"https:\/\/www.tartuh.ee\/#organization\"},\"potentialAction\":[{\"@type\":\"SearchAction\",\"target\":{\"@type\":\"EntryPoint\",\"urlTemplate\":\"https:\/\/www.tartuh.ee\/?s={search_term_string}\"},\"query-input\":\"required name=search_term_string\"}],\"inLanguage\":\"en-US\"},{\"@type\":\"Organization\",\"@id\":\"https:\/\/www.tartuh.ee\/#organization\",\"name\":\"TARTUH.EE\",\"url\":\"https:\/\/www.tartuh.ee\/\",\"logo\":{\"@type\":\"ImageObject\",\"inLanguage\":\"en-US\",\"@id\":\"https:\/\/www.tartuh.ee\/#\/schema\/logo\/image\/\",\"url\":\"https:\/\/www.tartuh.ee\/wp-content\/uploads\/2025\/01\/cropped-TTKK-2025-logo.jpg\",\"contentUrl\":\"https:\/\/www.tartuh.ee\/wp-content\/uploads\/2025\/01\/cropped-TTKK-2025-logo.jpg\",\"width\":1498,\"height\":755,\"caption\":\"TARTUH.EE\"},\"image\":{\"@id\":\"https:\/\/www.tartuh.ee\/#\/schema\/logo\/image\/\"}}]}<\/script>\n<!-- \/ Yoast SEO plugin. -->","yoast_head_json":{"title":"Physical Activity and Brain Health Research Group - TARTUH.EE","robots":{"index":"index","follow":"follow","max-snippet":"max-snippet:-1","max-image-preview":"max-image-preview:large","max-video-preview":"max-video-preview:-1"},"canonical":"https:\/\/www.tartuh.ee\/en\/research-and-development\/research-groups-in-tartu-applied-health-sciences-university\/physical-activity-and-brain-health-research-group\/","og_locale":"en_US","og_type":"article","og_title":"Physical Activity and Brain Health Research Group - TARTUH.EE","og_description":"Keywords: physical activity, exercise training, exercise breaks, brain health, cognitive function, memory, attention, mind wandering, academic performance, mental well-being. Overview of Main Activities: The research group focuses on exploring the relationship between physical activity and brain health across the lifespan. The aim of the studies conducted within the group is to understand how different types [&hellip;]","og_url":"https:\/\/www.tartuh.ee\/en\/research-and-development\/research-groups-in-tartu-applied-health-sciences-university\/physical-activity-and-brain-health-research-group\/","og_site_name":"TARTUH.EE","article_modified_time":"2025-10-02T06:02:34+00:00","og_image":[{"url":"https:\/\/www.tartuh.ee\/wp-content\/uploads\/2024\/09\/Marit-Salus-2-scaled.jpg"}],"twitter_card":"summary_large_image","twitter_misc":{"Est. reading time":"5 minutes"},"schema":{"@context":"https:\/\/schema.org","@graph":[{"@type":"WebPage","@id":"https:\/\/www.tartuh.ee\/en\/research-and-development\/research-groups-in-tartu-applied-health-sciences-university\/physical-activity-and-brain-health-research-group\/","url":"https:\/\/www.tartuh.ee\/en\/research-and-development\/research-groups-in-tartu-applied-health-sciences-university\/physical-activity-and-brain-health-research-group\/","name":"Physical Activity and Brain Health Research Group - TARTUH.EE","isPartOf":{"@id":"https:\/\/www.tartuh.ee\/#website"},"datePublished":"2025-09-08T16:29:15+00:00","dateModified":"2025-10-02T06:02:34+00:00","breadcrumb":{"@id":"https:\/\/www.tartuh.ee\/en\/research-and-development\/research-groups-in-tartu-applied-health-sciences-university\/physical-activity-and-brain-health-research-group\/#breadcrumb"},"inLanguage":"en-US","potentialAction":[{"@type":"ReadAction","target":["https:\/\/www.tartuh.ee\/en\/research-and-development\/research-groups-in-tartu-applied-health-sciences-university\/physical-activity-and-brain-health-research-group\/"]}]},{"@type":"BreadcrumbList","@id":"https:\/\/www.tartuh.ee\/en\/research-and-development\/research-groups-in-tartu-applied-health-sciences-university\/physical-activity-and-brain-health-research-group\/#breadcrumb","itemListElement":[{"@type":"ListItem","position":1,"name":"Home","item":"https:\/\/www.tartuh.ee\/en\/"},{"@type":"ListItem","position":2,"name":"Research and Development","item":"https:\/\/www.tartuh.ee\/en\/research-and-development\/"},{"@type":"ListItem","position":3,"name":"Research Groups in Tartu Applied Health Sciences University","item":"https:\/\/www.tartuh.ee\/en\/research-and-development\/research-groups-in-tartu-applied-health-sciences-university\/"},{"@type":"ListItem","position":4,"name":"Physical Activity and Brain Health Research Group"}]},{"@type":"WebSite","@id":"https:\/\/www.tartuh.ee\/#website","url":"https:\/\/www.tartuh.ee\/","name":"TARTUH.EE","description":"Tartu Tervishoiu K\u00f5rgkool on Eestis ja rahvusvaheliselt hinnatud k\u00f5rgkool ning kompetentsikeskus tervise ja heaolu valdkonnas. K\u00f5rgkoolis on v\u00f5imalik \u00f5ppida rakendusk\u00f5rghariduse, magistri- ja kutse\u00f5ppe \u00f5ppekavadel.","publisher":{"@id":"https:\/\/www.tartuh.ee\/#organization"},"potentialAction":[{"@type":"SearchAction","target":{"@type":"EntryPoint","urlTemplate":"https:\/\/www.tartuh.ee\/?s={search_term_string}"},"query-input":"required name=search_term_string"}],"inLanguage":"en-US"},{"@type":"Organization","@id":"https:\/\/www.tartuh.ee\/#organization","name":"TARTUH.EE","url":"https:\/\/www.tartuh.ee\/","logo":{"@type":"ImageObject","inLanguage":"en-US","@id":"https:\/\/www.tartuh.ee\/#\/schema\/logo\/image\/","url":"https:\/\/www.tartuh.ee\/wp-content\/uploads\/2025\/01\/cropped-TTKK-2025-logo.jpg","contentUrl":"https:\/\/www.tartuh.ee\/wp-content\/uploads\/2025\/01\/cropped-TTKK-2025-logo.jpg","width":1498,"height":755,"caption":"TARTUH.EE"},"image":{"@id":"https:\/\/www.tartuh.ee\/#\/schema\/logo\/image\/"}}]}},"_links":{"self":[{"href":"https:\/\/www.tartuh.ee\/en\/wp-json\/wp\/v2\/pages\/16252","targetHints":{"allow":["GET"]}}],"collection":[{"href":"https:\/\/www.tartuh.ee\/en\/wp-json\/wp\/v2\/pages"}],"about":[{"href":"https:\/\/www.tartuh.ee\/en\/wp-json\/wp\/v2\/types\/page"}],"author":[{"embeddable":true,"href":"https:\/\/www.tartuh.ee\/en\/wp-json\/wp\/v2\/users\/6"}],"replies":[{"embeddable":true,"href":"https:\/\/www.tartuh.ee\/en\/wp-json\/wp\/v2\/comments?post=16252"}],"version-history":[{"count":9,"href":"https:\/\/www.tartuh.ee\/en\/wp-json\/wp\/v2\/pages\/16252\/revisions"}],"predecessor-version":[{"id":16728,"href":"https:\/\/www.tartuh.ee\/en\/wp-json\/wp\/v2\/pages\/16252\/revisions\/16728"}],"up":[{"embeddable":true,"href":"https:\/\/www.tartuh.ee\/en\/wp-json\/wp\/v2\/pages\/14606"}],"wp:attachment":[{"href":"https:\/\/www.tartuh.ee\/en\/wp-json\/wp\/v2\/media?parent=16252"}],"curies":[{"name":"wp","href":"https:\/\/api.w.org\/{rel}","templated":true}]}}