{"id":18685,"date":"2026-03-12T17:16:21","date_gmt":"2026-03-12T17:16:21","guid":{"rendered":"https:\/\/www.tartuh.ee\/?page_id=18685"},"modified":"2026-03-18T12:19:00","modified_gmt":"2026-03-18T12:19:00","slug":"tickets","status":"publish","type":"page","link":"https:\/\/www.tartuh.ee\/en\/about-tartuh\/events\/conference-collaboration-and-challenges-in-healthcare-ethical-perspectives-from-practice-education-and-research\/tickets\/","title":{"rendered":"Tickets"},"content":{"rendered":"\n<p>Since the number of tickets for the conference is limited, please purchase your ticket at your earliest convenience.<\/p>\n\n\n\n<h2 class=\"wp-block-heading\">Early Bird Rate (until 30.06)&nbsp;75\u20ac, students 50\u20ac<\/h2>\n\n\n\n<div class=\"wp-block-columns is-layout-flex wp-container-core-columns-is-layout-9d6595d7 wp-block-columns-is-layout-flex\">\n<div class=\"wp-block-column is-layout-flow wp-block-column-is-layout-flow\">\n<div class=\"wp-block-buttons is-layout-flex wp-block-buttons-is-layout-flex\">\n<div class=\"wp-block-button\"><a class=\"wp-block-button__link wp-element-button\" href=\"https:\/\/pood.tartuh.ee\/en\/event\/conference-collaboration-and-challenges-in-healthcare\/var\/ri-0.l-L2\/\" target=\"_blank\" rel=\"noreferrer noopener\">Early Bird Rate<\/a><\/div>\n<\/div>\n<\/div>\n\n\n\n<div class=\"wp-block-column is-layout-flow wp-block-column-is-layout-flow\">\n<div class=\"wp-block-buttons is-layout-flex wp-block-buttons-is-layout-flex\">\n<div class=\"wp-block-button\"><a class=\"wp-block-button__link wp-element-button\" href=\"https:\/\/pood.tartuh.ee\/en\/event\/conference-collaboration-and-challenges-in-healthcare-student-earlybird-rate\/var\/ri-0.l-L2\/\" target=\"_blank\" rel=\"noreferrer noopener\">Early Bird Rate, students<\/a><\/div>\n<\/div>\n<\/div>\n<\/div>\n\n\n\n<h2 class=\"wp-block-heading\">Standard Rate (1.07\u201319.11 or while places last)&nbsp;150\u20ac, students 50\u20ac<\/h2>\n\n\n\n<div class=\"wp-block-columns is-layout-flex wp-container-core-columns-is-layout-9d6595d7 wp-block-columns-is-layout-flex\">\n<div class=\"wp-block-column is-layout-flow wp-block-column-is-layout-flow\">\n<div class=\"wp-block-buttons is-layout-flex wp-block-buttons-is-layout-flex\">\n<div class=\"wp-block-button\"><a class=\"wp-block-button__link wp-element-button\" href=\"https:\/\/pood.tartuh.ee\/en\/event\/conference-collaboration-and-challenges-in-healthcare-standard-rate\/var\/ri-0.l-L2\/\" target=\"_blank\" rel=\"noreferrer noopener\">Standard Rate<\/a><\/div>\n<\/div>\n<\/div>\n\n\n\n<div class=\"wp-block-column is-layout-flow wp-block-column-is-layout-flow\">\n<div class=\"wp-block-buttons is-layout-flex wp-block-buttons-is-layout-flex\">\n<div class=\"wp-block-button\"><a class=\"wp-block-button__link wp-element-button\" href=\"https:\/\/pood.tartuh.ee\/en\/event\/conference-collaboration-and-challenges-in-healthcare-student-standard-rate\/var\/ri-0.l-L2\/\" target=\"_blank\" rel=\"noreferrer noopener\">Standard Rate, students<\/a><\/div>\n<\/div>\n<\/div>\n<\/div>\n\n\n\n<h2 class=\"wp-block-heading\">A limited number of tickets are available free of charge for employees of Tartu Applied Health Sciences University (TARTUH) and Tartu University Hospital<\/h2>\n\n\n\n<div class=\"wp-block-columns is-layout-flex wp-container-core-columns-is-layout-9d6595d7 wp-block-columns-is-layout-flex\">\n<div class=\"wp-block-column is-layout-flow wp-block-column-is-layout-flow\">\n<div class=\"wp-block-buttons is-layout-flex wp-block-buttons-is-layout-flex\">\n<div class=\"wp-block-button\"><a class=\"wp-block-button__link wp-element-button\" href=\"https:\/\/pood.tartuh.ee\/event\/conference-collaboration-and-challenges-in-healthcare-2\/\" target=\"_blank\" rel=\"noreferrer noopener\">Emloyees of TARTUH<\/a><\/div>\n<\/div>\n<\/div>\n\n\n\n<div class=\"wp-block-column is-layout-flow wp-block-column-is-layout-flow\"><\/div>\n<\/div>\n\n\n\n<p><em>If you require an invoice for an institution, please contact jaanika.niinepuu@tartuh.ee<br>and provide the following information: the name(s) of the participant(s), their email address(es), the name of the institution, the institution\u2019s registration number, the institution\u2019s address, the institution\u2019s email address, and any other information that should appear on the invoice.<\/em><\/p>\n\n\n\n<div class=\"wp-block-buttons is-layout-flex wp-block-buttons-is-layout-flex\">\n<div class=\"wp-block-button\"><a class=\"wp-block-button__link wp-element-button\" href=\"https:\/\/www.tartuh.ee\/en\/about-tartuh\/events\/conference-collaboration-and-challenges-in-healthcare-ethical-perspectives-from-practice-education-and-research\/\">Back to Conference Main Page<\/a><\/div>\n<\/div>\n\n\n\n<p><\/p>\n","protected":false},"excerpt":{"rendered":"<p>Since the number of tickets for the conference is limited, please purchase your ticket at your earliest convenience. Early Bird Rate (until 30.06)&nbsp;75\u20ac, students 50\u20ac Standard Rate (1.07\u201319.11 or while places last)&nbsp;150\u20ac, students 50\u20ac A limited number of tickets are available free of charge for employees of Tartu Applied Health Sciences University (TARTUH) and Tartu [&hellip;]<\/p>\n","protected":false},"author":6,"featured_media":0,"parent":18095,"menu_order":0,"comment_status":"closed","ping_status":"closed","template":"","meta":{"_acf_changed":false,"_eb_attr":"","inline_featured_image":false,"footnotes":""},"class_list":["post-18685","page","type-page","status-publish","hentry"],"acf":[],"yoast_head":"<!-- This site is optimized with the Yoast SEO plugin v20.8 - https:\/\/yoast.com\/wordpress\/plugins\/seo\/ -->\n<title>Tickets - TARTUH.EE<\/title>\n<meta name=\"robots\" content=\"index, follow, max-snippet:-1, max-image-preview:large, max-video-preview:-1\" \/>\n<link rel=\"canonical\" href=\"https:\/\/www.tartuh.ee\/en\/about-tartuh\/events\/conference-collaboration-and-challenges-in-healthcare-ethical-perspectives-from-practice-education-and-research\/tickets\/\" \/>\n<meta property=\"og:locale\" content=\"en_US\" \/>\n<meta property=\"og:type\" content=\"article\" \/>\n<meta property=\"og:title\" content=\"Tickets - TARTUH.EE\" \/>\n<meta property=\"og:description\" content=\"Since the number of tickets for the conference is limited, please purchase your ticket at your earliest convenience. Early Bird Rate (until 30.06)&nbsp;75\u20ac, students 50\u20ac Standard Rate (1.07\u201319.11 or while places last)&nbsp;150\u20ac, students 50\u20ac A limited number of tickets are available free of charge for employees of Tartu Applied Health Sciences University (TARTUH) and Tartu [&hellip;]\" \/>\n<meta property=\"og:url\" content=\"https:\/\/www.tartuh.ee\/en\/about-tartuh\/events\/conference-collaboration-and-challenges-in-healthcare-ethical-perspectives-from-practice-education-and-research\/tickets\/\" \/>\n<meta property=\"og:site_name\" content=\"TARTUH.EE\" \/>\n<meta property=\"article:modified_time\" content=\"2026-03-18T12:19:00+00:00\" \/>\n<meta name=\"twitter:card\" content=\"summary_large_image\" \/>\n<meta name=\"twitter:label1\" content=\"Est. reading time\" \/>\n\t<meta name=\"twitter:data1\" content=\"1 minute\" \/>\n<script type=\"application\/ld+json\" class=\"yoast-schema-graph\">{\"@context\":\"https:\/\/schema.org\",\"@graph\":[{\"@type\":\"WebPage\",\"@id\":\"https:\/\/www.tartuh.ee\/en\/about-tartuh\/events\/conference-collaboration-and-challenges-in-healthcare-ethical-perspectives-from-practice-education-and-research\/tickets\/\",\"url\":\"https:\/\/www.tartuh.ee\/en\/about-tartuh\/events\/conference-collaboration-and-challenges-in-healthcare-ethical-perspectives-from-practice-education-and-research\/tickets\/\",\"name\":\"Tickets - TARTUH.EE\",\"isPartOf\":{\"@id\":\"https:\/\/www.tartuh.ee\/#website\"},\"datePublished\":\"2026-03-12T17:16:21+00:00\",\"dateModified\":\"2026-03-18T12:19:00+00:00\",\"breadcrumb\":{\"@id\":\"https:\/\/www.tartuh.ee\/en\/about-tartuh\/events\/conference-collaboration-and-challenges-in-healthcare-ethical-perspectives-from-practice-education-and-research\/tickets\/#breadcrumb\"},\"inLanguage\":\"en-US\",\"potentialAction\":[{\"@type\":\"ReadAction\",\"target\":[\"https:\/\/www.tartuh.ee\/en\/about-tartuh\/events\/conference-collaboration-and-challenges-in-healthcare-ethical-perspectives-from-practice-education-and-research\/tickets\/\"]}]},{\"@type\":\"BreadcrumbList\",\"@id\":\"https:\/\/www.tartuh.ee\/en\/about-tartuh\/events\/conference-collaboration-and-challenges-in-healthcare-ethical-perspectives-from-practice-education-and-research\/tickets\/#breadcrumb\",\"itemListElement\":[{\"@type\":\"ListItem\",\"position\":1,\"name\":\"Home\",\"item\":\"https:\/\/www.tartuh.ee\/en\/\"},{\"@type\":\"ListItem\",\"position\":2,\"name\":\"About TARTUH\",\"item\":\"https:\/\/www.tartuh.ee\/en\/about-tartuh\/\"},{\"@type\":\"ListItem\",\"position\":3,\"name\":\"Events\",\"item\":\"https:\/\/www.tartuh.ee\/en\/about-tartuh\/events\/\"},{\"@type\":\"ListItem\",\"position\":4,\"name\":\"Conference &#8220;Collaboration and Challenges in Healthcare: Ethical Perspectives from Practice, Education, and Research&#8221;\",\"item\":\"https:\/\/www.tartuh.ee\/en\/about-tartuh\/events\/conference-collaboration-and-challenges-in-healthcare-ethical-perspectives-from-practice-education-and-research\/\"},{\"@type\":\"ListItem\",\"position\":5,\"name\":\"Tickets\"}]},{\"@type\":\"WebSite\",\"@id\":\"https:\/\/www.tartuh.ee\/#website\",\"url\":\"https:\/\/www.tartuh.ee\/\",\"name\":\"TARTUH.EE\",\"description\":\"Tartu Tervishoiu K\u00f5rgkool on Eestis ja rahvusvaheliselt hinnatud k\u00f5rgkool ning kompetentsikeskus tervise ja heaolu valdkonnas. K\u00f5rgkoolis on v\u00f5imalik \u00f5ppida rakendusk\u00f5rghariduse, magistri- ja kutse\u00f5ppe \u00f5ppekavadel.\",\"publisher\":{\"@id\":\"https:\/\/www.tartuh.ee\/#organization\"},\"potentialAction\":[{\"@type\":\"SearchAction\",\"target\":{\"@type\":\"EntryPoint\",\"urlTemplate\":\"https:\/\/www.tartuh.ee\/?s={search_term_string}\"},\"query-input\":\"required name=search_term_string\"}],\"inLanguage\":\"en-US\"},{\"@type\":\"Organization\",\"@id\":\"https:\/\/www.tartuh.ee\/#organization\",\"name\":\"TARTUH.EE\",\"url\":\"https:\/\/www.tartuh.ee\/\",\"logo\":{\"@type\":\"ImageObject\",\"inLanguage\":\"en-US\",\"@id\":\"https:\/\/www.tartuh.ee\/#\/schema\/logo\/image\/\",\"url\":\"https:\/\/www.tartuh.ee\/wp-content\/uploads\/2025\/01\/cropped-TTKK-2025-logo.jpg\",\"contentUrl\":\"https:\/\/www.tartuh.ee\/wp-content\/uploads\/2025\/01\/cropped-TTKK-2025-logo.jpg\",\"width\":1498,\"height\":755,\"caption\":\"TARTUH.EE\"},\"image\":{\"@id\":\"https:\/\/www.tartuh.ee\/#\/schema\/logo\/image\/\"}}]}<\/script>\n<!-- \/ Yoast SEO plugin. -->","yoast_head_json":{"title":"Tickets - TARTUH.EE","robots":{"index":"index","follow":"follow","max-snippet":"max-snippet:-1","max-image-preview":"max-image-preview:large","max-video-preview":"max-video-preview:-1"},"canonical":"https:\/\/www.tartuh.ee\/en\/about-tartuh\/events\/conference-collaboration-and-challenges-in-healthcare-ethical-perspectives-from-practice-education-and-research\/tickets\/","og_locale":"en_US","og_type":"article","og_title":"Tickets - TARTUH.EE","og_description":"Since the number of tickets for the conference is limited, please purchase your ticket at your earliest convenience. Early Bird Rate (until 30.06)&nbsp;75\u20ac, students 50\u20ac Standard Rate (1.07\u201319.11 or while places last)&nbsp;150\u20ac, students 50\u20ac A limited number of tickets are available free of charge for employees of Tartu Applied Health Sciences University (TARTUH) and Tartu [&hellip;]","og_url":"https:\/\/www.tartuh.ee\/en\/about-tartuh\/events\/conference-collaboration-and-challenges-in-healthcare-ethical-perspectives-from-practice-education-and-research\/tickets\/","og_site_name":"TARTUH.EE","article_modified_time":"2026-03-18T12:19:00+00:00","twitter_card":"summary_large_image","twitter_misc":{"Est. reading time":"1 minute"},"schema":{"@context":"https:\/\/schema.org","@graph":[{"@type":"WebPage","@id":"https:\/\/www.tartuh.ee\/en\/about-tartuh\/events\/conference-collaboration-and-challenges-in-healthcare-ethical-perspectives-from-practice-education-and-research\/tickets\/","url":"https:\/\/www.tartuh.ee\/en\/about-tartuh\/events\/conference-collaboration-and-challenges-in-healthcare-ethical-perspectives-from-practice-education-and-research\/tickets\/","name":"Tickets - TARTUH.EE","isPartOf":{"@id":"https:\/\/www.tartuh.ee\/#website"},"datePublished":"2026-03-12T17:16:21+00:00","dateModified":"2026-03-18T12:19:00+00:00","breadcrumb":{"@id":"https:\/\/www.tartuh.ee\/en\/about-tartuh\/events\/conference-collaboration-and-challenges-in-healthcare-ethical-perspectives-from-practice-education-and-research\/tickets\/#breadcrumb"},"inLanguage":"en-US","potentialAction":[{"@type":"ReadAction","target":["https:\/\/www.tartuh.ee\/en\/about-tartuh\/events\/conference-collaboration-and-challenges-in-healthcare-ethical-perspectives-from-practice-education-and-research\/tickets\/"]}]},{"@type":"BreadcrumbList","@id":"https:\/\/www.tartuh.ee\/en\/about-tartuh\/events\/conference-collaboration-and-challenges-in-healthcare-ethical-perspectives-from-practice-education-and-research\/tickets\/#breadcrumb","itemListElement":[{"@type":"ListItem","position":1,"name":"Home","item":"https:\/\/www.tartuh.ee\/en\/"},{"@type":"ListItem","position":2,"name":"About TARTUH","item":"https:\/\/www.tartuh.ee\/en\/about-tartuh\/"},{"@type":"ListItem","position":3,"name":"Events","item":"https:\/\/www.tartuh.ee\/en\/about-tartuh\/events\/"},{"@type":"ListItem","position":4,"name":"Conference &#8220;Collaboration and Challenges in Healthcare: Ethical Perspectives from Practice, Education, and Research&#8221;","item":"https:\/\/www.tartuh.ee\/en\/about-tartuh\/events\/conference-collaboration-and-challenges-in-healthcare-ethical-perspectives-from-practice-education-and-research\/"},{"@type":"ListItem","position":5,"name":"Tickets"}]},{"@type":"WebSite","@id":"https:\/\/www.tartuh.ee\/#website","url":"https:\/\/www.tartuh.ee\/","name":"TARTUH.EE","description":"Tartu Tervishoiu K\u00f5rgkool on Eestis ja rahvusvaheliselt hinnatud k\u00f5rgkool ning kompetentsikeskus tervise ja heaolu valdkonnas. K\u00f5rgkoolis on v\u00f5imalik \u00f5ppida rakendusk\u00f5rghariduse, magistri- ja kutse\u00f5ppe \u00f5ppekavadel.","publisher":{"@id":"https:\/\/www.tartuh.ee\/#organization"},"potentialAction":[{"@type":"SearchAction","target":{"@type":"EntryPoint","urlTemplate":"https:\/\/www.tartuh.ee\/?s={search_term_string}"},"query-input":"required name=search_term_string"}],"inLanguage":"en-US"},{"@type":"Organization","@id":"https:\/\/www.tartuh.ee\/#organization","name":"TARTUH.EE","url":"https:\/\/www.tartuh.ee\/","logo":{"@type":"ImageObject","inLanguage":"en-US","@id":"https:\/\/www.tartuh.ee\/#\/schema\/logo\/image\/","url":"https:\/\/www.tartuh.ee\/wp-content\/uploads\/2025\/01\/cropped-TTKK-2025-logo.jpg","contentUrl":"https:\/\/www.tartuh.ee\/wp-content\/uploads\/2025\/01\/cropped-TTKK-2025-logo.jpg","width":1498,"height":755,"caption":"TARTUH.EE"},"image":{"@id":"https:\/\/www.tartuh.ee\/#\/schema\/logo\/image\/"}}]}},"_links":{"self":[{"href":"https:\/\/www.tartuh.ee\/en\/wp-json\/wp\/v2\/pages\/18685","targetHints":{"allow":["GET"]}}],"collection":[{"href":"https:\/\/www.tartuh.ee\/en\/wp-json\/wp\/v2\/pages"}],"about":[{"href":"https:\/\/www.tartuh.ee\/en\/wp-json\/wp\/v2\/types\/page"}],"author":[{"embeddable":true,"href":"https:\/\/www.tartuh.ee\/en\/wp-json\/wp\/v2\/users\/6"}],"replies":[{"embeddable":true,"href":"https:\/\/www.tartuh.ee\/en\/wp-json\/wp\/v2\/comments?post=18685"}],"version-history":[{"count":6,"href":"https:\/\/www.tartuh.ee\/en\/wp-json\/wp\/v2\/pages\/18685\/revisions"}],"predecessor-version":[{"id":18736,"href":"https:\/\/www.tartuh.ee\/en\/wp-json\/wp\/v2\/pages\/18685\/revisions\/18736"}],"up":[{"embeddable":true,"href":"https:\/\/www.tartuh.ee\/en\/wp-json\/wp\/v2\/pages\/18095"}],"wp:attachment":[{"href":"https:\/\/www.tartuh.ee\/en\/wp-json\/wp\/v2\/media?parent=18685"}],"curies":[{"name":"wp","href":"https:\/\/api.w.org\/{rel}","templated":true}]}}