{"id":270,"date":"2022-04-21T13:23:13","date_gmt":"2022-04-21T13:23:13","guid":{"rendered":"https:\/\/www.tartuh.ee\/?page_id=270"},"modified":"2025-05-22T06:46:34","modified_gmt":"2025-05-22T06:46:34","slug":"radiography-3","status":"publish","type":"page","link":"https:\/\/www.tartuh.ee\/en\/radiography-3\/","title":{"rendered":"Radiography"},"content":{"rendered":"\n<p>The aim of the curriculum is to provide the first level of higher education for radiographers.<br><br>Radiography is one of the fastest developing fields in modern health care. Our graduates are able to successfully operate in various types of health care institutions, applying radiographic modalities and radiotherapy and nuclear medicine methods in order to diagnose and treat diseases. The radiographer works in the interprofessional health care team.<\/p>\n\n\n\n<p><strong>Workload of programme:<\/strong>&nbsp;210 ECTS<br><strong>Standard period of study:<\/strong>&nbsp;3.5 years\u200b\u200b\u200b\u200b\u200b\u200b\u200b<br><strong>Language of instruction:<\/strong>&nbsp;Estonian<\/p>\n\n\n\n<p>The curriculum consists of eight basic modules:<\/p>\n\n\n\n<ul class=\"wp-block-list\">\n<li>approach to the human being<\/li>\n\n\n\n<li>patient care<\/li>\n\n\n\n<li>study of diseases<\/li>\n\n\n\n<li>radiation biology and radiation protection<\/li>\n\n\n\n<li>radiographic modalities<\/li>\n\n\n\n<li>radiographic modalities to diagnose pathologies of the organ systems<\/li>\n\n\n\n<li>radiotherapy<\/li>\n\n\n\n<li>professional and personal development<\/li>\n<\/ul>\n\n\n<div class=\"_personShort\" role=\"region\" aria-label=\"Person short\"><div class=\"_personShortWrap\" role=\"group\" aria-label=\"Person info\"><div class=\"_personPhoto\" role=\"img\" aria-label=\"Photos of Triin Markus\"><img loading=\"lazy\" decoding=\"async\" width=\"90\" height=\"90\" src=\"https:\/\/www.tartuh.ee\/wp-content\/uploads\/2022\/05\/triinaasmae-1.jpg\" class=\"attachment-hero-sm size-hero-sm\" alt=\"Triin Aasm\u00e4e\" \/><img loading=\"lazy\" decoding=\"async\" width=\"90\" height=\"90\" src=\"https:\/\/www.tartuh.ee\/wp-content\/uploads\/2022\/05\/triinaasmae-2.jpg\" class=\"attachment-hero-sm size-hero-sm\" alt=\"Triin Aasm\u00e4e\" \/><\/div><div class=\"_mainPersonInfo\" role=\"group\" aria-label=\"Main person info\"><p class=\"_name\" role=\"note\" aria-label=\"Name\">Triin Markus<\/p><p class=\"_position\" role=\"note\" aria-label=\"Position\">Head of the Radiography and Biomedical Laboratory Science Department<\/p><a class=\"_phone\" href=\"tel:+372 7370227\"  aria-label=\"Phone\">+372 737 0227<\/a><a class=\"_email\" href=\"mailto:triin.markus@tartuh.ee\"  aria-label=\"Email\">triin.markus@tartuh.ee<\/a><\/div><\/div><\/div>\n\n\n<div class=\"wp-block-columns is-layout-flex wp-container-core-columns-is-layout-9d6595d7 wp-block-columns-is-layout-flex\">\n<div class=\"wp-block-column is-layout-flow wp-block-column-is-layout-flow\"><\/div>\n\n\n\n<div class=\"wp-block-column is-layout-flow wp-block-column-is-layout-flow\"><\/div>\n\n\n\n<div class=\"wp-block-column is-layout-flow wp-block-column-is-layout-flow\"><\/div>\n<\/div>\n\n\n\n<div class=\"wp-block-columns is-layout-flex wp-container-core-columns-is-layout-9d6595d7 wp-block-columns-is-layout-flex\">\n<div class=\"wp-block-column is-layout-flow wp-block-column-is-layout-flow\"><\/div>\n\n\n\n<div class=\"wp-block-column is-layout-flow wp-block-column-is-layout-flow\"><\/div>\n<\/div>\n","protected":false},"excerpt":{"rendered":"<p>The aim of the curriculum is to provide the first level of higher education for radiographers. Radiography is one of the fastest developing fields in modern health care. Our graduates are able to successfully operate in various types of health care institutions, applying radiographic modalities and radiotherapy and nuclear medicine methods in order to diagnose [&hellip;]<\/p>\n","protected":false},"author":17,"featured_media":271,"parent":0,"menu_order":231,"comment_status":"closed","ping_status":"closed","template":"","meta":{"_acf_changed":false,"_eb_attr":"","inline_featured_image":false,"footnotes":""},"class_list":["post-270","page","type-page","status-publish","has-post-thumbnail","hentry"],"acf":[],"yoast_head":"<!-- This site is optimized with the Yoast SEO plugin v20.8 - https:\/\/yoast.com\/wordpress\/plugins\/seo\/ -->\n<title>Radiography - TARTUH.EE<\/title>\n<meta name=\"robots\" content=\"index, follow, max-snippet:-1, max-image-preview:large, max-video-preview:-1\" \/>\n<link rel=\"canonical\" href=\"https:\/\/www.tartuh.ee\/en\/radiography-3\/\" \/>\n<meta property=\"og:locale\" content=\"en_US\" \/>\n<meta property=\"og:type\" content=\"article\" \/>\n<meta property=\"og:title\" content=\"Radiography - TARTUH.EE\" \/>\n<meta property=\"og:description\" content=\"The aim of the curriculum is to provide the first level of higher education for radiographers. Radiography is one of the fastest developing fields in modern health care. Our graduates are able to successfully operate in various types of health care institutions, applying radiographic modalities and radiotherapy and nuclear medicine methods in order to diagnose [&hellip;]\" \/>\n<meta property=\"og:url\" content=\"https:\/\/www.tartuh.ee\/en\/radiography-3\/\" \/>\n<meta property=\"og:site_name\" content=\"TARTUH.EE\" \/>\n<meta property=\"article:modified_time\" content=\"2025-05-22T06:46:34+00:00\" \/>\n<meta property=\"og:image\" content=\"https:\/\/www.tartuh.ee\/wp-content\/uploads\/2022\/04\/radiohero.jpg\" \/>\n\t<meta property=\"og:image:width\" content=\"1549\" \/>\n\t<meta property=\"og:image:height\" content=\"786\" \/>\n\t<meta property=\"og:image:type\" content=\"image\/jpeg\" \/>\n<meta name=\"twitter:card\" content=\"summary_large_image\" \/>\n<meta name=\"twitter:label1\" content=\"Est. reading time\" \/>\n\t<meta name=\"twitter:data1\" content=\"1 minute\" \/>\n<script type=\"application\/ld+json\" class=\"yoast-schema-graph\">{\"@context\":\"https:\/\/schema.org\",\"@graph\":[{\"@type\":\"WebPage\",\"@id\":\"https:\/\/www.tartuh.ee\/en\/radiography-3\/\",\"url\":\"https:\/\/www.tartuh.ee\/en\/radiography-3\/\",\"name\":\"Radiography - TARTUH.EE\",\"isPartOf\":{\"@id\":\"https:\/\/www.tartuh.ee\/#website\"},\"datePublished\":\"2022-04-21T13:23:13+00:00\",\"dateModified\":\"2025-05-22T06:46:34+00:00\",\"breadcrumb\":{\"@id\":\"https:\/\/www.tartuh.ee\/en\/radiography-3\/#breadcrumb\"},\"inLanguage\":\"en-US\",\"potentialAction\":[{\"@type\":\"ReadAction\",\"target\":[\"https:\/\/www.tartuh.ee\/en\/radiography-3\/\"]}]},{\"@type\":\"BreadcrumbList\",\"@id\":\"https:\/\/www.tartuh.ee\/en\/radiography-3\/#breadcrumb\",\"itemListElement\":[{\"@type\":\"ListItem\",\"position\":1,\"name\":\"Home\",\"item\":\"https:\/\/www.tartuh.ee\/en\/\"},{\"@type\":\"ListItem\",\"position\":2,\"name\":\"Radiography\"}]},{\"@type\":\"WebSite\",\"@id\":\"https:\/\/www.tartuh.ee\/#website\",\"url\":\"https:\/\/www.tartuh.ee\/\",\"name\":\"TARTUH.EE\",\"description\":\"Tartu Tervishoiu K\u00f5rgkool on Eestis ja rahvusvaheliselt hinnatud k\u00f5rgkool ning kompetentsikeskus tervise ja heaolu valdkonnas. K\u00f5rgkoolis on v\u00f5imalik \u00f5ppida rakendusk\u00f5rghariduse, magistri- ja kutse\u00f5ppe \u00f5ppekavadel.\",\"publisher\":{\"@id\":\"https:\/\/www.tartuh.ee\/#organization\"},\"potentialAction\":[{\"@type\":\"SearchAction\",\"target\":{\"@type\":\"EntryPoint\",\"urlTemplate\":\"https:\/\/www.tartuh.ee\/?s={search_term_string}\"},\"query-input\":\"required name=search_term_string\"}],\"inLanguage\":\"en-US\"},{\"@type\":\"Organization\",\"@id\":\"https:\/\/www.tartuh.ee\/#organization\",\"name\":\"TARTUH.EE\",\"url\":\"https:\/\/www.tartuh.ee\/\",\"logo\":{\"@type\":\"ImageObject\",\"inLanguage\":\"en-US\",\"@id\":\"https:\/\/www.tartuh.ee\/#\/schema\/logo\/image\/\",\"url\":\"https:\/\/www.tartuh.ee\/wp-content\/uploads\/2025\/01\/cropped-TTKK-2025-logo.jpg\",\"contentUrl\":\"https:\/\/www.tartuh.ee\/wp-content\/uploads\/2025\/01\/cropped-TTKK-2025-logo.jpg\",\"width\":1498,\"height\":755,\"caption\":\"TARTUH.EE\"},\"image\":{\"@id\":\"https:\/\/www.tartuh.ee\/#\/schema\/logo\/image\/\"}}]}<\/script>\n<!-- \/ Yoast SEO plugin. -->","yoast_head_json":{"title":"Radiography - TARTUH.EE","robots":{"index":"index","follow":"follow","max-snippet":"max-snippet:-1","max-image-preview":"max-image-preview:large","max-video-preview":"max-video-preview:-1"},"canonical":"https:\/\/www.tartuh.ee\/en\/radiography-3\/","og_locale":"en_US","og_type":"article","og_title":"Radiography - TARTUH.EE","og_description":"The aim of the curriculum is to provide the first level of higher education for radiographers. Radiography is one of the fastest developing fields in modern health care. Our graduates are able to successfully operate in various types of health care institutions, applying radiographic modalities and radiotherapy and nuclear medicine methods in order to diagnose [&hellip;]","og_url":"https:\/\/www.tartuh.ee\/en\/radiography-3\/","og_site_name":"TARTUH.EE","article_modified_time":"2025-05-22T06:46:34+00:00","og_image":[{"width":1549,"height":786,"url":"https:\/\/www.tartuh.ee\/wp-content\/uploads\/2022\/04\/radiohero.jpg","type":"image\/jpeg"}],"twitter_card":"summary_large_image","twitter_misc":{"Est. reading time":"1 minute"},"schema":{"@context":"https:\/\/schema.org","@graph":[{"@type":"WebPage","@id":"https:\/\/www.tartuh.ee\/en\/radiography-3\/","url":"https:\/\/www.tartuh.ee\/en\/radiography-3\/","name":"Radiography - TARTUH.EE","isPartOf":{"@id":"https:\/\/www.tartuh.ee\/#website"},"datePublished":"2022-04-21T13:23:13+00:00","dateModified":"2025-05-22T06:46:34+00:00","breadcrumb":{"@id":"https:\/\/www.tartuh.ee\/en\/radiography-3\/#breadcrumb"},"inLanguage":"en-US","potentialAction":[{"@type":"ReadAction","target":["https:\/\/www.tartuh.ee\/en\/radiography-3\/"]}]},{"@type":"BreadcrumbList","@id":"https:\/\/www.tartuh.ee\/en\/radiography-3\/#breadcrumb","itemListElement":[{"@type":"ListItem","position":1,"name":"Home","item":"https:\/\/www.tartuh.ee\/en\/"},{"@type":"ListItem","position":2,"name":"Radiography"}]},{"@type":"WebSite","@id":"https:\/\/www.tartuh.ee\/#website","url":"https:\/\/www.tartuh.ee\/","name":"TARTUH.EE","description":"Tartu Tervishoiu K\u00f5rgkool on Eestis ja rahvusvaheliselt hinnatud k\u00f5rgkool ning kompetentsikeskus tervise ja heaolu valdkonnas. K\u00f5rgkoolis on v\u00f5imalik \u00f5ppida rakendusk\u00f5rghariduse, magistri- ja kutse\u00f5ppe \u00f5ppekavadel.","publisher":{"@id":"https:\/\/www.tartuh.ee\/#organization"},"potentialAction":[{"@type":"SearchAction","target":{"@type":"EntryPoint","urlTemplate":"https:\/\/www.tartuh.ee\/?s={search_term_string}"},"query-input":"required name=search_term_string"}],"inLanguage":"en-US"},{"@type":"Organization","@id":"https:\/\/www.tartuh.ee\/#organization","name":"TARTUH.EE","url":"https:\/\/www.tartuh.ee\/","logo":{"@type":"ImageObject","inLanguage":"en-US","@id":"https:\/\/www.tartuh.ee\/#\/schema\/logo\/image\/","url":"https:\/\/www.tartuh.ee\/wp-content\/uploads\/2025\/01\/cropped-TTKK-2025-logo.jpg","contentUrl":"https:\/\/www.tartuh.ee\/wp-content\/uploads\/2025\/01\/cropped-TTKK-2025-logo.jpg","width":1498,"height":755,"caption":"TARTUH.EE"},"image":{"@id":"https:\/\/www.tartuh.ee\/#\/schema\/logo\/image\/"}}]}},"_links":{"self":[{"href":"https:\/\/www.tartuh.ee\/en\/wp-json\/wp\/v2\/pages\/270","targetHints":{"allow":["GET"]}}],"collection":[{"href":"https:\/\/www.tartuh.ee\/en\/wp-json\/wp\/v2\/pages"}],"about":[{"href":"https:\/\/www.tartuh.ee\/en\/wp-json\/wp\/v2\/types\/page"}],"author":[{"embeddable":true,"href":"https:\/\/www.tartuh.ee\/en\/wp-json\/wp\/v2\/users\/17"}],"replies":[{"embeddable":true,"href":"https:\/\/www.tartuh.ee\/en\/wp-json\/wp\/v2\/comments?post=270"}],"version-history":[{"count":15,"href":"https:\/\/www.tartuh.ee\/en\/wp-json\/wp\/v2\/pages\/270\/revisions"}],"predecessor-version":[{"id":15655,"href":"https:\/\/www.tartuh.ee\/en\/wp-json\/wp\/v2\/pages\/270\/revisions\/15655"}],"wp:featuredmedia":[{"embeddable":true,"href":"https:\/\/www.tartuh.ee\/en\/wp-json\/wp\/v2\/media\/271"}],"wp:attachment":[{"href":"https:\/\/www.tartuh.ee\/en\/wp-json\/wp\/v2\/media?parent=270"}],"curies":[{"name":"wp","href":"https:\/\/api.w.org\/{rel}","templated":true}]}}