{"id":323,"date":"2022-05-02T13:20:50","date_gmt":"2022-05-02T13:20:50","guid":{"rendered":"https:\/\/www.tartuh.ee\/?page_id=323"},"modified":"2025-05-21T12:57:47","modified_gmt":"2025-05-21T12:57:47","slug":"the-structure-of-the-college","status":"publish","type":"page","link":"https:\/\/www.tartuh.ee\/en\/about-tartuh\/university\/the-structure-of-the-college\/","title":{"rendered":"The Structure of the University"},"content":{"rendered":"\n<p><\/p>\n\n\n\n<figure class=\"wp-block-image size-large\"><img loading=\"lazy\" decoding=\"async\" width=\"1024\" height=\"716\" src=\"https:\/\/www.tartuh.ee\/wp-content\/uploads\/2025\/05\/Struktuurijoonis-2025-mai-ENG-1024x716.png\" alt=\"\" class=\"wp-image-15631\" srcset=\"https:\/\/www.tartuh.ee\/wp-content\/uploads\/2025\/05\/Struktuurijoonis-2025-mai-ENG-1024x716.png 1024w, https:\/\/www.tartuh.ee\/wp-content\/uploads\/2025\/05\/Struktuurijoonis-2025-mai-ENG-300x210.png 300w, https:\/\/www.tartuh.ee\/wp-content\/uploads\/2025\/05\/Struktuurijoonis-2025-mai-ENG-768x537.png 768w, https:\/\/www.tartuh.ee\/wp-content\/uploads\/2025\/05\/Struktuurijoonis-2025-mai-ENG-1536x1073.png 1536w, https:\/\/www.tartuh.ee\/wp-content\/uploads\/2025\/05\/Struktuurijoonis-2025-mai-ENG-2048x1431.png 2048w\" sizes=\"auto, (max-width: 1024px) 100vw, 1024px\" \/><\/figure>\n\n\n\n<h2 class=\"wp-block-heading\">Stakeholders<\/h2>\n\n\n\n<p>The main responsibility of Tartu Applied Health Sciences University is to the students. The value provided to the students depends on the value that is provided to the staff.<br>Value proposition to the students supports their confidence in the contexts of their professional life and<br>personal development, motivating them to choose the university. Value proposition to the staff serves as a precondition for retaining professional employees, supporting their development and recruiting the best new team members.<\/p>\n\n\n\n<figure class=\"wp-block-image size-full is-resized\"><img loading=\"lazy\" decoding=\"async\" width=\"824\" height=\"392\" src=\"https:\/\/www.tartuh.ee\/wp-content\/uploads\/2022\/09\/stakeholders.jpg\" alt=\"\" class=\"wp-image-5705\" style=\"width:616px;height:293px\" srcset=\"https:\/\/www.tartuh.ee\/wp-content\/uploads\/2022\/09\/stakeholders.jpg 824w, https:\/\/www.tartuh.ee\/wp-content\/uploads\/2022\/09\/stakeholders-300x143.jpg 300w, https:\/\/www.tartuh.ee\/wp-content\/uploads\/2022\/09\/stakeholders-768x365.jpg 768w\" sizes=\"auto, (max-width: 824px) 100vw, 824px\" \/><\/figure>\n\n\n\n<h2 class=\"wp-block-heading\">Main partners<\/h2>\n\n\n\n<p>The circle of university&#8217;s partners is varied, involving the graduates, practice institutions and other employers, professional associations, as well as different social organisations. In the development and organisation of higher education, as well as in the development of the best solutions for the provision of higher education successful collaboration is carried out with other higher education institutions, the Estonian Ministry of Education and Research (HTM) and the Ministry of Social Affairs (SoM).<\/p>\n\n\n\n<p>Community and in the wide meaning the whole society in the role of the partner is focussed on due to the university&#8217;s mission to promote health awareness of the population and meet the need for high-quality health care education, as well as in the provision of community services. International partners (mainly educational institutions, professional associations, networks) are mostly involved in the activities related to learning, teaching, research and development.<\/p>\n\n\n\n<figure class=\"wp-block-image size-full is-resized\"><img loading=\"lazy\" decoding=\"async\" width=\"1016\" height=\"377\" src=\"https:\/\/www.tartuh.ee\/wp-content\/uploads\/2025\/05\/TARTUH.png\" alt=\"\" class=\"wp-image-15633\" style=\"width:654px;height:250px\" srcset=\"https:\/\/www.tartuh.ee\/wp-content\/uploads\/2025\/05\/TARTUH.png 1016w, https:\/\/www.tartuh.ee\/wp-content\/uploads\/2025\/05\/TARTUH-300x111.png 300w, https:\/\/www.tartuh.ee\/wp-content\/uploads\/2025\/05\/TARTUH-768x285.png 768w\" sizes=\"auto, (max-width: 1016px) 100vw, 1016px\" \/><\/figure>\n\n\n\n<p><\/p>\n","protected":false},"excerpt":{"rendered":"<p>Stakeholders The main responsibility of Tartu Applied Health Sciences University is to the students. The value provided to the students depends on the value that is provided to the staff.Value proposition to the students supports their confidence in the contexts of their professional life andpersonal development, motivating them to choose the university. Value proposition to [&hellip;]<\/p>\n","protected":false},"author":4,"featured_media":0,"parent":309,"menu_order":227,"comment_status":"closed","ping_status":"closed","template":"","meta":{"_acf_changed":false,"_eb_attr":"","inline_featured_image":false,"footnotes":""},"class_list":["post-323","page","type-page","status-publish","hentry"],"acf":[],"yoast_head":"<!-- This site is optimized with the Yoast SEO plugin v20.8 - https:\/\/yoast.com\/wordpress\/plugins\/seo\/ -->\n<title>The Structure of the University - TARTUH.EE<\/title>\n<meta name=\"robots\" content=\"index, follow, max-snippet:-1, max-image-preview:large, max-video-preview:-1\" \/>\n<link rel=\"canonical\" href=\"https:\/\/www.tartuh.ee\/en\/about-tartuh\/university\/the-structure-of-the-college\/\" \/>\n<meta property=\"og:locale\" content=\"en_US\" \/>\n<meta property=\"og:type\" content=\"article\" \/>\n<meta property=\"og:title\" content=\"The Structure of the University - TARTUH.EE\" \/>\n<meta property=\"og:description\" content=\"Stakeholders The main responsibility of Tartu Applied Health Sciences University is to the students. The value provided to the students depends on the value that is provided to the staff.Value proposition to the students supports their confidence in the contexts of their professional life andpersonal development, motivating them to choose the university. Value proposition to [&hellip;]\" \/>\n<meta property=\"og:url\" content=\"https:\/\/www.tartuh.ee\/en\/about-tartuh\/university\/the-structure-of-the-college\/\" \/>\n<meta property=\"og:site_name\" content=\"TARTUH.EE\" \/>\n<meta property=\"article:modified_time\" content=\"2025-05-21T12:57:47+00:00\" \/>\n<meta property=\"og:image\" content=\"https:\/\/www.tartuh.ee\/wp-content\/uploads\/2025\/05\/Struktuurijoonis-2025-mai-ENG-1024x716.png\" \/>\n<meta name=\"twitter:card\" content=\"summary_large_image\" \/>\n<meta name=\"twitter:label1\" content=\"Est. reading time\" \/>\n\t<meta name=\"twitter:data1\" content=\"2 minutes\" \/>\n<script type=\"application\/ld+json\" class=\"yoast-schema-graph\">{\"@context\":\"https:\/\/schema.org\",\"@graph\":[{\"@type\":\"WebPage\",\"@id\":\"https:\/\/www.tartuh.ee\/en\/about-tartuh\/university\/the-structure-of-the-college\/\",\"url\":\"https:\/\/www.tartuh.ee\/en\/about-tartuh\/university\/the-structure-of-the-college\/\",\"name\":\"The Structure of the University - TARTUH.EE\",\"isPartOf\":{\"@id\":\"https:\/\/www.tartuh.ee\/#website\"},\"datePublished\":\"2022-05-02T13:20:50+00:00\",\"dateModified\":\"2025-05-21T12:57:47+00:00\",\"breadcrumb\":{\"@id\":\"https:\/\/www.tartuh.ee\/en\/about-tartuh\/university\/the-structure-of-the-college\/#breadcrumb\"},\"inLanguage\":\"en-US\",\"potentialAction\":[{\"@type\":\"ReadAction\",\"target\":[\"https:\/\/www.tartuh.ee\/en\/about-tartuh\/university\/the-structure-of-the-college\/\"]}]},{\"@type\":\"BreadcrumbList\",\"@id\":\"https:\/\/www.tartuh.ee\/en\/about-tartuh\/university\/the-structure-of-the-college\/#breadcrumb\",\"itemListElement\":[{\"@type\":\"ListItem\",\"position\":1,\"name\":\"Home\",\"item\":\"https:\/\/www.tartuh.ee\/en\/\"},{\"@type\":\"ListItem\",\"position\":2,\"name\":\"About TARTUH\",\"item\":\"https:\/\/www.tartuh.ee\/en\/about-tartuh\/\"},{\"@type\":\"ListItem\",\"position\":3,\"name\":\"University\",\"item\":\"https:\/\/www.tartuh.ee\/en\/about-tartuh\/university\/\"},{\"@type\":\"ListItem\",\"position\":4,\"name\":\"The Structure of the University\"}]},{\"@type\":\"WebSite\",\"@id\":\"https:\/\/www.tartuh.ee\/#website\",\"url\":\"https:\/\/www.tartuh.ee\/\",\"name\":\"TARTUH.EE\",\"description\":\"Tartu Tervishoiu K\u00f5rgkool on Eestis ja rahvusvaheliselt hinnatud k\u00f5rgkool ning kompetentsikeskus tervise ja heaolu valdkonnas. K\u00f5rgkoolis on v\u00f5imalik \u00f5ppida rakendusk\u00f5rghariduse, magistri- ja kutse\u00f5ppe \u00f5ppekavadel.\",\"publisher\":{\"@id\":\"https:\/\/www.tartuh.ee\/#organization\"},\"potentialAction\":[{\"@type\":\"SearchAction\",\"target\":{\"@type\":\"EntryPoint\",\"urlTemplate\":\"https:\/\/www.tartuh.ee\/?s={search_term_string}\"},\"query-input\":\"required name=search_term_string\"}],\"inLanguage\":\"en-US\"},{\"@type\":\"Organization\",\"@id\":\"https:\/\/www.tartuh.ee\/#organization\",\"name\":\"TARTUH.EE\",\"url\":\"https:\/\/www.tartuh.ee\/\",\"logo\":{\"@type\":\"ImageObject\",\"inLanguage\":\"en-US\",\"@id\":\"https:\/\/www.tartuh.ee\/#\/schema\/logo\/image\/\",\"url\":\"https:\/\/www.tartuh.ee\/wp-content\/uploads\/2025\/01\/cropped-TTKK-2025-logo.jpg\",\"contentUrl\":\"https:\/\/www.tartuh.ee\/wp-content\/uploads\/2025\/01\/cropped-TTKK-2025-logo.jpg\",\"width\":1498,\"height\":755,\"caption\":\"TARTUH.EE\"},\"image\":{\"@id\":\"https:\/\/www.tartuh.ee\/#\/schema\/logo\/image\/\"}}]}<\/script>\n<!-- \/ Yoast SEO plugin. -->","yoast_head_json":{"title":"The Structure of the University - TARTUH.EE","robots":{"index":"index","follow":"follow","max-snippet":"max-snippet:-1","max-image-preview":"max-image-preview:large","max-video-preview":"max-video-preview:-1"},"canonical":"https:\/\/www.tartuh.ee\/en\/about-tartuh\/university\/the-structure-of-the-college\/","og_locale":"en_US","og_type":"article","og_title":"The Structure of the University - TARTUH.EE","og_description":"Stakeholders The main responsibility of Tartu Applied Health Sciences University is to the students. The value provided to the students depends on the value that is provided to the staff.Value proposition to the students supports their confidence in the contexts of their professional life andpersonal development, motivating them to choose the university. Value proposition to [&hellip;]","og_url":"https:\/\/www.tartuh.ee\/en\/about-tartuh\/university\/the-structure-of-the-college\/","og_site_name":"TARTUH.EE","article_modified_time":"2025-05-21T12:57:47+00:00","og_image":[{"url":"https:\/\/www.tartuh.ee\/wp-content\/uploads\/2025\/05\/Struktuurijoonis-2025-mai-ENG-1024x716.png"}],"twitter_card":"summary_large_image","twitter_misc":{"Est. reading time":"2 minutes"},"schema":{"@context":"https:\/\/schema.org","@graph":[{"@type":"WebPage","@id":"https:\/\/www.tartuh.ee\/en\/about-tartuh\/university\/the-structure-of-the-college\/","url":"https:\/\/www.tartuh.ee\/en\/about-tartuh\/university\/the-structure-of-the-college\/","name":"The Structure of the University - TARTUH.EE","isPartOf":{"@id":"https:\/\/www.tartuh.ee\/#website"},"datePublished":"2022-05-02T13:20:50+00:00","dateModified":"2025-05-21T12:57:47+00:00","breadcrumb":{"@id":"https:\/\/www.tartuh.ee\/en\/about-tartuh\/university\/the-structure-of-the-college\/#breadcrumb"},"inLanguage":"en-US","potentialAction":[{"@type":"ReadAction","target":["https:\/\/www.tartuh.ee\/en\/about-tartuh\/university\/the-structure-of-the-college\/"]}]},{"@type":"BreadcrumbList","@id":"https:\/\/www.tartuh.ee\/en\/about-tartuh\/university\/the-structure-of-the-college\/#breadcrumb","itemListElement":[{"@type":"ListItem","position":1,"name":"Home","item":"https:\/\/www.tartuh.ee\/en\/"},{"@type":"ListItem","position":2,"name":"About TARTUH","item":"https:\/\/www.tartuh.ee\/en\/about-tartuh\/"},{"@type":"ListItem","position":3,"name":"University","item":"https:\/\/www.tartuh.ee\/en\/about-tartuh\/university\/"},{"@type":"ListItem","position":4,"name":"The Structure of the University"}]},{"@type":"WebSite","@id":"https:\/\/www.tartuh.ee\/#website","url":"https:\/\/www.tartuh.ee\/","name":"TARTUH.EE","description":"Tartu Tervishoiu K\u00f5rgkool on Eestis ja rahvusvaheliselt hinnatud k\u00f5rgkool ning kompetentsikeskus tervise ja heaolu valdkonnas. K\u00f5rgkoolis on v\u00f5imalik \u00f5ppida rakendusk\u00f5rghariduse, magistri- ja kutse\u00f5ppe \u00f5ppekavadel.","publisher":{"@id":"https:\/\/www.tartuh.ee\/#organization"},"potentialAction":[{"@type":"SearchAction","target":{"@type":"EntryPoint","urlTemplate":"https:\/\/www.tartuh.ee\/?s={search_term_string}"},"query-input":"required name=search_term_string"}],"inLanguage":"en-US"},{"@type":"Organization","@id":"https:\/\/www.tartuh.ee\/#organization","name":"TARTUH.EE","url":"https:\/\/www.tartuh.ee\/","logo":{"@type":"ImageObject","inLanguage":"en-US","@id":"https:\/\/www.tartuh.ee\/#\/schema\/logo\/image\/","url":"https:\/\/www.tartuh.ee\/wp-content\/uploads\/2025\/01\/cropped-TTKK-2025-logo.jpg","contentUrl":"https:\/\/www.tartuh.ee\/wp-content\/uploads\/2025\/01\/cropped-TTKK-2025-logo.jpg","width":1498,"height":755,"caption":"TARTUH.EE"},"image":{"@id":"https:\/\/www.tartuh.ee\/#\/schema\/logo\/image\/"}}]}},"_links":{"self":[{"href":"https:\/\/www.tartuh.ee\/en\/wp-json\/wp\/v2\/pages\/323","targetHints":{"allow":["GET"]}}],"collection":[{"href":"https:\/\/www.tartuh.ee\/en\/wp-json\/wp\/v2\/pages"}],"about":[{"href":"https:\/\/www.tartuh.ee\/en\/wp-json\/wp\/v2\/types\/page"}],"author":[{"embeddable":true,"href":"https:\/\/www.tartuh.ee\/en\/wp-json\/wp\/v2\/users\/4"}],"replies":[{"embeddable":true,"href":"https:\/\/www.tartuh.ee\/en\/wp-json\/wp\/v2\/comments?post=323"}],"version-history":[{"count":4,"href":"https:\/\/www.tartuh.ee\/en\/wp-json\/wp\/v2\/pages\/323\/revisions"}],"predecessor-version":[{"id":15635,"href":"https:\/\/www.tartuh.ee\/en\/wp-json\/wp\/v2\/pages\/323\/revisions\/15635"}],"up":[{"embeddable":true,"href":"https:\/\/www.tartuh.ee\/en\/wp-json\/wp\/v2\/pages\/309"}],"wp:attachment":[{"href":"https:\/\/www.tartuh.ee\/en\/wp-json\/wp\/v2\/media?parent=323"}],"curies":[{"name":"wp","href":"https:\/\/api.w.org\/{rel}","templated":true}]}}