{"id":377,"date":"2022-05-03T09:22:13","date_gmt":"2022-05-03T09:22:13","guid":{"rendered":"https:\/\/www.tartuh.ee\/?page_id=377"},"modified":"2025-01-23T13:47:46","modified_gmt":"2025-01-23T13:47:46","slug":"collection-of-applied-researches","status":"publish","type":"page","link":"https:\/\/www.tartuh.ee\/en\/research-and-development\/research\/r-d-priorities\/collection-of-applied-researches\/","title":{"rendered":"Collection of Applied Researches"},"content":{"rendered":"\n<p>Every year Tartu Applied Health Sciences University has assembled best of the researches and student`s diploma works into Collection of Applied Researches (klick on the cover picture to read them):<\/p>\n\n\n\n<div class=\"wp-block-columns is-layout-flex wp-container-core-columns-is-layout-9d6595d7 wp-block-columns-is-layout-flex\">\n<div class=\"wp-block-column is-layout-flow wp-block-column-is-layout-flow\">\n<figure class=\"wp-block-image size-large\"><a href=\"https:\/\/bit.ly\/3JrqF3u\" target=\"_blank\" rel=\"noreferrer noopener\"><img loading=\"lazy\" decoding=\"async\" width=\"721\" height=\"1024\" src=\"https:\/\/www.tartuh.ee\/wp-content\/uploads\/2022\/09\/2021-721x1024.jpg\" alt=\"\" class=\"wp-image-5509\" srcset=\"https:\/\/www.tartuh.ee\/wp-content\/uploads\/2022\/09\/2021-721x1024.jpg 721w, https:\/\/www.tartuh.ee\/wp-content\/uploads\/2022\/09\/2021-211x300.jpg 211w, https:\/\/www.tartuh.ee\/wp-content\/uploads\/2022\/09\/2021-768x1092.jpg 768w, https:\/\/www.tartuh.ee\/wp-content\/uploads\/2022\/09\/2021.jpg 895w\" sizes=\"auto, (max-width: 721px) 100vw, 721px\" \/><\/a><figcaption class=\"wp-element-caption\">Collection of Applied Researches XV <br>(Year 2021)<\/figcaption><\/figure>\n<\/div>\n\n\n\n<div class=\"wp-block-column is-layout-flow wp-block-column-is-layout-flow\">\n<figure class=\"wp-block-image size-large\"><a href=\"https:\/\/bit.ly\/35ZbakN\" target=\"_blank\" rel=\"noreferrer noopener\"><img loading=\"lazy\" decoding=\"async\" width=\"722\" height=\"1024\" src=\"https:\/\/www.tartuh.ee\/wp-content\/uploads\/2022\/09\/2020-722x1024.jpg\" alt=\"\" class=\"wp-image-5514\" srcset=\"https:\/\/www.tartuh.ee\/wp-content\/uploads\/2022\/09\/2020-722x1024.jpg 722w, https:\/\/www.tartuh.ee\/wp-content\/uploads\/2022\/09\/2020-211x300.jpg 211w, https:\/\/www.tartuh.ee\/wp-content\/uploads\/2022\/09\/2020-768x1090.jpg 768w, https:\/\/www.tartuh.ee\/wp-content\/uploads\/2022\/09\/2020.jpg 871w\" sizes=\"auto, (max-width: 722px) 100vw, 722px\" \/><\/a><figcaption class=\"wp-element-caption\">Collection of Applied Researches XIV <br>(Year 2020)<\/figcaption><\/figure>\n<\/div>\n\n\n\n<div class=\"wp-block-column is-layout-flow wp-block-column-is-layout-flow\">\n<figure class=\"wp-block-image size-large\"><a href=\"https:\/\/bit.ly\/3u2bW8E\" target=\"_blank\" rel=\"noreferrer noopener\"><img loading=\"lazy\" decoding=\"async\" width=\"724\" height=\"1024\" src=\"https:\/\/www.tartuh.ee\/wp-content\/uploads\/2022\/09\/2019-724x1024.jpg\" alt=\"\" class=\"wp-image-5517\" srcset=\"https:\/\/www.tartuh.ee\/wp-content\/uploads\/2022\/09\/2019-724x1024.jpg 724w, https:\/\/www.tartuh.ee\/wp-content\/uploads\/2022\/09\/2019-212x300.jpg 212w, https:\/\/www.tartuh.ee\/wp-content\/uploads\/2022\/09\/2019-768x1086.jpg 768w, https:\/\/www.tartuh.ee\/wp-content\/uploads\/2022\/09\/2019.jpg 814w\" sizes=\"auto, (max-width: 724px) 100vw, 724px\" \/><\/a><figcaption class=\"wp-element-caption\">Collection of Applied Researches XIII <br>(Year 2019)<\/figcaption><\/figure>\n<\/div>\n<\/div>\n\n\n\n<div class=\"wp-block-columns is-layout-flex wp-container-core-columns-is-layout-9d6595d7 wp-block-columns-is-layout-flex\">\n<div class=\"wp-block-column is-layout-flow wp-block-column-is-layout-flow\">\n<figure class=\"wp-block-image size-large\"><a href=\"https:\/\/bit.ly\/3MYGAIv\" target=\"_blank\" rel=\"noreferrer noopener\"><img loading=\"lazy\" decoding=\"async\" width=\"715\" height=\"1024\" src=\"https:\/\/www.tartuh.ee\/wp-content\/uploads\/2022\/09\/2018-715x1024.jpg\" alt=\"\" class=\"wp-image-5521\" srcset=\"https:\/\/www.tartuh.ee\/wp-content\/uploads\/2022\/09\/2018-715x1024.jpg 715w, https:\/\/www.tartuh.ee\/wp-content\/uploads\/2022\/09\/2018-210x300.jpg 210w, https:\/\/www.tartuh.ee\/wp-content\/uploads\/2022\/09\/2018-768x1099.jpg 768w, https:\/\/www.tartuh.ee\/wp-content\/uploads\/2022\/09\/2018.jpg 816w\" sizes=\"auto, (max-width: 715px) 100vw, 715px\" \/><\/a><figcaption class=\"wp-element-caption\">Collection of Applied Researches XII <br>(Year 2018)<\/figcaption><\/figure>\n<\/div>\n\n\n\n<div class=\"wp-block-column is-layout-flow wp-block-column-is-layout-flow\">\n<figure class=\"wp-block-image size-full\"><a href=\"https:\/\/bit.ly\/3Jmc5tM\" target=\"_blank\" rel=\"noreferrer noopener\"><img loading=\"lazy\" decoding=\"async\" width=\"373\" height=\"533\" src=\"https:\/\/www.tartuh.ee\/wp-content\/uploads\/2022\/09\/2017.jpg\" alt=\"\" class=\"wp-image-5525\" srcset=\"https:\/\/www.tartuh.ee\/wp-content\/uploads\/2022\/09\/2017.jpg 373w, https:\/\/www.tartuh.ee\/wp-content\/uploads\/2022\/09\/2017-210x300.jpg 210w\" sizes=\"auto, (max-width: 373px) 100vw, 373px\" \/><\/a><figcaption class=\"wp-element-caption\">Collection of Applied Researches XI <br>(Year 2017)<\/figcaption><\/figure>\n<\/div>\n\n\n\n<div class=\"wp-block-column is-layout-flow wp-block-column-is-layout-flow\">\n<figure class=\"wp-block-image size-large\"><a href=\"https:\/\/bit.ly\/3ieobsZ\" target=\"_blank\" rel=\"noreferrer noopener\"><img loading=\"lazy\" decoding=\"async\" width=\"727\" height=\"1024\" src=\"https:\/\/www.tartuh.ee\/wp-content\/uploads\/2022\/09\/kaanepilt_2016-727x1024.png\" alt=\"\" class=\"wp-image-5528\" srcset=\"https:\/\/www.tartuh.ee\/wp-content\/uploads\/2022\/09\/kaanepilt_2016-727x1024.png 727w, https:\/\/www.tartuh.ee\/wp-content\/uploads\/2022\/09\/kaanepilt_2016-213x300.png 213w, https:\/\/www.tartuh.ee\/wp-content\/uploads\/2022\/09\/kaanepilt_2016-768x1082.png 768w, https:\/\/www.tartuh.ee\/wp-content\/uploads\/2022\/09\/kaanepilt_2016-1090x1536.png 1090w, https:\/\/www.tartuh.ee\/wp-content\/uploads\/2022\/09\/kaanepilt_2016-1453x2048.png 1453w, https:\/\/www.tartuh.ee\/wp-content\/uploads\/2022\/09\/kaanepilt_2016.png 1760w\" sizes=\"auto, (max-width: 727px) 100vw, 727px\" \/><\/a><figcaption class=\"wp-element-caption\">Collection of Applied Researches X <br>(Year 2016)<\/figcaption><\/figure>\n<\/div>\n<\/div>\n\n\n\n<div class=\"wp-block-columns is-layout-flex wp-container-core-columns-is-layout-9d6595d7 wp-block-columns-is-layout-flex\">\n<div class=\"wp-block-column is-layout-flow wp-block-column-is-layout-flow\">\n<figure class=\"wp-block-image size-full\"><a href=\"https:\/\/bit.ly\/3u5iG5l\" target=\"_blank\" rel=\"noreferrer noopener\"><img loading=\"lazy\" decoding=\"async\" width=\"443\" height=\"626\" src=\"https:\/\/www.tartuh.ee\/wp-content\/uploads\/2022\/09\/2015.jpg\" alt=\"\" class=\"wp-image-5533\" srcset=\"https:\/\/www.tartuh.ee\/wp-content\/uploads\/2022\/09\/2015.jpg 443w, https:\/\/www.tartuh.ee\/wp-content\/uploads\/2022\/09\/2015-212x300.jpg 212w\" sizes=\"auto, (max-width: 443px) 100vw, 443px\" \/><\/a><figcaption class=\"wp-element-caption\">Collection of Applied Researches IX <br>(Year 2015)<\/figcaption><\/figure>\n<\/div>\n\n\n\n<div class=\"wp-block-column is-layout-flow wp-block-column-is-layout-flow\">\n<figure class=\"wp-block-image size-full\"><a href=\"https:\/\/bit.ly\/3u5abY6\" target=\"_blank\" rel=\"noreferrer noopener\"><img loading=\"lazy\" decoding=\"async\" width=\"583\" height=\"827\" src=\"https:\/\/www.tartuh.ee\/wp-content\/uploads\/2022\/09\/kaanepilt_2014.png\" alt=\"\" class=\"wp-image-5536\" srcset=\"https:\/\/www.tartuh.ee\/wp-content\/uploads\/2022\/09\/kaanepilt_2014.png 583w, https:\/\/www.tartuh.ee\/wp-content\/uploads\/2022\/09\/kaanepilt_2014-211x300.png 211w\" sizes=\"auto, (max-width: 583px) 100vw, 583px\" \/><\/a><figcaption class=\"wp-element-caption\">Collection of Applied Researches VIII <br>(Year 2014)<\/figcaption><\/figure>\n<\/div>\n\n\n\n<div class=\"wp-block-column is-layout-flow wp-block-column-is-layout-flow\">\n<figure class=\"wp-block-image size-full\"><a href=\"https:\/\/bit.ly\/3IgeWmO\" target=\"_blank\" rel=\"noreferrer noopener\"><img loading=\"lazy\" decoding=\"async\" width=\"440\" height=\"626\" src=\"https:\/\/www.tartuh.ee\/wp-content\/uploads\/2022\/09\/2013.jpg\" alt=\"\" class=\"wp-image-5542\" srcset=\"https:\/\/www.tartuh.ee\/wp-content\/uploads\/2022\/09\/2013.jpg 440w, https:\/\/www.tartuh.ee\/wp-content\/uploads\/2022\/09\/2013-211x300.jpg 211w\" sizes=\"auto, (max-width: 440px) 100vw, 440px\" \/><\/a><figcaption class=\"wp-element-caption\">Collection of Applied Researches VII <br>(Year 2013)<\/figcaption><\/figure>\n<\/div>\n<\/div>\n\n\n\n<div class=\"wp-block-columns is-layout-flex wp-container-core-columns-is-layout-9d6595d7 wp-block-columns-is-layout-flex\">\n<div class=\"wp-block-column is-layout-flow wp-block-column-is-layout-flow\">\n<figure class=\"wp-block-image size-full\"><a href=\"https:\/\/bit.ly\/3idxOIy\" target=\"_blank\" rel=\"noreferrer noopener\"><img loading=\"lazy\" decoding=\"async\" width=\"662\" height=\"948\" src=\"https:\/\/www.tartuh.ee\/wp-content\/uploads\/2022\/09\/2012snip.gif\" alt=\"\" class=\"wp-image-5547\" srcset=\"https:\/\/www.tartuh.ee\/wp-content\/uploads\/2022\/09\/2012snip.gif 662w, https:\/\/www.tartuh.ee\/wp-content\/uploads\/2022\/09\/2012snip-209x300.gif 209w\" sizes=\"auto, (max-width: 662px) 100vw, 662px\" \/><\/a><figcaption class=\"wp-element-caption\">Collection of Applied Researches VI <br>(Year 2012)<\/figcaption><\/figure>\n<\/div>\n\n\n\n<div class=\"wp-block-column is-layout-flow wp-block-column-is-layout-flow\">\n<figure class=\"wp-block-image size-full\"><a href=\"https:\/\/bit.ly\/360CQFG\" target=\"_blank\" rel=\"noreferrer noopener\"><img loading=\"lazy\" decoding=\"async\" width=\"661\" height=\"949\" src=\"https:\/\/www.tartuh.ee\/wp-content\/uploads\/2022\/09\/2011snip.gif\" alt=\"\" class=\"wp-image-5549\" srcset=\"https:\/\/www.tartuh.ee\/wp-content\/uploads\/2022\/09\/2011snip.gif 661w, https:\/\/www.tartuh.ee\/wp-content\/uploads\/2022\/09\/2011snip-209x300.gif 209w\" sizes=\"auto, (max-width: 661px) 100vw, 661px\" \/><\/a><figcaption class=\"wp-element-caption\">Collection of Applied Researches V <br>(Year 2011)<\/figcaption><\/figure>\n<\/div>\n\n\n\n<div class=\"wp-block-column is-layout-flow wp-block-column-is-layout-flow\">\n<figure class=\"wp-block-image size-full\"><a href=\"https:\/\/bit.ly\/3KFEhbs\" target=\"_blank\" rel=\"noreferrer noopener\"><img loading=\"lazy\" decoding=\"async\" width=\"665\" height=\"946\" src=\"https:\/\/www.tartuh.ee\/wp-content\/uploads\/2022\/09\/2010snip.gif\" alt=\"\" class=\"wp-image-5552\" srcset=\"https:\/\/www.tartuh.ee\/wp-content\/uploads\/2022\/09\/2010snip.gif 665w, https:\/\/www.tartuh.ee\/wp-content\/uploads\/2022\/09\/2010snip-211x300.gif 211w\" sizes=\"auto, (max-width: 665px) 100vw, 665px\" \/><\/a><figcaption class=\"wp-element-caption\">Collection of Applied Researches IV <br>(Year 2010)<\/figcaption><\/figure>\n<\/div>\n<\/div>\n\n\n\n<div class=\"wp-block-columns is-layout-flex wp-container-core-columns-is-layout-9d6595d7 wp-block-columns-is-layout-flex\">\n<div class=\"wp-block-column is-layout-flow wp-block-column-is-layout-flow\">\n<figure class=\"wp-block-image size-full\"><a href=\"https:\/\/bit.ly\/3KPWiDS\" target=\"_blank\" rel=\"noreferrer noopener\"><img loading=\"lazy\" decoding=\"async\" width=\"665\" height=\"949\" src=\"https:\/\/www.tartuh.ee\/wp-content\/uploads\/2022\/09\/2009snip.gif\" alt=\"\" class=\"wp-image-5555\" srcset=\"https:\/\/www.tartuh.ee\/wp-content\/uploads\/2022\/09\/2009snip.gif 665w, https:\/\/www.tartuh.ee\/wp-content\/uploads\/2022\/09\/2009snip-210x300.gif 210w\" sizes=\"auto, (max-width: 665px) 100vw, 665px\" \/><\/a><figcaption class=\"wp-element-caption\">Collection of Applied Researches III <br>(Year 2009)<\/figcaption><\/figure>\n<\/div>\n\n\n\n<div class=\"wp-block-column is-layout-flow wp-block-column-is-layout-flow\"><\/div>\n\n\n\n<div class=\"wp-block-column is-layout-flow wp-block-column-is-layout-flow\"><\/div>\n<\/div>\n\n\n\n<p><a href=\"https:\/\/issuu.com\/jaanikaniinepuu\/docs\/uurimistoode_kogumik_2020\" target=\"_blank\" rel=\"noreferrer noopener\"><\/a><\/p>\n","protected":false},"excerpt":{"rendered":"<p>Every year Tartu Applied Health Sciences University has assembled best of the researches and student`s diploma works into Collection of Applied Researches (klick on the cover picture to read them):<\/p>\n","protected":false},"author":12,"featured_media":0,"parent":371,"menu_order":218,"comment_status":"closed","ping_status":"closed","template":"","meta":{"_acf_changed":false,"_eb_attr":"","inline_featured_image":false,"footnotes":""},"class_list":["post-377","page","type-page","status-publish","hentry"],"acf":[],"yoast_head":"<!-- This site is optimized with the Yoast SEO plugin v20.8 - https:\/\/yoast.com\/wordpress\/plugins\/seo\/ -->\n<title>Collection of Applied Researches - TARTUH.EE<\/title>\n<meta name=\"robots\" content=\"index, follow, max-snippet:-1, max-image-preview:large, max-video-preview:-1\" \/>\n<link rel=\"canonical\" href=\"https:\/\/www.tartuh.ee\/en\/research-and-development\/research\/r-d-priorities\/collection-of-applied-researches\/\" \/>\n<meta property=\"og:locale\" content=\"en_US\" \/>\n<meta property=\"og:type\" content=\"article\" \/>\n<meta property=\"og:title\" content=\"Collection of Applied Researches - TARTUH.EE\" \/>\n<meta property=\"og:description\" content=\"Every year Tartu Applied Health Sciences University has assembled best of the researches and student`s diploma works into Collection of Applied Researches (klick on the cover picture to read them):\" \/>\n<meta property=\"og:url\" content=\"https:\/\/www.tartuh.ee\/en\/research-and-development\/research\/r-d-priorities\/collection-of-applied-researches\/\" \/>\n<meta property=\"og:site_name\" content=\"TARTUH.EE\" \/>\n<meta property=\"article:modified_time\" content=\"2025-01-23T13:47:46+00:00\" \/>\n<meta property=\"og:image\" content=\"https:\/\/www.tartuh.ee\/wp-content\/uploads\/2022\/09\/2021-721x1024.jpg\" \/>\n<meta name=\"twitter:card\" content=\"summary_large_image\" \/>\n<meta name=\"twitter:label1\" content=\"Est. reading time\" \/>\n\t<meta name=\"twitter:data1\" content=\"4 minutes\" \/>\n<script type=\"application\/ld+json\" class=\"yoast-schema-graph\">{\"@context\":\"https:\/\/schema.org\",\"@graph\":[{\"@type\":\"WebPage\",\"@id\":\"https:\/\/www.tartuh.ee\/en\/research-and-development\/research\/r-d-priorities\/collection-of-applied-researches\/\",\"url\":\"https:\/\/www.tartuh.ee\/en\/research-and-development\/research\/r-d-priorities\/collection-of-applied-researches\/\",\"name\":\"Collection of Applied Researches - TARTUH.EE\",\"isPartOf\":{\"@id\":\"https:\/\/www.tartuh.ee\/#website\"},\"datePublished\":\"2022-05-03T09:22:13+00:00\",\"dateModified\":\"2025-01-23T13:47:46+00:00\",\"breadcrumb\":{\"@id\":\"https:\/\/www.tartuh.ee\/en\/research-and-development\/research\/r-d-priorities\/collection-of-applied-researches\/#breadcrumb\"},\"inLanguage\":\"en-US\",\"potentialAction\":[{\"@type\":\"ReadAction\",\"target\":[\"https:\/\/www.tartuh.ee\/en\/research-and-development\/research\/r-d-priorities\/collection-of-applied-researches\/\"]}]},{\"@type\":\"BreadcrumbList\",\"@id\":\"https:\/\/www.tartuh.ee\/en\/research-and-development\/research\/r-d-priorities\/collection-of-applied-researches\/#breadcrumb\",\"itemListElement\":[{\"@type\":\"ListItem\",\"position\":1,\"name\":\"Home\",\"item\":\"https:\/\/www.tartuh.ee\/en\/\"},{\"@type\":\"ListItem\",\"position\":2,\"name\":\"Research and Development\",\"item\":\"https:\/\/www.tartuh.ee\/en\/research-and-development\/\"},{\"@type\":\"ListItem\",\"position\":3,\"name\":\"Research\",\"item\":\"https:\/\/www.tartuh.ee\/en\/research-and-development\/research\/\"},{\"@type\":\"ListItem\",\"position\":4,\"name\":\"Research &amp; Development Priorities\",\"item\":\"https:\/\/www.tartuh.ee\/en\/research-and-development\/research\/r-d-priorities\/\"},{\"@type\":\"ListItem\",\"position\":5,\"name\":\"Collection of Applied Researches\"}]},{\"@type\":\"WebSite\",\"@id\":\"https:\/\/www.tartuh.ee\/#website\",\"url\":\"https:\/\/www.tartuh.ee\/\",\"name\":\"TARTUH.EE\",\"description\":\"Tartu Tervishoiu K\u00f5rgkool on Eestis ja rahvusvaheliselt hinnatud k\u00f5rgkool ning kompetentsikeskus tervise ja heaolu valdkonnas. K\u00f5rgkoolis on v\u00f5imalik \u00f5ppida rakendusk\u00f5rghariduse, magistri- ja kutse\u00f5ppe \u00f5ppekavadel.\",\"publisher\":{\"@id\":\"https:\/\/www.tartuh.ee\/#organization\"},\"potentialAction\":[{\"@type\":\"SearchAction\",\"target\":{\"@type\":\"EntryPoint\",\"urlTemplate\":\"https:\/\/www.tartuh.ee\/?s={search_term_string}\"},\"query-input\":\"required name=search_term_string\"}],\"inLanguage\":\"en-US\"},{\"@type\":\"Organization\",\"@id\":\"https:\/\/www.tartuh.ee\/#organization\",\"name\":\"TARTUH.EE\",\"url\":\"https:\/\/www.tartuh.ee\/\",\"logo\":{\"@type\":\"ImageObject\",\"inLanguage\":\"en-US\",\"@id\":\"https:\/\/www.tartuh.ee\/#\/schema\/logo\/image\/\",\"url\":\"https:\/\/www.tartuh.ee\/wp-content\/uploads\/2025\/01\/cropped-TTKK-2025-logo.jpg\",\"contentUrl\":\"https:\/\/www.tartuh.ee\/wp-content\/uploads\/2025\/01\/cropped-TTKK-2025-logo.jpg\",\"width\":1498,\"height\":755,\"caption\":\"TARTUH.EE\"},\"image\":{\"@id\":\"https:\/\/www.tartuh.ee\/#\/schema\/logo\/image\/\"}}]}<\/script>\n<!-- \/ Yoast SEO plugin. -->","yoast_head_json":{"title":"Collection of Applied Researches - TARTUH.EE","robots":{"index":"index","follow":"follow","max-snippet":"max-snippet:-1","max-image-preview":"max-image-preview:large","max-video-preview":"max-video-preview:-1"},"canonical":"https:\/\/www.tartuh.ee\/en\/research-and-development\/research\/r-d-priorities\/collection-of-applied-researches\/","og_locale":"en_US","og_type":"article","og_title":"Collection of Applied Researches - TARTUH.EE","og_description":"Every year Tartu Applied Health Sciences University has assembled best of the researches and student`s diploma works into Collection of Applied Researches (klick on the cover picture to read them):","og_url":"https:\/\/www.tartuh.ee\/en\/research-and-development\/research\/r-d-priorities\/collection-of-applied-researches\/","og_site_name":"TARTUH.EE","article_modified_time":"2025-01-23T13:47:46+00:00","og_image":[{"url":"https:\/\/www.tartuh.ee\/wp-content\/uploads\/2022\/09\/2021-721x1024.jpg"}],"twitter_card":"summary_large_image","twitter_misc":{"Est. reading time":"4 minutes"},"schema":{"@context":"https:\/\/schema.org","@graph":[{"@type":"WebPage","@id":"https:\/\/www.tartuh.ee\/en\/research-and-development\/research\/r-d-priorities\/collection-of-applied-researches\/","url":"https:\/\/www.tartuh.ee\/en\/research-and-development\/research\/r-d-priorities\/collection-of-applied-researches\/","name":"Collection of Applied Researches - TARTUH.EE","isPartOf":{"@id":"https:\/\/www.tartuh.ee\/#website"},"datePublished":"2022-05-03T09:22:13+00:00","dateModified":"2025-01-23T13:47:46+00:00","breadcrumb":{"@id":"https:\/\/www.tartuh.ee\/en\/research-and-development\/research\/r-d-priorities\/collection-of-applied-researches\/#breadcrumb"},"inLanguage":"en-US","potentialAction":[{"@type":"ReadAction","target":["https:\/\/www.tartuh.ee\/en\/research-and-development\/research\/r-d-priorities\/collection-of-applied-researches\/"]}]},{"@type":"BreadcrumbList","@id":"https:\/\/www.tartuh.ee\/en\/research-and-development\/research\/r-d-priorities\/collection-of-applied-researches\/#breadcrumb","itemListElement":[{"@type":"ListItem","position":1,"name":"Home","item":"https:\/\/www.tartuh.ee\/en\/"},{"@type":"ListItem","position":2,"name":"Research and Development","item":"https:\/\/www.tartuh.ee\/en\/research-and-development\/"},{"@type":"ListItem","position":3,"name":"Research","item":"https:\/\/www.tartuh.ee\/en\/research-and-development\/research\/"},{"@type":"ListItem","position":4,"name":"Research &amp; Development Priorities","item":"https:\/\/www.tartuh.ee\/en\/research-and-development\/research\/r-d-priorities\/"},{"@type":"ListItem","position":5,"name":"Collection of Applied Researches"}]},{"@type":"WebSite","@id":"https:\/\/www.tartuh.ee\/#website","url":"https:\/\/www.tartuh.ee\/","name":"TARTUH.EE","description":"Tartu Tervishoiu K\u00f5rgkool on Eestis ja rahvusvaheliselt hinnatud k\u00f5rgkool ning kompetentsikeskus tervise ja heaolu valdkonnas. K\u00f5rgkoolis on v\u00f5imalik \u00f5ppida rakendusk\u00f5rghariduse, magistri- ja kutse\u00f5ppe \u00f5ppekavadel.","publisher":{"@id":"https:\/\/www.tartuh.ee\/#organization"},"potentialAction":[{"@type":"SearchAction","target":{"@type":"EntryPoint","urlTemplate":"https:\/\/www.tartuh.ee\/?s={search_term_string}"},"query-input":"required name=search_term_string"}],"inLanguage":"en-US"},{"@type":"Organization","@id":"https:\/\/www.tartuh.ee\/#organization","name":"TARTUH.EE","url":"https:\/\/www.tartuh.ee\/","logo":{"@type":"ImageObject","inLanguage":"en-US","@id":"https:\/\/www.tartuh.ee\/#\/schema\/logo\/image\/","url":"https:\/\/www.tartuh.ee\/wp-content\/uploads\/2025\/01\/cropped-TTKK-2025-logo.jpg","contentUrl":"https:\/\/www.tartuh.ee\/wp-content\/uploads\/2025\/01\/cropped-TTKK-2025-logo.jpg","width":1498,"height":755,"caption":"TARTUH.EE"},"image":{"@id":"https:\/\/www.tartuh.ee\/#\/schema\/logo\/image\/"}}]}},"_links":{"self":[{"href":"https:\/\/www.tartuh.ee\/en\/wp-json\/wp\/v2\/pages\/377","targetHints":{"allow":["GET"]}}],"collection":[{"href":"https:\/\/www.tartuh.ee\/en\/wp-json\/wp\/v2\/pages"}],"about":[{"href":"https:\/\/www.tartuh.ee\/en\/wp-json\/wp\/v2\/types\/page"}],"author":[{"embeddable":true,"href":"https:\/\/www.tartuh.ee\/en\/wp-json\/wp\/v2\/users\/12"}],"replies":[{"embeddable":true,"href":"https:\/\/www.tartuh.ee\/en\/wp-json\/wp\/v2\/comments?post=377"}],"version-history":[{"count":12,"href":"https:\/\/www.tartuh.ee\/en\/wp-json\/wp\/v2\/pages\/377\/revisions"}],"predecessor-version":[{"id":14593,"href":"https:\/\/www.tartuh.ee\/en\/wp-json\/wp\/v2\/pages\/377\/revisions\/14593"}],"up":[{"embeddable":true,"href":"https:\/\/www.tartuh.ee\/en\/wp-json\/wp\/v2\/pages\/371"}],"wp:attachment":[{"href":"https:\/\/www.tartuh.ee\/en\/wp-json\/wp\/v2\/media?parent=377"}],"curies":[{"name":"wp","href":"https:\/\/api.w.org\/{rel}","templated":true}]}}