{"id":422,"date":"2022-05-03T10:42:45","date_gmt":"2022-05-03T10:42:45","guid":{"rendered":"https:\/\/www.tartuh.ee\/?page_id=422"},"modified":"2025-05-21T13:44:04","modified_gmt":"2025-05-21T13:44:04","slug":"gespa-success-in-applied-researches","status":"publish","type":"page","link":"https:\/\/www.tartuh.ee\/en\/research-and-development\/research\/r-d-priorities\/gespa-success-in-applied-researches\/","title":{"rendered":"GESPA: Success in Applied Researches"},"content":{"rendered":"\n<p>In 2012 Tartu Applied Health Sciences University started an applied research &#8220;Assessment of the 3-month effect of support taping aid to correcting 5- to 8-year-olds&#8217;\u00a0<em>genu valgum<\/em>\u00a0and longitudinal foot arch&#8221;. Since 2015 belongs a patentable invention &#8220;Mehhanoterapic device and method for measuring&#8221; to Tartu Applied Health Sciences University and University of Tartu\u00a0 which was created during the reasearch process, authors are Arved Vain, Reet Linkberg, Ivi Vaher and Anna-Liisa Tamm. Invention Patent Priority no : 1403692.5.<\/p>\n\n\n\n<p>On this subject also TARTUH students have done three final papers:<\/p>\n\n\n\n<ol class=\"wp-block-list\">\n<li>Luukas, M-L. (2013). Impact of wearing supportive elastic garment to 5-7-year-olds&#8217;&nbsp;<em>genu valum<\/em>&nbsp;in lower limbs.<\/li>\n\n\n\n<li>Pielberg, M. (2013). Effect of using garment with pressure and elastic components to muscles in correcting&nbsp;<em>genu valgum<\/em>&nbsp;in 5-7-year-olds.<\/li>\n\n\n\n<li>Laanesaar, L., Nigulas, E. (2015). Possibility of using garment with elastic straps and pressure applicator in mechanotherapy to correct pre-school children&#8217;s genu valgum.<br>E. Nigulas and L. Laanesaar were awerded in ENPHE Thesis Award with honorable second place with their thesis &#8220;<a href=\"https:\/\/www.youtube.com\/watch?v=VbaDsl4qRZ8\" target=\"_blank\" rel=\"noreferrer noopener\">Possibility of using garment with elastic straps and pressure applicator (GESPA) in mechanotherapy to correct preschool children`s&nbsp;<em>genu valgum<\/em><\/a>&#8220;.<\/li>\n<\/ol>\n\n\n\n<figure class=\"wp-block-embed is-type-video is-provider-youtube wp-block-embed-youtube wp-embed-aspect-16-9 wp-has-aspect-ratio\"><div class=\"wp-block-embed__wrapper\">\n<iframe loading=\"lazy\" title=\"ENPHE Thesis Award Tartu Health Care College\" width=\"500\" height=\"281\" src=\"https:\/\/www.youtube.com\/embed\/VbaDsl4qRZ8?feature=oembed\" frameborder=\"0\" allow=\"accelerometer; autoplay; clipboard-write; encrypted-media; gyroscope; picture-in-picture; web-share\" referrerpolicy=\"strict-origin-when-cross-origin\" allowfullscreen><\/iframe>\n<\/div><\/figure>\n\n\n\n<p>The applied research &#8220;Assessment of the 3-month effect of support taping aid to correcting 5- to 8-year-olds&#8217;&nbsp;<em>genu valgum<\/em>&nbsp;and longitudinal foot arch&#8221; is going to be end in 2018 and is led by Anna-Liisa Tamm (PhD).<\/p>\n\n\n\n<figure class=\"wp-block-embed is-type-video is-provider-youtube wp-block-embed-youtube wp-embed-aspect-16-9 wp-has-aspect-ratio\"><div class=\"wp-block-embed__wrapper\">\n<iframe loading=\"lazy\" title=\"GV Correct - correcting knocked knees (genu valgum) in children\" width=\"500\" height=\"281\" src=\"https:\/\/www.youtube.com\/embed\/rt75OB2ajTI?feature=oembed\" frameborder=\"0\" allow=\"accelerometer; autoplay; clipboard-write; encrypted-media; gyroscope; picture-in-picture; web-share\" referrerpolicy=\"strict-origin-when-cross-origin\" allowfullscreen><\/iframe>\n<\/div><\/figure>\n","protected":false},"excerpt":{"rendered":"<p>In 2012 Tartu Applied Health Sciences University started an applied research &#8220;Assessment of the 3-month effect of support taping aid to correcting 5- to 8-year-olds&#8217;\u00a0genu valgum\u00a0and longitudinal foot arch&#8221;. Since 2015 belongs a patentable invention &#8220;Mehhanoterapic device and method for measuring&#8221; to Tartu Applied Health Sciences University and University of Tartu\u00a0 which was created during [&hellip;]<\/p>\n","protected":false},"author":12,"featured_media":0,"parent":371,"menu_order":216,"comment_status":"closed","ping_status":"closed","template":"","meta":{"_acf_changed":false,"_eb_attr":"","inline_featured_image":false,"footnotes":""},"class_list":["post-422","page","type-page","status-publish","hentry"],"acf":[],"yoast_head":"<!-- This site is optimized with the Yoast SEO plugin v20.8 - https:\/\/yoast.com\/wordpress\/plugins\/seo\/ -->\n<title>GESPA: Success in Applied Researches - TARTUH.EE<\/title>\n<meta name=\"robots\" content=\"index, follow, max-snippet:-1, max-image-preview:large, max-video-preview:-1\" \/>\n<link rel=\"canonical\" href=\"https:\/\/www.tartuh.ee\/en\/research-and-development\/research\/r-d-priorities\/gespa-success-in-applied-researches\/\" \/>\n<meta property=\"og:locale\" content=\"en_US\" \/>\n<meta property=\"og:type\" content=\"article\" \/>\n<meta property=\"og:title\" content=\"GESPA: Success in Applied Researches - TARTUH.EE\" \/>\n<meta property=\"og:description\" content=\"In 2012 Tartu Applied Health Sciences University started an applied research &#8220;Assessment of the 3-month effect of support taping aid to correcting 5- to 8-year-olds&#8217;\u00a0genu valgum\u00a0and longitudinal foot arch&#8221;. Since 2015 belongs a patentable invention &#8220;Mehhanoterapic device and method for measuring&#8221; to Tartu Applied Health Sciences University and University of Tartu\u00a0 which was created during [&hellip;]\" \/>\n<meta property=\"og:url\" content=\"https:\/\/www.tartuh.ee\/en\/research-and-development\/research\/r-d-priorities\/gespa-success-in-applied-researches\/\" \/>\n<meta property=\"og:site_name\" content=\"TARTUH.EE\" \/>\n<meta property=\"article:modified_time\" content=\"2025-05-21T13:44:04+00:00\" \/>\n<meta name=\"twitter:card\" content=\"summary_large_image\" \/>\n<meta name=\"twitter:label1\" content=\"Est. reading time\" \/>\n\t<meta name=\"twitter:data1\" content=\"2 minutes\" \/>\n<script type=\"application\/ld+json\" class=\"yoast-schema-graph\">{\"@context\":\"https:\/\/schema.org\",\"@graph\":[{\"@type\":\"WebPage\",\"@id\":\"https:\/\/www.tartuh.ee\/en\/research-and-development\/research\/r-d-priorities\/gespa-success-in-applied-researches\/\",\"url\":\"https:\/\/www.tartuh.ee\/en\/research-and-development\/research\/r-d-priorities\/gespa-success-in-applied-researches\/\",\"name\":\"GESPA: Success in Applied Researches - TARTUH.EE\",\"isPartOf\":{\"@id\":\"https:\/\/www.tartuh.ee\/#website\"},\"datePublished\":\"2022-05-03T10:42:45+00:00\",\"dateModified\":\"2025-05-21T13:44:04+00:00\",\"breadcrumb\":{\"@id\":\"https:\/\/www.tartuh.ee\/en\/research-and-development\/research\/r-d-priorities\/gespa-success-in-applied-researches\/#breadcrumb\"},\"inLanguage\":\"en-US\",\"potentialAction\":[{\"@type\":\"ReadAction\",\"target\":[\"https:\/\/www.tartuh.ee\/en\/research-and-development\/research\/r-d-priorities\/gespa-success-in-applied-researches\/\"]}]},{\"@type\":\"BreadcrumbList\",\"@id\":\"https:\/\/www.tartuh.ee\/en\/research-and-development\/research\/r-d-priorities\/gespa-success-in-applied-researches\/#breadcrumb\",\"itemListElement\":[{\"@type\":\"ListItem\",\"position\":1,\"name\":\"Home\",\"item\":\"https:\/\/www.tartuh.ee\/en\/\"},{\"@type\":\"ListItem\",\"position\":2,\"name\":\"Research and Development\",\"item\":\"https:\/\/www.tartuh.ee\/en\/research-and-development\/\"},{\"@type\":\"ListItem\",\"position\":3,\"name\":\"Research\",\"item\":\"https:\/\/www.tartuh.ee\/en\/research-and-development\/research\/\"},{\"@type\":\"ListItem\",\"position\":4,\"name\":\"Research &amp; Development Priorities\",\"item\":\"https:\/\/www.tartuh.ee\/en\/research-and-development\/research\/r-d-priorities\/\"},{\"@type\":\"ListItem\",\"position\":5,\"name\":\"GESPA: Success in Applied Researches\"}]},{\"@type\":\"WebSite\",\"@id\":\"https:\/\/www.tartuh.ee\/#website\",\"url\":\"https:\/\/www.tartuh.ee\/\",\"name\":\"TARTUH.EE\",\"description\":\"Tartu Tervishoiu K\u00f5rgkool on Eestis ja rahvusvaheliselt hinnatud k\u00f5rgkool ning kompetentsikeskus tervise ja heaolu valdkonnas. K\u00f5rgkoolis on v\u00f5imalik \u00f5ppida rakendusk\u00f5rghariduse, magistri- ja kutse\u00f5ppe \u00f5ppekavadel.\",\"publisher\":{\"@id\":\"https:\/\/www.tartuh.ee\/#organization\"},\"potentialAction\":[{\"@type\":\"SearchAction\",\"target\":{\"@type\":\"EntryPoint\",\"urlTemplate\":\"https:\/\/www.tartuh.ee\/?s={search_term_string}\"},\"query-input\":\"required name=search_term_string\"}],\"inLanguage\":\"en-US\"},{\"@type\":\"Organization\",\"@id\":\"https:\/\/www.tartuh.ee\/#organization\",\"name\":\"TARTUH.EE\",\"url\":\"https:\/\/www.tartuh.ee\/\",\"logo\":{\"@type\":\"ImageObject\",\"inLanguage\":\"en-US\",\"@id\":\"https:\/\/www.tartuh.ee\/#\/schema\/logo\/image\/\",\"url\":\"https:\/\/www.tartuh.ee\/wp-content\/uploads\/2025\/01\/cropped-TTKK-2025-logo.jpg\",\"contentUrl\":\"https:\/\/www.tartuh.ee\/wp-content\/uploads\/2025\/01\/cropped-TTKK-2025-logo.jpg\",\"width\":1498,\"height\":755,\"caption\":\"TARTUH.EE\"},\"image\":{\"@id\":\"https:\/\/www.tartuh.ee\/#\/schema\/logo\/image\/\"}}]}<\/script>\n<!-- \/ Yoast SEO plugin. -->","yoast_head_json":{"title":"GESPA: Success in Applied Researches - TARTUH.EE","robots":{"index":"index","follow":"follow","max-snippet":"max-snippet:-1","max-image-preview":"max-image-preview:large","max-video-preview":"max-video-preview:-1"},"canonical":"https:\/\/www.tartuh.ee\/en\/research-and-development\/research\/r-d-priorities\/gespa-success-in-applied-researches\/","og_locale":"en_US","og_type":"article","og_title":"GESPA: Success in Applied Researches - TARTUH.EE","og_description":"In 2012 Tartu Applied Health Sciences University started an applied research &#8220;Assessment of the 3-month effect of support taping aid to correcting 5- to 8-year-olds&#8217;\u00a0genu valgum\u00a0and longitudinal foot arch&#8221;. Since 2015 belongs a patentable invention &#8220;Mehhanoterapic device and method for measuring&#8221; to Tartu Applied Health Sciences University and University of Tartu\u00a0 which was created during [&hellip;]","og_url":"https:\/\/www.tartuh.ee\/en\/research-and-development\/research\/r-d-priorities\/gespa-success-in-applied-researches\/","og_site_name":"TARTUH.EE","article_modified_time":"2025-05-21T13:44:04+00:00","twitter_card":"summary_large_image","twitter_misc":{"Est. reading time":"2 minutes"},"schema":{"@context":"https:\/\/schema.org","@graph":[{"@type":"WebPage","@id":"https:\/\/www.tartuh.ee\/en\/research-and-development\/research\/r-d-priorities\/gespa-success-in-applied-researches\/","url":"https:\/\/www.tartuh.ee\/en\/research-and-development\/research\/r-d-priorities\/gespa-success-in-applied-researches\/","name":"GESPA: Success in Applied Researches - TARTUH.EE","isPartOf":{"@id":"https:\/\/www.tartuh.ee\/#website"},"datePublished":"2022-05-03T10:42:45+00:00","dateModified":"2025-05-21T13:44:04+00:00","breadcrumb":{"@id":"https:\/\/www.tartuh.ee\/en\/research-and-development\/research\/r-d-priorities\/gespa-success-in-applied-researches\/#breadcrumb"},"inLanguage":"en-US","potentialAction":[{"@type":"ReadAction","target":["https:\/\/www.tartuh.ee\/en\/research-and-development\/research\/r-d-priorities\/gespa-success-in-applied-researches\/"]}]},{"@type":"BreadcrumbList","@id":"https:\/\/www.tartuh.ee\/en\/research-and-development\/research\/r-d-priorities\/gespa-success-in-applied-researches\/#breadcrumb","itemListElement":[{"@type":"ListItem","position":1,"name":"Home","item":"https:\/\/www.tartuh.ee\/en\/"},{"@type":"ListItem","position":2,"name":"Research and Development","item":"https:\/\/www.tartuh.ee\/en\/research-and-development\/"},{"@type":"ListItem","position":3,"name":"Research","item":"https:\/\/www.tartuh.ee\/en\/research-and-development\/research\/"},{"@type":"ListItem","position":4,"name":"Research &amp; Development Priorities","item":"https:\/\/www.tartuh.ee\/en\/research-and-development\/research\/r-d-priorities\/"},{"@type":"ListItem","position":5,"name":"GESPA: Success in Applied Researches"}]},{"@type":"WebSite","@id":"https:\/\/www.tartuh.ee\/#website","url":"https:\/\/www.tartuh.ee\/","name":"TARTUH.EE","description":"Tartu Tervishoiu K\u00f5rgkool on Eestis ja rahvusvaheliselt hinnatud k\u00f5rgkool ning kompetentsikeskus tervise ja heaolu valdkonnas. K\u00f5rgkoolis on v\u00f5imalik \u00f5ppida rakendusk\u00f5rghariduse, magistri- ja kutse\u00f5ppe \u00f5ppekavadel.","publisher":{"@id":"https:\/\/www.tartuh.ee\/#organization"},"potentialAction":[{"@type":"SearchAction","target":{"@type":"EntryPoint","urlTemplate":"https:\/\/www.tartuh.ee\/?s={search_term_string}"},"query-input":"required name=search_term_string"}],"inLanguage":"en-US"},{"@type":"Organization","@id":"https:\/\/www.tartuh.ee\/#organization","name":"TARTUH.EE","url":"https:\/\/www.tartuh.ee\/","logo":{"@type":"ImageObject","inLanguage":"en-US","@id":"https:\/\/www.tartuh.ee\/#\/schema\/logo\/image\/","url":"https:\/\/www.tartuh.ee\/wp-content\/uploads\/2025\/01\/cropped-TTKK-2025-logo.jpg","contentUrl":"https:\/\/www.tartuh.ee\/wp-content\/uploads\/2025\/01\/cropped-TTKK-2025-logo.jpg","width":1498,"height":755,"caption":"TARTUH.EE"},"image":{"@id":"https:\/\/www.tartuh.ee\/#\/schema\/logo\/image\/"}}]}},"_links":{"self":[{"href":"https:\/\/www.tartuh.ee\/en\/wp-json\/wp\/v2\/pages\/422","targetHints":{"allow":["GET"]}}],"collection":[{"href":"https:\/\/www.tartuh.ee\/en\/wp-json\/wp\/v2\/pages"}],"about":[{"href":"https:\/\/www.tartuh.ee\/en\/wp-json\/wp\/v2\/types\/page"}],"author":[{"embeddable":true,"href":"https:\/\/www.tartuh.ee\/en\/wp-json\/wp\/v2\/users\/12"}],"replies":[{"embeddable":true,"href":"https:\/\/www.tartuh.ee\/en\/wp-json\/wp\/v2\/comments?post=422"}],"version-history":[{"count":11,"href":"https:\/\/www.tartuh.ee\/en\/wp-json\/wp\/v2\/pages\/422\/revisions"}],"predecessor-version":[{"id":15641,"href":"https:\/\/www.tartuh.ee\/en\/wp-json\/wp\/v2\/pages\/422\/revisions\/15641"}],"up":[{"embeddable":true,"href":"https:\/\/www.tartuh.ee\/en\/wp-json\/wp\/v2\/pages\/371"}],"wp:attachment":[{"href":"https:\/\/www.tartuh.ee\/en\/wp-json\/wp\/v2\/media?parent=422"}],"curies":[{"name":"wp","href":"https:\/\/api.w.org\/{rel}","templated":true}]}}