{"id":435,"date":"2022-05-03T11:10:50","date_gmt":"2022-05-03T11:10:50","guid":{"rendered":"https:\/\/www.tartuh.ee\/?page_id=435"},"modified":"2025-05-21T13:48:27","modified_gmt":"2025-05-21T13:48:27","slug":"projects","status":"publish","type":"page","link":"https:\/\/www.tartuh.ee\/en\/research-and-development\/projects\/","title":{"rendered":"Projects"},"content":{"rendered":"\n<p>We work for creating conditions for the best health care education and promote health awareness in the society. TARTUH is a nationally and internationally valued higher education institution and a competence centre in the field of health and welfare. \u00a0<\/p>\n\n\n\n<p><mark style=\"background-color:#ffffff\" class=\"has-inline-color has-black-color\"><strong>The university is governed by four care values in its performance:<\/strong><\/mark><\/p>\n\n\n\n<p><mark style=\"background-color:#ffffff\" class=\"has-inline-color has-vivid-red-color\"><strong>PROFESSIONALISM:<\/strong>&nbsp;<\/mark>We value quality, evidence-base, expertise, transparency, academic freedom and collaboration. &nbsp;&nbsp;<\/p>\n\n\n\n<p><mark style=\"background-color:#ffffff\" class=\"has-inline-color has-vivid-red-color\"><strong>DEVELOPMENT ORIENTEDNESS<\/strong>: <\/mark>We are learning-centred, smart, considering social needs, relevant and innovative.<\/p>\n\n\n\n<p><strong><mark style=\"background-color:#ffffff\" class=\"has-inline-color has-vivid-red-color\">HUMAN CENTREDNESS:<\/mark><\/strong>&nbsp;We value ethical principles, integrity, equality, empathy, individual approach and involvement.<\/p>\n\n\n\n<p><strong><mark style=\"background-color:#ffffff\" class=\"has-inline-color has-vivid-red-color\">HEALTH AWARENESS:<\/mark><\/strong>&nbsp;We support health, value healthy lifestyles and promote health awareness.<\/p>\n\n\n\n<p><\/p>\n\n\n\n<p><\/p>\n\n\n\n<p><strong><mark style=\"background-color:#ffffff\" class=\"has-inline-color has-black-color\">For projects development we follow our Development plan&nbsp;2021-2025 strategic objectives in five areas:<\/mark><\/strong><\/p>\n\n\n\n<ul class=\"wp-block-list\">\n<li><strong>E1. High-quality implementation of the curricula as well as competent graduates who are valued in the labour market.\u00a0<\/strong>The university considers it essential that all the curricula at the levels of professional education, Master\u2019s studies and vocational education are based on current specialised knowledge, continuously and systematically revised based on evidence, taking into account the needs of the labour market, international development trends in the specialist fields and changes in the society. \u00a0\u00a0\u00a0<\/li>\n<\/ul>\n\n\n\n<ul class=\"wp-block-list\">\n<li><strong>E2. Research and development support evidence-based learning and teaching, as well as promote health awareness in the society.\u00a0<\/strong>High-quality research and development ensure evidence-based promotion of continuous health and social care education at the university. Curriculum development based on collaboration across the curricula, as well as the improvement of health-related knowledge, skills and attitudes in the community serve as the priority in the identification of research and development topics.\n<ul class=\"wp-block-list\">\n<li><strong>E2.1 Research and development capacity is growing<\/strong><\/li>\n\n\n\n<li><strong>E2.2 Research and development is contributing to health awareness promotion in the society<\/strong><\/li>\n<\/ul>\n<\/li>\n<\/ul>\n\n\n\n<ul class=\"wp-block-list\">\n<li><strong>E3. The system of services supporting the sustainable development of the field and the organisation is in operation<\/strong>. Services are supporting a varied practical training, resulting in education that meets the needs of the society and in high-quality preparation for the competition in the labour market. Functioning community education supports the relationships between the university and the community (the society as a whole), contributing to the health awareness promotion of the population. \u00a0<\/li>\n<\/ul>\n\n\n\n<ul class=\"wp-block-list\">\n<li><strong>E4. Internationalisation is supporting the quality of health care education and the recognition of the university.\u00a0<\/strong>Internationalisation facilitates the improvement of knowledge and skills at the university, enabling us to provide contemporary curricula and assure their quality.\u00a0 The staff as well as the (international) students have an environment that favours the improvement of knowledge and mastery of skills. Increasing number of international partners and networks is evidencing the high-quality of the university as the competence centre, more and more potential student candidates are willing to acquire knowledge and skills provided\u00a0by the university which, in turn, contributes to the increasing international recognition and attractiveness of the university.<\/li>\n<\/ul>\n\n\n\n<ul class=\"wp-block-list\">\n<li><strong>E5. TARTUH functions openly and effectively<\/strong>. We develop continuously an open organisation culture and environment based on the core values of the university in order to support learning, meet the needs of the learner and facilitate the employees\u2019 commitment to their professional performance. We follow the principle of equal treatment and value that every person takes responsibility for their tasks. Tartu Applied Health Sciences University has\u00a0<a href=\"https:\/\/www.tartuh.ee\/download_file\/view\/400\/981\" target=\"_blank\" rel=\"noreferrer noopener\">diverse project work experiences<\/a>\u00a0in local and international level.<\/li>\n<\/ul>\n\n\n\n<div style=\"height:50px\" aria-hidden=\"true\" class=\"wp-block-spacer\"><\/div>\n\n\n<div class=\"_personShort\" role=\"region\" aria-label=\"Person short\"><div class=\"_personShortWrap\" role=\"group\" aria-label=\"Person info\"><div class=\"_personPhoto\" role=\"img\" aria-label=\"Photos of Jaan Looga\"><img loading=\"lazy\" decoding=\"async\" width=\"90\" height=\"90\" src=\"https:\/\/www.tartuh.ee\/wp-content\/uploads\/2022\/05\/jaanlooga-1.jpg\" class=\"attachment-hero-sm size-hero-sm\" alt=\"Jaan Looga\" \/><img loading=\"lazy\" decoding=\"async\" width=\"90\" height=\"90\" src=\"https:\/\/www.tartuh.ee\/wp-content\/uploads\/2022\/05\/jaanlooga-2.jpg\" class=\"attachment-hero-sm size-hero-sm\" alt=\"Jaan Looga\" \/><\/div><div class=\"_mainPersonInfo\" role=\"group\" aria-label=\"Main person info\"><p class=\"_name\" role=\"note\" aria-label=\"Name\">Jaan Looga<\/p><p class=\"_position\" role=\"note\" aria-label=\"Position\">Research Coordinator<\/p><a class=\"_phone\" href=\"tel:+372 7370210\"  aria-label=\"Phone\">+372 737 0210<\/a><a class=\"_email\" href=\"mailto:jaan.looga@tartuh.ee\"  aria-label=\"Email\">jaan.looga@tartuh.ee<\/a><\/div><\/div><\/div>","protected":false},"excerpt":{"rendered":"<p>We work for creating conditions for the best health care education and promote health awareness in the society. TARTUH is a nationally and internationally valued higher education institution and a competence centre in the field of health and welfare. \u00a0 The university is governed by four care values in its performance: PROFESSIONALISM:&nbsp;We value quality, evidence-base, [&hellip;]<\/p>\n","protected":false},"author":31,"featured_media":0,"parent":5847,"menu_order":215,"comment_status":"closed","ping_status":"closed","template":"","meta":{"_acf_changed":false,"_eb_attr":"","inline_featured_image":false,"footnotes":""},"class_list":["post-435","page","type-page","status-publish","hentry"],"acf":[],"yoast_head":"<!-- This site is optimized with the Yoast SEO plugin v20.8 - https:\/\/yoast.com\/wordpress\/plugins\/seo\/ -->\n<title>Projects - TARTUH.EE<\/title>\n<meta name=\"robots\" content=\"index, follow, max-snippet:-1, max-image-preview:large, max-video-preview:-1\" \/>\n<link rel=\"canonical\" href=\"https:\/\/www.tartuh.ee\/en\/research-and-development\/projects\/\" \/>\n<meta property=\"og:locale\" content=\"en_US\" \/>\n<meta property=\"og:type\" content=\"article\" \/>\n<meta property=\"og:title\" content=\"Projects - TARTUH.EE\" \/>\n<meta property=\"og:description\" content=\"We work for creating conditions for the best health care education and promote health awareness in the society. TARTUH is a nationally and internationally valued higher education institution and a competence centre in the field of health and welfare. \u00a0 The university is governed by four care values in its performance: PROFESSIONALISM:&nbsp;We value quality, evidence-base, [&hellip;]\" \/>\n<meta property=\"og:url\" content=\"https:\/\/www.tartuh.ee\/en\/research-and-development\/projects\/\" \/>\n<meta property=\"og:site_name\" content=\"TARTUH.EE\" \/>\n<meta property=\"article:modified_time\" content=\"2025-05-21T13:48:27+00:00\" \/>\n<meta name=\"twitter:card\" content=\"summary_large_image\" \/>\n<meta name=\"twitter:label1\" content=\"Est. reading time\" \/>\n\t<meta name=\"twitter:data1\" content=\"3 minutes\" \/>\n<script type=\"application\/ld+json\" class=\"yoast-schema-graph\">{\"@context\":\"https:\/\/schema.org\",\"@graph\":[{\"@type\":\"WebPage\",\"@id\":\"https:\/\/www.tartuh.ee\/en\/research-and-development\/projects\/\",\"url\":\"https:\/\/www.tartuh.ee\/en\/research-and-development\/projects\/\",\"name\":\"Projects - TARTUH.EE\",\"isPartOf\":{\"@id\":\"https:\/\/www.tartuh.ee\/#website\"},\"datePublished\":\"2022-05-03T11:10:50+00:00\",\"dateModified\":\"2025-05-21T13:48:27+00:00\",\"breadcrumb\":{\"@id\":\"https:\/\/www.tartuh.ee\/en\/research-and-development\/projects\/#breadcrumb\"},\"inLanguage\":\"en-US\",\"potentialAction\":[{\"@type\":\"ReadAction\",\"target\":[\"https:\/\/www.tartuh.ee\/en\/research-and-development\/projects\/\"]}]},{\"@type\":\"BreadcrumbList\",\"@id\":\"https:\/\/www.tartuh.ee\/en\/research-and-development\/projects\/#breadcrumb\",\"itemListElement\":[{\"@type\":\"ListItem\",\"position\":1,\"name\":\"Home\",\"item\":\"https:\/\/www.tartuh.ee\/en\/\"},{\"@type\":\"ListItem\",\"position\":2,\"name\":\"Research and Development\",\"item\":\"https:\/\/www.tartuh.ee\/en\/research-and-development\/\"},{\"@type\":\"ListItem\",\"position\":3,\"name\":\"Projects\"}]},{\"@type\":\"WebSite\",\"@id\":\"https:\/\/www.tartuh.ee\/#website\",\"url\":\"https:\/\/www.tartuh.ee\/\",\"name\":\"TARTUH.EE\",\"description\":\"Tartu Tervishoiu K\u00f5rgkool on Eestis ja rahvusvaheliselt hinnatud k\u00f5rgkool ning kompetentsikeskus tervise ja heaolu valdkonnas. K\u00f5rgkoolis on v\u00f5imalik \u00f5ppida rakendusk\u00f5rghariduse, magistri- ja kutse\u00f5ppe \u00f5ppekavadel.\",\"publisher\":{\"@id\":\"https:\/\/www.tartuh.ee\/#organization\"},\"potentialAction\":[{\"@type\":\"SearchAction\",\"target\":{\"@type\":\"EntryPoint\",\"urlTemplate\":\"https:\/\/www.tartuh.ee\/?s={search_term_string}\"},\"query-input\":\"required name=search_term_string\"}],\"inLanguage\":\"en-US\"},{\"@type\":\"Organization\",\"@id\":\"https:\/\/www.tartuh.ee\/#organization\",\"name\":\"TARTUH.EE\",\"url\":\"https:\/\/www.tartuh.ee\/\",\"logo\":{\"@type\":\"ImageObject\",\"inLanguage\":\"en-US\",\"@id\":\"https:\/\/www.tartuh.ee\/#\/schema\/logo\/image\/\",\"url\":\"https:\/\/www.tartuh.ee\/wp-content\/uploads\/2025\/01\/cropped-TTKK-2025-logo.jpg\",\"contentUrl\":\"https:\/\/www.tartuh.ee\/wp-content\/uploads\/2025\/01\/cropped-TTKK-2025-logo.jpg\",\"width\":1498,\"height\":755,\"caption\":\"TARTUH.EE\"},\"image\":{\"@id\":\"https:\/\/www.tartuh.ee\/#\/schema\/logo\/image\/\"}}]}<\/script>\n<!-- \/ Yoast SEO plugin. -->","yoast_head_json":{"title":"Projects - TARTUH.EE","robots":{"index":"index","follow":"follow","max-snippet":"max-snippet:-1","max-image-preview":"max-image-preview:large","max-video-preview":"max-video-preview:-1"},"canonical":"https:\/\/www.tartuh.ee\/en\/research-and-development\/projects\/","og_locale":"en_US","og_type":"article","og_title":"Projects - TARTUH.EE","og_description":"We work for creating conditions for the best health care education and promote health awareness in the society. TARTUH is a nationally and internationally valued higher education institution and a competence centre in the field of health and welfare. \u00a0 The university is governed by four care values in its performance: PROFESSIONALISM:&nbsp;We value quality, evidence-base, [&hellip;]","og_url":"https:\/\/www.tartuh.ee\/en\/research-and-development\/projects\/","og_site_name":"TARTUH.EE","article_modified_time":"2025-05-21T13:48:27+00:00","twitter_card":"summary_large_image","twitter_misc":{"Est. reading time":"3 minutes"},"schema":{"@context":"https:\/\/schema.org","@graph":[{"@type":"WebPage","@id":"https:\/\/www.tartuh.ee\/en\/research-and-development\/projects\/","url":"https:\/\/www.tartuh.ee\/en\/research-and-development\/projects\/","name":"Projects - TARTUH.EE","isPartOf":{"@id":"https:\/\/www.tartuh.ee\/#website"},"datePublished":"2022-05-03T11:10:50+00:00","dateModified":"2025-05-21T13:48:27+00:00","breadcrumb":{"@id":"https:\/\/www.tartuh.ee\/en\/research-and-development\/projects\/#breadcrumb"},"inLanguage":"en-US","potentialAction":[{"@type":"ReadAction","target":["https:\/\/www.tartuh.ee\/en\/research-and-development\/projects\/"]}]},{"@type":"BreadcrumbList","@id":"https:\/\/www.tartuh.ee\/en\/research-and-development\/projects\/#breadcrumb","itemListElement":[{"@type":"ListItem","position":1,"name":"Home","item":"https:\/\/www.tartuh.ee\/en\/"},{"@type":"ListItem","position":2,"name":"Research and Development","item":"https:\/\/www.tartuh.ee\/en\/research-and-development\/"},{"@type":"ListItem","position":3,"name":"Projects"}]},{"@type":"WebSite","@id":"https:\/\/www.tartuh.ee\/#website","url":"https:\/\/www.tartuh.ee\/","name":"TARTUH.EE","description":"Tartu Tervishoiu K\u00f5rgkool on Eestis ja rahvusvaheliselt hinnatud k\u00f5rgkool ning kompetentsikeskus tervise ja heaolu valdkonnas. K\u00f5rgkoolis on v\u00f5imalik \u00f5ppida rakendusk\u00f5rghariduse, magistri- ja kutse\u00f5ppe \u00f5ppekavadel.","publisher":{"@id":"https:\/\/www.tartuh.ee\/#organization"},"potentialAction":[{"@type":"SearchAction","target":{"@type":"EntryPoint","urlTemplate":"https:\/\/www.tartuh.ee\/?s={search_term_string}"},"query-input":"required name=search_term_string"}],"inLanguage":"en-US"},{"@type":"Organization","@id":"https:\/\/www.tartuh.ee\/#organization","name":"TARTUH.EE","url":"https:\/\/www.tartuh.ee\/","logo":{"@type":"ImageObject","inLanguage":"en-US","@id":"https:\/\/www.tartuh.ee\/#\/schema\/logo\/image\/","url":"https:\/\/www.tartuh.ee\/wp-content\/uploads\/2025\/01\/cropped-TTKK-2025-logo.jpg","contentUrl":"https:\/\/www.tartuh.ee\/wp-content\/uploads\/2025\/01\/cropped-TTKK-2025-logo.jpg","width":1498,"height":755,"caption":"TARTUH.EE"},"image":{"@id":"https:\/\/www.tartuh.ee\/#\/schema\/logo\/image\/"}}]}},"_links":{"self":[{"href":"https:\/\/www.tartuh.ee\/en\/wp-json\/wp\/v2\/pages\/435","targetHints":{"allow":["GET"]}}],"collection":[{"href":"https:\/\/www.tartuh.ee\/en\/wp-json\/wp\/v2\/pages"}],"about":[{"href":"https:\/\/www.tartuh.ee\/en\/wp-json\/wp\/v2\/types\/page"}],"author":[{"embeddable":true,"href":"https:\/\/www.tartuh.ee\/en\/wp-json\/wp\/v2\/users\/31"}],"replies":[{"embeddable":true,"href":"https:\/\/www.tartuh.ee\/en\/wp-json\/wp\/v2\/comments?post=435"}],"version-history":[{"count":20,"href":"https:\/\/www.tartuh.ee\/en\/wp-json\/wp\/v2\/pages\/435\/revisions"}],"predecessor-version":[{"id":15643,"href":"https:\/\/www.tartuh.ee\/en\/wp-json\/wp\/v2\/pages\/435\/revisions\/15643"}],"up":[{"embeddable":true,"href":"https:\/\/www.tartuh.ee\/en\/wp-json\/wp\/v2\/pages\/5847"}],"wp:attachment":[{"href":"https:\/\/www.tartuh.ee\/en\/wp-json\/wp\/v2\/media?parent=435"}],"curies":[{"name":"wp","href":"https:\/\/api.w.org\/{rel}","templated":true}]}}