{"id":453,"date":"2022-05-03T11:32:23","date_gmt":"2022-05-03T11:32:23","guid":{"rendered":"https:\/\/www.tartuh.ee\/?page_id=453"},"modified":"2023-05-24T09:33:01","modified_gmt":"2023-05-24T09:33:01","slug":"ellan","status":"publish","type":"page","link":"https:\/\/www.tartuh.ee\/en\/research-and-development\/projects\/ellan\/","title":{"rendered":"European Later Life Active Network (ELLAN)"},"content":{"rendered":"\n<p>Duration: 1.10.2013-30.9.2016<\/p>\n\n\n\n<p>The ELLAN is coordinated by Savonia University of Applied Sciences, Unit of Health Care from Finland. The project has 26 partners in 25 countries: Karelia University of Applied Sciences, Liverpool John Moores University, Medical University &#8220;Prof. Dr. Paraskev Stoyanov&#8221;, Universidad de Granada, University College Cork, National and Kapodistrian University of Athens, Pu\u010dko otvoreno u\u010dili\u0161te Zagreb, R\u012aGA Stradinz University, University of Maribor, Groningen Hanze , University of Applied Sciences, Kaunas University of Applied Sciences, University of Mikolaja Kopernika, Eylul University, University Stefan Mare of Suceava, Tartu Health Care College, Setubal University, Svizzera Italiana University , University of Applied Sciences Hamburg, University College of Northern Denmark , Sapienza University of Rome, University of Malta, Cyprus University of Technology, Semmelweis University Faculty of Health Sciences, Katholieke Hogeschool Leuven, Carinthia University of Applied Sciences.<\/p>\n\n\n\n<p>Europe faces severe population ageing in the near future ant that is why a new vision of ageing and promotion of positive possibilities in older age is important.<\/p>\n\n\n\n<p>The ELLAN is a Lifelong Learning Programme higher education institutions collaborative and networking project funded by the European Commission.<\/p>\n\n\n\n<p>This project promotes European cooperation and exchange of innovation and good practice related to the ageing population and to the educational preparation of those that work with older people. In addition, the project aims to positively influence health and social care professionals&#8217; interest in working with the elderly.<\/p>\n\n\n\n<p>For more information, please contact with the project manager:<br>Irma Mikkonen<br>PhD, Principal Lecturer, Project Manager User-oriented services in health and well-being<br>Phone: +358 44 785 6469<br>E-mail: irma.mikkonen(@)savonia.fi<\/p>\n\n\n\n<p>Contact person in Tartu Health Care College is Ms Reet Urban<\/p>\n\n\n\n<p>E-mail:&nbsp;<a href=\"mailto:reeturban@nooruse.ee\">reeturban@nooruse.ee<\/a><\/p>\n\n\n\n<p>Project number: 539547-LLP-1-FI-ERASMUS-ENW<\/p>\n\n\n\n<p>web:&nbsp;<a href=\"http:\/\/ellan.savonia.fi\/\" target=\"_blank\" rel=\"noreferrer noopener\">http:\/\/ellan.savonia.fi\/<\/a><\/p>\n","protected":false},"excerpt":{"rendered":"<p>Duration: 1.10.2013-30.9.2016 The ELLAN is coordinated by Savonia University of Applied Sciences, Unit of Health Care from Finland. The project has 26 partners in 25 countries: Karelia University of Applied Sciences, Liverpool John Moores University, Medical University &#8220;Prof. Dr. Paraskev Stoyanov&#8221;, Universidad de Granada, University College Cork, National and Kapodistrian University of Athens, Pu\u010dko otvoreno [&hellip;]<\/p>\n","protected":false},"author":20,"featured_media":0,"parent":435,"menu_order":213,"comment_status":"closed","ping_status":"closed","template":"","meta":{"_acf_changed":false,"_eb_attr":"","inline_featured_image":false,"footnotes":""},"class_list":["post-453","page","type-page","status-publish","hentry"],"acf":[],"yoast_head":"<!-- This site is optimized with the Yoast SEO plugin v20.8 - https:\/\/yoast.com\/wordpress\/plugins\/seo\/ -->\n<title>European Later Life Active Network (ELLAN) - TARTUH.EE<\/title>\n<meta name=\"robots\" content=\"index, follow, max-snippet:-1, max-image-preview:large, max-video-preview:-1\" \/>\n<link rel=\"canonical\" href=\"https:\/\/www.tartuh.ee\/en\/research-and-development\/projects\/ellan\/\" \/>\n<meta property=\"og:locale\" content=\"en_US\" \/>\n<meta property=\"og:type\" content=\"article\" \/>\n<meta property=\"og:title\" content=\"European Later Life Active Network (ELLAN) - TARTUH.EE\" \/>\n<meta property=\"og:description\" content=\"Duration: 1.10.2013-30.9.2016 The ELLAN is coordinated by Savonia University of Applied Sciences, Unit of Health Care from Finland. The project has 26 partners in 25 countries: Karelia University of Applied Sciences, Liverpool John Moores University, Medical University &#8220;Prof. Dr. Paraskev Stoyanov&#8221;, Universidad de Granada, University College Cork, National and Kapodistrian University of Athens, Pu\u010dko otvoreno [&hellip;]\" \/>\n<meta property=\"og:url\" content=\"https:\/\/www.tartuh.ee\/en\/research-and-development\/projects\/ellan\/\" \/>\n<meta property=\"og:site_name\" content=\"TARTUH.EE\" \/>\n<meta property=\"article:modified_time\" content=\"2023-05-24T09:33:01+00:00\" \/>\n<meta name=\"twitter:card\" content=\"summary_large_image\" \/>\n<meta name=\"twitter:label1\" content=\"Est. reading time\" \/>\n\t<meta name=\"twitter:data1\" content=\"2 minutes\" \/>\n<script type=\"application\/ld+json\" class=\"yoast-schema-graph\">{\"@context\":\"https:\/\/schema.org\",\"@graph\":[{\"@type\":\"WebPage\",\"@id\":\"https:\/\/www.tartuh.ee\/en\/research-and-development\/projects\/ellan\/\",\"url\":\"https:\/\/www.tartuh.ee\/en\/research-and-development\/projects\/ellan\/\",\"name\":\"European Later Life Active Network (ELLAN) - TARTUH.EE\",\"isPartOf\":{\"@id\":\"https:\/\/www.tartuh.ee\/#website\"},\"datePublished\":\"2022-05-03T11:32:23+00:00\",\"dateModified\":\"2023-05-24T09:33:01+00:00\",\"breadcrumb\":{\"@id\":\"https:\/\/www.tartuh.ee\/en\/research-and-development\/projects\/ellan\/#breadcrumb\"},\"inLanguage\":\"en-US\",\"potentialAction\":[{\"@type\":\"ReadAction\",\"target\":[\"https:\/\/www.tartuh.ee\/en\/research-and-development\/projects\/ellan\/\"]}]},{\"@type\":\"BreadcrumbList\",\"@id\":\"https:\/\/www.tartuh.ee\/en\/research-and-development\/projects\/ellan\/#breadcrumb\",\"itemListElement\":[{\"@type\":\"ListItem\",\"position\":1,\"name\":\"Home\",\"item\":\"https:\/\/www.tartuh.ee\/en\/\"},{\"@type\":\"ListItem\",\"position\":2,\"name\":\"Research and Development\",\"item\":\"https:\/\/www.tartuh.ee\/en\/research-and-development\/\"},{\"@type\":\"ListItem\",\"position\":3,\"name\":\"Projects\",\"item\":\"https:\/\/www.tartuh.ee\/en\/research-and-development\/projects\/\"},{\"@type\":\"ListItem\",\"position\":4,\"name\":\"European Later Life Active Network (ELLAN)\"}]},{\"@type\":\"WebSite\",\"@id\":\"https:\/\/www.tartuh.ee\/#website\",\"url\":\"https:\/\/www.tartuh.ee\/\",\"name\":\"TARTUH.EE\",\"description\":\"Tartu Tervishoiu K\u00f5rgkool on Eestis ja rahvusvaheliselt hinnatud k\u00f5rgkool ning kompetentsikeskus tervise ja heaolu valdkonnas. K\u00f5rgkoolis on v\u00f5imalik \u00f5ppida rakendusk\u00f5rghariduse, magistri- ja kutse\u00f5ppe \u00f5ppekavadel.\",\"publisher\":{\"@id\":\"https:\/\/www.tartuh.ee\/#organization\"},\"potentialAction\":[{\"@type\":\"SearchAction\",\"target\":{\"@type\":\"EntryPoint\",\"urlTemplate\":\"https:\/\/www.tartuh.ee\/?s={search_term_string}\"},\"query-input\":\"required name=search_term_string\"}],\"inLanguage\":\"en-US\"},{\"@type\":\"Organization\",\"@id\":\"https:\/\/www.tartuh.ee\/#organization\",\"name\":\"TARTUH.EE\",\"url\":\"https:\/\/www.tartuh.ee\/\",\"logo\":{\"@type\":\"ImageObject\",\"inLanguage\":\"en-US\",\"@id\":\"https:\/\/www.tartuh.ee\/#\/schema\/logo\/image\/\",\"url\":\"https:\/\/www.tartuh.ee\/wp-content\/uploads\/2025\/01\/cropped-TTKK-2025-logo.jpg\",\"contentUrl\":\"https:\/\/www.tartuh.ee\/wp-content\/uploads\/2025\/01\/cropped-TTKK-2025-logo.jpg\",\"width\":1498,\"height\":755,\"caption\":\"TARTUH.EE\"},\"image\":{\"@id\":\"https:\/\/www.tartuh.ee\/#\/schema\/logo\/image\/\"}}]}<\/script>\n<!-- \/ Yoast SEO plugin. -->","yoast_head_json":{"title":"European Later Life Active Network (ELLAN) - TARTUH.EE","robots":{"index":"index","follow":"follow","max-snippet":"max-snippet:-1","max-image-preview":"max-image-preview:large","max-video-preview":"max-video-preview:-1"},"canonical":"https:\/\/www.tartuh.ee\/en\/research-and-development\/projects\/ellan\/","og_locale":"en_US","og_type":"article","og_title":"European Later Life Active Network (ELLAN) - TARTUH.EE","og_description":"Duration: 1.10.2013-30.9.2016 The ELLAN is coordinated by Savonia University of Applied Sciences, Unit of Health Care from Finland. The project has 26 partners in 25 countries: Karelia University of Applied Sciences, Liverpool John Moores University, Medical University &#8220;Prof. Dr. Paraskev Stoyanov&#8221;, Universidad de Granada, University College Cork, National and Kapodistrian University of Athens, Pu\u010dko otvoreno [&hellip;]","og_url":"https:\/\/www.tartuh.ee\/en\/research-and-development\/projects\/ellan\/","og_site_name":"TARTUH.EE","article_modified_time":"2023-05-24T09:33:01+00:00","twitter_card":"summary_large_image","twitter_misc":{"Est. reading time":"2 minutes"},"schema":{"@context":"https:\/\/schema.org","@graph":[{"@type":"WebPage","@id":"https:\/\/www.tartuh.ee\/en\/research-and-development\/projects\/ellan\/","url":"https:\/\/www.tartuh.ee\/en\/research-and-development\/projects\/ellan\/","name":"European Later Life Active Network (ELLAN) - TARTUH.EE","isPartOf":{"@id":"https:\/\/www.tartuh.ee\/#website"},"datePublished":"2022-05-03T11:32:23+00:00","dateModified":"2023-05-24T09:33:01+00:00","breadcrumb":{"@id":"https:\/\/www.tartuh.ee\/en\/research-and-development\/projects\/ellan\/#breadcrumb"},"inLanguage":"en-US","potentialAction":[{"@type":"ReadAction","target":["https:\/\/www.tartuh.ee\/en\/research-and-development\/projects\/ellan\/"]}]},{"@type":"BreadcrumbList","@id":"https:\/\/www.tartuh.ee\/en\/research-and-development\/projects\/ellan\/#breadcrumb","itemListElement":[{"@type":"ListItem","position":1,"name":"Home","item":"https:\/\/www.tartuh.ee\/en\/"},{"@type":"ListItem","position":2,"name":"Research and Development","item":"https:\/\/www.tartuh.ee\/en\/research-and-development\/"},{"@type":"ListItem","position":3,"name":"Projects","item":"https:\/\/www.tartuh.ee\/en\/research-and-development\/projects\/"},{"@type":"ListItem","position":4,"name":"European Later Life Active Network (ELLAN)"}]},{"@type":"WebSite","@id":"https:\/\/www.tartuh.ee\/#website","url":"https:\/\/www.tartuh.ee\/","name":"TARTUH.EE","description":"Tartu Tervishoiu K\u00f5rgkool on Eestis ja rahvusvaheliselt hinnatud k\u00f5rgkool ning kompetentsikeskus tervise ja heaolu valdkonnas. K\u00f5rgkoolis on v\u00f5imalik \u00f5ppida rakendusk\u00f5rghariduse, magistri- ja kutse\u00f5ppe \u00f5ppekavadel.","publisher":{"@id":"https:\/\/www.tartuh.ee\/#organization"},"potentialAction":[{"@type":"SearchAction","target":{"@type":"EntryPoint","urlTemplate":"https:\/\/www.tartuh.ee\/?s={search_term_string}"},"query-input":"required name=search_term_string"}],"inLanguage":"en-US"},{"@type":"Organization","@id":"https:\/\/www.tartuh.ee\/#organization","name":"TARTUH.EE","url":"https:\/\/www.tartuh.ee\/","logo":{"@type":"ImageObject","inLanguage":"en-US","@id":"https:\/\/www.tartuh.ee\/#\/schema\/logo\/image\/","url":"https:\/\/www.tartuh.ee\/wp-content\/uploads\/2025\/01\/cropped-TTKK-2025-logo.jpg","contentUrl":"https:\/\/www.tartuh.ee\/wp-content\/uploads\/2025\/01\/cropped-TTKK-2025-logo.jpg","width":1498,"height":755,"caption":"TARTUH.EE"},"image":{"@id":"https:\/\/www.tartuh.ee\/#\/schema\/logo\/image\/"}}]}},"_links":{"self":[{"href":"https:\/\/www.tartuh.ee\/en\/wp-json\/wp\/v2\/pages\/453","targetHints":{"allow":["GET"]}}],"collection":[{"href":"https:\/\/www.tartuh.ee\/en\/wp-json\/wp\/v2\/pages"}],"about":[{"href":"https:\/\/www.tartuh.ee\/en\/wp-json\/wp\/v2\/types\/page"}],"author":[{"embeddable":true,"href":"https:\/\/www.tartuh.ee\/en\/wp-json\/wp\/v2\/users\/20"}],"replies":[{"embeddable":true,"href":"https:\/\/www.tartuh.ee\/en\/wp-json\/wp\/v2\/comments?post=453"}],"version-history":[{"count":5,"href":"https:\/\/www.tartuh.ee\/en\/wp-json\/wp\/v2\/pages\/453\/revisions"}],"predecessor-version":[{"id":9633,"href":"https:\/\/www.tartuh.ee\/en\/wp-json\/wp\/v2\/pages\/453\/revisions\/9633"}],"up":[{"embeddable":true,"href":"https:\/\/www.tartuh.ee\/en\/wp-json\/wp\/v2\/pages\/435"}],"wp:attachment":[{"href":"https:\/\/www.tartuh.ee\/en\/wp-json\/wp\/v2\/media?parent=453"}],"curies":[{"name":"wp","href":"https:\/\/api.w.org\/{rel}","templated":true}]}}