{"id":497,"date":"2022-05-03T11:53:20","date_gmt":"2022-05-03T11:53:20","guid":{"rendered":"https:\/\/www.tartuh.ee\/?page_id=497"},"modified":"2022-09-28T11:18:13","modified_gmt":"2022-09-28T11:18:13","slug":"welfare-tech","status":"publish","type":"page","link":"https:\/\/www.tartuh.ee\/en\/research-and-development\/projects\/welfare-tech\/","title":{"rendered":"Welfare Technology (WEL-TECH)"},"content":{"rendered":"\n<p>Period: 01.09.2017 &#8211; 31.08.2019<\/p>\n\n\n\n<p>Working life in general, in social and health care and in home care is changing and developing rapidly due to digitalization and increased utilization of technology in care and welfare of people. All this does affect and has affected working life and the skills needed from today&#8217;s care workers.<\/p>\n\n\n\n<p>The aim of the Wel-Tech project is to map and describe good practices of teaching welfare technology in each partner country\/ VET organization and then combine, create and test\/pilot new learning units. Along the project a material bank will be collected to be used and further developed by any other education provider European-wide. The focus of the project is home care of elderly people.<\/p>\n\n\n\n<p>Tartu Health Care College is participating as a partner. Tampere Vocational College Tredu (Finland) is the leader of the project. Other partners are: Tampere University of Applied Sciences (Finland), Deltion College (Netherlands) and Summa College (Netherlands).<\/p>\n\n\n\n<p>Project number: 2017-1-FI01-KA202-034740<\/p>\n\n\n\n<p><a href=\"http:\/\/webbioppi.net\/welltech\/\" target=\"_blank\" rel=\"noreferrer noopener\">Project homepage.<\/a><br><br>For more information please contact with our development specialist:<br><br>Kersti S\u00f5gel<br>tel: <a href=\"tel:+3727370210\">+372 737 0210<\/a><br>e-mail: <a href=\"mailto:kerstisogel@nooruse.ee\">kerstisogel@nooruse.ee<\/a><\/p>\n","protected":false},"excerpt":{"rendered":"<p>Period: 01.09.2017 &#8211; 31.08.2019 Working life in general, in social and health care and in home care is changing and developing rapidly due to digitalization and increased utilization of technology in care and welfare of people. All this does affect and has affected working life and the skills needed from today&#8217;s care workers. The aim [&hellip;]<\/p>\n","protected":false},"author":20,"featured_media":0,"parent":435,"menu_order":206,"comment_status":"closed","ping_status":"closed","template":"","meta":{"_acf_changed":false,"_eb_attr":"","inline_featured_image":false,"footnotes":""},"class_list":["post-497","page","type-page","status-publish","hentry"],"acf":[],"yoast_head":"<!-- This site is optimized with the Yoast SEO plugin v20.8 - https:\/\/yoast.com\/wordpress\/plugins\/seo\/ -->\n<title>Welfare Technology (WEL-TECH) - TARTUH.EE<\/title>\n<meta name=\"robots\" content=\"index, follow, max-snippet:-1, max-image-preview:large, max-video-preview:-1\" \/>\n<link rel=\"canonical\" href=\"https:\/\/www.tartuh.ee\/en\/research-and-development\/projects\/welfare-tech\/\" \/>\n<meta property=\"og:locale\" content=\"en_US\" \/>\n<meta property=\"og:type\" content=\"article\" \/>\n<meta property=\"og:title\" content=\"Welfare Technology (WEL-TECH) - TARTUH.EE\" \/>\n<meta property=\"og:description\" content=\"Period: 01.09.2017 &#8211; 31.08.2019 Working life in general, in social and health care and in home care is changing and developing rapidly due to digitalization and increased utilization of technology in care and welfare of people. All this does affect and has affected working life and the skills needed from today&#8217;s care workers. The aim [&hellip;]\" \/>\n<meta property=\"og:url\" content=\"https:\/\/www.tartuh.ee\/en\/research-and-development\/projects\/welfare-tech\/\" \/>\n<meta property=\"og:site_name\" content=\"TARTUH.EE\" \/>\n<meta property=\"article:modified_time\" content=\"2022-09-28T11:18:13+00:00\" \/>\n<meta name=\"twitter:card\" content=\"summary_large_image\" \/>\n<meta name=\"twitter:label1\" content=\"Est. reading time\" \/>\n\t<meta name=\"twitter:data1\" content=\"1 minute\" \/>\n<script type=\"application\/ld+json\" class=\"yoast-schema-graph\">{\"@context\":\"https:\/\/schema.org\",\"@graph\":[{\"@type\":\"WebPage\",\"@id\":\"https:\/\/www.tartuh.ee\/en\/research-and-development\/projects\/welfare-tech\/\",\"url\":\"https:\/\/www.tartuh.ee\/en\/research-and-development\/projects\/welfare-tech\/\",\"name\":\"Welfare Technology (WEL-TECH) - TARTUH.EE\",\"isPartOf\":{\"@id\":\"https:\/\/www.tartuh.ee\/#website\"},\"datePublished\":\"2022-05-03T11:53:20+00:00\",\"dateModified\":\"2022-09-28T11:18:13+00:00\",\"breadcrumb\":{\"@id\":\"https:\/\/www.tartuh.ee\/en\/research-and-development\/projects\/welfare-tech\/#breadcrumb\"},\"inLanguage\":\"en-US\",\"potentialAction\":[{\"@type\":\"ReadAction\",\"target\":[\"https:\/\/www.tartuh.ee\/en\/research-and-development\/projects\/welfare-tech\/\"]}]},{\"@type\":\"BreadcrumbList\",\"@id\":\"https:\/\/www.tartuh.ee\/en\/research-and-development\/projects\/welfare-tech\/#breadcrumb\",\"itemListElement\":[{\"@type\":\"ListItem\",\"position\":1,\"name\":\"Home\",\"item\":\"https:\/\/www.tartuh.ee\/en\/\"},{\"@type\":\"ListItem\",\"position\":2,\"name\":\"Research and Development\",\"item\":\"https:\/\/www.tartuh.ee\/en\/research-and-development\/\"},{\"@type\":\"ListItem\",\"position\":3,\"name\":\"Projects\",\"item\":\"https:\/\/www.tartuh.ee\/en\/research-and-development\/projects\/\"},{\"@type\":\"ListItem\",\"position\":4,\"name\":\"Welfare Technology (WEL-TECH)\"}]},{\"@type\":\"WebSite\",\"@id\":\"https:\/\/www.tartuh.ee\/#website\",\"url\":\"https:\/\/www.tartuh.ee\/\",\"name\":\"TARTUH.EE\",\"description\":\"Tartu Tervishoiu K\u00f5rgkool on Eestis ja rahvusvaheliselt hinnatud k\u00f5rgkool ning kompetentsikeskus tervise ja heaolu valdkonnas. K\u00f5rgkoolis on v\u00f5imalik \u00f5ppida rakendusk\u00f5rghariduse, magistri- ja kutse\u00f5ppe \u00f5ppekavadel.\",\"publisher\":{\"@id\":\"https:\/\/www.tartuh.ee\/#organization\"},\"potentialAction\":[{\"@type\":\"SearchAction\",\"target\":{\"@type\":\"EntryPoint\",\"urlTemplate\":\"https:\/\/www.tartuh.ee\/?s={search_term_string}\"},\"query-input\":\"required name=search_term_string\"}],\"inLanguage\":\"en-US\"},{\"@type\":\"Organization\",\"@id\":\"https:\/\/www.tartuh.ee\/#organization\",\"name\":\"TARTUH.EE\",\"url\":\"https:\/\/www.tartuh.ee\/\",\"logo\":{\"@type\":\"ImageObject\",\"inLanguage\":\"en-US\",\"@id\":\"https:\/\/www.tartuh.ee\/#\/schema\/logo\/image\/\",\"url\":\"https:\/\/www.tartuh.ee\/wp-content\/uploads\/2025\/01\/cropped-TTKK-2025-logo.jpg\",\"contentUrl\":\"https:\/\/www.tartuh.ee\/wp-content\/uploads\/2025\/01\/cropped-TTKK-2025-logo.jpg\",\"width\":1498,\"height\":755,\"caption\":\"TARTUH.EE\"},\"image\":{\"@id\":\"https:\/\/www.tartuh.ee\/#\/schema\/logo\/image\/\"}}]}<\/script>\n<!-- \/ Yoast SEO plugin. -->","yoast_head_json":{"title":"Welfare Technology (WEL-TECH) - TARTUH.EE","robots":{"index":"index","follow":"follow","max-snippet":"max-snippet:-1","max-image-preview":"max-image-preview:large","max-video-preview":"max-video-preview:-1"},"canonical":"https:\/\/www.tartuh.ee\/en\/research-and-development\/projects\/welfare-tech\/","og_locale":"en_US","og_type":"article","og_title":"Welfare Technology (WEL-TECH) - TARTUH.EE","og_description":"Period: 01.09.2017 &#8211; 31.08.2019 Working life in general, in social and health care and in home care is changing and developing rapidly due to digitalization and increased utilization of technology in care and welfare of people. All this does affect and has affected working life and the skills needed from today&#8217;s care workers. The aim [&hellip;]","og_url":"https:\/\/www.tartuh.ee\/en\/research-and-development\/projects\/welfare-tech\/","og_site_name":"TARTUH.EE","article_modified_time":"2022-09-28T11:18:13+00:00","twitter_card":"summary_large_image","twitter_misc":{"Est. reading time":"1 minute"},"schema":{"@context":"https:\/\/schema.org","@graph":[{"@type":"WebPage","@id":"https:\/\/www.tartuh.ee\/en\/research-and-development\/projects\/welfare-tech\/","url":"https:\/\/www.tartuh.ee\/en\/research-and-development\/projects\/welfare-tech\/","name":"Welfare Technology (WEL-TECH) - TARTUH.EE","isPartOf":{"@id":"https:\/\/www.tartuh.ee\/#website"},"datePublished":"2022-05-03T11:53:20+00:00","dateModified":"2022-09-28T11:18:13+00:00","breadcrumb":{"@id":"https:\/\/www.tartuh.ee\/en\/research-and-development\/projects\/welfare-tech\/#breadcrumb"},"inLanguage":"en-US","potentialAction":[{"@type":"ReadAction","target":["https:\/\/www.tartuh.ee\/en\/research-and-development\/projects\/welfare-tech\/"]}]},{"@type":"BreadcrumbList","@id":"https:\/\/www.tartuh.ee\/en\/research-and-development\/projects\/welfare-tech\/#breadcrumb","itemListElement":[{"@type":"ListItem","position":1,"name":"Home","item":"https:\/\/www.tartuh.ee\/en\/"},{"@type":"ListItem","position":2,"name":"Research and Development","item":"https:\/\/www.tartuh.ee\/en\/research-and-development\/"},{"@type":"ListItem","position":3,"name":"Projects","item":"https:\/\/www.tartuh.ee\/en\/research-and-development\/projects\/"},{"@type":"ListItem","position":4,"name":"Welfare Technology (WEL-TECH)"}]},{"@type":"WebSite","@id":"https:\/\/www.tartuh.ee\/#website","url":"https:\/\/www.tartuh.ee\/","name":"TARTUH.EE","description":"Tartu Tervishoiu K\u00f5rgkool on Eestis ja rahvusvaheliselt hinnatud k\u00f5rgkool ning kompetentsikeskus tervise ja heaolu valdkonnas. K\u00f5rgkoolis on v\u00f5imalik \u00f5ppida rakendusk\u00f5rghariduse, magistri- ja kutse\u00f5ppe \u00f5ppekavadel.","publisher":{"@id":"https:\/\/www.tartuh.ee\/#organization"},"potentialAction":[{"@type":"SearchAction","target":{"@type":"EntryPoint","urlTemplate":"https:\/\/www.tartuh.ee\/?s={search_term_string}"},"query-input":"required name=search_term_string"}],"inLanguage":"en-US"},{"@type":"Organization","@id":"https:\/\/www.tartuh.ee\/#organization","name":"TARTUH.EE","url":"https:\/\/www.tartuh.ee\/","logo":{"@type":"ImageObject","inLanguage":"en-US","@id":"https:\/\/www.tartuh.ee\/#\/schema\/logo\/image\/","url":"https:\/\/www.tartuh.ee\/wp-content\/uploads\/2025\/01\/cropped-TTKK-2025-logo.jpg","contentUrl":"https:\/\/www.tartuh.ee\/wp-content\/uploads\/2025\/01\/cropped-TTKK-2025-logo.jpg","width":1498,"height":755,"caption":"TARTUH.EE"},"image":{"@id":"https:\/\/www.tartuh.ee\/#\/schema\/logo\/image\/"}}]}},"_links":{"self":[{"href":"https:\/\/www.tartuh.ee\/en\/wp-json\/wp\/v2\/pages\/497","targetHints":{"allow":["GET"]}}],"collection":[{"href":"https:\/\/www.tartuh.ee\/en\/wp-json\/wp\/v2\/pages"}],"about":[{"href":"https:\/\/www.tartuh.ee\/en\/wp-json\/wp\/v2\/types\/page"}],"author":[{"embeddable":true,"href":"https:\/\/www.tartuh.ee\/en\/wp-json\/wp\/v2\/users\/20"}],"replies":[{"embeddable":true,"href":"https:\/\/www.tartuh.ee\/en\/wp-json\/wp\/v2\/comments?post=497"}],"version-history":[{"count":3,"href":"https:\/\/www.tartuh.ee\/en\/wp-json\/wp\/v2\/pages\/497\/revisions"}],"predecessor-version":[{"id":6378,"href":"https:\/\/www.tartuh.ee\/en\/wp-json\/wp\/v2\/pages\/497\/revisions\/6378"}],"up":[{"embeddable":true,"href":"https:\/\/www.tartuh.ee\/en\/wp-json\/wp\/v2\/pages\/435"}],"wp:attachment":[{"href":"https:\/\/www.tartuh.ee\/en\/wp-json\/wp\/v2\/media?parent=497"}],"curies":[{"name":"wp","href":"https:\/\/api.w.org\/{rel}","templated":true}]}}