{"id":508,"date":"2022-05-03T12:00:10","date_gmt":"2022-05-03T12:00:10","guid":{"rendered":"https:\/\/www.tartuh.ee\/?page_id=508"},"modified":"2022-09-28T11:20:22","modified_gmt":"2022-09-28T11:20:22","slug":"study-quality-in-multiculturalism","status":"publish","type":"page","link":"https:\/\/www.tartuh.ee\/en\/research-and-development\/projects\/study-quality-in-multiculturalism\/","title":{"rendered":"Study Quality in Terms of Multiculturalism in the Baltic Countries"},"content":{"rendered":"\n<p>Project period: 09\/2017 &#8211; 12\/2018.<\/p>\n\n\n\n<p>Due to the internationalization and immigration the profile of a students has been changed. The groups at educational institutions are no longer homogeneous: students have different cultural backgrounds, their mother tongue differs etc. Their expectation to the study process differ. One important aspect of the whole study process is the quality of the study. Within the notion of the study quality there has been agreed in some criteria to follow. However these criteria differ in assessment methods and therefore it is complicated to compare them.<\/p>\n\n\n\n<p>The main purpose of the project is to analyse how internationalization and immigration have influenced the study quality in educational institutions, and to suggest suitable activities to ensure study quality under the circumstances of internationalization. The outcome of the project is a model that helps to describe and assess study quality.<br><br>Project is leaded by Estonian Enterpreneurship University of Applied Sciences (EE) and partners are: Higher education Export association (LV), Integration and Migration Foundation Our People (EE), Karalius Mindaugas Vocational Training Centre (LT), L\u00e4\u00e4ne-Viru College (EE), P.Stradins Health and Social Care College (LV), Tallinn Health Care College (EE), Tartu Health Care College (EE), Turiba University (LV), Utena College (LT).<br><br>Project number: NPHZ-2017\/10151 is co-funded by the Nordplus Horizontal programme.<\/p>\n\n\n\n<p>For further information please contact our development specialist:<\/p>\n\n\n\n<p>Kersti S\u00f5gel<br>tel: <a href=\"tel:+3727370210\">+372 737 0210<\/a><br>e-mail: <a href=\"mailto:kerstisogel@nooruse.ee\">kerstisogel@nooruse.ee<\/a><\/p>\n","protected":false},"excerpt":{"rendered":"<p>Project period: 09\/2017 &#8211; 12\/2018. Due to the internationalization and immigration the profile of a students has been changed. The groups at educational institutions are no longer homogeneous: students have different cultural backgrounds, their mother tongue differs etc. Their expectation to the study process differ. One important aspect of the whole study process is the [&hellip;]<\/p>\n","protected":false},"author":20,"featured_media":0,"parent":435,"menu_order":203,"comment_status":"closed","ping_status":"closed","template":"","meta":{"_acf_changed":false,"_eb_attr":"","inline_featured_image":false,"footnotes":""},"class_list":["post-508","page","type-page","status-publish","hentry"],"acf":[],"yoast_head":"<!-- This site is optimized with the Yoast SEO plugin v20.8 - https:\/\/yoast.com\/wordpress\/plugins\/seo\/ -->\n<title>Study Quality in Terms of Multiculturalism in the Baltic Countries - TARTUH.EE<\/title>\n<meta name=\"robots\" content=\"index, follow, max-snippet:-1, max-image-preview:large, max-video-preview:-1\" \/>\n<link rel=\"canonical\" href=\"https:\/\/www.tartuh.ee\/en\/research-and-development\/projects\/study-quality-in-multiculturalism\/\" \/>\n<meta property=\"og:locale\" content=\"en_US\" \/>\n<meta property=\"og:type\" content=\"article\" \/>\n<meta property=\"og:title\" content=\"Study Quality in Terms of Multiculturalism in the Baltic Countries - TARTUH.EE\" \/>\n<meta property=\"og:description\" content=\"Project period: 09\/2017 &#8211; 12\/2018. Due to the internationalization and immigration the profile of a students has been changed. The groups at educational institutions are no longer homogeneous: students have different cultural backgrounds, their mother tongue differs etc. Their expectation to the study process differ. One important aspect of the whole study process is the [&hellip;]\" \/>\n<meta property=\"og:url\" content=\"https:\/\/www.tartuh.ee\/en\/research-and-development\/projects\/study-quality-in-multiculturalism\/\" \/>\n<meta property=\"og:site_name\" content=\"TARTUH.EE\" \/>\n<meta property=\"article:modified_time\" content=\"2022-09-28T11:20:22+00:00\" \/>\n<meta name=\"twitter:card\" content=\"summary_large_image\" \/>\n<meta name=\"twitter:label1\" content=\"Est. reading time\" \/>\n\t<meta name=\"twitter:data1\" content=\"2 minutes\" \/>\n<script type=\"application\/ld+json\" class=\"yoast-schema-graph\">{\"@context\":\"https:\/\/schema.org\",\"@graph\":[{\"@type\":\"WebPage\",\"@id\":\"https:\/\/www.tartuh.ee\/en\/research-and-development\/projects\/study-quality-in-multiculturalism\/\",\"url\":\"https:\/\/www.tartuh.ee\/en\/research-and-development\/projects\/study-quality-in-multiculturalism\/\",\"name\":\"Study Quality in Terms of Multiculturalism in the Baltic Countries - TARTUH.EE\",\"isPartOf\":{\"@id\":\"https:\/\/www.tartuh.ee\/#website\"},\"datePublished\":\"2022-05-03T12:00:10+00:00\",\"dateModified\":\"2022-09-28T11:20:22+00:00\",\"breadcrumb\":{\"@id\":\"https:\/\/www.tartuh.ee\/en\/research-and-development\/projects\/study-quality-in-multiculturalism\/#breadcrumb\"},\"inLanguage\":\"en-US\",\"potentialAction\":[{\"@type\":\"ReadAction\",\"target\":[\"https:\/\/www.tartuh.ee\/en\/research-and-development\/projects\/study-quality-in-multiculturalism\/\"]}]},{\"@type\":\"BreadcrumbList\",\"@id\":\"https:\/\/www.tartuh.ee\/en\/research-and-development\/projects\/study-quality-in-multiculturalism\/#breadcrumb\",\"itemListElement\":[{\"@type\":\"ListItem\",\"position\":1,\"name\":\"Home\",\"item\":\"https:\/\/www.tartuh.ee\/en\/\"},{\"@type\":\"ListItem\",\"position\":2,\"name\":\"Research and Development\",\"item\":\"https:\/\/www.tartuh.ee\/en\/research-and-development\/\"},{\"@type\":\"ListItem\",\"position\":3,\"name\":\"Projects\",\"item\":\"https:\/\/www.tartuh.ee\/en\/research-and-development\/projects\/\"},{\"@type\":\"ListItem\",\"position\":4,\"name\":\"Study Quality in Terms of Multiculturalism in the Baltic Countries\"}]},{\"@type\":\"WebSite\",\"@id\":\"https:\/\/www.tartuh.ee\/#website\",\"url\":\"https:\/\/www.tartuh.ee\/\",\"name\":\"TARTUH.EE\",\"description\":\"Tartu Tervishoiu K\u00f5rgkool on Eestis ja rahvusvaheliselt hinnatud k\u00f5rgkool ning kompetentsikeskus tervise ja heaolu valdkonnas. K\u00f5rgkoolis on v\u00f5imalik \u00f5ppida rakendusk\u00f5rghariduse, magistri- ja kutse\u00f5ppe \u00f5ppekavadel.\",\"publisher\":{\"@id\":\"https:\/\/www.tartuh.ee\/#organization\"},\"potentialAction\":[{\"@type\":\"SearchAction\",\"target\":{\"@type\":\"EntryPoint\",\"urlTemplate\":\"https:\/\/www.tartuh.ee\/?s={search_term_string}\"},\"query-input\":\"required name=search_term_string\"}],\"inLanguage\":\"en-US\"},{\"@type\":\"Organization\",\"@id\":\"https:\/\/www.tartuh.ee\/#organization\",\"name\":\"TARTUH.EE\",\"url\":\"https:\/\/www.tartuh.ee\/\",\"logo\":{\"@type\":\"ImageObject\",\"inLanguage\":\"en-US\",\"@id\":\"https:\/\/www.tartuh.ee\/#\/schema\/logo\/image\/\",\"url\":\"https:\/\/www.tartuh.ee\/wp-content\/uploads\/2025\/01\/cropped-TTKK-2025-logo.jpg\",\"contentUrl\":\"https:\/\/www.tartuh.ee\/wp-content\/uploads\/2025\/01\/cropped-TTKK-2025-logo.jpg\",\"width\":1498,\"height\":755,\"caption\":\"TARTUH.EE\"},\"image\":{\"@id\":\"https:\/\/www.tartuh.ee\/#\/schema\/logo\/image\/\"}}]}<\/script>\n<!-- \/ Yoast SEO plugin. -->","yoast_head_json":{"title":"Study Quality in Terms of Multiculturalism in the Baltic Countries - TARTUH.EE","robots":{"index":"index","follow":"follow","max-snippet":"max-snippet:-1","max-image-preview":"max-image-preview:large","max-video-preview":"max-video-preview:-1"},"canonical":"https:\/\/www.tartuh.ee\/en\/research-and-development\/projects\/study-quality-in-multiculturalism\/","og_locale":"en_US","og_type":"article","og_title":"Study Quality in Terms of Multiculturalism in the Baltic Countries - TARTUH.EE","og_description":"Project period: 09\/2017 &#8211; 12\/2018. Due to the internationalization and immigration the profile of a students has been changed. The groups at educational institutions are no longer homogeneous: students have different cultural backgrounds, their mother tongue differs etc. Their expectation to the study process differ. One important aspect of the whole study process is the [&hellip;]","og_url":"https:\/\/www.tartuh.ee\/en\/research-and-development\/projects\/study-quality-in-multiculturalism\/","og_site_name":"TARTUH.EE","article_modified_time":"2022-09-28T11:20:22+00:00","twitter_card":"summary_large_image","twitter_misc":{"Est. reading time":"2 minutes"},"schema":{"@context":"https:\/\/schema.org","@graph":[{"@type":"WebPage","@id":"https:\/\/www.tartuh.ee\/en\/research-and-development\/projects\/study-quality-in-multiculturalism\/","url":"https:\/\/www.tartuh.ee\/en\/research-and-development\/projects\/study-quality-in-multiculturalism\/","name":"Study Quality in Terms of Multiculturalism in the Baltic Countries - TARTUH.EE","isPartOf":{"@id":"https:\/\/www.tartuh.ee\/#website"},"datePublished":"2022-05-03T12:00:10+00:00","dateModified":"2022-09-28T11:20:22+00:00","breadcrumb":{"@id":"https:\/\/www.tartuh.ee\/en\/research-and-development\/projects\/study-quality-in-multiculturalism\/#breadcrumb"},"inLanguage":"en-US","potentialAction":[{"@type":"ReadAction","target":["https:\/\/www.tartuh.ee\/en\/research-and-development\/projects\/study-quality-in-multiculturalism\/"]}]},{"@type":"BreadcrumbList","@id":"https:\/\/www.tartuh.ee\/en\/research-and-development\/projects\/study-quality-in-multiculturalism\/#breadcrumb","itemListElement":[{"@type":"ListItem","position":1,"name":"Home","item":"https:\/\/www.tartuh.ee\/en\/"},{"@type":"ListItem","position":2,"name":"Research and Development","item":"https:\/\/www.tartuh.ee\/en\/research-and-development\/"},{"@type":"ListItem","position":3,"name":"Projects","item":"https:\/\/www.tartuh.ee\/en\/research-and-development\/projects\/"},{"@type":"ListItem","position":4,"name":"Study Quality in Terms of Multiculturalism in the Baltic Countries"}]},{"@type":"WebSite","@id":"https:\/\/www.tartuh.ee\/#website","url":"https:\/\/www.tartuh.ee\/","name":"TARTUH.EE","description":"Tartu Tervishoiu K\u00f5rgkool on Eestis ja rahvusvaheliselt hinnatud k\u00f5rgkool ning kompetentsikeskus tervise ja heaolu valdkonnas. K\u00f5rgkoolis on v\u00f5imalik \u00f5ppida rakendusk\u00f5rghariduse, magistri- ja kutse\u00f5ppe \u00f5ppekavadel.","publisher":{"@id":"https:\/\/www.tartuh.ee\/#organization"},"potentialAction":[{"@type":"SearchAction","target":{"@type":"EntryPoint","urlTemplate":"https:\/\/www.tartuh.ee\/?s={search_term_string}"},"query-input":"required name=search_term_string"}],"inLanguage":"en-US"},{"@type":"Organization","@id":"https:\/\/www.tartuh.ee\/#organization","name":"TARTUH.EE","url":"https:\/\/www.tartuh.ee\/","logo":{"@type":"ImageObject","inLanguage":"en-US","@id":"https:\/\/www.tartuh.ee\/#\/schema\/logo\/image\/","url":"https:\/\/www.tartuh.ee\/wp-content\/uploads\/2025\/01\/cropped-TTKK-2025-logo.jpg","contentUrl":"https:\/\/www.tartuh.ee\/wp-content\/uploads\/2025\/01\/cropped-TTKK-2025-logo.jpg","width":1498,"height":755,"caption":"TARTUH.EE"},"image":{"@id":"https:\/\/www.tartuh.ee\/#\/schema\/logo\/image\/"}}]}},"_links":{"self":[{"href":"https:\/\/www.tartuh.ee\/en\/wp-json\/wp\/v2\/pages\/508","targetHints":{"allow":["GET"]}}],"collection":[{"href":"https:\/\/www.tartuh.ee\/en\/wp-json\/wp\/v2\/pages"}],"about":[{"href":"https:\/\/www.tartuh.ee\/en\/wp-json\/wp\/v2\/types\/page"}],"author":[{"embeddable":true,"href":"https:\/\/www.tartuh.ee\/en\/wp-json\/wp\/v2\/users\/20"}],"replies":[{"embeddable":true,"href":"https:\/\/www.tartuh.ee\/en\/wp-json\/wp\/v2\/comments?post=508"}],"version-history":[{"count":3,"href":"https:\/\/www.tartuh.ee\/en\/wp-json\/wp\/v2\/pages\/508\/revisions"}],"predecessor-version":[{"id":6381,"href":"https:\/\/www.tartuh.ee\/en\/wp-json\/wp\/v2\/pages\/508\/revisions\/6381"}],"up":[{"embeddable":true,"href":"https:\/\/www.tartuh.ee\/en\/wp-json\/wp\/v2\/pages\/435"}],"wp:attachment":[{"href":"https:\/\/www.tartuh.ee\/en\/wp-json\/wp\/v2\/media?parent=508"}],"curies":[{"name":"wp","href":"https:\/\/api.w.org\/{rel}","templated":true}]}}