{"id":514,"date":"2022-05-03T12:04:47","date_gmt":"2022-05-03T12:04:47","guid":{"rendered":"https:\/\/www.tartuh.ee\/?page_id=514"},"modified":"2025-01-23T13:51:57","modified_gmt":"2025-01-23T13:51:57","slug":"networks-and-unions","status":"publish","type":"page","link":"https:\/\/www.tartuh.ee\/en\/networks-and-unions\/","title":{"rendered":"Networks and Unions"},"content":{"rendered":"\n<p>Tartu Applied Health Sciences University is a full member in different international organisations:\u00a0<\/p>\n\n\n\n<ul class=\"wp-block-list\">\n<li>European Network of Physiotherapy in Higher Education&nbsp;<a href=\"https:\/\/www.enphe.org\/\" target=\"_blank\" rel=\"noreferrer noopener\">ENPHE<\/a>, which aim is to<strong>&nbsp;<\/strong>bring together and enhance collaboration between European Institutes and physiotherapy educational institutions.<\/li>\n\n\n\n<li><a href=\"http:\/\/nordmannetwork.net\/\" target=\"_blank\" rel=\"noreferrer noopener\">Nordman Network<\/a>, which aim<strong>&nbsp;<\/strong>is to promote exchange of experiences and ideas within subject areas of Nursing and Health Care. The network consists of nine Nordic and Baltic higher education institutions.<\/li>\n\n\n\n<li>Network platform for Biomedical Laboratory Science Education&nbsp;BIOnord, which aim is to provide a forum for and promote collaboration, competence and quality in the education in biomedical laboratory science in the Nordic and Baltic Countries as well as international activities of students and teachers.<\/li>\n\n\n\n<li>The European Network of Nursing in Higher Education&nbsp;<a href=\"https:\/\/www.enne.international\/\" target=\"_blank\" rel=\"noreferrer noopener\">ENNE<\/a>, which aim is to support quality improving innovations in nursing education&nbsp;and&nbsp;broaden students&#8217;&nbsp;horizons to the European workfield according to the EU\/2013\/55 directive, regardless of regional differences.&nbsp;Sharing expertise&nbsp;and offering&nbsp;joint projects are key strategies.<\/li>\n\n\n\n<li>Nordic Collaboration Network for Nursing <a href=\"https:\/\/www.etis.ee\/Portal\/Projects\/Display\/6d918d68-51f2-40c7-9ecb-34dcbec14709\" target=\"_blank\" rel=\"noreferrer noopener\">MEDICO<\/a>&nbsp;&#8211; a Nordplus Higher Education Network. The network enables educators from Nordic and Baltic countries to join new forums to share their experiences of teaching and learning in the area of medication management and pharmacology as well as to develop new methods and tools for teaching.<\/li>\n\n\n\n<li>An international and multidimensional problem (RANCARE)<\/li>\n\n\n\n<li>Advanced Practice Nursing Nordic Baltic Nordplus<\/li>\n\n\n\n<li>Nordejordemodern\/Midwife of the North \u2013 Nordic Network for Midwifery Education<\/li>\n\n\n\n<li>COST Network &#8211; <a href=\"https:\/\/www.cost.eu\/actions\/ca21137\/#tabs+name:description\" target=\"_blank\" rel=\"noreferrer noopener\">Ethics in Dementia (EDEM)<\/a><\/li>\n\n\n\n<li>COST Network &#8211; <a href=\"https:\/\/www.cost.eu\/actions\/CA21143\/\" target=\"_blank\" rel=\"noreferrer noopener\">Transnational Family Dynamics in Europe (TraFaDy)<\/a><\/li>\n<\/ul>\n\n\n\n<p>Tartu Applied Health Sciences University belongs into following unions:<\/p>\n\n\n\n<ul class=\"wp-block-list\">\n<li>European Federation of Radiographer Societies\/Educational Wing&nbsp;<a href=\"http:\/\/www.efrs.eu\/\" target=\"_blank\" rel=\"noreferrer noopener\">EFRS\/EW<\/a>:&nbsp;<em>aims to promote and develop&nbsp;all levels of radiography education and research across Europe.<\/em><\/li>\n\n\n\n<li>European association for Professionals in Biomedical Science&nbsp;<a href=\"http:\/\/www.epbs.net\/\" target=\"_blank\" rel=\"noreferrer noopener\">EPBS<\/a><\/li>\n\n\n\n<li>International Federation of Environmental Health&nbsp;<a href=\"http:\/\/www.ifeh.org\/\" target=\"_blank\" rel=\"noreferrer noopener\">IFEH<\/a>&nbsp;<\/li>\n\n\n\n<li>European Federation of Environmental Health EFEH<\/li>\n\n\n\n<li>European Association of Institutions in Higher Education&nbsp;<a href=\"http:\/\/eurashe.eu\/\" target=\"_blank\" rel=\"noreferrer noopener\">EURASHE<\/a><\/li>\n<\/ul>\n","protected":false},"excerpt":{"rendered":"<p>Tartu Applied Health Sciences University is a full member in different international organisations:\u00a0 Tartu Applied Health Sciences University belongs into following unions:<\/p>\n","protected":false},"author":12,"featured_media":0,"parent":0,"menu_order":201,"comment_status":"closed","ping_status":"closed","template":"","meta":{"_acf_changed":false,"_eb_attr":"","inline_featured_image":false,"footnotes":""},"class_list":["post-514","page","type-page","status-publish","hentry"],"acf":[],"yoast_head":"<!-- This site is optimized with the Yoast SEO plugin v20.8 - https:\/\/yoast.com\/wordpress\/plugins\/seo\/ -->\n<title>Networks and Unions - TARTUH.EE<\/title>\n<meta name=\"robots\" content=\"index, follow, max-snippet:-1, max-image-preview:large, max-video-preview:-1\" \/>\n<link rel=\"canonical\" href=\"https:\/\/www.tartuh.ee\/en\/networks-and-unions\/\" \/>\n<meta property=\"og:locale\" content=\"en_US\" \/>\n<meta property=\"og:type\" content=\"article\" \/>\n<meta property=\"og:title\" content=\"Networks and Unions - TARTUH.EE\" \/>\n<meta property=\"og:description\" content=\"Tartu Applied Health Sciences University is a full member in different international organisations:\u00a0 Tartu Applied Health Sciences University belongs into following unions:\" \/>\n<meta property=\"og:url\" content=\"https:\/\/www.tartuh.ee\/en\/networks-and-unions\/\" \/>\n<meta property=\"og:site_name\" content=\"TARTUH.EE\" \/>\n<meta property=\"article:modified_time\" content=\"2025-01-23T13:51:57+00:00\" \/>\n<meta name=\"twitter:card\" content=\"summary_large_image\" \/>\n<meta name=\"twitter:label1\" content=\"Est. reading time\" \/>\n\t<meta name=\"twitter:data1\" content=\"2 minutes\" \/>\n<script type=\"application\/ld+json\" class=\"yoast-schema-graph\">{\"@context\":\"https:\/\/schema.org\",\"@graph\":[{\"@type\":\"WebPage\",\"@id\":\"https:\/\/www.tartuh.ee\/en\/networks-and-unions\/\",\"url\":\"https:\/\/www.tartuh.ee\/en\/networks-and-unions\/\",\"name\":\"Networks and Unions - TARTUH.EE\",\"isPartOf\":{\"@id\":\"https:\/\/www.tartuh.ee\/#website\"},\"datePublished\":\"2022-05-03T12:04:47+00:00\",\"dateModified\":\"2025-01-23T13:51:57+00:00\",\"breadcrumb\":{\"@id\":\"https:\/\/www.tartuh.ee\/en\/networks-and-unions\/#breadcrumb\"},\"inLanguage\":\"en-US\",\"potentialAction\":[{\"@type\":\"ReadAction\",\"target\":[\"https:\/\/www.tartuh.ee\/en\/networks-and-unions\/\"]}]},{\"@type\":\"BreadcrumbList\",\"@id\":\"https:\/\/www.tartuh.ee\/en\/networks-and-unions\/#breadcrumb\",\"itemListElement\":[{\"@type\":\"ListItem\",\"position\":1,\"name\":\"Home\",\"item\":\"https:\/\/www.tartuh.ee\/en\/\"},{\"@type\":\"ListItem\",\"position\":2,\"name\":\"Networks and Unions\"}]},{\"@type\":\"WebSite\",\"@id\":\"https:\/\/www.tartuh.ee\/#website\",\"url\":\"https:\/\/www.tartuh.ee\/\",\"name\":\"TARTUH.EE\",\"description\":\"Tartu Tervishoiu K\u00f5rgkool on Eestis ja rahvusvaheliselt hinnatud k\u00f5rgkool ning kompetentsikeskus tervise ja heaolu valdkonnas. K\u00f5rgkoolis on v\u00f5imalik \u00f5ppida rakendusk\u00f5rghariduse, magistri- ja kutse\u00f5ppe \u00f5ppekavadel.\",\"publisher\":{\"@id\":\"https:\/\/www.tartuh.ee\/#organization\"},\"potentialAction\":[{\"@type\":\"SearchAction\",\"target\":{\"@type\":\"EntryPoint\",\"urlTemplate\":\"https:\/\/www.tartuh.ee\/?s={search_term_string}\"},\"query-input\":\"required name=search_term_string\"}],\"inLanguage\":\"en-US\"},{\"@type\":\"Organization\",\"@id\":\"https:\/\/www.tartuh.ee\/#organization\",\"name\":\"TARTUH.EE\",\"url\":\"https:\/\/www.tartuh.ee\/\",\"logo\":{\"@type\":\"ImageObject\",\"inLanguage\":\"en-US\",\"@id\":\"https:\/\/www.tartuh.ee\/#\/schema\/logo\/image\/\",\"url\":\"https:\/\/www.tartuh.ee\/wp-content\/uploads\/2025\/01\/cropped-TTKK-2025-logo.jpg\",\"contentUrl\":\"https:\/\/www.tartuh.ee\/wp-content\/uploads\/2025\/01\/cropped-TTKK-2025-logo.jpg\",\"width\":1498,\"height\":755,\"caption\":\"TARTUH.EE\"},\"image\":{\"@id\":\"https:\/\/www.tartuh.ee\/#\/schema\/logo\/image\/\"}}]}<\/script>\n<!-- \/ Yoast SEO plugin. -->","yoast_head_json":{"title":"Networks and Unions - TARTUH.EE","robots":{"index":"index","follow":"follow","max-snippet":"max-snippet:-1","max-image-preview":"max-image-preview:large","max-video-preview":"max-video-preview:-1"},"canonical":"https:\/\/www.tartuh.ee\/en\/networks-and-unions\/","og_locale":"en_US","og_type":"article","og_title":"Networks and Unions - TARTUH.EE","og_description":"Tartu Applied Health Sciences University is a full member in different international organisations:\u00a0 Tartu Applied Health Sciences University belongs into following unions:","og_url":"https:\/\/www.tartuh.ee\/en\/networks-and-unions\/","og_site_name":"TARTUH.EE","article_modified_time":"2025-01-23T13:51:57+00:00","twitter_card":"summary_large_image","twitter_misc":{"Est. reading time":"2 minutes"},"schema":{"@context":"https:\/\/schema.org","@graph":[{"@type":"WebPage","@id":"https:\/\/www.tartuh.ee\/en\/networks-and-unions\/","url":"https:\/\/www.tartuh.ee\/en\/networks-and-unions\/","name":"Networks and Unions - TARTUH.EE","isPartOf":{"@id":"https:\/\/www.tartuh.ee\/#website"},"datePublished":"2022-05-03T12:04:47+00:00","dateModified":"2025-01-23T13:51:57+00:00","breadcrumb":{"@id":"https:\/\/www.tartuh.ee\/en\/networks-and-unions\/#breadcrumb"},"inLanguage":"en-US","potentialAction":[{"@type":"ReadAction","target":["https:\/\/www.tartuh.ee\/en\/networks-and-unions\/"]}]},{"@type":"BreadcrumbList","@id":"https:\/\/www.tartuh.ee\/en\/networks-and-unions\/#breadcrumb","itemListElement":[{"@type":"ListItem","position":1,"name":"Home","item":"https:\/\/www.tartuh.ee\/en\/"},{"@type":"ListItem","position":2,"name":"Networks and Unions"}]},{"@type":"WebSite","@id":"https:\/\/www.tartuh.ee\/#website","url":"https:\/\/www.tartuh.ee\/","name":"TARTUH.EE","description":"Tartu Tervishoiu K\u00f5rgkool on Eestis ja rahvusvaheliselt hinnatud k\u00f5rgkool ning kompetentsikeskus tervise ja heaolu valdkonnas. K\u00f5rgkoolis on v\u00f5imalik \u00f5ppida rakendusk\u00f5rghariduse, magistri- ja kutse\u00f5ppe \u00f5ppekavadel.","publisher":{"@id":"https:\/\/www.tartuh.ee\/#organization"},"potentialAction":[{"@type":"SearchAction","target":{"@type":"EntryPoint","urlTemplate":"https:\/\/www.tartuh.ee\/?s={search_term_string}"},"query-input":"required name=search_term_string"}],"inLanguage":"en-US"},{"@type":"Organization","@id":"https:\/\/www.tartuh.ee\/#organization","name":"TARTUH.EE","url":"https:\/\/www.tartuh.ee\/","logo":{"@type":"ImageObject","inLanguage":"en-US","@id":"https:\/\/www.tartuh.ee\/#\/schema\/logo\/image\/","url":"https:\/\/www.tartuh.ee\/wp-content\/uploads\/2025\/01\/cropped-TTKK-2025-logo.jpg","contentUrl":"https:\/\/www.tartuh.ee\/wp-content\/uploads\/2025\/01\/cropped-TTKK-2025-logo.jpg","width":1498,"height":755,"caption":"TARTUH.EE"},"image":{"@id":"https:\/\/www.tartuh.ee\/#\/schema\/logo\/image\/"}}]}},"_links":{"self":[{"href":"https:\/\/www.tartuh.ee\/en\/wp-json\/wp\/v2\/pages\/514","targetHints":{"allow":["GET"]}}],"collection":[{"href":"https:\/\/www.tartuh.ee\/en\/wp-json\/wp\/v2\/pages"}],"about":[{"href":"https:\/\/www.tartuh.ee\/en\/wp-json\/wp\/v2\/types\/page"}],"author":[{"embeddable":true,"href":"https:\/\/www.tartuh.ee\/en\/wp-json\/wp\/v2\/users\/12"}],"replies":[{"embeddable":true,"href":"https:\/\/www.tartuh.ee\/en\/wp-json\/wp\/v2\/comments?post=514"}],"version-history":[{"count":8,"href":"https:\/\/www.tartuh.ee\/en\/wp-json\/wp\/v2\/pages\/514\/revisions"}],"predecessor-version":[{"id":14597,"href":"https:\/\/www.tartuh.ee\/en\/wp-json\/wp\/v2\/pages\/514\/revisions\/14597"}],"wp:attachment":[{"href":"https:\/\/www.tartuh.ee\/en\/wp-json\/wp\/v2\/media?parent=514"}],"curies":[{"name":"wp","href":"https:\/\/api.w.org\/{rel}","templated":true}]}}