{"id":542,"date":"2022-05-03T12:58:18","date_gmt":"2022-05-03T12:58:18","guid":{"rendered":"https:\/\/www.tartuh.ee\/?page_id=542"},"modified":"2026-04-20T07:45:42","modified_gmt":"2026-04-20T07:45:42","slug":"admission","status":"publish","type":"page","link":"https:\/\/www.tartuh.ee\/en\/admission\/radiography\/admission\/","title":{"rendered":"Admission Requirements"},"content":{"rendered":"\n<ul class=\"wp-block-list\">\n<li>Application period: <strong>1st of March \u2013 1st of August 2025<\/strong><\/li>\n\n\n\n<li>The Radiotherapy\u00a0specialization\u00a0of this programme starts: <strong>2nd of February 2026<\/strong><\/li>\n\n\n\n<li>Admission interviews are conducted during the period: <strong>1st &#8211; 5th of September<\/strong> <strong>2025<\/strong><\/li>\n<\/ul>\n\n\n\n<p>For more information regarding the admission process please contact <a href=\"mailto:admission@nooruse.ee\"><strong>admission@tartuh.ee<\/strong><\/a>.<\/p>\n\n\n\n<div class=\"wp-block-buttons is-layout-flex wp-block-buttons-is-layout-flex\">\n<div class=\"wp-block-button\"><a class=\"wp-block-button__link wp-element-button\" href=\"https:\/\/estonia.dreamapply.com\/et_EE\/courses\/course\/1434-msc-radiography\" target=\"_blank\" rel=\"noreferrer noopener\">APPLY HERE!<\/a><\/div>\n<\/div>\n\n\n\n<h2 class=\"wp-block-heading\">Tuiton fee<\/h2>\n\n\n\n<p>Tuition fee: 4500 EUR per academic year. The tuition fees for each semester have to be paid by the beginning of studies for the particular semester. <\/p>\n\n\n\n<p><strong>There are tuition waivers<\/strong> available for top-ranked applicants in 2026 for students from specific regions:<\/p>\n\n\n\n<ul class=\"wp-block-list\">\n<li>Tuition waivers for the best Estonian and EU applicants.<\/li>\n\n\n\n<li>Tuition waiver for the best Ukrainian applicant.<\/li>\n<\/ul>\n\n\n\n<p>The tuition fee waiver means that the students receiving this study place do not have to pay the tuition fee as long as they complete a full-time study load within the standard period of study. If students on tuition fee waiver study places fail to complete the study load required for full-time study, they have to compensate the University for all the study costs since their matriculation until the discontinuation of the study or the extraordinary termination.<\/p>\n\n\n\n<h2 class=\"wp-block-heading\">How to apply for the Master&#8217;s Programme in Radiography<\/h2>\n\n\n\n<p>All applicants should apply through the Study in Estonia&nbsp;<a href=\"https:\/\/estonia.dreamapply.com\/et_EE\/institutions\/institution\/38-tartu-health-care-college\" target=\"_blank\" rel=\"noreferrer noopener\">Dream Apply online application system<\/a>, where they have to present all the following documents for admission:<\/p>\n\n\n\n<ol class=\"wp-block-list\">\n<li>Bachelor&#8217;s degree&nbsp;&#8211;&nbsp;<strong>a copy of the diploma <\/strong>and<strong> the diploma supplement\/academic transcript <\/strong>certifying the completion of radiography education&nbsp;or radiography subjects in prior education at the first level of higher education<\/li>\n\n\n\n<li><strong>CV<\/strong><\/li>\n\n\n\n<li><strong>Copy of passport <\/strong>or <strong>ID<\/strong><\/li>\n\n\n\n<li><strong>Proof of English&nbsp;language proficiency<\/strong><\/li>\n<\/ol>\n\n\n\n<p>The University has the right to require candidates to have their results evaluated by the Estonian ENIC\/NARIC centre, if necessary.<\/p>\n\n\n\n<p>If the information on the application is incomplete or the candidate has not submitted all the required documents by the end of the admission period, the University has the right to reject the application.<\/p>\n\n\n\n<h3 class=\"wp-block-heading\">Admission interview<\/h3>\n\n\n\n<p>Applicants are ranked based on the following two criteria:<\/p>\n\n\n\n<ol class=\"wp-block-list\">\n<li>The average grade of&nbsp;Bachelor studies (40% of final points)<\/li>\n\n\n\n<li>Admission interview (maximum score for the interview is 20 points, which is 60% of final points)<\/li>\n<\/ol>\n\n\n\n<p>The admission interview is aimed to evaluate the applicant&#8217;s readiness for learning, interest in the profession and awareness of radiography and radiotherapy. The admission interview includes the following topics:<\/p>\n\n\n\n<ul class=\"wp-block-list\">\n<li>Motivation to study in the specialist field and at the master\u2019s level<\/li>\n\n\n\n<li>Prior studies and\/or professional experience in the specialist field<\/li>\n\n\n\n<li>Prior non-formal education and the implementation of acquired knowledge and skills<\/li>\n\n\n\n<li>Self-expression in English<\/li>\n<\/ul>\n\n\n\n<p>The maximum result for each topic is 5 points; the maximum total result of the admission interview is 20 points. The result of the admission interview forms 60% of the total admission score. The admission interview lasts 20 minutes and is conducted online. <\/p>\n\n\n\n<h3 class=\"wp-block-heading\">Application procedure in Deam Apply<\/h3>\n\n\n\n<p><strong>No1 &#8211; Online application<\/strong><\/p>\n\n\n\n<ul class=\"wp-block-list\">\n<li>Create an account for the online application system (<a href=\"http:\/\/estonia.dreamapply.com\/\" target=\"_blank\" rel=\"noreferrer noopener\">Dream Apply<\/a>).<\/li>\n\n\n\n<li>Fill out the form with personal data.<\/li>\n\n\n\n<li>Submit your CV.<\/li>\n\n\n\n<li>Upload required documents: Bachelor&#8217;s diploma and transcript of records, English language certificate, copy of passport (identification page) or ID.<\/li>\n<\/ul>\n\n\n\n<p><strong>No 2 &#8211; Evaluation of application and results<\/strong><br>Applications are evaluated and the first feedback with further guidance will be sent to all applicants on an ongoing basis.&nbsp;Conditional acceptance is not allowed.<\/p>\n\n\n\n<p><strong>No 3 &#8211; Letter of Acceptance<\/strong><br>Applicants will receive the Final Letter of Acceptance only if the Tartu Applied Health Sciences University has received the confirmation for study offer via Dream Apply, after having received all required documents and pre-payment of the tuition fee.<\/p>\n\n\n\n<p>NB! Please be aware that the Final Letter of Acceptance will be sent individually to the applicants&#8217;&nbsp;e-mail addresses.<\/p>\n\n\n\n<h3 class=\"wp-block-heading\">English language requirements for the Master&#8217;s Programme in Radiography<\/h3>\n\n\n\n<p>Proof of English language proficiency at the B2 level should be shown by an internationally recognised test like TOEFL, IELTS or equivalent.<\/p>\n\n\n\n<p>NB! English language requirements must be fulfilled by the application deadline.<\/p>\n\n\n\n<p><strong>Waiving English language requirements<\/strong><\/p>\n\n\n\n<p>Tartu Applied Health Sciences University accepts the following state exams:<\/p>\n\n\n\n<ul class=\"wp-block-list\">\n<li><strong>Estonian state exam in English<\/strong>&nbsp;&#8211; minimum required result is <strong>B2<\/strong> level (for exams taken in 1997-2013, 66 points or higher)<\/li>\n\n\n\n<li><strong>Finnish <\/strong><em><strong>ylioppilastutkinto<\/strong><\/em><strong>&nbsp;in English, long course<\/strong>&nbsp; \u2013&nbsp; graded at least <em>magna cum laude approbatur<\/em> (M) 5<\/li>\n\n\n\n<li><strong>Latvian state exam in English<\/strong>&nbsp;(<em>centraliz<\/em>\u0113<em>tais eks<\/em>\u0101<em>mens<\/em>) &#8211; minimum required result is <strong>B2<\/strong> level&nbsp;<\/li>\n\n\n\n<li><strong>Lithuanian state exam in English<\/strong> (<em>valstybinis egzaminas<\/em>) &#8211;&nbsp;minimum required result is <strong>B2<\/strong> level<\/li>\n<\/ul>\n\n\n\n<p>English language requirements may be waived in case the candidate has finished International Baccalaureate (IB) or has completed secondary or higher education fully in English either in EU\/EEA member states, USA, Canada, Australia or New Zealand.<\/p>\n","protected":false},"excerpt":{"rendered":"<p>For more information regarding the admission process please contact admission@tartuh.ee. Tuiton fee Tuition fee: 4500 EUR per academic year. The tuition fees for each semester have to be paid by the beginning of studies for the particular semester. There are tuition waivers available for top-ranked applicants in 2026 for students from specific regions: The tuition [&hellip;]<\/p>\n","protected":false},"author":17,"featured_media":0,"parent":5832,"menu_order":0,"comment_status":"closed","ping_status":"closed","template":"","meta":{"_acf_changed":false,"_eb_attr":"","inline_featured_image":false,"footnotes":""},"class_list":["post-542","page","type-page","status-publish","hentry"],"acf":[],"yoast_head":"<!-- This site is optimized with the Yoast SEO plugin v20.8 - https:\/\/yoast.com\/wordpress\/plugins\/seo\/ -->\n<title>Admission Requirements - TARTUH.EE<\/title>\n<meta name=\"description\" content=\"ADMISSION TO THE MASTER&#039;S PROGRAMME IN RADIOGRAPHY\" \/>\n<meta name=\"robots\" content=\"index, follow, max-snippet:-1, max-image-preview:large, max-video-preview:-1\" \/>\n<link rel=\"canonical\" href=\"https:\/\/www.tartuh.ee\/en\/admission\/radiography\/admission\/\" \/>\n<meta property=\"og:locale\" content=\"en_US\" \/>\n<meta property=\"og:type\" content=\"article\" \/>\n<meta property=\"og:title\" content=\"Admission Requirements - TARTUH.EE\" \/>\n<meta property=\"og:description\" content=\"ADMISSION TO THE MASTER&#039;S PROGRAMME IN RADIOGRAPHY\" \/>\n<meta property=\"og:url\" content=\"https:\/\/www.tartuh.ee\/en\/admission\/radiography\/admission\/\" \/>\n<meta property=\"og:site_name\" content=\"TARTUH.EE\" \/>\n<meta property=\"article:modified_time\" content=\"2026-04-20T07:45:42+00:00\" \/>\n<meta name=\"twitter:card\" content=\"summary_large_image\" \/>\n<meta name=\"twitter:label1\" content=\"Est. reading time\" \/>\n\t<meta name=\"twitter:data1\" content=\"5 minutes\" \/>\n<script type=\"application\/ld+json\" class=\"yoast-schema-graph\">{\"@context\":\"https:\/\/schema.org\",\"@graph\":[{\"@type\":\"WebPage\",\"@id\":\"https:\/\/www.tartuh.ee\/en\/admission\/radiography\/admission\/\",\"url\":\"https:\/\/www.tartuh.ee\/en\/admission\/radiography\/admission\/\",\"name\":\"Admission Requirements - TARTUH.EE\",\"isPartOf\":{\"@id\":\"https:\/\/www.tartuh.ee\/#website\"},\"datePublished\":\"2022-05-03T12:58:18+00:00\",\"dateModified\":\"2026-04-20T07:45:42+00:00\",\"description\":\"ADMISSION TO THE MASTER'S PROGRAMME IN RADIOGRAPHY\",\"breadcrumb\":{\"@id\":\"https:\/\/www.tartuh.ee\/en\/admission\/radiography\/admission\/#breadcrumb\"},\"inLanguage\":\"en-US\",\"potentialAction\":[{\"@type\":\"ReadAction\",\"target\":[\"https:\/\/www.tartuh.ee\/en\/admission\/radiography\/admission\/\"]}]},{\"@type\":\"BreadcrumbList\",\"@id\":\"https:\/\/www.tartuh.ee\/en\/admission\/radiography\/admission\/#breadcrumb\",\"itemListElement\":[{\"@type\":\"ListItem\",\"position\":1,\"name\":\"Home\",\"item\":\"https:\/\/www.tartuh.ee\/en\/\"},{\"@type\":\"ListItem\",\"position\":2,\"name\":\"Admission and Studies\",\"item\":\"https:\/\/www.tartuh.ee\/en\/admission\/\"},{\"@type\":\"ListItem\",\"position\":3,\"name\":\"Master&#8217;s Programme in Radiography\",\"item\":\"https:\/\/www.tartuh.ee\/en\/admission\/radiography\/\"},{\"@type\":\"ListItem\",\"position\":4,\"name\":\"Admission Requirements\"}]},{\"@type\":\"WebSite\",\"@id\":\"https:\/\/www.tartuh.ee\/#website\",\"url\":\"https:\/\/www.tartuh.ee\/\",\"name\":\"TARTUH.EE\",\"description\":\"Tartu Tervishoiu K\u00f5rgkool on Eestis ja rahvusvaheliselt hinnatud k\u00f5rgkool ning kompetentsikeskus tervise ja heaolu valdkonnas. K\u00f5rgkoolis on v\u00f5imalik \u00f5ppida rakendusk\u00f5rghariduse, magistri- ja kutse\u00f5ppe \u00f5ppekavadel.\",\"publisher\":{\"@id\":\"https:\/\/www.tartuh.ee\/#organization\"},\"potentialAction\":[{\"@type\":\"SearchAction\",\"target\":{\"@type\":\"EntryPoint\",\"urlTemplate\":\"https:\/\/www.tartuh.ee\/?s={search_term_string}\"},\"query-input\":\"required name=search_term_string\"}],\"inLanguage\":\"en-US\"},{\"@type\":\"Organization\",\"@id\":\"https:\/\/www.tartuh.ee\/#organization\",\"name\":\"TARTUH.EE\",\"url\":\"https:\/\/www.tartuh.ee\/\",\"logo\":{\"@type\":\"ImageObject\",\"inLanguage\":\"en-US\",\"@id\":\"https:\/\/www.tartuh.ee\/#\/schema\/logo\/image\/\",\"url\":\"https:\/\/www.tartuh.ee\/wp-content\/uploads\/2025\/01\/cropped-TTKK-2025-logo.jpg\",\"contentUrl\":\"https:\/\/www.tartuh.ee\/wp-content\/uploads\/2025\/01\/cropped-TTKK-2025-logo.jpg\",\"width\":1498,\"height\":755,\"caption\":\"TARTUH.EE\"},\"image\":{\"@id\":\"https:\/\/www.tartuh.ee\/#\/schema\/logo\/image\/\"}}]}<\/script>\n<!-- \/ Yoast SEO plugin. -->","yoast_head_json":{"title":"Admission Requirements - TARTUH.EE","description":"ADMISSION TO THE MASTER'S PROGRAMME IN RADIOGRAPHY","robots":{"index":"index","follow":"follow","max-snippet":"max-snippet:-1","max-image-preview":"max-image-preview:large","max-video-preview":"max-video-preview:-1"},"canonical":"https:\/\/www.tartuh.ee\/en\/admission\/radiography\/admission\/","og_locale":"en_US","og_type":"article","og_title":"Admission Requirements - TARTUH.EE","og_description":"ADMISSION TO THE MASTER'S PROGRAMME IN RADIOGRAPHY","og_url":"https:\/\/www.tartuh.ee\/en\/admission\/radiography\/admission\/","og_site_name":"TARTUH.EE","article_modified_time":"2026-04-20T07:45:42+00:00","twitter_card":"summary_large_image","twitter_misc":{"Est. reading time":"5 minutes"},"schema":{"@context":"https:\/\/schema.org","@graph":[{"@type":"WebPage","@id":"https:\/\/www.tartuh.ee\/en\/admission\/radiography\/admission\/","url":"https:\/\/www.tartuh.ee\/en\/admission\/radiography\/admission\/","name":"Admission Requirements - TARTUH.EE","isPartOf":{"@id":"https:\/\/www.tartuh.ee\/#website"},"datePublished":"2022-05-03T12:58:18+00:00","dateModified":"2026-04-20T07:45:42+00:00","description":"ADMISSION TO THE MASTER'S PROGRAMME IN RADIOGRAPHY","breadcrumb":{"@id":"https:\/\/www.tartuh.ee\/en\/admission\/radiography\/admission\/#breadcrumb"},"inLanguage":"en-US","potentialAction":[{"@type":"ReadAction","target":["https:\/\/www.tartuh.ee\/en\/admission\/radiography\/admission\/"]}]},{"@type":"BreadcrumbList","@id":"https:\/\/www.tartuh.ee\/en\/admission\/radiography\/admission\/#breadcrumb","itemListElement":[{"@type":"ListItem","position":1,"name":"Home","item":"https:\/\/www.tartuh.ee\/en\/"},{"@type":"ListItem","position":2,"name":"Admission and Studies","item":"https:\/\/www.tartuh.ee\/en\/admission\/"},{"@type":"ListItem","position":3,"name":"Master&#8217;s Programme in Radiography","item":"https:\/\/www.tartuh.ee\/en\/admission\/radiography\/"},{"@type":"ListItem","position":4,"name":"Admission Requirements"}]},{"@type":"WebSite","@id":"https:\/\/www.tartuh.ee\/#website","url":"https:\/\/www.tartuh.ee\/","name":"TARTUH.EE","description":"Tartu Tervishoiu K\u00f5rgkool on Eestis ja rahvusvaheliselt hinnatud k\u00f5rgkool ning kompetentsikeskus tervise ja heaolu valdkonnas. K\u00f5rgkoolis on v\u00f5imalik \u00f5ppida rakendusk\u00f5rghariduse, magistri- ja kutse\u00f5ppe \u00f5ppekavadel.","publisher":{"@id":"https:\/\/www.tartuh.ee\/#organization"},"potentialAction":[{"@type":"SearchAction","target":{"@type":"EntryPoint","urlTemplate":"https:\/\/www.tartuh.ee\/?s={search_term_string}"},"query-input":"required name=search_term_string"}],"inLanguage":"en-US"},{"@type":"Organization","@id":"https:\/\/www.tartuh.ee\/#organization","name":"TARTUH.EE","url":"https:\/\/www.tartuh.ee\/","logo":{"@type":"ImageObject","inLanguage":"en-US","@id":"https:\/\/www.tartuh.ee\/#\/schema\/logo\/image\/","url":"https:\/\/www.tartuh.ee\/wp-content\/uploads\/2025\/01\/cropped-TTKK-2025-logo.jpg","contentUrl":"https:\/\/www.tartuh.ee\/wp-content\/uploads\/2025\/01\/cropped-TTKK-2025-logo.jpg","width":1498,"height":755,"caption":"TARTUH.EE"},"image":{"@id":"https:\/\/www.tartuh.ee\/#\/schema\/logo\/image\/"}}]}},"_links":{"self":[{"href":"https:\/\/www.tartuh.ee\/en\/wp-json\/wp\/v2\/pages\/542","targetHints":{"allow":["GET"]}}],"collection":[{"href":"https:\/\/www.tartuh.ee\/en\/wp-json\/wp\/v2\/pages"}],"about":[{"href":"https:\/\/www.tartuh.ee\/en\/wp-json\/wp\/v2\/types\/page"}],"author":[{"embeddable":true,"href":"https:\/\/www.tartuh.ee\/en\/wp-json\/wp\/v2\/users\/17"}],"replies":[{"embeddable":true,"href":"https:\/\/www.tartuh.ee\/en\/wp-json\/wp\/v2\/comments?post=542"}],"version-history":[{"count":55,"href":"https:\/\/www.tartuh.ee\/en\/wp-json\/wp\/v2\/pages\/542\/revisions"}],"predecessor-version":[{"id":19109,"href":"https:\/\/www.tartuh.ee\/en\/wp-json\/wp\/v2\/pages\/542\/revisions\/19109"}],"up":[{"embeddable":true,"href":"https:\/\/www.tartuh.ee\/en\/wp-json\/wp\/v2\/pages\/5832"}],"wp:attachment":[{"href":"https:\/\/www.tartuh.ee\/en\/wp-json\/wp\/v2\/media?parent=542"}],"curies":[{"name":"wp","href":"https:\/\/api.w.org\/{rel}","templated":true}]}}