{"id":566,"date":"2022-05-04T08:07:28","date_gmt":"2022-05-04T08:07:28","guid":{"rendered":"https:\/\/www.tartuh.ee\/?page_id=566"},"modified":"2025-05-21T13:04:10","modified_gmt":"2025-05-21T13:04:10","slug":"academic-and-research-structure","status":"publish","type":"page","link":"https:\/\/www.tartuh.ee\/en\/about-tartuh\/university\/academic-and-research-structure\/","title":{"rendered":"Academic and Research Structure"},"content":{"rendered":"\n<p>Academic and Research Structure is led by Vice Rector for Academic Affairs and it consists of:<br>Study Departments, Pedagogical Board, Centre of Competence (Open University, Services, Projects), International Relations, Educational Technology, and Board of Applied Research, led by the Rector.<\/p>\n\n\n\n<p>Main actors in Academic and Research Structure are Study Departments by organising and developing the University&#8217;s teaching process. There are 4 Study Departments:<\/p>\n\n\n\n<ul class=\"wp-block-list\">\n<li>Nursing and Midwifery Department<\/li>\n\n\n\n<li>Radiography and Biomedical Laboratory Science Department<\/li>\n\n\n\n<li>Physiotherapy and Environmental Health Department<\/li>\n\n\n\n<li>Vocational Education Department\u00a0<\/li>\n<\/ul>\n\n\n\n<p>The highest decision-making body in the Academic and Research Structure is the Pedagogical Board led by the Vice-Rector for Academic Affairs. The aim of the Pedagogical Board is to establish the quality of academic, research and development activities of the University.<\/p>\n\n\n\n<div style=\"height:50px\" aria-hidden=\"true\" class=\"wp-block-spacer\"><\/div>\n","protected":false},"excerpt":{"rendered":"<p>Academic and Research Structure is led by Vice Rector for Academic Affairs and it consists of:Study Departments, Pedagogical Board, Centre of Competence (Open University, Services, Projects), International Relations, Educational Technology, and Board of Applied Research, led by the Rector. Main actors in Academic and Research Structure are Study Departments by organising and developing the University&#8217;s [&hellip;]<\/p>\n","protected":false},"author":4,"featured_media":0,"parent":309,"menu_order":0,"comment_status":"closed","ping_status":"closed","template":"","meta":{"_acf_changed":false,"_eb_attr":"","inline_featured_image":false,"footnotes":""},"class_list":["post-566","page","type-page","status-publish","hentry"],"acf":[],"yoast_head":"<!-- This site is optimized with the Yoast SEO plugin v20.8 - https:\/\/yoast.com\/wordpress\/plugins\/seo\/ -->\n<title>Academic and Research Structure - TARTUH.EE<\/title>\n<meta name=\"robots\" content=\"index, follow, max-snippet:-1, max-image-preview:large, max-video-preview:-1\" \/>\n<link rel=\"canonical\" href=\"https:\/\/www.tartuh.ee\/en\/about-tartuh\/university\/academic-and-research-structure\/\" \/>\n<meta property=\"og:locale\" content=\"en_US\" \/>\n<meta property=\"og:type\" content=\"article\" \/>\n<meta property=\"og:title\" content=\"Academic and Research Structure - TARTUH.EE\" \/>\n<meta property=\"og:description\" content=\"Academic and Research Structure is led by Vice Rector for Academic Affairs and it consists of:Study Departments, Pedagogical Board, Centre of Competence (Open University, Services, Projects), International Relations, Educational Technology, and Board of Applied Research, led by the Rector. Main actors in Academic and Research Structure are Study Departments by organising and developing the University&#8217;s [&hellip;]\" \/>\n<meta property=\"og:url\" content=\"https:\/\/www.tartuh.ee\/en\/about-tartuh\/university\/academic-and-research-structure\/\" \/>\n<meta property=\"og:site_name\" content=\"TARTUH.EE\" \/>\n<meta property=\"article:modified_time\" content=\"2025-05-21T13:04:10+00:00\" \/>\n<meta name=\"twitter:card\" content=\"summary_large_image\" \/>\n<meta name=\"twitter:label1\" content=\"Est. reading time\" \/>\n\t<meta name=\"twitter:data1\" content=\"1 minute\" \/>\n<script type=\"application\/ld+json\" class=\"yoast-schema-graph\">{\"@context\":\"https:\/\/schema.org\",\"@graph\":[{\"@type\":\"WebPage\",\"@id\":\"https:\/\/www.tartuh.ee\/en\/about-tartuh\/university\/academic-and-research-structure\/\",\"url\":\"https:\/\/www.tartuh.ee\/en\/about-tartuh\/university\/academic-and-research-structure\/\",\"name\":\"Academic and Research Structure - TARTUH.EE\",\"isPartOf\":{\"@id\":\"https:\/\/www.tartuh.ee\/#website\"},\"datePublished\":\"2022-05-04T08:07:28+00:00\",\"dateModified\":\"2025-05-21T13:04:10+00:00\",\"breadcrumb\":{\"@id\":\"https:\/\/www.tartuh.ee\/en\/about-tartuh\/university\/academic-and-research-structure\/#breadcrumb\"},\"inLanguage\":\"en-US\",\"potentialAction\":[{\"@type\":\"ReadAction\",\"target\":[\"https:\/\/www.tartuh.ee\/en\/about-tartuh\/university\/academic-and-research-structure\/\"]}]},{\"@type\":\"BreadcrumbList\",\"@id\":\"https:\/\/www.tartuh.ee\/en\/about-tartuh\/university\/academic-and-research-structure\/#breadcrumb\",\"itemListElement\":[{\"@type\":\"ListItem\",\"position\":1,\"name\":\"Home\",\"item\":\"https:\/\/www.tartuh.ee\/en\/\"},{\"@type\":\"ListItem\",\"position\":2,\"name\":\"About TARTUH\",\"item\":\"https:\/\/www.tartuh.ee\/en\/about-tartuh\/\"},{\"@type\":\"ListItem\",\"position\":3,\"name\":\"University\",\"item\":\"https:\/\/www.tartuh.ee\/en\/about-tartuh\/university\/\"},{\"@type\":\"ListItem\",\"position\":4,\"name\":\"Academic and Research Structure\"}]},{\"@type\":\"WebSite\",\"@id\":\"https:\/\/www.tartuh.ee\/#website\",\"url\":\"https:\/\/www.tartuh.ee\/\",\"name\":\"TARTUH.EE\",\"description\":\"Tartu Tervishoiu K\u00f5rgkool on Eestis ja rahvusvaheliselt hinnatud k\u00f5rgkool ning kompetentsikeskus tervise ja heaolu valdkonnas. K\u00f5rgkoolis on v\u00f5imalik \u00f5ppida rakendusk\u00f5rghariduse, magistri- ja kutse\u00f5ppe \u00f5ppekavadel.\",\"publisher\":{\"@id\":\"https:\/\/www.tartuh.ee\/#organization\"},\"potentialAction\":[{\"@type\":\"SearchAction\",\"target\":{\"@type\":\"EntryPoint\",\"urlTemplate\":\"https:\/\/www.tartuh.ee\/?s={search_term_string}\"},\"query-input\":\"required name=search_term_string\"}],\"inLanguage\":\"en-US\"},{\"@type\":\"Organization\",\"@id\":\"https:\/\/www.tartuh.ee\/#organization\",\"name\":\"TARTUH.EE\",\"url\":\"https:\/\/www.tartuh.ee\/\",\"logo\":{\"@type\":\"ImageObject\",\"inLanguage\":\"en-US\",\"@id\":\"https:\/\/www.tartuh.ee\/#\/schema\/logo\/image\/\",\"url\":\"https:\/\/www.tartuh.ee\/wp-content\/uploads\/2025\/01\/cropped-TTKK-2025-logo.jpg\",\"contentUrl\":\"https:\/\/www.tartuh.ee\/wp-content\/uploads\/2025\/01\/cropped-TTKK-2025-logo.jpg\",\"width\":1498,\"height\":755,\"caption\":\"TARTUH.EE\"},\"image\":{\"@id\":\"https:\/\/www.tartuh.ee\/#\/schema\/logo\/image\/\"}}]}<\/script>\n<!-- \/ Yoast SEO plugin. -->","yoast_head_json":{"title":"Academic and Research Structure - TARTUH.EE","robots":{"index":"index","follow":"follow","max-snippet":"max-snippet:-1","max-image-preview":"max-image-preview:large","max-video-preview":"max-video-preview:-1"},"canonical":"https:\/\/www.tartuh.ee\/en\/about-tartuh\/university\/academic-and-research-structure\/","og_locale":"en_US","og_type":"article","og_title":"Academic and Research Structure - TARTUH.EE","og_description":"Academic and Research Structure is led by Vice Rector for Academic Affairs and it consists of:Study Departments, Pedagogical Board, Centre of Competence (Open University, Services, Projects), International Relations, Educational Technology, and Board of Applied Research, led by the Rector. Main actors in Academic and Research Structure are Study Departments by organising and developing the University&#8217;s [&hellip;]","og_url":"https:\/\/www.tartuh.ee\/en\/about-tartuh\/university\/academic-and-research-structure\/","og_site_name":"TARTUH.EE","article_modified_time":"2025-05-21T13:04:10+00:00","twitter_card":"summary_large_image","twitter_misc":{"Est. reading time":"1 minute"},"schema":{"@context":"https:\/\/schema.org","@graph":[{"@type":"WebPage","@id":"https:\/\/www.tartuh.ee\/en\/about-tartuh\/university\/academic-and-research-structure\/","url":"https:\/\/www.tartuh.ee\/en\/about-tartuh\/university\/academic-and-research-structure\/","name":"Academic and Research Structure - TARTUH.EE","isPartOf":{"@id":"https:\/\/www.tartuh.ee\/#website"},"datePublished":"2022-05-04T08:07:28+00:00","dateModified":"2025-05-21T13:04:10+00:00","breadcrumb":{"@id":"https:\/\/www.tartuh.ee\/en\/about-tartuh\/university\/academic-and-research-structure\/#breadcrumb"},"inLanguage":"en-US","potentialAction":[{"@type":"ReadAction","target":["https:\/\/www.tartuh.ee\/en\/about-tartuh\/university\/academic-and-research-structure\/"]}]},{"@type":"BreadcrumbList","@id":"https:\/\/www.tartuh.ee\/en\/about-tartuh\/university\/academic-and-research-structure\/#breadcrumb","itemListElement":[{"@type":"ListItem","position":1,"name":"Home","item":"https:\/\/www.tartuh.ee\/en\/"},{"@type":"ListItem","position":2,"name":"About TARTUH","item":"https:\/\/www.tartuh.ee\/en\/about-tartuh\/"},{"@type":"ListItem","position":3,"name":"University","item":"https:\/\/www.tartuh.ee\/en\/about-tartuh\/university\/"},{"@type":"ListItem","position":4,"name":"Academic and Research Structure"}]},{"@type":"WebSite","@id":"https:\/\/www.tartuh.ee\/#website","url":"https:\/\/www.tartuh.ee\/","name":"TARTUH.EE","description":"Tartu Tervishoiu K\u00f5rgkool on Eestis ja rahvusvaheliselt hinnatud k\u00f5rgkool ning kompetentsikeskus tervise ja heaolu valdkonnas. K\u00f5rgkoolis on v\u00f5imalik \u00f5ppida rakendusk\u00f5rghariduse, magistri- ja kutse\u00f5ppe \u00f5ppekavadel.","publisher":{"@id":"https:\/\/www.tartuh.ee\/#organization"},"potentialAction":[{"@type":"SearchAction","target":{"@type":"EntryPoint","urlTemplate":"https:\/\/www.tartuh.ee\/?s={search_term_string}"},"query-input":"required name=search_term_string"}],"inLanguage":"en-US"},{"@type":"Organization","@id":"https:\/\/www.tartuh.ee\/#organization","name":"TARTUH.EE","url":"https:\/\/www.tartuh.ee\/","logo":{"@type":"ImageObject","inLanguage":"en-US","@id":"https:\/\/www.tartuh.ee\/#\/schema\/logo\/image\/","url":"https:\/\/www.tartuh.ee\/wp-content\/uploads\/2025\/01\/cropped-TTKK-2025-logo.jpg","contentUrl":"https:\/\/www.tartuh.ee\/wp-content\/uploads\/2025\/01\/cropped-TTKK-2025-logo.jpg","width":1498,"height":755,"caption":"TARTUH.EE"},"image":{"@id":"https:\/\/www.tartuh.ee\/#\/schema\/logo\/image\/"}}]}},"_links":{"self":[{"href":"https:\/\/www.tartuh.ee\/en\/wp-json\/wp\/v2\/pages\/566","targetHints":{"allow":["GET"]}}],"collection":[{"href":"https:\/\/www.tartuh.ee\/en\/wp-json\/wp\/v2\/pages"}],"about":[{"href":"https:\/\/www.tartuh.ee\/en\/wp-json\/wp\/v2\/types\/page"}],"author":[{"embeddable":true,"href":"https:\/\/www.tartuh.ee\/en\/wp-json\/wp\/v2\/users\/4"}],"replies":[{"embeddable":true,"href":"https:\/\/www.tartuh.ee\/en\/wp-json\/wp\/v2\/comments?post=566"}],"version-history":[{"count":6,"href":"https:\/\/www.tartuh.ee\/en\/wp-json\/wp\/v2\/pages\/566\/revisions"}],"predecessor-version":[{"id":15636,"href":"https:\/\/www.tartuh.ee\/en\/wp-json\/wp\/v2\/pages\/566\/revisions\/15636"}],"up":[{"embeddable":true,"href":"https:\/\/www.tartuh.ee\/en\/wp-json\/wp\/v2\/pages\/309"}],"wp:attachment":[{"href":"https:\/\/www.tartuh.ee\/en\/wp-json\/wp\/v2\/media?parent=566"}],"curies":[{"name":"wp","href":"https:\/\/api.w.org\/{rel}","templated":true}]}}