{"id":570,"date":"2022-05-04T08:27:38","date_gmt":"2022-05-04T08:27:38","guid":{"rendered":"https:\/\/www.tartuh.ee\/?page_id=570"},"modified":"2025-05-21T13:37:10","modified_gmt":"2025-05-21T13:37:10","slug":"administrative-and-support-structure","status":"publish","type":"page","link":"https:\/\/www.tartuh.ee\/en\/about-tartuh\/university\/administrative-and-support-structure\/","title":{"rendered":"Administrative and Support Structure"},"content":{"rendered":"\n<p>Administrative and Support Structure is the support structure aimed at the organisation and development of administrative and economic activities. The main function of this Department is the provision of the operation of the infrastructures, economical support and technical equipment for the studies, management of the Student Hostel and maintenance of the University&#8217;s\u00a0assets.<\/p>\n\n\n\n<p>Structure consists of 4 units:<\/p>\n\n\n\n<ul class=\"wp-block-list\">\n<li>Administrative and Finance Department (Finance Service, IT Service, Administrative Service, Student Hostel)\u00a0<\/li>\n\n\n\n<li>Rector\u2019s Office (Quality management, Personel, Legal, Communication and Marketing)<\/li>\n\n\n\n<li>Department of Academic Affairs\u00a0<\/li>\n\n\n\n<li>Library<\/li>\n<\/ul>\n","protected":false},"excerpt":{"rendered":"<p>Administrative and Support Structure is the support structure aimed at the organisation and development of administrative and economic activities. The main function of this Department is the provision of the operation of the infrastructures, economical support and technical equipment for the studies, management of the Student Hostel and maintenance of the University&#8217;s\u00a0assets. Structure consists of [&hellip;]<\/p>\n","protected":false},"author":4,"featured_media":0,"parent":309,"menu_order":0,"comment_status":"closed","ping_status":"closed","template":"","meta":{"_acf_changed":false,"_eb_attr":"","inline_featured_image":false,"footnotes":""},"class_list":["post-570","page","type-page","status-publish","hentry"],"acf":[],"yoast_head":"<!-- This site is optimized with the Yoast SEO plugin v20.8 - https:\/\/yoast.com\/wordpress\/plugins\/seo\/ -->\n<title>Administrative and Support Structure - TARTUH.EE<\/title>\n<meta name=\"robots\" content=\"index, follow, max-snippet:-1, max-image-preview:large, max-video-preview:-1\" \/>\n<link rel=\"canonical\" href=\"https:\/\/www.tartuh.ee\/en\/about-tartuh\/university\/administrative-and-support-structure\/\" \/>\n<meta property=\"og:locale\" content=\"en_US\" \/>\n<meta property=\"og:type\" content=\"article\" \/>\n<meta property=\"og:title\" content=\"Administrative and Support Structure - TARTUH.EE\" \/>\n<meta property=\"og:description\" content=\"Administrative and Support Structure is the support structure aimed at the organisation and development of administrative and economic activities. The main function of this Department is the provision of the operation of the infrastructures, economical support and technical equipment for the studies, management of the Student Hostel and maintenance of the University&#8217;s\u00a0assets. Structure consists of [&hellip;]\" \/>\n<meta property=\"og:url\" content=\"https:\/\/www.tartuh.ee\/en\/about-tartuh\/university\/administrative-and-support-structure\/\" \/>\n<meta property=\"og:site_name\" content=\"TARTUH.EE\" \/>\n<meta property=\"article:modified_time\" content=\"2025-05-21T13:37:10+00:00\" \/>\n<meta name=\"twitter:card\" content=\"summary_large_image\" \/>\n<meta name=\"twitter:label1\" content=\"Est. reading time\" \/>\n\t<meta name=\"twitter:data1\" content=\"1 minute\" \/>\n<script type=\"application\/ld+json\" class=\"yoast-schema-graph\">{\"@context\":\"https:\/\/schema.org\",\"@graph\":[{\"@type\":\"WebPage\",\"@id\":\"https:\/\/www.tartuh.ee\/en\/about-tartuh\/university\/administrative-and-support-structure\/\",\"url\":\"https:\/\/www.tartuh.ee\/en\/about-tartuh\/university\/administrative-and-support-structure\/\",\"name\":\"Administrative and Support Structure - TARTUH.EE\",\"isPartOf\":{\"@id\":\"https:\/\/www.tartuh.ee\/#website\"},\"datePublished\":\"2022-05-04T08:27:38+00:00\",\"dateModified\":\"2025-05-21T13:37:10+00:00\",\"breadcrumb\":{\"@id\":\"https:\/\/www.tartuh.ee\/en\/about-tartuh\/university\/administrative-and-support-structure\/#breadcrumb\"},\"inLanguage\":\"en-US\",\"potentialAction\":[{\"@type\":\"ReadAction\",\"target\":[\"https:\/\/www.tartuh.ee\/en\/about-tartuh\/university\/administrative-and-support-structure\/\"]}]},{\"@type\":\"BreadcrumbList\",\"@id\":\"https:\/\/www.tartuh.ee\/en\/about-tartuh\/university\/administrative-and-support-structure\/#breadcrumb\",\"itemListElement\":[{\"@type\":\"ListItem\",\"position\":1,\"name\":\"Home\",\"item\":\"https:\/\/www.tartuh.ee\/en\/\"},{\"@type\":\"ListItem\",\"position\":2,\"name\":\"About TARTUH\",\"item\":\"https:\/\/www.tartuh.ee\/en\/about-tartuh\/\"},{\"@type\":\"ListItem\",\"position\":3,\"name\":\"University\",\"item\":\"https:\/\/www.tartuh.ee\/en\/about-tartuh\/university\/\"},{\"@type\":\"ListItem\",\"position\":4,\"name\":\"Administrative and Support Structure\"}]},{\"@type\":\"WebSite\",\"@id\":\"https:\/\/www.tartuh.ee\/#website\",\"url\":\"https:\/\/www.tartuh.ee\/\",\"name\":\"TARTUH.EE\",\"description\":\"Tartu Tervishoiu K\u00f5rgkool on Eestis ja rahvusvaheliselt hinnatud k\u00f5rgkool ning kompetentsikeskus tervise ja heaolu valdkonnas. K\u00f5rgkoolis on v\u00f5imalik \u00f5ppida rakendusk\u00f5rghariduse, magistri- ja kutse\u00f5ppe \u00f5ppekavadel.\",\"publisher\":{\"@id\":\"https:\/\/www.tartuh.ee\/#organization\"},\"potentialAction\":[{\"@type\":\"SearchAction\",\"target\":{\"@type\":\"EntryPoint\",\"urlTemplate\":\"https:\/\/www.tartuh.ee\/?s={search_term_string}\"},\"query-input\":\"required name=search_term_string\"}],\"inLanguage\":\"en-US\"},{\"@type\":\"Organization\",\"@id\":\"https:\/\/www.tartuh.ee\/#organization\",\"name\":\"TARTUH.EE\",\"url\":\"https:\/\/www.tartuh.ee\/\",\"logo\":{\"@type\":\"ImageObject\",\"inLanguage\":\"en-US\",\"@id\":\"https:\/\/www.tartuh.ee\/#\/schema\/logo\/image\/\",\"url\":\"https:\/\/www.tartuh.ee\/wp-content\/uploads\/2025\/01\/cropped-TTKK-2025-logo.jpg\",\"contentUrl\":\"https:\/\/www.tartuh.ee\/wp-content\/uploads\/2025\/01\/cropped-TTKK-2025-logo.jpg\",\"width\":1498,\"height\":755,\"caption\":\"TARTUH.EE\"},\"image\":{\"@id\":\"https:\/\/www.tartuh.ee\/#\/schema\/logo\/image\/\"}}]}<\/script>\n<!-- \/ Yoast SEO plugin. -->","yoast_head_json":{"title":"Administrative and Support Structure - TARTUH.EE","robots":{"index":"index","follow":"follow","max-snippet":"max-snippet:-1","max-image-preview":"max-image-preview:large","max-video-preview":"max-video-preview:-1"},"canonical":"https:\/\/www.tartuh.ee\/en\/about-tartuh\/university\/administrative-and-support-structure\/","og_locale":"en_US","og_type":"article","og_title":"Administrative and Support Structure - TARTUH.EE","og_description":"Administrative and Support Structure is the support structure aimed at the organisation and development of administrative and economic activities. The main function of this Department is the provision of the operation of the infrastructures, economical support and technical equipment for the studies, management of the Student Hostel and maintenance of the University&#8217;s\u00a0assets. Structure consists of [&hellip;]","og_url":"https:\/\/www.tartuh.ee\/en\/about-tartuh\/university\/administrative-and-support-structure\/","og_site_name":"TARTUH.EE","article_modified_time":"2025-05-21T13:37:10+00:00","twitter_card":"summary_large_image","twitter_misc":{"Est. reading time":"1 minute"},"schema":{"@context":"https:\/\/schema.org","@graph":[{"@type":"WebPage","@id":"https:\/\/www.tartuh.ee\/en\/about-tartuh\/university\/administrative-and-support-structure\/","url":"https:\/\/www.tartuh.ee\/en\/about-tartuh\/university\/administrative-and-support-structure\/","name":"Administrative and Support Structure - TARTUH.EE","isPartOf":{"@id":"https:\/\/www.tartuh.ee\/#website"},"datePublished":"2022-05-04T08:27:38+00:00","dateModified":"2025-05-21T13:37:10+00:00","breadcrumb":{"@id":"https:\/\/www.tartuh.ee\/en\/about-tartuh\/university\/administrative-and-support-structure\/#breadcrumb"},"inLanguage":"en-US","potentialAction":[{"@type":"ReadAction","target":["https:\/\/www.tartuh.ee\/en\/about-tartuh\/university\/administrative-and-support-structure\/"]}]},{"@type":"BreadcrumbList","@id":"https:\/\/www.tartuh.ee\/en\/about-tartuh\/university\/administrative-and-support-structure\/#breadcrumb","itemListElement":[{"@type":"ListItem","position":1,"name":"Home","item":"https:\/\/www.tartuh.ee\/en\/"},{"@type":"ListItem","position":2,"name":"About TARTUH","item":"https:\/\/www.tartuh.ee\/en\/about-tartuh\/"},{"@type":"ListItem","position":3,"name":"University","item":"https:\/\/www.tartuh.ee\/en\/about-tartuh\/university\/"},{"@type":"ListItem","position":4,"name":"Administrative and Support Structure"}]},{"@type":"WebSite","@id":"https:\/\/www.tartuh.ee\/#website","url":"https:\/\/www.tartuh.ee\/","name":"TARTUH.EE","description":"Tartu Tervishoiu K\u00f5rgkool on Eestis ja rahvusvaheliselt hinnatud k\u00f5rgkool ning kompetentsikeskus tervise ja heaolu valdkonnas. K\u00f5rgkoolis on v\u00f5imalik \u00f5ppida rakendusk\u00f5rghariduse, magistri- ja kutse\u00f5ppe \u00f5ppekavadel.","publisher":{"@id":"https:\/\/www.tartuh.ee\/#organization"},"potentialAction":[{"@type":"SearchAction","target":{"@type":"EntryPoint","urlTemplate":"https:\/\/www.tartuh.ee\/?s={search_term_string}"},"query-input":"required name=search_term_string"}],"inLanguage":"en-US"},{"@type":"Organization","@id":"https:\/\/www.tartuh.ee\/#organization","name":"TARTUH.EE","url":"https:\/\/www.tartuh.ee\/","logo":{"@type":"ImageObject","inLanguage":"en-US","@id":"https:\/\/www.tartuh.ee\/#\/schema\/logo\/image\/","url":"https:\/\/www.tartuh.ee\/wp-content\/uploads\/2025\/01\/cropped-TTKK-2025-logo.jpg","contentUrl":"https:\/\/www.tartuh.ee\/wp-content\/uploads\/2025\/01\/cropped-TTKK-2025-logo.jpg","width":1498,"height":755,"caption":"TARTUH.EE"},"image":{"@id":"https:\/\/www.tartuh.ee\/#\/schema\/logo\/image\/"}}]}},"_links":{"self":[{"href":"https:\/\/www.tartuh.ee\/en\/wp-json\/wp\/v2\/pages\/570","targetHints":{"allow":["GET"]}}],"collection":[{"href":"https:\/\/www.tartuh.ee\/en\/wp-json\/wp\/v2\/pages"}],"about":[{"href":"https:\/\/www.tartuh.ee\/en\/wp-json\/wp\/v2\/types\/page"}],"author":[{"embeddable":true,"href":"https:\/\/www.tartuh.ee\/en\/wp-json\/wp\/v2\/users\/4"}],"replies":[{"embeddable":true,"href":"https:\/\/www.tartuh.ee\/en\/wp-json\/wp\/v2\/comments?post=570"}],"version-history":[{"count":5,"href":"https:\/\/www.tartuh.ee\/en\/wp-json\/wp\/v2\/pages\/570\/revisions"}],"predecessor-version":[{"id":15637,"href":"https:\/\/www.tartuh.ee\/en\/wp-json\/wp\/v2\/pages\/570\/revisions\/15637"}],"up":[{"embeddable":true,"href":"https:\/\/www.tartuh.ee\/en\/wp-json\/wp\/v2\/pages\/309"}],"wp:attachment":[{"href":"https:\/\/www.tartuh.ee\/en\/wp-json\/wp\/v2\/media?parent=570"}],"curies":[{"name":"wp","href":"https:\/\/api.w.org\/{rel}","templated":true}]}}