{"id":582,"date":"2022-05-04T09:21:57","date_gmt":"2022-05-04T09:21:57","guid":{"rendered":"https:\/\/www.tartuh.ee\/?page_id=582"},"modified":"2025-01-23T10:53:54","modified_gmt":"2025-01-23T10:53:54","slug":"nursing","status":"publish","type":"page","link":"https:\/\/www.tartuh.ee\/en\/about-tartuh\/professional-higher-education-curricula\/nursing\/","title":{"rendered":"Nursing"},"content":{"rendered":"\n<p>The aim of the curriculum is to prepare nurses in an internationally regulated profession with the ability to work successfully in various fields of health care. Nursing as a field has existed since the beginning of time and is constantly developing along with society.<\/p>\n\n\n\n<p>In addition to the theoretical training, over 40% of the studies form practical training, which takes place in the innovative learning environment of skills labs in the University and in the clinical settings (community, primary care, hospital care, home care etc.).<\/p>\n\n\n\n<p>The graduate will be qualified as a general nurse who can work in all areas of health care.<\/p>\n\n\n\n<p><strong>Workload of programme:<\/strong>&nbsp;210 ECTS<br><strong>Standard period of study:<\/strong>&nbsp;3.5 years\u200b\u200b\u200b\u200b\u200b\u200b\u200b<br><strong>Language of instruction:<\/strong>&nbsp;Estonian<\/p>\n\n\n\n<p>The education and training period is finished by the defence of the final thesis.<\/p>\n\n\n\n<p>The curriculum consists of ten basic modules:<\/p>\n\n\n\n<ul class=\"wp-block-list\">\n<li>professional and personal development<\/li>\n\n\n\n<li>basics of nursing<\/li>\n\n\n\n<li>anatomy-physiology<\/li>\n\n\n\n<li>community nursing<\/li>\n\n\n\n<li>children`s nursing<\/li>\n\n\n\n<li>reproductive health<\/li>\n\n\n\n<li>nursing care of the elderly<\/li>\n\n\n\n<li>clinical nursing care<\/li>\n\n\n\n<li>mental health and psychiatric nursing care<\/li>\n\n\n\n<li>nursing care of patients in complicated clinical cases<\/li>\n<\/ul>\n\n\n<div class=\"_personShort\" role=\"region\" aria-label=\"Person short\"><div class=\"_personShortWrap\" role=\"group\" aria-label=\"Person info\"><div class=\"_personPhoto\" role=\"img\" aria-label=\"Photos of Ireen Bruus\"><img loading=\"lazy\" decoding=\"async\" width=\"90\" height=\"90\" src=\"https:\/\/www.tartuh.ee\/wp-content\/uploads\/2022\/05\/ireenbruus-2.jpg\" class=\"attachment-hero-sm size-hero-sm\" alt=\"\" \/><img loading=\"lazy\" decoding=\"async\" width=\"90\" height=\"90\" src=\"https:\/\/www.tartuh.ee\/wp-content\/uploads\/2022\/05\/ireenbruus-1.jpg\" class=\"attachment-hero-sm size-hero-sm\" alt=\"\" \/><\/div><div class=\"_mainPersonInfo\" role=\"group\" aria-label=\"Main person info\"><p class=\"_name\" role=\"note\" aria-label=\"Name\">Ireen Bruus<\/p><p class=\"_position\" role=\"note\" aria-label=\"Position\">Head of  the Nursing and Midwifery Department<\/p><a class=\"_phone\" href=\"tel:+372 7370225\"  aria-label=\"Phone\">+372 737 0225<\/a><a class=\"_email\" href=\"mailto:ireen.bruus@tartuh.ee\"  aria-label=\"Email\">ireen.bruus@tartuh.ee<\/a><\/div><\/div><\/div>","protected":false},"excerpt":{"rendered":"<p>The aim of the curriculum is to prepare nurses in an internationally regulated profession with the ability to work successfully in various fields of health care. Nursing as a field has existed since the beginning of time and is constantly developing along with society. In addition to the theoretical training, over 40% of the studies [&hellip;]<\/p>\n","protected":false},"author":17,"featured_media":583,"parent":577,"menu_order":0,"comment_status":"closed","ping_status":"closed","template":"","meta":{"_acf_changed":false,"_eb_attr":"","inline_featured_image":false,"footnotes":""},"class_list":["post-582","page","type-page","status-publish","has-post-thumbnail","hentry"],"acf":[],"yoast_head":"<!-- This site is optimized with the Yoast SEO plugin v20.8 - https:\/\/yoast.com\/wordpress\/plugins\/seo\/ -->\n<title>Nursing - TARTUH.EE<\/title>\n<meta name=\"robots\" content=\"index, follow, max-snippet:-1, max-image-preview:large, max-video-preview:-1\" \/>\n<link rel=\"canonical\" href=\"https:\/\/www.tartuh.ee\/en\/about-tartuh\/professional-higher-education-curricula\/nursing\/\" \/>\n<meta property=\"og:locale\" content=\"en_US\" \/>\n<meta property=\"og:type\" content=\"article\" \/>\n<meta property=\"og:title\" content=\"Nursing - TARTUH.EE\" \/>\n<meta property=\"og:description\" content=\"The aim of the curriculum is to prepare nurses in an internationally regulated profession with the ability to work successfully in various fields of health care. Nursing as a field has existed since the beginning of time and is constantly developing along with society. In addition to the theoretical training, over 40% of the studies [&hellip;]\" \/>\n<meta property=\"og:url\" content=\"https:\/\/www.tartuh.ee\/en\/about-tartuh\/professional-higher-education-curricula\/nursing\/\" \/>\n<meta property=\"og:site_name\" content=\"TARTUH.EE\" \/>\n<meta property=\"article:modified_time\" content=\"2025-01-23T10:53:54+00:00\" \/>\n<meta property=\"og:image\" content=\"https:\/\/www.tartuh.ee\/wp-content\/uploads\/2022\/05\/ODE.jpg\" \/>\n\t<meta property=\"og:image:width\" content=\"1600\" \/>\n\t<meta property=\"og:image:height\" content=\"1067\" \/>\n\t<meta property=\"og:image:type\" content=\"image\/jpeg\" \/>\n<meta name=\"twitter:card\" content=\"summary_large_image\" \/>\n<meta name=\"twitter:label1\" content=\"Est. reading time\" \/>\n\t<meta name=\"twitter:data1\" content=\"1 minute\" \/>\n<script type=\"application\/ld+json\" class=\"yoast-schema-graph\">{\"@context\":\"https:\/\/schema.org\",\"@graph\":[{\"@type\":\"WebPage\",\"@id\":\"https:\/\/www.tartuh.ee\/en\/about-tartuh\/professional-higher-education-curricula\/nursing\/\",\"url\":\"https:\/\/www.tartuh.ee\/en\/about-tartuh\/professional-higher-education-curricula\/nursing\/\",\"name\":\"Nursing - TARTUH.EE\",\"isPartOf\":{\"@id\":\"https:\/\/www.tartuh.ee\/#website\"},\"datePublished\":\"2022-05-04T09:21:57+00:00\",\"dateModified\":\"2025-01-23T10:53:54+00:00\",\"breadcrumb\":{\"@id\":\"https:\/\/www.tartuh.ee\/en\/about-tartuh\/professional-higher-education-curricula\/nursing\/#breadcrumb\"},\"inLanguage\":\"en-US\",\"potentialAction\":[{\"@type\":\"ReadAction\",\"target\":[\"https:\/\/www.tartuh.ee\/en\/about-tartuh\/professional-higher-education-curricula\/nursing\/\"]}]},{\"@type\":\"BreadcrumbList\",\"@id\":\"https:\/\/www.tartuh.ee\/en\/about-tartuh\/professional-higher-education-curricula\/nursing\/#breadcrumb\",\"itemListElement\":[{\"@type\":\"ListItem\",\"position\":1,\"name\":\"Home\",\"item\":\"https:\/\/www.tartuh.ee\/en\/\"},{\"@type\":\"ListItem\",\"position\":2,\"name\":\"About TARTUH\",\"item\":\"https:\/\/www.tartuh.ee\/en\/about-tartuh\/\"},{\"@type\":\"ListItem\",\"position\":3,\"name\":\"Professional Higher Education Curricula\",\"item\":\"https:\/\/www.tartuh.ee\/en\/about-tartuh\/professional-higher-education-curricula\/\"},{\"@type\":\"ListItem\",\"position\":4,\"name\":\"Nursing\"}]},{\"@type\":\"WebSite\",\"@id\":\"https:\/\/www.tartuh.ee\/#website\",\"url\":\"https:\/\/www.tartuh.ee\/\",\"name\":\"TARTUH.EE\",\"description\":\"Tartu Tervishoiu K\u00f5rgkool on Eestis ja rahvusvaheliselt hinnatud k\u00f5rgkool ning kompetentsikeskus tervise ja heaolu valdkonnas. K\u00f5rgkoolis on v\u00f5imalik \u00f5ppida rakendusk\u00f5rghariduse, magistri- ja kutse\u00f5ppe \u00f5ppekavadel.\",\"publisher\":{\"@id\":\"https:\/\/www.tartuh.ee\/#organization\"},\"potentialAction\":[{\"@type\":\"SearchAction\",\"target\":{\"@type\":\"EntryPoint\",\"urlTemplate\":\"https:\/\/www.tartuh.ee\/?s={search_term_string}\"},\"query-input\":\"required name=search_term_string\"}],\"inLanguage\":\"en-US\"},{\"@type\":\"Organization\",\"@id\":\"https:\/\/www.tartuh.ee\/#organization\",\"name\":\"TARTUH.EE\",\"url\":\"https:\/\/www.tartuh.ee\/\",\"logo\":{\"@type\":\"ImageObject\",\"inLanguage\":\"en-US\",\"@id\":\"https:\/\/www.tartuh.ee\/#\/schema\/logo\/image\/\",\"url\":\"https:\/\/www.tartuh.ee\/wp-content\/uploads\/2025\/01\/cropped-TTKK-2025-logo.jpg\",\"contentUrl\":\"https:\/\/www.tartuh.ee\/wp-content\/uploads\/2025\/01\/cropped-TTKK-2025-logo.jpg\",\"width\":1498,\"height\":755,\"caption\":\"TARTUH.EE\"},\"image\":{\"@id\":\"https:\/\/www.tartuh.ee\/#\/schema\/logo\/image\/\"}}]}<\/script>\n<!-- \/ Yoast SEO plugin. -->","yoast_head_json":{"title":"Nursing - TARTUH.EE","robots":{"index":"index","follow":"follow","max-snippet":"max-snippet:-1","max-image-preview":"max-image-preview:large","max-video-preview":"max-video-preview:-1"},"canonical":"https:\/\/www.tartuh.ee\/en\/about-tartuh\/professional-higher-education-curricula\/nursing\/","og_locale":"en_US","og_type":"article","og_title":"Nursing - TARTUH.EE","og_description":"The aim of the curriculum is to prepare nurses in an internationally regulated profession with the ability to work successfully in various fields of health care. Nursing as a field has existed since the beginning of time and is constantly developing along with society. In addition to the theoretical training, over 40% of the studies [&hellip;]","og_url":"https:\/\/www.tartuh.ee\/en\/about-tartuh\/professional-higher-education-curricula\/nursing\/","og_site_name":"TARTUH.EE","article_modified_time":"2025-01-23T10:53:54+00:00","og_image":[{"width":1600,"height":1067,"url":"https:\/\/www.tartuh.ee\/wp-content\/uploads\/2022\/05\/ODE.jpg","type":"image\/jpeg"}],"twitter_card":"summary_large_image","twitter_misc":{"Est. reading time":"1 minute"},"schema":{"@context":"https:\/\/schema.org","@graph":[{"@type":"WebPage","@id":"https:\/\/www.tartuh.ee\/en\/about-tartuh\/professional-higher-education-curricula\/nursing\/","url":"https:\/\/www.tartuh.ee\/en\/about-tartuh\/professional-higher-education-curricula\/nursing\/","name":"Nursing - TARTUH.EE","isPartOf":{"@id":"https:\/\/www.tartuh.ee\/#website"},"datePublished":"2022-05-04T09:21:57+00:00","dateModified":"2025-01-23T10:53:54+00:00","breadcrumb":{"@id":"https:\/\/www.tartuh.ee\/en\/about-tartuh\/professional-higher-education-curricula\/nursing\/#breadcrumb"},"inLanguage":"en-US","potentialAction":[{"@type":"ReadAction","target":["https:\/\/www.tartuh.ee\/en\/about-tartuh\/professional-higher-education-curricula\/nursing\/"]}]},{"@type":"BreadcrumbList","@id":"https:\/\/www.tartuh.ee\/en\/about-tartuh\/professional-higher-education-curricula\/nursing\/#breadcrumb","itemListElement":[{"@type":"ListItem","position":1,"name":"Home","item":"https:\/\/www.tartuh.ee\/en\/"},{"@type":"ListItem","position":2,"name":"About TARTUH","item":"https:\/\/www.tartuh.ee\/en\/about-tartuh\/"},{"@type":"ListItem","position":3,"name":"Professional Higher Education Curricula","item":"https:\/\/www.tartuh.ee\/en\/about-tartuh\/professional-higher-education-curricula\/"},{"@type":"ListItem","position":4,"name":"Nursing"}]},{"@type":"WebSite","@id":"https:\/\/www.tartuh.ee\/#website","url":"https:\/\/www.tartuh.ee\/","name":"TARTUH.EE","description":"Tartu Tervishoiu K\u00f5rgkool on Eestis ja rahvusvaheliselt hinnatud k\u00f5rgkool ning kompetentsikeskus tervise ja heaolu valdkonnas. K\u00f5rgkoolis on v\u00f5imalik \u00f5ppida rakendusk\u00f5rghariduse, magistri- ja kutse\u00f5ppe \u00f5ppekavadel.","publisher":{"@id":"https:\/\/www.tartuh.ee\/#organization"},"potentialAction":[{"@type":"SearchAction","target":{"@type":"EntryPoint","urlTemplate":"https:\/\/www.tartuh.ee\/?s={search_term_string}"},"query-input":"required name=search_term_string"}],"inLanguage":"en-US"},{"@type":"Organization","@id":"https:\/\/www.tartuh.ee\/#organization","name":"TARTUH.EE","url":"https:\/\/www.tartuh.ee\/","logo":{"@type":"ImageObject","inLanguage":"en-US","@id":"https:\/\/www.tartuh.ee\/#\/schema\/logo\/image\/","url":"https:\/\/www.tartuh.ee\/wp-content\/uploads\/2025\/01\/cropped-TTKK-2025-logo.jpg","contentUrl":"https:\/\/www.tartuh.ee\/wp-content\/uploads\/2025\/01\/cropped-TTKK-2025-logo.jpg","width":1498,"height":755,"caption":"TARTUH.EE"},"image":{"@id":"https:\/\/www.tartuh.ee\/#\/schema\/logo\/image\/"}}]}},"_links":{"self":[{"href":"https:\/\/www.tartuh.ee\/en\/wp-json\/wp\/v2\/pages\/582","targetHints":{"allow":["GET"]}}],"collection":[{"href":"https:\/\/www.tartuh.ee\/en\/wp-json\/wp\/v2\/pages"}],"about":[{"href":"https:\/\/www.tartuh.ee\/en\/wp-json\/wp\/v2\/types\/page"}],"author":[{"embeddable":true,"href":"https:\/\/www.tartuh.ee\/en\/wp-json\/wp\/v2\/users\/17"}],"replies":[{"embeddable":true,"href":"https:\/\/www.tartuh.ee\/en\/wp-json\/wp\/v2\/comments?post=582"}],"version-history":[{"count":8,"href":"https:\/\/www.tartuh.ee\/en\/wp-json\/wp\/v2\/pages\/582\/revisions"}],"predecessor-version":[{"id":14561,"href":"https:\/\/www.tartuh.ee\/en\/wp-json\/wp\/v2\/pages\/582\/revisions\/14561"}],"up":[{"embeddable":true,"href":"https:\/\/www.tartuh.ee\/en\/wp-json\/wp\/v2\/pages\/577"}],"wp:featuredmedia":[{"embeddable":true,"href":"https:\/\/www.tartuh.ee\/en\/wp-json\/wp\/v2\/media\/583"}],"wp:attachment":[{"href":"https:\/\/www.tartuh.ee\/en\/wp-json\/wp\/v2\/media?parent=582"}],"curies":[{"name":"wp","href":"https:\/\/api.w.org\/{rel}","templated":true}]}}