{"id":5889,"date":"2022-09-14T18:52:28","date_gmt":"2022-09-14T18:52:28","guid":{"rendered":"https:\/\/www.tartuh.ee\/?page_id=5889"},"modified":"2025-11-19T13:03:27","modified_gmt":"2025-11-19T13:03:27","slug":"erasmus-blended-intensive-programme","status":"publish","type":"page","link":"https:\/\/www.tartuh.ee\/en\/about-tartuh\/events\/erasmus-blended-intensive-programme\/","title":{"rendered":"Erasmus+ Blended Intensive Programme"},"content":{"rendered":"\n<p>We are pleased to announce that participation in the Erasmus+ Blended Intensive Programme is now available in connection with the <a href=\"https:\/\/www.tartuh.ee\/en\/about-the-university\/eventsthcc\/student-conference-health-in-our-hands\/\">5th international student conference &#8220;Health in our Hands&#8221;<\/a>!<\/p>\n\n\n\n<h2 class=\"wp-block-heading\"><strong>How to speak research: Communication, presentation and AI<\/strong><br>17-21 November 2025<\/h2>\n\n\n\n<p><\/p>\n\n\n\n<p><strong>Virtual meeting and preparatory lectures:<\/strong> <strong>on&nbsp;29-30 October 2025 starting at 4pm (EET)<\/strong>, the schedule will be specified soon.<br>Teams link will be sent to registered participants.<\/p>\n\n\n\n<p><strong>BIP ID:<\/strong> 2024-1-EE01-KA131-HED-000222483-1<\/p>\n\n\n\n<p><strong>Field of Education:<\/strong><br>0910 Health, not further defined<\/p>\n\n\n\n<p><strong>Level of Education:<\/strong> <br>Bachelor or equivalent first cycle (EQF level 6)<\/p>\n\n\n\n<p><strong>Objective<\/strong>: We aim to equip undergraduate students with practical, interdisciplinary skills in research communication, focusing on academic presentation formats and the ethical, effective use of artificial intelligence (AI) tools. The programme will support students in becoming confident science communicators who are capable to present their research findings to diverse audiences using both traditional and modern formats. <\/p>\n\n\n\n<p><strong>Conference participation included:<\/strong><br>The programme also offers full participation in the <a href=\"https:\/\/www.tartuh.ee\/en\/about-the-university\/eventsthcc\/student-conference-health-in-our-hands\/\">Student Conference \u201cHealth in our Hands\u201d<\/a>, where students will have the opportunity to present their work, engage with peers from across Europe, and experience international scientific exchange in action. BIP participants <em>are not requested<\/em> to buy the ticket for the conference.<\/p>\n\n\n\n<p><strong>3 ECTS<\/strong> will be awarded on completion of the full programme (including online meetings and individual assignments).<\/p>\n\n\n\n<p><strong>Students and staff members<\/strong> from <strong>partner institutions<\/strong> (with active Erasmus+ IIA) can participate with <strong>Erasmus+ mobility grant<\/strong>.<br><br><\/p>\n\n\n\n<hr class=\"wp-block-separator has-alpha-channel-opacity\" \/>\n\n\n\n<h2 class=\"wp-block-heading\"><br><strong>Programme<\/strong><\/h2>\n\n\n\n<p><\/p>\n\n\n\n<figure class=\"wp-block-table\"><div class=\"table-wrapper\"><table class=\"has-fixed-layout\"><thead><tr><th>Day\/Date<\/th><th>Time<\/th><th>Activity<\/th><th>Location\/Notes<\/th><\/tr><\/thead><tbody><tr><td><strong>Monday, 17.11<\/strong><\/td><td>12:15 \u2013 13:45<\/td><td>Guided City Tour of Tartu<\/td><td>Meeting point: Town Hall Square, Kissing Students Fountain.<\/td><\/tr><tr><td><\/td><td>16:00 \u2013 16:30<\/td><td>Registration<\/td><td>Nooruse 5, Tartu (University building)<\/td><\/tr><tr><td><\/td><td>16:30 \u2013 18:00<\/td><td>University Tour by Departments<\/td><td>Nooruse 5, Tartu<\/td><\/tr><tr><td><\/td><td>18:30 \u2013 21:00<\/td><td>Cultural Evening<\/td><td>Room 007<\/td><\/tr><tr><td><strong>Tuesday, 18.11<\/strong><\/td><td>09:30<\/td><td>Icebreaker<\/td><td>Room 011, Ground Floor, Nooruse 5<\/td><\/tr><tr><td><\/td><td>09:45<\/td><td>Rector\u2019s Welcome<\/td><td>Room 011<\/td><\/tr><tr><td><\/td><td>10:00 \u2013 12:30<\/td><td>Web session: <br><em>Michael Rowe<\/em> <br>Topic: <em>Artificial Intelligence<\/em><\/td><td>Room 011<\/td><\/tr><tr><td><\/td><td>11.15- 11.30<\/td><td>Coffee break<\/td><td><\/td><\/tr><tr><td><\/td><td>12:30 \u2013 13:30<\/td><td>Lunch<\/td><td>University cafeteria<\/td><\/tr><tr><td><\/td><td>13:30 \u2013 16:00<\/td><td><em>Hanna Michnowska<\/em> \u2013 Topic: <em>Research Presentation<\/em><\/td><td>Room 011<\/td><\/tr><tr><td><strong>Wednesday, 19.11<\/strong><\/td><td>09:30 \u2013 10:30<\/td><td>Cake-Making Activity (University Anniversary Celebration)<\/td><td>University cafeteria, Nooruse 5<\/td><\/tr><tr><td><\/td><td>10:45 \u2013 12:00<\/td><td><em>Hanna Michnowska<\/em> \u2013 Topic: <em>Research Presentation<\/em><\/td><td>Room 011<\/td><\/tr><tr><td><\/td><td>12:00 \u2013 13:30<\/td><td>Lunch + Eating the Cake<\/td><td>University cafeteria<\/td><\/tr><tr><td><\/td><td>13:30 \u2013 15:30<\/td><td><em>Thomas Schrader<\/em> \u2013 Topic: <em>Research Presentation<\/em><\/td><td>Room 011<\/td><\/tr><tr><td><\/td><td>19:00<\/td><td>University Anniversary Party<\/td><td><em>Only for registrated participants<\/em> <br>Nooruse 5, Tartu<br>Main performer: <em>Curly Strings<\/em><br><a href=\"https:\/\/fb.me\/e\/5eiPJtFYi\">Facebook link<\/a><\/td><\/tr><tr><td><strong>Thursday, 20.11<\/strong><\/td><td>09:15 \u2013 17:00<\/td><td><strong> <a href=\"https:\/\/www.tartuh.ee\/en\/about-the-university\/eventsthcc\/student-conference-health-in-our-hands\/\">Student Conference &#8220;Health in our Hands&#8221;<\/a><\/strong><\/td><td>Room 007, Nooruse 5<\/td><\/tr><tr><td><\/td><td>13:00<\/td><td>Lunch<\/td><td>University caf\u00e9<\/td><\/tr><tr><td><\/td><td>18:45-23:00<\/td><td>Gala Dinner<\/td><td><em>Only for registrated participants<\/em> <br>Loomelava, <br>Narva mnt 2, Tartu<\/td><\/tr><tr><td><strong>Friday, 21.11<\/strong><\/td><td>09:00<\/td><td>Distribution of BIP Certificates<\/td><td>Room 007, Nooruse 5<\/td><\/tr><tr><td><\/td><td>09:15 \u2013 10:15<\/td><td>Presentation of Our Research Groups<\/td><td>Room 007<\/td><\/tr><tr><td><\/td><td>10:15 &#8211; 10:30<\/td><td>Coffee break<\/td><td><\/td><\/tr><tr><td><\/td><td>10:30 \u2013 12:30<\/td><td>Workshops for Staff and Students<\/td><td>Various locations throughout the building Nooruse 5<\/td><\/tr><tr><td><\/td><td>12:30 \u2013 13:30<\/td><td>Lunch<\/td><td>University caf\u00e9<\/td><\/tr><tr><td><\/td><td>13:30- 14:00<\/td><td>Feedback session<\/td><td>Room 007<\/td><\/tr><tr><td><\/td><td>14:00<\/td><td>Bus will take you to Estonian national Museum<\/td><td>Nooruse 5, in front of the house<\/td><\/tr><tr><td><\/td><td>14:30 \u2013 16:00<\/td><td>Guided Tour of the Estonian National Museum<em> <a href=\"https:\/\/erm.ee\/en\">Estonian National Museum<\/a><\/em>.<\/td><td><em>Only for registrated participants<\/em><br>Estonian National Museum<\/td><\/tr><\/tbody><\/table><\/div><\/figure>\n\n\n\n<p><\/p>\n\n\n\n<p><br><em>* Please note that there&#8217;s a change in the optional programme: on Monday we now have a guided tour in the heart of Tartu and on Friday a guided tour of the Estonian National Museum.  <\/em><br>** <em>Lunches and coffee breaks during the on-site week are included, however, accommodation is not covered by the organisers.<\/em><\/p>\n\n\n\n<hr class=\"wp-block-separator has-alpha-channel-opacity\" \/>\n\n\n\n<p><br><br><strong>Registration is closed. Detailed information for OLA will be sent to confirmed participants. <\/strong><\/p>\n\n\n\n<p><br>Please note that the organisers may take pictures and\/or videos during the event. If you wish not to appear in the pictures or videos, please kindly let us know.<\/p>\n\n\n\n<p><br><\/p>\n\n\n\n<p>Additional information: Marimal Tilk marimal.tilk@tartuh.ee<\/p>\n\n\n\n<p><\/p>\n","protected":false},"excerpt":{"rendered":"<p>We are pleased to announce that participation in the Erasmus+ Blended Intensive Programme is now available in connection with the 5th international student conference &#8220;Health in our Hands&#8221;! How to speak research: Communication, presentation and AI17-21 November 2025 Virtual meeting and preparatory lectures: on&nbsp;29-30 October 2025 starting at 4pm (EET), the schedule will be specified [&hellip;]<\/p>\n","protected":false},"author":6,"featured_media":0,"parent":5886,"menu_order":0,"comment_status":"closed","ping_status":"closed","template":"","meta":{"_acf_changed":false,"_eb_attr":"","inline_featured_image":false,"footnotes":""},"class_list":["post-5889","page","type-page","status-publish","hentry"],"acf":[],"yoast_head":"<!-- This site is optimized with the Yoast SEO plugin v20.8 - https:\/\/yoast.com\/wordpress\/plugins\/seo\/ -->\n<title>Erasmus+ Blended Intensive Programme - TARTUH.EE<\/title>\n<meta name=\"robots\" content=\"index, follow, max-snippet:-1, max-image-preview:large, max-video-preview:-1\" \/>\n<link rel=\"canonical\" href=\"https:\/\/www.tartuh.ee\/en\/about-tartuh\/events\/erasmus-blended-intensive-programme\/\" \/>\n<meta property=\"og:locale\" content=\"en_US\" \/>\n<meta property=\"og:type\" content=\"article\" \/>\n<meta property=\"og:title\" content=\"Erasmus+ Blended Intensive Programme - TARTUH.EE\" \/>\n<meta property=\"og:description\" content=\"We are pleased to announce that participation in the Erasmus+ Blended Intensive Programme is now available in connection with the 5th international student conference &#8220;Health in our Hands&#8221;! How to speak research: Communication, presentation and AI17-21 November 2025 Virtual meeting and preparatory lectures: on&nbsp;29-30 October 2025 starting at 4pm (EET), the schedule will be specified [&hellip;]\" \/>\n<meta property=\"og:url\" content=\"https:\/\/www.tartuh.ee\/en\/about-tartuh\/events\/erasmus-blended-intensive-programme\/\" \/>\n<meta property=\"og:site_name\" content=\"TARTUH.EE\" \/>\n<meta property=\"article:modified_time\" content=\"2025-11-19T13:03:27+00:00\" \/>\n<meta name=\"twitter:card\" content=\"summary_large_image\" \/>\n<meta name=\"twitter:label1\" content=\"Est. reading time\" \/>\n\t<meta name=\"twitter:data1\" content=\"4 minutes\" \/>\n<script type=\"application\/ld+json\" class=\"yoast-schema-graph\">{\"@context\":\"https:\/\/schema.org\",\"@graph\":[{\"@type\":\"WebPage\",\"@id\":\"https:\/\/www.tartuh.ee\/en\/about-tartuh\/events\/erasmus-blended-intensive-programme\/\",\"url\":\"https:\/\/www.tartuh.ee\/en\/about-tartuh\/events\/erasmus-blended-intensive-programme\/\",\"name\":\"Erasmus+ Blended Intensive Programme - TARTUH.EE\",\"isPartOf\":{\"@id\":\"https:\/\/www.tartuh.ee\/#website\"},\"datePublished\":\"2022-09-14T18:52:28+00:00\",\"dateModified\":\"2025-11-19T13:03:27+00:00\",\"breadcrumb\":{\"@id\":\"https:\/\/www.tartuh.ee\/en\/about-tartuh\/events\/erasmus-blended-intensive-programme\/#breadcrumb\"},\"inLanguage\":\"en-US\",\"potentialAction\":[{\"@type\":\"ReadAction\",\"target\":[\"https:\/\/www.tartuh.ee\/en\/about-tartuh\/events\/erasmus-blended-intensive-programme\/\"]}]},{\"@type\":\"BreadcrumbList\",\"@id\":\"https:\/\/www.tartuh.ee\/en\/about-tartuh\/events\/erasmus-blended-intensive-programme\/#breadcrumb\",\"itemListElement\":[{\"@type\":\"ListItem\",\"position\":1,\"name\":\"Home\",\"item\":\"https:\/\/www.tartuh.ee\/en\/\"},{\"@type\":\"ListItem\",\"position\":2,\"name\":\"About TARTUH\",\"item\":\"https:\/\/www.tartuh.ee\/en\/about-tartuh\/\"},{\"@type\":\"ListItem\",\"position\":3,\"name\":\"Events\",\"item\":\"https:\/\/www.tartuh.ee\/en\/about-tartuh\/events\/\"},{\"@type\":\"ListItem\",\"position\":4,\"name\":\"Erasmus+ Blended Intensive Programme\"}]},{\"@type\":\"WebSite\",\"@id\":\"https:\/\/www.tartuh.ee\/#website\",\"url\":\"https:\/\/www.tartuh.ee\/\",\"name\":\"TARTUH.EE\",\"description\":\"Tartu Tervishoiu K\u00f5rgkool on Eestis ja rahvusvaheliselt hinnatud k\u00f5rgkool ning kompetentsikeskus tervise ja heaolu valdkonnas. K\u00f5rgkoolis on v\u00f5imalik \u00f5ppida rakendusk\u00f5rghariduse, magistri- ja kutse\u00f5ppe \u00f5ppekavadel.\",\"publisher\":{\"@id\":\"https:\/\/www.tartuh.ee\/#organization\"},\"potentialAction\":[{\"@type\":\"SearchAction\",\"target\":{\"@type\":\"EntryPoint\",\"urlTemplate\":\"https:\/\/www.tartuh.ee\/?s={search_term_string}\"},\"query-input\":\"required name=search_term_string\"}],\"inLanguage\":\"en-US\"},{\"@type\":\"Organization\",\"@id\":\"https:\/\/www.tartuh.ee\/#organization\",\"name\":\"TARTUH.EE\",\"url\":\"https:\/\/www.tartuh.ee\/\",\"logo\":{\"@type\":\"ImageObject\",\"inLanguage\":\"en-US\",\"@id\":\"https:\/\/www.tartuh.ee\/#\/schema\/logo\/image\/\",\"url\":\"https:\/\/www.tartuh.ee\/wp-content\/uploads\/2025\/01\/cropped-TTKK-2025-logo.jpg\",\"contentUrl\":\"https:\/\/www.tartuh.ee\/wp-content\/uploads\/2025\/01\/cropped-TTKK-2025-logo.jpg\",\"width\":1498,\"height\":755,\"caption\":\"TARTUH.EE\"},\"image\":{\"@id\":\"https:\/\/www.tartuh.ee\/#\/schema\/logo\/image\/\"}}]}<\/script>\n<!-- \/ Yoast SEO plugin. -->","yoast_head_json":{"title":"Erasmus+ Blended Intensive Programme - TARTUH.EE","robots":{"index":"index","follow":"follow","max-snippet":"max-snippet:-1","max-image-preview":"max-image-preview:large","max-video-preview":"max-video-preview:-1"},"canonical":"https:\/\/www.tartuh.ee\/en\/about-tartuh\/events\/erasmus-blended-intensive-programme\/","og_locale":"en_US","og_type":"article","og_title":"Erasmus+ Blended Intensive Programme - TARTUH.EE","og_description":"We are pleased to announce that participation in the Erasmus+ Blended Intensive Programme is now available in connection with the 5th international student conference &#8220;Health in our Hands&#8221;! How to speak research: Communication, presentation and AI17-21 November 2025 Virtual meeting and preparatory lectures: on&nbsp;29-30 October 2025 starting at 4pm (EET), the schedule will be specified [&hellip;]","og_url":"https:\/\/www.tartuh.ee\/en\/about-tartuh\/events\/erasmus-blended-intensive-programme\/","og_site_name":"TARTUH.EE","article_modified_time":"2025-11-19T13:03:27+00:00","twitter_card":"summary_large_image","twitter_misc":{"Est. reading time":"4 minutes"},"schema":{"@context":"https:\/\/schema.org","@graph":[{"@type":"WebPage","@id":"https:\/\/www.tartuh.ee\/en\/about-tartuh\/events\/erasmus-blended-intensive-programme\/","url":"https:\/\/www.tartuh.ee\/en\/about-tartuh\/events\/erasmus-blended-intensive-programme\/","name":"Erasmus+ Blended Intensive Programme - TARTUH.EE","isPartOf":{"@id":"https:\/\/www.tartuh.ee\/#website"},"datePublished":"2022-09-14T18:52:28+00:00","dateModified":"2025-11-19T13:03:27+00:00","breadcrumb":{"@id":"https:\/\/www.tartuh.ee\/en\/about-tartuh\/events\/erasmus-blended-intensive-programme\/#breadcrumb"},"inLanguage":"en-US","potentialAction":[{"@type":"ReadAction","target":["https:\/\/www.tartuh.ee\/en\/about-tartuh\/events\/erasmus-blended-intensive-programme\/"]}]},{"@type":"BreadcrumbList","@id":"https:\/\/www.tartuh.ee\/en\/about-tartuh\/events\/erasmus-blended-intensive-programme\/#breadcrumb","itemListElement":[{"@type":"ListItem","position":1,"name":"Home","item":"https:\/\/www.tartuh.ee\/en\/"},{"@type":"ListItem","position":2,"name":"About TARTUH","item":"https:\/\/www.tartuh.ee\/en\/about-tartuh\/"},{"@type":"ListItem","position":3,"name":"Events","item":"https:\/\/www.tartuh.ee\/en\/about-tartuh\/events\/"},{"@type":"ListItem","position":4,"name":"Erasmus+ Blended Intensive Programme"}]},{"@type":"WebSite","@id":"https:\/\/www.tartuh.ee\/#website","url":"https:\/\/www.tartuh.ee\/","name":"TARTUH.EE","description":"Tartu Tervishoiu K\u00f5rgkool on Eestis ja rahvusvaheliselt hinnatud k\u00f5rgkool ning kompetentsikeskus tervise ja heaolu valdkonnas. K\u00f5rgkoolis on v\u00f5imalik \u00f5ppida rakendusk\u00f5rghariduse, magistri- ja kutse\u00f5ppe \u00f5ppekavadel.","publisher":{"@id":"https:\/\/www.tartuh.ee\/#organization"},"potentialAction":[{"@type":"SearchAction","target":{"@type":"EntryPoint","urlTemplate":"https:\/\/www.tartuh.ee\/?s={search_term_string}"},"query-input":"required name=search_term_string"}],"inLanguage":"en-US"},{"@type":"Organization","@id":"https:\/\/www.tartuh.ee\/#organization","name":"TARTUH.EE","url":"https:\/\/www.tartuh.ee\/","logo":{"@type":"ImageObject","inLanguage":"en-US","@id":"https:\/\/www.tartuh.ee\/#\/schema\/logo\/image\/","url":"https:\/\/www.tartuh.ee\/wp-content\/uploads\/2025\/01\/cropped-TTKK-2025-logo.jpg","contentUrl":"https:\/\/www.tartuh.ee\/wp-content\/uploads\/2025\/01\/cropped-TTKK-2025-logo.jpg","width":1498,"height":755,"caption":"TARTUH.EE"},"image":{"@id":"https:\/\/www.tartuh.ee\/#\/schema\/logo\/image\/"}}]}},"_links":{"self":[{"href":"https:\/\/www.tartuh.ee\/en\/wp-json\/wp\/v2\/pages\/5889","targetHints":{"allow":["GET"]}}],"collection":[{"href":"https:\/\/www.tartuh.ee\/en\/wp-json\/wp\/v2\/pages"}],"about":[{"href":"https:\/\/www.tartuh.ee\/en\/wp-json\/wp\/v2\/types\/page"}],"author":[{"embeddable":true,"href":"https:\/\/www.tartuh.ee\/en\/wp-json\/wp\/v2\/users\/6"}],"replies":[{"embeddable":true,"href":"https:\/\/www.tartuh.ee\/en\/wp-json\/wp\/v2\/comments?post=5889"}],"version-history":[{"count":92,"href":"https:\/\/www.tartuh.ee\/en\/wp-json\/wp\/v2\/pages\/5889\/revisions"}],"predecessor-version":[{"id":17535,"href":"https:\/\/www.tartuh.ee\/en\/wp-json\/wp\/v2\/pages\/5889\/revisions\/17535"}],"up":[{"embeddable":true,"href":"https:\/\/www.tartuh.ee\/en\/wp-json\/wp\/v2\/pages\/5886"}],"wp:attachment":[{"href":"https:\/\/www.tartuh.ee\/en\/wp-json\/wp\/v2\/media?parent=5889"}],"curies":[{"name":"wp","href":"https:\/\/api.w.org\/{rel}","templated":true}]}}