{"id":603,"date":"2022-05-04T09:52:13","date_gmt":"2022-05-04T09:52:13","guid":{"rendered":"https:\/\/www.tartuh.ee\/?page_id=603"},"modified":"2023-01-04T13:21:33","modified_gmt":"2023-01-04T13:21:33","slug":"environmental-health-specialist","status":"publish","type":"page","link":"https:\/\/www.tartuh.ee\/en\/about-tartuh\/professional-higher-education-curricula\/environmental-health-specialist\/","title":{"rendered":"Environmental Health Specialist"},"content":{"rendered":"\n<p>The aim of the curriculum is to prepare environmental health specialists who will perform successfully in the divisions of the Health Board and in other fields of supervision of health factors and health promotion. The environmental health specialist is a professional who advocates a healthy living environment and daily well-being, monitoring the fulfilment of health protection requirements and, if needed, gives advice or applies legal sanctions.<\/p>\n\n\n\n<p>The graduates of the environmental health curriculum are competent to practise in health protection facilities and also in the following fields: environmental health, occupational health and food safety.<\/p>\n\n\n\n<p><strong>Workload of programme:<\/strong>&nbsp;180 ECTS\u200b\u200b\u200b\u200b\u200b\u200b\u200b<br><strong>Standard period of study:<\/strong>&nbsp;3 years\u200b\u200b\u200b\u200b\u200b\u200b\u200b\u200b\u200b\u200b\u200b\u200b\u200b\u200b<br><strong>Language of instruction:<\/strong>&nbsp;Estonian<\/p>\n\n\n\n<p>The curriculum consists of fifteen basic modules:<\/p>\n\n\n\n<ul class=\"wp-block-list\">\n<li>professional and personal development<\/li>\n\n\n\n<li>human study<\/li>\n\n\n\n<li>legal regulation of supervision proceedings<\/li>\n\n\n\n<li>pathology and study of diseases<\/li>\n\n\n\n<li>chemical and physical risk factors<\/li>\n\n\n\n<li>biological risk factors<\/li>\n\n\n\n<li>psychosocial and physiological risk factors<\/li>\n\n\n\n<li>infection diseases and epidemiology<\/li>\n\n\n\n<li>occupational health<\/li>\n\n\n\n<li>outdoor environment pollution<\/li>\n\n\n\n<li>water<\/li>\n\n\n\n<li>food safety<\/li>\n\n\n\n<li>children\u2019s and social welfare institutions<\/li>\n\n\n\n<li>safety of services and products<\/li>\n\n\n\n<li>public health<\/li>\n<\/ul>\n\n\n<div class=\"_personShort\" role=\"region\" aria-label=\"Person short\"><div class=\"_personShortWrap\" role=\"group\" aria-label=\"Person info\"><div class=\"_personPhoto\" role=\"img\" aria-label=\"Photos of Kristi Vahur\"><img loading=\"lazy\" decoding=\"async\" width=\"90\" height=\"90\" src=\"https:\/\/www.tartuh.ee\/wp-content\/uploads\/2022\/05\/kristivahur-1.jpg\" class=\"attachment-hero-sm size-hero-sm\" alt=\"Kristi Vahur\" \/><img loading=\"lazy\" decoding=\"async\" width=\"90\" height=\"90\" src=\"https:\/\/www.tartuh.ee\/wp-content\/uploads\/2022\/05\/kristivahur-2.jpg\" class=\"attachment-hero-sm size-hero-sm\" alt=\"Kristi Vahur\" \/><\/div><div class=\"_mainPersonInfo\" role=\"group\" aria-label=\"Main person info\"><p class=\"_name\" role=\"note\" aria-label=\"Name\">Kristi Vahur<\/p><p class=\"_position\" role=\"note\" aria-label=\"Position\">Head of the Physiotherapy and Environmental Health Department<\/p><a class=\"_phone\" href=\"tel:+372 7370228\"  aria-label=\"Phone\">+372 737 0228<\/a><a class=\"_email\" href=\"mailto:kristi.vahur@tartuh.ee\"  aria-label=\"Email\">kristi.vahur@tartuh.ee<\/a><\/div><\/div><\/div>","protected":false},"excerpt":{"rendered":"<p>The aim of the curriculum is to prepare environmental health specialists who will perform successfully in the divisions of the Health Board and in other fields of supervision of health factors and health promotion. The environmental health specialist is a professional who advocates a healthy living environment and daily well-being, monitoring the fulfilment of health [&hellip;]<\/p>\n","protected":false},"author":17,"featured_media":604,"parent":577,"menu_order":0,"comment_status":"closed","ping_status":"closed","template":"","meta":{"_acf_changed":false,"_eb_attr":"","inline_featured_image":false,"footnotes":""},"class_list":["post-603","page","type-page","status-publish","has-post-thumbnail","hentry"],"acf":[],"yoast_head":"<!-- This site is optimized with the Yoast SEO plugin v20.8 - https:\/\/yoast.com\/wordpress\/plugins\/seo\/ -->\n<title>Environmental Health Specialist - TARTUH.EE<\/title>\n<meta name=\"robots\" content=\"index, follow, max-snippet:-1, max-image-preview:large, max-video-preview:-1\" \/>\n<link rel=\"canonical\" href=\"https:\/\/www.tartuh.ee\/en\/about-tartuh\/professional-higher-education-curricula\/environmental-health-specialist\/\" \/>\n<meta property=\"og:locale\" content=\"en_US\" \/>\n<meta property=\"og:type\" content=\"article\" \/>\n<meta property=\"og:title\" content=\"Environmental Health Specialist - TARTUH.EE\" \/>\n<meta property=\"og:description\" content=\"The aim of the curriculum is to prepare environmental health specialists who will perform successfully in the divisions of the Health Board and in other fields of supervision of health factors and health promotion. The environmental health specialist is a professional who advocates a healthy living environment and daily well-being, monitoring the fulfilment of health [&hellip;]\" \/>\n<meta property=\"og:url\" content=\"https:\/\/www.tartuh.ee\/en\/about-tartuh\/professional-higher-education-curricula\/environmental-health-specialist\/\" \/>\n<meta property=\"og:site_name\" content=\"TARTUH.EE\" \/>\n<meta property=\"article:modified_time\" content=\"2023-01-04T13:21:33+00:00\" \/>\n<meta property=\"og:image\" content=\"https:\/\/www.tartuh.ee\/wp-content\/uploads\/2022\/05\/TERVISEKAITSE.jpg\" \/>\n\t<meta property=\"og:image:width\" content=\"1600\" \/>\n\t<meta property=\"og:image:height\" content=\"1066\" \/>\n\t<meta property=\"og:image:type\" content=\"image\/jpeg\" \/>\n<meta name=\"twitter:card\" content=\"summary_large_image\" \/>\n<meta name=\"twitter:label1\" content=\"Est. reading time\" \/>\n\t<meta name=\"twitter:data1\" content=\"1 minute\" \/>\n<script type=\"application\/ld+json\" class=\"yoast-schema-graph\">{\"@context\":\"https:\/\/schema.org\",\"@graph\":[{\"@type\":\"WebPage\",\"@id\":\"https:\/\/www.tartuh.ee\/en\/about-tartuh\/professional-higher-education-curricula\/environmental-health-specialist\/\",\"url\":\"https:\/\/www.tartuh.ee\/en\/about-tartuh\/professional-higher-education-curricula\/environmental-health-specialist\/\",\"name\":\"Environmental Health Specialist - TARTUH.EE\",\"isPartOf\":{\"@id\":\"https:\/\/www.tartuh.ee\/#website\"},\"datePublished\":\"2022-05-04T09:52:13+00:00\",\"dateModified\":\"2023-01-04T13:21:33+00:00\",\"breadcrumb\":{\"@id\":\"https:\/\/www.tartuh.ee\/en\/about-tartuh\/professional-higher-education-curricula\/environmental-health-specialist\/#breadcrumb\"},\"inLanguage\":\"en-US\",\"potentialAction\":[{\"@type\":\"ReadAction\",\"target\":[\"https:\/\/www.tartuh.ee\/en\/about-tartuh\/professional-higher-education-curricula\/environmental-health-specialist\/\"]}]},{\"@type\":\"BreadcrumbList\",\"@id\":\"https:\/\/www.tartuh.ee\/en\/about-tartuh\/professional-higher-education-curricula\/environmental-health-specialist\/#breadcrumb\",\"itemListElement\":[{\"@type\":\"ListItem\",\"position\":1,\"name\":\"Home\",\"item\":\"https:\/\/www.tartuh.ee\/en\/\"},{\"@type\":\"ListItem\",\"position\":2,\"name\":\"About TARTUH\",\"item\":\"https:\/\/www.tartuh.ee\/en\/about-tartuh\/\"},{\"@type\":\"ListItem\",\"position\":3,\"name\":\"Professional Higher Education Curricula\",\"item\":\"https:\/\/www.tartuh.ee\/en\/about-tartuh\/professional-higher-education-curricula\/\"},{\"@type\":\"ListItem\",\"position\":4,\"name\":\"Environmental Health Specialist\"}]},{\"@type\":\"WebSite\",\"@id\":\"https:\/\/www.tartuh.ee\/#website\",\"url\":\"https:\/\/www.tartuh.ee\/\",\"name\":\"TARTUH.EE\",\"description\":\"Tartu Tervishoiu K\u00f5rgkool on Eestis ja rahvusvaheliselt hinnatud k\u00f5rgkool ning kompetentsikeskus tervise ja heaolu valdkonnas. K\u00f5rgkoolis on v\u00f5imalik \u00f5ppida rakendusk\u00f5rghariduse, magistri- ja kutse\u00f5ppe \u00f5ppekavadel.\",\"publisher\":{\"@id\":\"https:\/\/www.tartuh.ee\/#organization\"},\"potentialAction\":[{\"@type\":\"SearchAction\",\"target\":{\"@type\":\"EntryPoint\",\"urlTemplate\":\"https:\/\/www.tartuh.ee\/?s={search_term_string}\"},\"query-input\":\"required name=search_term_string\"}],\"inLanguage\":\"en-US\"},{\"@type\":\"Organization\",\"@id\":\"https:\/\/www.tartuh.ee\/#organization\",\"name\":\"TARTUH.EE\",\"url\":\"https:\/\/www.tartuh.ee\/\",\"logo\":{\"@type\":\"ImageObject\",\"inLanguage\":\"en-US\",\"@id\":\"https:\/\/www.tartuh.ee\/#\/schema\/logo\/image\/\",\"url\":\"https:\/\/www.tartuh.ee\/wp-content\/uploads\/2025\/01\/cropped-TTKK-2025-logo.jpg\",\"contentUrl\":\"https:\/\/www.tartuh.ee\/wp-content\/uploads\/2025\/01\/cropped-TTKK-2025-logo.jpg\",\"width\":1498,\"height\":755,\"caption\":\"TARTUH.EE\"},\"image\":{\"@id\":\"https:\/\/www.tartuh.ee\/#\/schema\/logo\/image\/\"}}]}<\/script>\n<!-- \/ Yoast SEO plugin. -->","yoast_head_json":{"title":"Environmental Health Specialist - TARTUH.EE","robots":{"index":"index","follow":"follow","max-snippet":"max-snippet:-1","max-image-preview":"max-image-preview:large","max-video-preview":"max-video-preview:-1"},"canonical":"https:\/\/www.tartuh.ee\/en\/about-tartuh\/professional-higher-education-curricula\/environmental-health-specialist\/","og_locale":"en_US","og_type":"article","og_title":"Environmental Health Specialist - TARTUH.EE","og_description":"The aim of the curriculum is to prepare environmental health specialists who will perform successfully in the divisions of the Health Board and in other fields of supervision of health factors and health promotion. The environmental health specialist is a professional who advocates a healthy living environment and daily well-being, monitoring the fulfilment of health [&hellip;]","og_url":"https:\/\/www.tartuh.ee\/en\/about-tartuh\/professional-higher-education-curricula\/environmental-health-specialist\/","og_site_name":"TARTUH.EE","article_modified_time":"2023-01-04T13:21:33+00:00","og_image":[{"width":1600,"height":1066,"url":"https:\/\/www.tartuh.ee\/wp-content\/uploads\/2022\/05\/TERVISEKAITSE.jpg","type":"image\/jpeg"}],"twitter_card":"summary_large_image","twitter_misc":{"Est. reading time":"1 minute"},"schema":{"@context":"https:\/\/schema.org","@graph":[{"@type":"WebPage","@id":"https:\/\/www.tartuh.ee\/en\/about-tartuh\/professional-higher-education-curricula\/environmental-health-specialist\/","url":"https:\/\/www.tartuh.ee\/en\/about-tartuh\/professional-higher-education-curricula\/environmental-health-specialist\/","name":"Environmental Health Specialist - TARTUH.EE","isPartOf":{"@id":"https:\/\/www.tartuh.ee\/#website"},"datePublished":"2022-05-04T09:52:13+00:00","dateModified":"2023-01-04T13:21:33+00:00","breadcrumb":{"@id":"https:\/\/www.tartuh.ee\/en\/about-tartuh\/professional-higher-education-curricula\/environmental-health-specialist\/#breadcrumb"},"inLanguage":"en-US","potentialAction":[{"@type":"ReadAction","target":["https:\/\/www.tartuh.ee\/en\/about-tartuh\/professional-higher-education-curricula\/environmental-health-specialist\/"]}]},{"@type":"BreadcrumbList","@id":"https:\/\/www.tartuh.ee\/en\/about-tartuh\/professional-higher-education-curricula\/environmental-health-specialist\/#breadcrumb","itemListElement":[{"@type":"ListItem","position":1,"name":"Home","item":"https:\/\/www.tartuh.ee\/en\/"},{"@type":"ListItem","position":2,"name":"About TARTUH","item":"https:\/\/www.tartuh.ee\/en\/about-tartuh\/"},{"@type":"ListItem","position":3,"name":"Professional Higher Education Curricula","item":"https:\/\/www.tartuh.ee\/en\/about-tartuh\/professional-higher-education-curricula\/"},{"@type":"ListItem","position":4,"name":"Environmental Health Specialist"}]},{"@type":"WebSite","@id":"https:\/\/www.tartuh.ee\/#website","url":"https:\/\/www.tartuh.ee\/","name":"TARTUH.EE","description":"Tartu Tervishoiu K\u00f5rgkool on Eestis ja rahvusvaheliselt hinnatud k\u00f5rgkool ning kompetentsikeskus tervise ja heaolu valdkonnas. K\u00f5rgkoolis on v\u00f5imalik \u00f5ppida rakendusk\u00f5rghariduse, magistri- ja kutse\u00f5ppe \u00f5ppekavadel.","publisher":{"@id":"https:\/\/www.tartuh.ee\/#organization"},"potentialAction":[{"@type":"SearchAction","target":{"@type":"EntryPoint","urlTemplate":"https:\/\/www.tartuh.ee\/?s={search_term_string}"},"query-input":"required name=search_term_string"}],"inLanguage":"en-US"},{"@type":"Organization","@id":"https:\/\/www.tartuh.ee\/#organization","name":"TARTUH.EE","url":"https:\/\/www.tartuh.ee\/","logo":{"@type":"ImageObject","inLanguage":"en-US","@id":"https:\/\/www.tartuh.ee\/#\/schema\/logo\/image\/","url":"https:\/\/www.tartuh.ee\/wp-content\/uploads\/2025\/01\/cropped-TTKK-2025-logo.jpg","contentUrl":"https:\/\/www.tartuh.ee\/wp-content\/uploads\/2025\/01\/cropped-TTKK-2025-logo.jpg","width":1498,"height":755,"caption":"TARTUH.EE"},"image":{"@id":"https:\/\/www.tartuh.ee\/#\/schema\/logo\/image\/"}}]}},"_links":{"self":[{"href":"https:\/\/www.tartuh.ee\/en\/wp-json\/wp\/v2\/pages\/603","targetHints":{"allow":["GET"]}}],"collection":[{"href":"https:\/\/www.tartuh.ee\/en\/wp-json\/wp\/v2\/pages"}],"about":[{"href":"https:\/\/www.tartuh.ee\/en\/wp-json\/wp\/v2\/types\/page"}],"author":[{"embeddable":true,"href":"https:\/\/www.tartuh.ee\/en\/wp-json\/wp\/v2\/users\/17"}],"replies":[{"embeddable":true,"href":"https:\/\/www.tartuh.ee\/en\/wp-json\/wp\/v2\/comments?post=603"}],"version-history":[{"count":7,"href":"https:\/\/www.tartuh.ee\/en\/wp-json\/wp\/v2\/pages\/603\/revisions"}],"predecessor-version":[{"id":8289,"href":"https:\/\/www.tartuh.ee\/en\/wp-json\/wp\/v2\/pages\/603\/revisions\/8289"}],"up":[{"embeddable":true,"href":"https:\/\/www.tartuh.ee\/en\/wp-json\/wp\/v2\/pages\/577"}],"wp:featuredmedia":[{"embeddable":true,"href":"https:\/\/www.tartuh.ee\/en\/wp-json\/wp\/v2\/media\/604"}],"wp:attachment":[{"href":"https:\/\/www.tartuh.ee\/en\/wp-json\/wp\/v2\/media?parent=603"}],"curies":[{"name":"wp","href":"https:\/\/api.w.org\/{rel}","templated":true}]}}