{"id":616,"date":"2022-05-04T09:56:35","date_gmt":"2022-05-04T09:56:35","guid":{"rendered":"https:\/\/www.tartuh.ee\/?page_id=616"},"modified":"2022-09-16T09:54:33","modified_gmt":"2022-09-16T09:54:33","slug":"childminder","status":"publish","type":"page","link":"https:\/\/www.tartuh.ee\/en\/about-tartuh\/vocational-education-curricula\/childminder\/","title":{"rendered":"Childminder"},"content":{"rendered":"\n<p>The aim of the curriculum is to educate and train skilled childminders who can support the development of the child.<\/p>\n\n\n\n<p>The childminder\u2019s performance is aimed at supporting the child\u2019s physical, socio-emotional, cognitive and ethical development, considering the family\u2019s needs for child care. The childminder\u2019s first priorities are the child\u2019s safety and wellbeing.<\/p>\n\n\n\n<p><strong>Workload of programme:<\/strong>&nbsp;60 ECVET<br><strong>Standard period of study:<\/strong>&nbsp;1 year\u200b\u200b\u200b\u200b\u200b\u200b\u200b\u200b\u200b\u200b\u200b\u200b\u200b\u200b<br><strong>Language of instruction:<\/strong>&nbsp;Estonian<\/p>\n\n\n\n<p>The curriculum consists of five basic modules:<\/p>\n\n\n\n<ul class=\"wp-block-list\"><li>creating a safe and developing environment<\/li><li>supporting child\u2019s development<\/li><li>health promotion of the child<\/li><li>cooperation with a parent or a care worker<\/li><li>working with the child with special needs<\/li><li>career planning and entrepreneurship<\/li><li>practical training in the working environment<\/li><\/ul>\n\n\n<div class=\"_personShort\" role=\"region\" aria-label=\"Person short\"><div class=\"_personShortWrap\" role=\"group\" aria-label=\"Person info\"><div class=\"_personPhoto\" role=\"img\" aria-label=\"Photos of Tiina Uusma\"><img loading=\"lazy\" decoding=\"async\" width=\"90\" height=\"90\" src=\"https:\/\/www.tartuh.ee\/wp-content\/uploads\/2022\/05\/tiinauusma-1.jpg\" class=\"attachment-hero-sm size-hero-sm\" alt=\"\" \/><img loading=\"lazy\" decoding=\"async\" width=\"90\" height=\"90\" src=\"https:\/\/www.tartuh.ee\/wp-content\/uploads\/2022\/05\/tiinauusma-2.jpg\" class=\"attachment-hero-sm size-hero-sm\" alt=\"\" \/><\/div><div class=\"_mainPersonInfo\" role=\"group\" aria-label=\"Main person info\"><p class=\"_name\" role=\"note\" aria-label=\"Name\">Tiina Uusma<\/p><p class=\"_position\" role=\"note\" aria-label=\"Position\">Head of Vocational Education Department<\/p><a class=\"_phone\" href=\"tel:+372 7370229\"  aria-label=\"Phone\">+372 737 0229<\/a><a class=\"_email\" href=\"mailto:tiina.uusma@tartuh.ee\"  aria-label=\"Email\">tiina.uusma@tartuh.ee<\/a><\/div><\/div><\/div>","protected":false},"excerpt":{"rendered":"<p>The aim of the curriculum is to educate and train skilled childminders who can support the development of the child. The childminder\u2019s performance is aimed at supporting the child\u2019s physical, socio-emotional, cognitive and ethical development, considering the family\u2019s needs for child care. The childminder\u2019s first priorities are the child\u2019s safety and wellbeing. Workload of programme:&nbsp;60 [&hellip;]<\/p>\n","protected":false},"author":17,"featured_media":617,"parent":608,"menu_order":0,"comment_status":"closed","ping_status":"closed","template":"","meta":{"_acf_changed":false,"_eb_attr":"","inline_featured_image":false,"footnotes":""},"class_list":["post-616","page","type-page","status-publish","has-post-thumbnail","hentry"],"acf":[],"yoast_head":"<!-- This site is optimized with the Yoast SEO plugin v20.8 - https:\/\/yoast.com\/wordpress\/plugins\/seo\/ -->\n<title>Childminder - TARTUH.EE<\/title>\n<meta name=\"robots\" content=\"index, follow, max-snippet:-1, max-image-preview:large, max-video-preview:-1\" \/>\n<link rel=\"canonical\" href=\"https:\/\/www.tartuh.ee\/en\/about-tartuh\/vocational-education-curricula\/childminder\/\" \/>\n<meta property=\"og:locale\" content=\"en_US\" \/>\n<meta property=\"og:type\" content=\"article\" \/>\n<meta property=\"og:title\" content=\"Childminder - TARTUH.EE\" \/>\n<meta property=\"og:description\" content=\"The aim of the curriculum is to educate and train skilled childminders who can support the development of the child. The childminder\u2019s performance is aimed at supporting the child\u2019s physical, socio-emotional, cognitive and ethical development, considering the family\u2019s needs for child care. The childminder\u2019s first priorities are the child\u2019s safety and wellbeing. Workload of programme:&nbsp;60 [&hellip;]\" \/>\n<meta property=\"og:url\" content=\"https:\/\/www.tartuh.ee\/en\/about-tartuh\/vocational-education-curricula\/childminder\/\" \/>\n<meta property=\"og:site_name\" content=\"TARTUH.EE\" \/>\n<meta property=\"article:modified_time\" content=\"2022-09-16T09:54:33+00:00\" \/>\n<meta property=\"og:image\" content=\"https:\/\/www.tartuh.ee\/wp-content\/uploads\/2022\/05\/LAPSEHOIDJA.jpg\" \/>\n\t<meta property=\"og:image:width\" content=\"1600\" \/>\n\t<meta property=\"og:image:height\" content=\"794\" \/>\n\t<meta property=\"og:image:type\" content=\"image\/jpeg\" \/>\n<meta name=\"twitter:card\" content=\"summary_large_image\" \/>\n<meta name=\"twitter:label1\" content=\"Est. reading time\" \/>\n\t<meta name=\"twitter:data1\" content=\"1 minute\" \/>\n<script type=\"application\/ld+json\" class=\"yoast-schema-graph\">{\"@context\":\"https:\/\/schema.org\",\"@graph\":[{\"@type\":\"WebPage\",\"@id\":\"https:\/\/www.tartuh.ee\/en\/about-tartuh\/vocational-education-curricula\/childminder\/\",\"url\":\"https:\/\/www.tartuh.ee\/en\/about-tartuh\/vocational-education-curricula\/childminder\/\",\"name\":\"Childminder - TARTUH.EE\",\"isPartOf\":{\"@id\":\"https:\/\/www.tartuh.ee\/#website\"},\"datePublished\":\"2022-05-04T09:56:35+00:00\",\"dateModified\":\"2022-09-16T09:54:33+00:00\",\"breadcrumb\":{\"@id\":\"https:\/\/www.tartuh.ee\/en\/about-tartuh\/vocational-education-curricula\/childminder\/#breadcrumb\"},\"inLanguage\":\"en-US\",\"potentialAction\":[{\"@type\":\"ReadAction\",\"target\":[\"https:\/\/www.tartuh.ee\/en\/about-tartuh\/vocational-education-curricula\/childminder\/\"]}]},{\"@type\":\"BreadcrumbList\",\"@id\":\"https:\/\/www.tartuh.ee\/en\/about-tartuh\/vocational-education-curricula\/childminder\/#breadcrumb\",\"itemListElement\":[{\"@type\":\"ListItem\",\"position\":1,\"name\":\"Home\",\"item\":\"https:\/\/www.tartuh.ee\/en\/\"},{\"@type\":\"ListItem\",\"position\":2,\"name\":\"About TARTUH\",\"item\":\"https:\/\/www.tartuh.ee\/en\/about-tartuh\/\"},{\"@type\":\"ListItem\",\"position\":3,\"name\":\"Vocational Education Curricula\",\"item\":\"https:\/\/www.tartuh.ee\/en\/about-tartuh\/vocational-education-curricula\/\"},{\"@type\":\"ListItem\",\"position\":4,\"name\":\"Childminder\"}]},{\"@type\":\"WebSite\",\"@id\":\"https:\/\/www.tartuh.ee\/#website\",\"url\":\"https:\/\/www.tartuh.ee\/\",\"name\":\"TARTUH.EE\",\"description\":\"Tartu Tervishoiu K\u00f5rgkool on Eestis ja rahvusvaheliselt hinnatud k\u00f5rgkool ning kompetentsikeskus tervise ja heaolu valdkonnas. K\u00f5rgkoolis on v\u00f5imalik \u00f5ppida rakendusk\u00f5rghariduse, magistri- ja kutse\u00f5ppe \u00f5ppekavadel.\",\"publisher\":{\"@id\":\"https:\/\/www.tartuh.ee\/#organization\"},\"potentialAction\":[{\"@type\":\"SearchAction\",\"target\":{\"@type\":\"EntryPoint\",\"urlTemplate\":\"https:\/\/www.tartuh.ee\/?s={search_term_string}\"},\"query-input\":\"required name=search_term_string\"}],\"inLanguage\":\"en-US\"},{\"@type\":\"Organization\",\"@id\":\"https:\/\/www.tartuh.ee\/#organization\",\"name\":\"TARTUH.EE\",\"url\":\"https:\/\/www.tartuh.ee\/\",\"logo\":{\"@type\":\"ImageObject\",\"inLanguage\":\"en-US\",\"@id\":\"https:\/\/www.tartuh.ee\/#\/schema\/logo\/image\/\",\"url\":\"https:\/\/www.tartuh.ee\/wp-content\/uploads\/2025\/01\/cropped-TTKK-2025-logo.jpg\",\"contentUrl\":\"https:\/\/www.tartuh.ee\/wp-content\/uploads\/2025\/01\/cropped-TTKK-2025-logo.jpg\",\"width\":1498,\"height\":755,\"caption\":\"TARTUH.EE\"},\"image\":{\"@id\":\"https:\/\/www.tartuh.ee\/#\/schema\/logo\/image\/\"}}]}<\/script>\n<!-- \/ Yoast SEO plugin. -->","yoast_head_json":{"title":"Childminder - TARTUH.EE","robots":{"index":"index","follow":"follow","max-snippet":"max-snippet:-1","max-image-preview":"max-image-preview:large","max-video-preview":"max-video-preview:-1"},"canonical":"https:\/\/www.tartuh.ee\/en\/about-tartuh\/vocational-education-curricula\/childminder\/","og_locale":"en_US","og_type":"article","og_title":"Childminder - TARTUH.EE","og_description":"The aim of the curriculum is to educate and train skilled childminders who can support the development of the child. The childminder\u2019s performance is aimed at supporting the child\u2019s physical, socio-emotional, cognitive and ethical development, considering the family\u2019s needs for child care. The childminder\u2019s first priorities are the child\u2019s safety and wellbeing. Workload of programme:&nbsp;60 [&hellip;]","og_url":"https:\/\/www.tartuh.ee\/en\/about-tartuh\/vocational-education-curricula\/childminder\/","og_site_name":"TARTUH.EE","article_modified_time":"2022-09-16T09:54:33+00:00","og_image":[{"width":1600,"height":794,"url":"https:\/\/www.tartuh.ee\/wp-content\/uploads\/2022\/05\/LAPSEHOIDJA.jpg","type":"image\/jpeg"}],"twitter_card":"summary_large_image","twitter_misc":{"Est. reading time":"1 minute"},"schema":{"@context":"https:\/\/schema.org","@graph":[{"@type":"WebPage","@id":"https:\/\/www.tartuh.ee\/en\/about-tartuh\/vocational-education-curricula\/childminder\/","url":"https:\/\/www.tartuh.ee\/en\/about-tartuh\/vocational-education-curricula\/childminder\/","name":"Childminder - TARTUH.EE","isPartOf":{"@id":"https:\/\/www.tartuh.ee\/#website"},"datePublished":"2022-05-04T09:56:35+00:00","dateModified":"2022-09-16T09:54:33+00:00","breadcrumb":{"@id":"https:\/\/www.tartuh.ee\/en\/about-tartuh\/vocational-education-curricula\/childminder\/#breadcrumb"},"inLanguage":"en-US","potentialAction":[{"@type":"ReadAction","target":["https:\/\/www.tartuh.ee\/en\/about-tartuh\/vocational-education-curricula\/childminder\/"]}]},{"@type":"BreadcrumbList","@id":"https:\/\/www.tartuh.ee\/en\/about-tartuh\/vocational-education-curricula\/childminder\/#breadcrumb","itemListElement":[{"@type":"ListItem","position":1,"name":"Home","item":"https:\/\/www.tartuh.ee\/en\/"},{"@type":"ListItem","position":2,"name":"About TARTUH","item":"https:\/\/www.tartuh.ee\/en\/about-tartuh\/"},{"@type":"ListItem","position":3,"name":"Vocational Education Curricula","item":"https:\/\/www.tartuh.ee\/en\/about-tartuh\/vocational-education-curricula\/"},{"@type":"ListItem","position":4,"name":"Childminder"}]},{"@type":"WebSite","@id":"https:\/\/www.tartuh.ee\/#website","url":"https:\/\/www.tartuh.ee\/","name":"TARTUH.EE","description":"Tartu Tervishoiu K\u00f5rgkool on Eestis ja rahvusvaheliselt hinnatud k\u00f5rgkool ning kompetentsikeskus tervise ja heaolu valdkonnas. K\u00f5rgkoolis on v\u00f5imalik \u00f5ppida rakendusk\u00f5rghariduse, magistri- ja kutse\u00f5ppe \u00f5ppekavadel.","publisher":{"@id":"https:\/\/www.tartuh.ee\/#organization"},"potentialAction":[{"@type":"SearchAction","target":{"@type":"EntryPoint","urlTemplate":"https:\/\/www.tartuh.ee\/?s={search_term_string}"},"query-input":"required name=search_term_string"}],"inLanguage":"en-US"},{"@type":"Organization","@id":"https:\/\/www.tartuh.ee\/#organization","name":"TARTUH.EE","url":"https:\/\/www.tartuh.ee\/","logo":{"@type":"ImageObject","inLanguage":"en-US","@id":"https:\/\/www.tartuh.ee\/#\/schema\/logo\/image\/","url":"https:\/\/www.tartuh.ee\/wp-content\/uploads\/2025\/01\/cropped-TTKK-2025-logo.jpg","contentUrl":"https:\/\/www.tartuh.ee\/wp-content\/uploads\/2025\/01\/cropped-TTKK-2025-logo.jpg","width":1498,"height":755,"caption":"TARTUH.EE"},"image":{"@id":"https:\/\/www.tartuh.ee\/#\/schema\/logo\/image\/"}}]}},"_links":{"self":[{"href":"https:\/\/www.tartuh.ee\/en\/wp-json\/wp\/v2\/pages\/616","targetHints":{"allow":["GET"]}}],"collection":[{"href":"https:\/\/www.tartuh.ee\/en\/wp-json\/wp\/v2\/pages"}],"about":[{"href":"https:\/\/www.tartuh.ee\/en\/wp-json\/wp\/v2\/types\/page"}],"author":[{"embeddable":true,"href":"https:\/\/www.tartuh.ee\/en\/wp-json\/wp\/v2\/users\/17"}],"replies":[{"embeddable":true,"href":"https:\/\/www.tartuh.ee\/en\/wp-json\/wp\/v2\/comments?post=616"}],"version-history":[{"count":8,"href":"https:\/\/www.tartuh.ee\/en\/wp-json\/wp\/v2\/pages\/616\/revisions"}],"predecessor-version":[{"id":5741,"href":"https:\/\/www.tartuh.ee\/en\/wp-json\/wp\/v2\/pages\/616\/revisions\/5741"}],"up":[{"embeddable":true,"href":"https:\/\/www.tartuh.ee\/en\/wp-json\/wp\/v2\/pages\/608"}],"wp:featuredmedia":[{"embeddable":true,"href":"https:\/\/www.tartuh.ee\/en\/wp-json\/wp\/v2\/media\/617"}],"wp:attachment":[{"href":"https:\/\/www.tartuh.ee\/en\/wp-json\/wp\/v2\/media?parent=616"}],"curies":[{"name":"wp","href":"https:\/\/api.w.org\/{rel}","templated":true}]}}