{"id":636,"date":"2022-05-04T10:05:39","date_gmt":"2022-05-04T10:05:39","guid":{"rendered":"https:\/\/www.tartuh.ee\/?page_id=636"},"modified":"2025-06-10T10:58:24","modified_gmt":"2025-06-10T10:58:24","slug":"masters-programme-in-radiography-2","status":"publish","type":"page","link":"https:\/\/www.tartuh.ee\/en\/about-tartuh\/masters-programmes\/masters-programme-in-radiography-2\/","title":{"rendered":"Master&#8217;s Programme in Radiography"},"content":{"rendered":"\n<p><a href=\"https:\/\/www.tartuh.ee\/en\/radiography\/admission\/\">Admission&nbsp;to the programme<\/a> will be <strong>1st of March \u2013 1st of August 2025<\/strong>.<\/p>\n\n\n\n<p><strong>Form of study:<\/strong>&nbsp;Full-time study<br><strong>Workload of programme:<\/strong>&nbsp;120 ECTS<br><strong>Standard period of study:<\/strong>&nbsp;2 years<br><strong>Language of instruction:<\/strong>&nbsp;English<br><strong>Conditions for commencing studies:<\/strong>&nbsp;Bachelor degree or equivalent qualification in Radiography<br><strong>The applicants are ranked based on the following two criteria:&nbsp;<\/strong><\/p>\n\n\n\n<ul class=\"wp-block-list\">\n<li>the average result of the applicant&#8217;s Bachelor studies (40 %)<\/li>\n\n\n\n<li>admission interview (60 %)<\/li>\n<\/ul>\n\n\n\n<p><strong>The programme consists of the following modules:<\/strong><\/p>\n\n\n\n<ul class=\"wp-block-list\">\n<li>Master&#8217;s thesis (30 ECTS)<\/li>\n\n\n\n<li>Specialist subjects in Radiotherapy (30 ECTS)&nbsp;<\/li>\n\n\n\n<li>Internship in Radiotheray&nbsp;(30 ECTS)<\/li>\n\n\n\n<li>Basic subjects (30 ECTS, incl. elective subjects 6 ECTS)<\/li>\n<\/ul>\n\n\n\n<p><strong>Title of academic degree awarded on graduation:<\/strong>\u00a0Master&#8217;s Degree in Radiography (Radiotherapy)<br><br><strong>Tuition fee: <\/strong>4500\u00a0EUR per academic year\u00a0(tuition waivers for Estonian and EU applicants and one for the best Ukrainian applicant)<\/p>\n\n\n\n<h3 class=\"wp-block-heading\">General structure of the programme<\/h3>\n\n\n\n<figure class=\"wp-block-table is-style-stripes\"><div class=\"table-wrapper\"><table class=\"has-fixed-layout\"><thead><tr><th><\/th><th><strong>Semester I<\/strong><\/th><th><strong>Semester II<\/strong><\/th><th><strong>Semester III<\/strong><\/th><th><strong>Semester IV<\/strong><\/th><\/tr><\/thead><tbody><tr><td><strong>Module of basic subjects (30 ECTS)<\/strong><\/td><td>Development of radiotherapy and the radiographer profession in international cooperation<br>(4&nbsp;ECTS)<br>Electives<br>(6&nbsp;ECTS)<br>Pedagogy<br>(6 ECTS)<\/td><td><\/td><td>Pedagogical practice<br>(8 ECTS)<br><\/td><td>Management and Entrepreneurship<br>(6 ECTS)<br><\/td><\/tr><tr><td><strong>Module of Master\u2019s thesis (30 ECTS)<\/strong><\/td><td>Master\u2019s thesis I<br>(6 ECTS)<\/td><td>Master\u2019s<br>thesis II<br>(6 ECTS)<\/td><td>Master\u2019s<br>thesis III<br>(6 ECTS)<\/td><td>Master\u2019s<br>thesis IV<br>(12 ECTS)<\/td><\/tr><tr><td><strong>Module of &nbsp;specialist subjects in Radiotherapy<br>(30 ECTS)<\/strong><\/td><td>Introduction to cancer and cancer management<br>(5 ECTS)<br>Radiotherapy physics and radiobiology<br>(5&nbsp;ECTS)<\/td><td>Radiotherapy and the principles and practice of pre-treatment procedures<br>(5&nbsp;ECTS)<br>Introduction to radiotherapy treatment planning (5&nbsp;ECTS)<\/td><td>Principles and practice of radiotherapy delivery and patient care<br>(10&nbsp;ECTS)<\/td><td><\/td><\/tr><tr><td><strong>Module of internship in Radiotherapy<br>(30 ECTS)<\/strong><\/td><td><\/td><td>Internship I<br>(12 ECTS)<\/td><td>Internship II<br>(6 ECTS)<\/td><td>Internship III<br>(12 ECTS)<\/td><\/tr><\/tbody><\/table><\/div><\/figure>\n\n\n<div class=\"_personShort\" role=\"region\" aria-label=\"Person short\"><div class=\"_personShortWrap\" role=\"group\" aria-label=\"Person info\"><div class=\"_personPhoto\" role=\"img\" aria-label=\"Photos of Triin Markus\"><img loading=\"lazy\" decoding=\"async\" width=\"90\" height=\"90\" src=\"https:\/\/www.tartuh.ee\/wp-content\/uploads\/2022\/05\/triinaasmae-1.jpg\" class=\"attachment-hero-sm size-hero-sm\" alt=\"Triin Aasm\u00e4e\" \/><img loading=\"lazy\" decoding=\"async\" width=\"90\" height=\"90\" src=\"https:\/\/www.tartuh.ee\/wp-content\/uploads\/2022\/05\/triinaasmae-2.jpg\" class=\"attachment-hero-sm size-hero-sm\" alt=\"Triin Aasm\u00e4e\" \/><\/div><div class=\"_mainPersonInfo\" role=\"group\" aria-label=\"Main person info\"><p class=\"_name\" role=\"note\" aria-label=\"Name\">Triin Markus<\/p><p class=\"_position\" role=\"note\" aria-label=\"Position\">Head of the Radiography and Biomedical Laboratory Science Department<\/p><a class=\"_phone\" href=\"tel:+372 7370227\"  aria-label=\"Phone\">+372 737 0227<\/a><a class=\"_email\" href=\"mailto:triin.markus@tartuh.ee\"  aria-label=\"Email\">triin.markus@tartuh.ee<\/a><\/div><\/div><\/div>","protected":false},"excerpt":{"rendered":"<p>Admission&nbsp;to the programme will be 1st of March \u2013 1st of August 2025. Form of study:&nbsp;Full-time studyWorkload of programme:&nbsp;120 ECTSStandard period of study:&nbsp;2 yearsLanguage of instruction:&nbsp;EnglishConditions for commencing studies:&nbsp;Bachelor degree or equivalent qualification in RadiographyThe applicants are ranked based on the following two criteria:&nbsp; The programme consists of the following modules: Title of academic degree [&hellip;]<\/p>\n","protected":false},"author":17,"featured_media":271,"parent":11829,"menu_order":0,"comment_status":"closed","ping_status":"closed","template":"","meta":{"_acf_changed":false,"_eb_attr":"","inline_featured_image":false,"footnotes":""},"class_list":["post-636","page","type-page","status-publish","has-post-thumbnail","hentry"],"acf":[],"yoast_head":"<!-- This site is optimized with the Yoast SEO plugin v20.8 - https:\/\/yoast.com\/wordpress\/plugins\/seo\/ -->\n<title>Master&#039;s Programme in Radiography - Tartu Health Care College<\/title>\n<meta name=\"description\" content=\"Title of academic degree awarded on graduation:\u00a0Master&#039;s Degree in Radiography (Radiotherapy)\" \/>\n<meta name=\"robots\" content=\"index, follow, max-snippet:-1, max-image-preview:large, max-video-preview:-1\" \/>\n<link rel=\"canonical\" href=\"https:\/\/www.tartuh.ee\/en\/about-tartuh\/masters-programmes\/masters-programme-in-radiography-2\/\" \/>\n<meta property=\"og:locale\" content=\"en_US\" \/>\n<meta property=\"og:type\" content=\"article\" \/>\n<meta property=\"og:title\" content=\"Master&#039;s Programme in Radiography - Tartu Health Care College\" \/>\n<meta property=\"og:description\" content=\"Title of academic degree awarded on graduation:\u00a0Master&#039;s Degree in Radiography (Radiotherapy)\" \/>\n<meta property=\"og:url\" content=\"https:\/\/www.tartuh.ee\/en\/about-tartuh\/masters-programmes\/masters-programme-in-radiography-2\/\" \/>\n<meta property=\"og:site_name\" content=\"TARTUH.EE\" \/>\n<meta property=\"article:modified_time\" content=\"2025-06-10T10:58:24+00:00\" \/>\n<meta property=\"og:image\" content=\"https:\/\/www.tartuh.ee\/wp-content\/uploads\/2022\/04\/radiohero.jpg\" \/>\n\t<meta property=\"og:image:width\" content=\"1549\" \/>\n\t<meta property=\"og:image:height\" content=\"786\" \/>\n\t<meta property=\"og:image:type\" content=\"image\/jpeg\" \/>\n<meta name=\"twitter:card\" content=\"summary_large_image\" \/>\n<meta name=\"twitter:label1\" content=\"Est. reading time\" \/>\n\t<meta name=\"twitter:data1\" content=\"2 minutes\" \/>\n<script type=\"application\/ld+json\" class=\"yoast-schema-graph\">{\"@context\":\"https:\/\/schema.org\",\"@graph\":[{\"@type\":\"WebPage\",\"@id\":\"https:\/\/www.tartuh.ee\/en\/about-tartuh\/masters-programmes\/masters-programme-in-radiography-2\/\",\"url\":\"https:\/\/www.tartuh.ee\/en\/about-tartuh\/masters-programmes\/masters-programme-in-radiography-2\/\",\"name\":\"Master's Programme in Radiography - Tartu Health Care College\",\"isPartOf\":{\"@id\":\"https:\/\/www.tartuh.ee\/#website\"},\"datePublished\":\"2022-05-04T10:05:39+00:00\",\"dateModified\":\"2025-06-10T10:58:24+00:00\",\"description\":\"Title of academic degree awarded on graduation:\u00a0Master's Degree in Radiography (Radiotherapy)\",\"breadcrumb\":{\"@id\":\"https:\/\/www.tartuh.ee\/en\/about-tartuh\/masters-programmes\/masters-programme-in-radiography-2\/#breadcrumb\"},\"inLanguage\":\"en-US\",\"potentialAction\":[{\"@type\":\"ReadAction\",\"target\":[\"https:\/\/www.tartuh.ee\/en\/about-tartuh\/masters-programmes\/masters-programme-in-radiography-2\/\"]}]},{\"@type\":\"BreadcrumbList\",\"@id\":\"https:\/\/www.tartuh.ee\/en\/about-tartuh\/masters-programmes\/masters-programme-in-radiography-2\/#breadcrumb\",\"itemListElement\":[{\"@type\":\"ListItem\",\"position\":1,\"name\":\"Home\",\"item\":\"https:\/\/www.tartuh.ee\/en\/\"},{\"@type\":\"ListItem\",\"position\":2,\"name\":\"About TARTUH\",\"item\":\"https:\/\/www.tartuh.ee\/en\/about-tartuh\/\"},{\"@type\":\"ListItem\",\"position\":3,\"name\":\"Master`s Programmes\",\"item\":\"https:\/\/www.tartuh.ee\/en\/about-tartuh\/masters-programmes\/\"},{\"@type\":\"ListItem\",\"position\":4,\"name\":\"Master&#8217;s Programme in Radiography\"}]},{\"@type\":\"WebSite\",\"@id\":\"https:\/\/www.tartuh.ee\/#website\",\"url\":\"https:\/\/www.tartuh.ee\/\",\"name\":\"TARTUH.EE\",\"description\":\"Tartu Tervishoiu K\u00f5rgkool on Eestis ja rahvusvaheliselt hinnatud k\u00f5rgkool ning kompetentsikeskus tervise ja heaolu valdkonnas. K\u00f5rgkoolis on v\u00f5imalik \u00f5ppida rakendusk\u00f5rghariduse, magistri- ja kutse\u00f5ppe \u00f5ppekavadel.\",\"publisher\":{\"@id\":\"https:\/\/www.tartuh.ee\/#organization\"},\"potentialAction\":[{\"@type\":\"SearchAction\",\"target\":{\"@type\":\"EntryPoint\",\"urlTemplate\":\"https:\/\/www.tartuh.ee\/?s={search_term_string}\"},\"query-input\":\"required name=search_term_string\"}],\"inLanguage\":\"en-US\"},{\"@type\":\"Organization\",\"@id\":\"https:\/\/www.tartuh.ee\/#organization\",\"name\":\"TARTUH.EE\",\"url\":\"https:\/\/www.tartuh.ee\/\",\"logo\":{\"@type\":\"ImageObject\",\"inLanguage\":\"en-US\",\"@id\":\"https:\/\/www.tartuh.ee\/#\/schema\/logo\/image\/\",\"url\":\"https:\/\/www.tartuh.ee\/wp-content\/uploads\/2025\/01\/cropped-TTKK-2025-logo.jpg\",\"contentUrl\":\"https:\/\/www.tartuh.ee\/wp-content\/uploads\/2025\/01\/cropped-TTKK-2025-logo.jpg\",\"width\":1498,\"height\":755,\"caption\":\"TARTUH.EE\"},\"image\":{\"@id\":\"https:\/\/www.tartuh.ee\/#\/schema\/logo\/image\/\"}}]}<\/script>\n<!-- \/ Yoast SEO plugin. -->","yoast_head_json":{"title":"Master's Programme in Radiography - Tartu Health Care College","description":"Title of academic degree awarded on graduation:\u00a0Master's Degree in Radiography (Radiotherapy)","robots":{"index":"index","follow":"follow","max-snippet":"max-snippet:-1","max-image-preview":"max-image-preview:large","max-video-preview":"max-video-preview:-1"},"canonical":"https:\/\/www.tartuh.ee\/en\/about-tartuh\/masters-programmes\/masters-programme-in-radiography-2\/","og_locale":"en_US","og_type":"article","og_title":"Master's Programme in Radiography - Tartu Health Care College","og_description":"Title of academic degree awarded on graduation:\u00a0Master's Degree in Radiography (Radiotherapy)","og_url":"https:\/\/www.tartuh.ee\/en\/about-tartuh\/masters-programmes\/masters-programme-in-radiography-2\/","og_site_name":"TARTUH.EE","article_modified_time":"2025-06-10T10:58:24+00:00","og_image":[{"width":1549,"height":786,"url":"https:\/\/www.tartuh.ee\/wp-content\/uploads\/2022\/04\/radiohero.jpg","type":"image\/jpeg"}],"twitter_card":"summary_large_image","twitter_misc":{"Est. reading time":"2 minutes"},"schema":{"@context":"https:\/\/schema.org","@graph":[{"@type":"WebPage","@id":"https:\/\/www.tartuh.ee\/en\/about-tartuh\/masters-programmes\/masters-programme-in-radiography-2\/","url":"https:\/\/www.tartuh.ee\/en\/about-tartuh\/masters-programmes\/masters-programme-in-radiography-2\/","name":"Master's Programme in Radiography - Tartu Health Care College","isPartOf":{"@id":"https:\/\/www.tartuh.ee\/#website"},"datePublished":"2022-05-04T10:05:39+00:00","dateModified":"2025-06-10T10:58:24+00:00","description":"Title of academic degree awarded on graduation:\u00a0Master's Degree in Radiography (Radiotherapy)","breadcrumb":{"@id":"https:\/\/www.tartuh.ee\/en\/about-tartuh\/masters-programmes\/masters-programme-in-radiography-2\/#breadcrumb"},"inLanguage":"en-US","potentialAction":[{"@type":"ReadAction","target":["https:\/\/www.tartuh.ee\/en\/about-tartuh\/masters-programmes\/masters-programme-in-radiography-2\/"]}]},{"@type":"BreadcrumbList","@id":"https:\/\/www.tartuh.ee\/en\/about-tartuh\/masters-programmes\/masters-programme-in-radiography-2\/#breadcrumb","itemListElement":[{"@type":"ListItem","position":1,"name":"Home","item":"https:\/\/www.tartuh.ee\/en\/"},{"@type":"ListItem","position":2,"name":"About TARTUH","item":"https:\/\/www.tartuh.ee\/en\/about-tartuh\/"},{"@type":"ListItem","position":3,"name":"Master`s Programmes","item":"https:\/\/www.tartuh.ee\/en\/about-tartuh\/masters-programmes\/"},{"@type":"ListItem","position":4,"name":"Master&#8217;s Programme in Radiography"}]},{"@type":"WebSite","@id":"https:\/\/www.tartuh.ee\/#website","url":"https:\/\/www.tartuh.ee\/","name":"TARTUH.EE","description":"Tartu Tervishoiu K\u00f5rgkool on Eestis ja rahvusvaheliselt hinnatud k\u00f5rgkool ning kompetentsikeskus tervise ja heaolu valdkonnas. K\u00f5rgkoolis on v\u00f5imalik \u00f5ppida rakendusk\u00f5rghariduse, magistri- ja kutse\u00f5ppe \u00f5ppekavadel.","publisher":{"@id":"https:\/\/www.tartuh.ee\/#organization"},"potentialAction":[{"@type":"SearchAction","target":{"@type":"EntryPoint","urlTemplate":"https:\/\/www.tartuh.ee\/?s={search_term_string}"},"query-input":"required name=search_term_string"}],"inLanguage":"en-US"},{"@type":"Organization","@id":"https:\/\/www.tartuh.ee\/#organization","name":"TARTUH.EE","url":"https:\/\/www.tartuh.ee\/","logo":{"@type":"ImageObject","inLanguage":"en-US","@id":"https:\/\/www.tartuh.ee\/#\/schema\/logo\/image\/","url":"https:\/\/www.tartuh.ee\/wp-content\/uploads\/2025\/01\/cropped-TTKK-2025-logo.jpg","contentUrl":"https:\/\/www.tartuh.ee\/wp-content\/uploads\/2025\/01\/cropped-TTKK-2025-logo.jpg","width":1498,"height":755,"caption":"TARTUH.EE"},"image":{"@id":"https:\/\/www.tartuh.ee\/#\/schema\/logo\/image\/"}}]}},"_links":{"self":[{"href":"https:\/\/www.tartuh.ee\/en\/wp-json\/wp\/v2\/pages\/636","targetHints":{"allow":["GET"]}}],"collection":[{"href":"https:\/\/www.tartuh.ee\/en\/wp-json\/wp\/v2\/pages"}],"about":[{"href":"https:\/\/www.tartuh.ee\/en\/wp-json\/wp\/v2\/types\/page"}],"author":[{"embeddable":true,"href":"https:\/\/www.tartuh.ee\/en\/wp-json\/wp\/v2\/users\/17"}],"replies":[{"embeddable":true,"href":"https:\/\/www.tartuh.ee\/en\/wp-json\/wp\/v2\/comments?post=636"}],"version-history":[{"count":18,"href":"https:\/\/www.tartuh.ee\/en\/wp-json\/wp\/v2\/pages\/636\/revisions"}],"predecessor-version":[{"id":15927,"href":"https:\/\/www.tartuh.ee\/en\/wp-json\/wp\/v2\/pages\/636\/revisions\/15927"}],"up":[{"embeddable":true,"href":"https:\/\/www.tartuh.ee\/en\/wp-json\/wp\/v2\/pages\/11829"}],"wp:featuredmedia":[{"embeddable":true,"href":"https:\/\/www.tartuh.ee\/en\/wp-json\/wp\/v2\/media\/271"}],"wp:attachment":[{"href":"https:\/\/www.tartuh.ee\/en\/wp-json\/wp\/v2\/media?parent=636"}],"curies":[{"name":"wp","href":"https:\/\/api.w.org\/{rel}","templated":true}]}}