{"id":705,"date":"2022-05-04T12:16:40","date_gmt":"2022-05-04T12:16:40","guid":{"rendered":"https:\/\/www.tartuh.ee\/?page_id=705"},"modified":"2025-12-01T19:21:51","modified_gmt":"2025-12-01T19:21:51","slug":"students-council","status":"publish","type":"page","link":"https:\/\/www.tartuh.ee\/en\/about-tartuh\/students-council\/","title":{"rendered":"Students Council"},"content":{"rendered":"\n<p>Student Union makes your time in Tartu Applied Health Sciences University more exciting. They organize different events for students (events for welcoming new students, health week), help the school board with questions about student life and arrange health promotion events like walking week<\/p>\n\n\n\n<p>The purpose of the Student Union is to engage students in making the decisions relevant for them and to provide opportunities to express their opinion in issues related to the activities of the TARTUH. Representatives of the Student Union belong to the TARTUH Council and the Curriculum Boards, they are engaged in the activities of the Pedagogical Board.<\/p>\n\n\n\n<p>Many of these events are also published in the TARTUH web magazine \u201eTervist! &#8221; which the union has a close partnership with.<\/p>\n\n\n\n<p>The Student Council of the Tartu Applied Health Sciences University has been working with students&#8217; concerns, joys, organization and assistance since 2005, when the school received the title of a higher education institution. The activities, membership and procedure of the Student Union are specified in the Statutes. The main task of the Student Union is to protect the interests of students both within the school and at the level of the republic. The Student Union is a member of the EUL \u2013 Federation of Estonian Student Unions since 2006, which is a student umbrella organization whose goal is to represent the interests of Estonian students and protect their rights.<\/p>\n\n\n\n<p>You can write to them and ask what kind of events are coming during your exchange time:\u00a0<a href=\"mailto:yliopilasesindus@nooruse.ee\">yliopilasesindus@tartuh.ee<\/a><\/p>\n\n\n\n<figure class=\"wp-block-image size-large\"><img loading=\"lazy\" decoding=\"async\" width=\"1024\" height=\"768\" src=\"https:\/\/www.tartuh.ee\/wp-content\/uploads\/2022\/05\/students-1024x768.jpg\" alt=\"\" class=\"wp-image-706\" srcset=\"https:\/\/www.tartuh.ee\/wp-content\/uploads\/2022\/05\/students-1024x768.jpg 1024w, https:\/\/www.tartuh.ee\/wp-content\/uploads\/2022\/05\/students-300x225.jpg 300w, https:\/\/www.tartuh.ee\/wp-content\/uploads\/2022\/05\/students-768x576.jpg 768w, https:\/\/www.tartuh.ee\/wp-content\/uploads\/2022\/05\/students-1536x1152.jpg 1536w, https:\/\/www.tartuh.ee\/wp-content\/uploads\/2022\/05\/students.jpg 2048w\" sizes=\"auto, (max-width: 1024px) 100vw, 1024px\" \/><\/figure>\n","protected":false},"excerpt":{"rendered":"<p>Student Union makes your time in Tartu Applied Health Sciences University more exciting. They organize different events for students (events for welcoming new students, health week), help the school board with questions about student life and arrange health promotion events like walking week The purpose of the Student Union is to engage students in making [&hellip;]<\/p>\n","protected":false},"author":4,"featured_media":708,"parent":17582,"menu_order":0,"comment_status":"closed","ping_status":"closed","template":"","meta":{"_acf_changed":false,"_eb_attr":"","inline_featured_image":false,"footnotes":""},"class_list":["post-705","page","type-page","status-publish","has-post-thumbnail","hentry"],"acf":[],"yoast_head":"<!-- This site is optimized with the Yoast SEO plugin v20.8 - https:\/\/yoast.com\/wordpress\/plugins\/seo\/ -->\n<title>Students Council - TARTUH.EE<\/title>\n<meta name=\"robots\" content=\"index, follow, max-snippet:-1, max-image-preview:large, max-video-preview:-1\" \/>\n<link rel=\"canonical\" href=\"https:\/\/www.tartuh.ee\/en\/about-tartuh\/students-council\/\" \/>\n<meta property=\"og:locale\" content=\"en_US\" \/>\n<meta property=\"og:type\" content=\"article\" \/>\n<meta property=\"og:title\" content=\"Students Council - TARTUH.EE\" \/>\n<meta property=\"og:description\" content=\"Student Union makes your time in Tartu Applied Health Sciences University more exciting. They organize different events for students (events for welcoming new students, health week), help the school board with questions about student life and arrange health promotion events like walking week The purpose of the Student Union is to engage students in making [&hellip;]\" \/>\n<meta property=\"og:url\" content=\"https:\/\/www.tartuh.ee\/en\/about-tartuh\/students-council\/\" \/>\n<meta property=\"og:site_name\" content=\"TARTUH.EE\" \/>\n<meta property=\"article:modified_time\" content=\"2025-12-01T19:21:51+00:00\" \/>\n<meta property=\"og:image\" content=\"https:\/\/www.tartuh.ee\/wp-content\/uploads\/2022\/05\/YE.jpg\" \/>\n\t<meta property=\"og:image:width\" content=\"1600\" \/>\n\t<meta property=\"og:image:height\" content=\"582\" \/>\n\t<meta property=\"og:image:type\" content=\"image\/jpeg\" \/>\n<meta name=\"twitter:card\" content=\"summary_large_image\" \/>\n<meta name=\"twitter:label1\" content=\"Est. reading time\" \/>\n\t<meta name=\"twitter:data1\" content=\"2 minutes\" \/>\n<script type=\"application\/ld+json\" class=\"yoast-schema-graph\">{\"@context\":\"https:\/\/schema.org\",\"@graph\":[{\"@type\":\"WebPage\",\"@id\":\"https:\/\/www.tartuh.ee\/en\/about-tartuh\/students-council\/\",\"url\":\"https:\/\/www.tartuh.ee\/en\/about-tartuh\/students-council\/\",\"name\":\"Students Council - TARTUH.EE\",\"isPartOf\":{\"@id\":\"https:\/\/www.tartuh.ee\/#website\"},\"datePublished\":\"2022-05-04T12:16:40+00:00\",\"dateModified\":\"2025-12-01T19:21:51+00:00\",\"breadcrumb\":{\"@id\":\"https:\/\/www.tartuh.ee\/en\/about-tartuh\/students-council\/#breadcrumb\"},\"inLanguage\":\"en-US\",\"potentialAction\":[{\"@type\":\"ReadAction\",\"target\":[\"https:\/\/www.tartuh.ee\/en\/about-tartuh\/students-council\/\"]}]},{\"@type\":\"BreadcrumbList\",\"@id\":\"https:\/\/www.tartuh.ee\/en\/about-tartuh\/students-council\/#breadcrumb\",\"itemListElement\":[{\"@type\":\"ListItem\",\"position\":1,\"name\":\"Home\",\"item\":\"https:\/\/www.tartuh.ee\/en\/\"},{\"@type\":\"ListItem\",\"position\":2,\"name\":\"About TARTUH\",\"item\":\"https:\/\/www.tartuh.ee\/en\/about-tartuh\/\"},{\"@type\":\"ListItem\",\"position\":3,\"name\":\"Students Council\"}]},{\"@type\":\"WebSite\",\"@id\":\"https:\/\/www.tartuh.ee\/#website\",\"url\":\"https:\/\/www.tartuh.ee\/\",\"name\":\"TARTUH.EE\",\"description\":\"Tartu Tervishoiu K\u00f5rgkool on Eestis ja rahvusvaheliselt hinnatud k\u00f5rgkool ning kompetentsikeskus tervise ja heaolu valdkonnas. K\u00f5rgkoolis on v\u00f5imalik \u00f5ppida rakendusk\u00f5rghariduse, magistri- ja kutse\u00f5ppe \u00f5ppekavadel.\",\"publisher\":{\"@id\":\"https:\/\/www.tartuh.ee\/#organization\"},\"potentialAction\":[{\"@type\":\"SearchAction\",\"target\":{\"@type\":\"EntryPoint\",\"urlTemplate\":\"https:\/\/www.tartuh.ee\/?s={search_term_string}\"},\"query-input\":\"required name=search_term_string\"}],\"inLanguage\":\"en-US\"},{\"@type\":\"Organization\",\"@id\":\"https:\/\/www.tartuh.ee\/#organization\",\"name\":\"TARTUH.EE\",\"url\":\"https:\/\/www.tartuh.ee\/\",\"logo\":{\"@type\":\"ImageObject\",\"inLanguage\":\"en-US\",\"@id\":\"https:\/\/www.tartuh.ee\/#\/schema\/logo\/image\/\",\"url\":\"https:\/\/www.tartuh.ee\/wp-content\/uploads\/2025\/01\/cropped-TTKK-2025-logo.jpg\",\"contentUrl\":\"https:\/\/www.tartuh.ee\/wp-content\/uploads\/2025\/01\/cropped-TTKK-2025-logo.jpg\",\"width\":1498,\"height\":755,\"caption\":\"TARTUH.EE\"},\"image\":{\"@id\":\"https:\/\/www.tartuh.ee\/#\/schema\/logo\/image\/\"}}]}<\/script>\n<!-- \/ Yoast SEO plugin. -->","yoast_head_json":{"title":"Students Council - TARTUH.EE","robots":{"index":"index","follow":"follow","max-snippet":"max-snippet:-1","max-image-preview":"max-image-preview:large","max-video-preview":"max-video-preview:-1"},"canonical":"https:\/\/www.tartuh.ee\/en\/about-tartuh\/students-council\/","og_locale":"en_US","og_type":"article","og_title":"Students Council - TARTUH.EE","og_description":"Student Union makes your time in Tartu Applied Health Sciences University more exciting. They organize different events for students (events for welcoming new students, health week), help the school board with questions about student life and arrange health promotion events like walking week The purpose of the Student Union is to engage students in making [&hellip;]","og_url":"https:\/\/www.tartuh.ee\/en\/about-tartuh\/students-council\/","og_site_name":"TARTUH.EE","article_modified_time":"2025-12-01T19:21:51+00:00","og_image":[{"width":1600,"height":582,"url":"https:\/\/www.tartuh.ee\/wp-content\/uploads\/2022\/05\/YE.jpg","type":"image\/jpeg"}],"twitter_card":"summary_large_image","twitter_misc":{"Est. reading time":"2 minutes"},"schema":{"@context":"https:\/\/schema.org","@graph":[{"@type":"WebPage","@id":"https:\/\/www.tartuh.ee\/en\/about-tartuh\/students-council\/","url":"https:\/\/www.tartuh.ee\/en\/about-tartuh\/students-council\/","name":"Students Council - TARTUH.EE","isPartOf":{"@id":"https:\/\/www.tartuh.ee\/#website"},"datePublished":"2022-05-04T12:16:40+00:00","dateModified":"2025-12-01T19:21:51+00:00","breadcrumb":{"@id":"https:\/\/www.tartuh.ee\/en\/about-tartuh\/students-council\/#breadcrumb"},"inLanguage":"en-US","potentialAction":[{"@type":"ReadAction","target":["https:\/\/www.tartuh.ee\/en\/about-tartuh\/students-council\/"]}]},{"@type":"BreadcrumbList","@id":"https:\/\/www.tartuh.ee\/en\/about-tartuh\/students-council\/#breadcrumb","itemListElement":[{"@type":"ListItem","position":1,"name":"Home","item":"https:\/\/www.tartuh.ee\/en\/"},{"@type":"ListItem","position":2,"name":"About TARTUH","item":"https:\/\/www.tartuh.ee\/en\/about-tartuh\/"},{"@type":"ListItem","position":3,"name":"Students Council"}]},{"@type":"WebSite","@id":"https:\/\/www.tartuh.ee\/#website","url":"https:\/\/www.tartuh.ee\/","name":"TARTUH.EE","description":"Tartu Tervishoiu K\u00f5rgkool on Eestis ja rahvusvaheliselt hinnatud k\u00f5rgkool ning kompetentsikeskus tervise ja heaolu valdkonnas. K\u00f5rgkoolis on v\u00f5imalik \u00f5ppida rakendusk\u00f5rghariduse, magistri- ja kutse\u00f5ppe \u00f5ppekavadel.","publisher":{"@id":"https:\/\/www.tartuh.ee\/#organization"},"potentialAction":[{"@type":"SearchAction","target":{"@type":"EntryPoint","urlTemplate":"https:\/\/www.tartuh.ee\/?s={search_term_string}"},"query-input":"required name=search_term_string"}],"inLanguage":"en-US"},{"@type":"Organization","@id":"https:\/\/www.tartuh.ee\/#organization","name":"TARTUH.EE","url":"https:\/\/www.tartuh.ee\/","logo":{"@type":"ImageObject","inLanguage":"en-US","@id":"https:\/\/www.tartuh.ee\/#\/schema\/logo\/image\/","url":"https:\/\/www.tartuh.ee\/wp-content\/uploads\/2025\/01\/cropped-TTKK-2025-logo.jpg","contentUrl":"https:\/\/www.tartuh.ee\/wp-content\/uploads\/2025\/01\/cropped-TTKK-2025-logo.jpg","width":1498,"height":755,"caption":"TARTUH.EE"},"image":{"@id":"https:\/\/www.tartuh.ee\/#\/schema\/logo\/image\/"}}]}},"_links":{"self":[{"href":"https:\/\/www.tartuh.ee\/en\/wp-json\/wp\/v2\/pages\/705","targetHints":{"allow":["GET"]}}],"collection":[{"href":"https:\/\/www.tartuh.ee\/en\/wp-json\/wp\/v2\/pages"}],"about":[{"href":"https:\/\/www.tartuh.ee\/en\/wp-json\/wp\/v2\/types\/page"}],"author":[{"embeddable":true,"href":"https:\/\/www.tartuh.ee\/en\/wp-json\/wp\/v2\/users\/4"}],"replies":[{"embeddable":true,"href":"https:\/\/www.tartuh.ee\/en\/wp-json\/wp\/v2\/comments?post=705"}],"version-history":[{"count":7,"href":"https:\/\/www.tartuh.ee\/en\/wp-json\/wp\/v2\/pages\/705\/revisions"}],"predecessor-version":[{"id":17588,"href":"https:\/\/www.tartuh.ee\/en\/wp-json\/wp\/v2\/pages\/705\/revisions\/17588"}],"up":[{"embeddable":true,"href":"https:\/\/www.tartuh.ee\/en\/wp-json\/wp\/v2\/pages\/17582"}],"wp:featuredmedia":[{"embeddable":true,"href":"https:\/\/www.tartuh.ee\/en\/wp-json\/wp\/v2\/media\/708"}],"wp:attachment":[{"href":"https:\/\/www.tartuh.ee\/en\/wp-json\/wp\/v2\/media?parent=705"}],"curies":[{"name":"wp","href":"https:\/\/api.w.org\/{rel}","templated":true}]}}