{"id":781,"date":"2022-05-10T18:28:02","date_gmt":"2022-05-10T18:28:02","guid":{"rendered":"https:\/\/www.tartuh.ee\/?page_id=781"},"modified":"2022-05-17T09:19:12","modified_gmt":"2022-05-17T09:19:12","slug":"partners","status":"publish","type":"page","link":"https:\/\/www.tartuh.ee\/en\/ifeh\/partners\/","title":{"rendered":"Partners"},"content":{"rendered":"\n<p>We are glad to announce that we started the colleboration with the&nbsp;<a href=\"http:\/\/www.vvg.hr\">University of Applied Science Velika Gorica <\/a>(UASVG, Croatia).&nbsp;<\/p>\n\n\n\n<p>University of Applied Sciences Velika Gorica started to operate in 2003 with five professional three-year study programmes: Humanitarian demining, Pyrotechnology, Computer Systems Maintenance, Motor Vehicle Maintenance and Aircraft Maintenance. It was the first private university of applied sciences from the field of technical sciences in the Republic of Croatia. The founder of the UASVG is the City of Velika Gorica. The basic function of the studies is to implement the teaching activities of the approved programme and to encourage the development of all scientific-professional teaching disciplines that are represented or ought to be represented on the study, based on the science and the profession, and with the intent to approach the level of standards worldwide. University of Applied Sciences Velika Gorica offers study programmes that are interesting to the young people from Europe, as well as from other parts of the world. From the very beginning the University of Applied Sciences has been developing mentorship approach based on the understanding and better relations between students and professors. High-quality acquisition of knowledge and skills in modern equipped premises, practical classes organised in cooperation with the industry, and a number of other possibilities for successful study are some of the advantages of the University of Applied Sciences Velika Gorica. The UASVG programmes have been adjusted to actual labour market needs. UASVG is IFEH academic member\u00a0from 2019.<\/p>\n\n\n\n<figure class=\"wp-block-image size-full\"><img loading=\"lazy\" decoding=\"async\" width=\"981\" height=\"192\" src=\"https:\/\/www.tartuh.ee\/wp-content\/uploads\/2022\/05\/VVG-znak.png\" alt=\"\" class=\"wp-image-782\" srcset=\"https:\/\/www.tartuh.ee\/wp-content\/uploads\/2022\/05\/VVG-znak.png 981w, https:\/\/www.tartuh.ee\/wp-content\/uploads\/2022\/05\/VVG-znak-300x59.png 300w, https:\/\/www.tartuh.ee\/wp-content\/uploads\/2022\/05\/VVG-znak-768x150.png 768w\" sizes=\"auto, (max-width: 981px) 100vw, 981px\" \/><\/figure>\n","protected":false},"excerpt":{"rendered":"<p>We are glad to announce that we started the colleboration with the&nbsp;University of Applied Science Velika Gorica (UASVG, Croatia).&nbsp; University of Applied Sciences Velika Gorica started to operate in 2003 with five professional three-year study programmes: Humanitarian demining, Pyrotechnology, Computer Systems Maintenance, Motor Vehicle Maintenance and Aircraft Maintenance. It was the first private university of [&hellip;]<\/p>\n","protected":false},"author":5,"featured_media":0,"parent":768,"menu_order":0,"comment_status":"closed","ping_status":"closed","template":"","meta":{"_acf_changed":false,"_eb_attr":"","inline_featured_image":false,"footnotes":""},"class_list":["post-781","page","type-page","status-publish","hentry"],"acf":[],"yoast_head":"<!-- This site is optimized with the Yoast SEO plugin v20.8 - https:\/\/yoast.com\/wordpress\/plugins\/seo\/ -->\n<title>Partners - TARTUH.EE<\/title>\n<meta name=\"robots\" content=\"index, follow, max-snippet:-1, max-image-preview:large, max-video-preview:-1\" \/>\n<link rel=\"canonical\" href=\"https:\/\/www.tartuh.ee\/en\/ifeh\/partners\/\" \/>\n<meta property=\"og:locale\" content=\"en_US\" \/>\n<meta property=\"og:type\" content=\"article\" \/>\n<meta property=\"og:title\" content=\"Partners - TARTUH.EE\" \/>\n<meta property=\"og:description\" content=\"We are glad to announce that we started the colleboration with the&nbsp;University of Applied Science Velika Gorica (UASVG, Croatia).&nbsp; University of Applied Sciences Velika Gorica started to operate in 2003 with five professional three-year study programmes: Humanitarian demining, Pyrotechnology, Computer Systems Maintenance, Motor Vehicle Maintenance and Aircraft Maintenance. It was the first private university of [&hellip;]\" \/>\n<meta property=\"og:url\" content=\"https:\/\/www.tartuh.ee\/en\/ifeh\/partners\/\" \/>\n<meta property=\"og:site_name\" content=\"TARTUH.EE\" \/>\n<meta property=\"article:modified_time\" content=\"2022-05-17T09:19:12+00:00\" \/>\n<meta property=\"og:image\" content=\"https:\/\/www.tartuh.ee\/wp-content\/uploads\/2022\/05\/VVG-znak.png\" \/>\n<meta name=\"twitter:card\" content=\"summary_large_image\" \/>\n<meta name=\"twitter:label1\" content=\"Est. reading time\" \/>\n\t<meta name=\"twitter:data1\" content=\"2 minutes\" \/>\n<script type=\"application\/ld+json\" class=\"yoast-schema-graph\">{\"@context\":\"https:\/\/schema.org\",\"@graph\":[{\"@type\":\"WebPage\",\"@id\":\"https:\/\/www.tartuh.ee\/en\/ifeh\/partners\/\",\"url\":\"https:\/\/www.tartuh.ee\/en\/ifeh\/partners\/\",\"name\":\"Partners - TARTUH.EE\",\"isPartOf\":{\"@id\":\"https:\/\/www.tartuh.ee\/#website\"},\"datePublished\":\"2022-05-10T18:28:02+00:00\",\"dateModified\":\"2022-05-17T09:19:12+00:00\",\"breadcrumb\":{\"@id\":\"https:\/\/www.tartuh.ee\/en\/ifeh\/partners\/#breadcrumb\"},\"inLanguage\":\"en-US\",\"potentialAction\":[{\"@type\":\"ReadAction\",\"target\":[\"https:\/\/www.tartuh.ee\/en\/ifeh\/partners\/\"]}]},{\"@type\":\"BreadcrumbList\",\"@id\":\"https:\/\/www.tartuh.ee\/en\/ifeh\/partners\/#breadcrumb\",\"itemListElement\":[{\"@type\":\"ListItem\",\"position\":1,\"name\":\"Home\",\"item\":\"https:\/\/www.tartuh.ee\/en\/\"},{\"@type\":\"ListItem\",\"position\":2,\"name\":\"IFEH\",\"item\":\"https:\/\/www.tartuh.ee\/en\/ifeh\/\"},{\"@type\":\"ListItem\",\"position\":3,\"name\":\"Partners\"}]},{\"@type\":\"WebSite\",\"@id\":\"https:\/\/www.tartuh.ee\/#website\",\"url\":\"https:\/\/www.tartuh.ee\/\",\"name\":\"TARTUH.EE\",\"description\":\"Tartu Tervishoiu K\u00f5rgkool on Eestis ja rahvusvaheliselt hinnatud k\u00f5rgkool ning kompetentsikeskus tervise ja heaolu valdkonnas. K\u00f5rgkoolis on v\u00f5imalik \u00f5ppida rakendusk\u00f5rghariduse, magistri- ja kutse\u00f5ppe \u00f5ppekavadel.\",\"publisher\":{\"@id\":\"https:\/\/www.tartuh.ee\/#organization\"},\"potentialAction\":[{\"@type\":\"SearchAction\",\"target\":{\"@type\":\"EntryPoint\",\"urlTemplate\":\"https:\/\/www.tartuh.ee\/?s={search_term_string}\"},\"query-input\":\"required name=search_term_string\"}],\"inLanguage\":\"en-US\"},{\"@type\":\"Organization\",\"@id\":\"https:\/\/www.tartuh.ee\/#organization\",\"name\":\"TARTUH.EE\",\"url\":\"https:\/\/www.tartuh.ee\/\",\"logo\":{\"@type\":\"ImageObject\",\"inLanguage\":\"en-US\",\"@id\":\"https:\/\/www.tartuh.ee\/#\/schema\/logo\/image\/\",\"url\":\"https:\/\/www.tartuh.ee\/wp-content\/uploads\/2025\/01\/cropped-TTKK-2025-logo.jpg\",\"contentUrl\":\"https:\/\/www.tartuh.ee\/wp-content\/uploads\/2025\/01\/cropped-TTKK-2025-logo.jpg\",\"width\":1498,\"height\":755,\"caption\":\"TARTUH.EE\"},\"image\":{\"@id\":\"https:\/\/www.tartuh.ee\/#\/schema\/logo\/image\/\"}}]}<\/script>\n<!-- \/ Yoast SEO plugin. -->","yoast_head_json":{"title":"Partners - TARTUH.EE","robots":{"index":"index","follow":"follow","max-snippet":"max-snippet:-1","max-image-preview":"max-image-preview:large","max-video-preview":"max-video-preview:-1"},"canonical":"https:\/\/www.tartuh.ee\/en\/ifeh\/partners\/","og_locale":"en_US","og_type":"article","og_title":"Partners - TARTUH.EE","og_description":"We are glad to announce that we started the colleboration with the&nbsp;University of Applied Science Velika Gorica (UASVG, Croatia).&nbsp; University of Applied Sciences Velika Gorica started to operate in 2003 with five professional three-year study programmes: Humanitarian demining, Pyrotechnology, Computer Systems Maintenance, Motor Vehicle Maintenance and Aircraft Maintenance. It was the first private university of [&hellip;]","og_url":"https:\/\/www.tartuh.ee\/en\/ifeh\/partners\/","og_site_name":"TARTUH.EE","article_modified_time":"2022-05-17T09:19:12+00:00","og_image":[{"url":"https:\/\/www.tartuh.ee\/wp-content\/uploads\/2022\/05\/VVG-znak.png"}],"twitter_card":"summary_large_image","twitter_misc":{"Est. reading time":"2 minutes"},"schema":{"@context":"https:\/\/schema.org","@graph":[{"@type":"WebPage","@id":"https:\/\/www.tartuh.ee\/en\/ifeh\/partners\/","url":"https:\/\/www.tartuh.ee\/en\/ifeh\/partners\/","name":"Partners - TARTUH.EE","isPartOf":{"@id":"https:\/\/www.tartuh.ee\/#website"},"datePublished":"2022-05-10T18:28:02+00:00","dateModified":"2022-05-17T09:19:12+00:00","breadcrumb":{"@id":"https:\/\/www.tartuh.ee\/en\/ifeh\/partners\/#breadcrumb"},"inLanguage":"en-US","potentialAction":[{"@type":"ReadAction","target":["https:\/\/www.tartuh.ee\/en\/ifeh\/partners\/"]}]},{"@type":"BreadcrumbList","@id":"https:\/\/www.tartuh.ee\/en\/ifeh\/partners\/#breadcrumb","itemListElement":[{"@type":"ListItem","position":1,"name":"Home","item":"https:\/\/www.tartuh.ee\/en\/"},{"@type":"ListItem","position":2,"name":"IFEH","item":"https:\/\/www.tartuh.ee\/en\/ifeh\/"},{"@type":"ListItem","position":3,"name":"Partners"}]},{"@type":"WebSite","@id":"https:\/\/www.tartuh.ee\/#website","url":"https:\/\/www.tartuh.ee\/","name":"TARTUH.EE","description":"Tartu Tervishoiu K\u00f5rgkool on Eestis ja rahvusvaheliselt hinnatud k\u00f5rgkool ning kompetentsikeskus tervise ja heaolu valdkonnas. K\u00f5rgkoolis on v\u00f5imalik \u00f5ppida rakendusk\u00f5rghariduse, magistri- ja kutse\u00f5ppe \u00f5ppekavadel.","publisher":{"@id":"https:\/\/www.tartuh.ee\/#organization"},"potentialAction":[{"@type":"SearchAction","target":{"@type":"EntryPoint","urlTemplate":"https:\/\/www.tartuh.ee\/?s={search_term_string}"},"query-input":"required name=search_term_string"}],"inLanguage":"en-US"},{"@type":"Organization","@id":"https:\/\/www.tartuh.ee\/#organization","name":"TARTUH.EE","url":"https:\/\/www.tartuh.ee\/","logo":{"@type":"ImageObject","inLanguage":"en-US","@id":"https:\/\/www.tartuh.ee\/#\/schema\/logo\/image\/","url":"https:\/\/www.tartuh.ee\/wp-content\/uploads\/2025\/01\/cropped-TTKK-2025-logo.jpg","contentUrl":"https:\/\/www.tartuh.ee\/wp-content\/uploads\/2025\/01\/cropped-TTKK-2025-logo.jpg","width":1498,"height":755,"caption":"TARTUH.EE"},"image":{"@id":"https:\/\/www.tartuh.ee\/#\/schema\/logo\/image\/"}}]}},"_links":{"self":[{"href":"https:\/\/www.tartuh.ee\/en\/wp-json\/wp\/v2\/pages\/781","targetHints":{"allow":["GET"]}}],"collection":[{"href":"https:\/\/www.tartuh.ee\/en\/wp-json\/wp\/v2\/pages"}],"about":[{"href":"https:\/\/www.tartuh.ee\/en\/wp-json\/wp\/v2\/types\/page"}],"author":[{"embeddable":true,"href":"https:\/\/www.tartuh.ee\/en\/wp-json\/wp\/v2\/users\/5"}],"replies":[{"embeddable":true,"href":"https:\/\/www.tartuh.ee\/en\/wp-json\/wp\/v2\/comments?post=781"}],"version-history":[{"count":1,"href":"https:\/\/www.tartuh.ee\/en\/wp-json\/wp\/v2\/pages\/781\/revisions"}],"predecessor-version":[{"id":784,"href":"https:\/\/www.tartuh.ee\/en\/wp-json\/wp\/v2\/pages\/781\/revisions\/784"}],"up":[{"embeddable":true,"href":"https:\/\/www.tartuh.ee\/en\/wp-json\/wp\/v2\/pages\/768"}],"wp:attachment":[{"href":"https:\/\/www.tartuh.ee\/en\/wp-json\/wp\/v2\/media?parent=781"}],"curies":[{"name":"wp","href":"https:\/\/api.w.org\/{rel}","templated":true}]}}