{"id":791,"date":"2022-05-10T18:44:59","date_gmt":"2022-05-10T18:44:59","guid":{"rendered":"https:\/\/www.tartuh.ee\/?page_id=791"},"modified":"2022-05-17T09:19:12","modified_gmt":"2022-05-17T09:19:12","slug":"workshop-lets-teach-together","status":"publish","type":"page","link":"https:\/\/www.tartuh.ee\/en\/ifeh\/workshop-lets-teach-together\/","title":{"rendered":"Workshop: \u201eLets Teach Together\u201c"},"content":{"rendered":"\n<h2 class=\"has-vivid-red-color has-text-color wp-block-heading\">Workshop: \u201eLet`s Teach together!\u201c<\/h2>\n\n\n\n<p>Moderator: Inga Ploomipuu (Tartu Health Care College)<br>Date: 6 May 2021 at 13:00-15:00&nbsp; (<a href=\"https:\/\/www.timeanddate.com\/time\/zones\/eest\">EEST \u2014 Eastern European Summer Time<\/a>)<br>ZOOM:&nbsp;<a href=\"https:\/\/us02web.zoom.us\/j\/4913845988?pwd=cnlWSDBsUThwUm5zaC9va3VoRW52QT0\">https:\/\/us02web.zoom.us\/j\/4913845988?pwd=cnlWSDBsUThwUm5zaC9va3VoRW52QT0<\/a><a href=\"https:\/\/us02web.zoom.us\/j\/4913845988?pwd=cnlWSDBsUThwUm5zaC9va3VoRW52QT09\">9<\/a><br><br>In current times, as environmental health issues are more global than ever, international cooperation is more and more crucial, however, also the possibilities to connect internationally have been impaired more than ever. Therefore, there is the need to seek opportunities to have cooperation between academics and students of different countries. The apparent solution is teaching online, but how exactly can it be done in most effective way, how to get students to engage with one another, what topics should be the priorities and what are the possibilities to incorporate these online courses into our curricula &#8211; these are the topics that will be discussed in this workshop.<br>The topics to be discussed<\/p>\n\n\n\n<ol class=\"wp-block-list\"><li>Exchange of ideas for teaching methods<\/li><li>Discussing how to facilitate students\u2019 engagement<\/li><li>Exchange of the experiences of the programs and platforms to support the international courses<\/li><li>Discussion of the most important topics to be relevant for students, international co-operation, and curricula<\/li><li>Plans for action<\/li><\/ol>\n\n\n\n<p><\/p>\n\n\n\n<p>The best outcome of the workshop would be that actual courses could be developed and incorporated into the curricula of environmental health.<\/p>\n","protected":false},"excerpt":{"rendered":"<p>Workshop: \u201eLet`s Teach together!\u201c Moderator: Inga Ploomipuu (Tartu Health Care College)Date: 6 May 2021 at 13:00-15:00&nbsp; (EEST \u2014 Eastern European Summer Time)ZOOM:&nbsp;https:\/\/us02web.zoom.us\/j\/4913845988?pwd=cnlWSDBsUThwUm5zaC9va3VoRW52QT09 In current times, as environmental health issues are more global than ever, international cooperation is more and more crucial, however, also the possibilities to connect internationally have been impaired more than ever. Therefore, [&hellip;]<\/p>\n","protected":false},"author":5,"featured_media":0,"parent":768,"menu_order":0,"comment_status":"closed","ping_status":"closed","template":"","meta":{"_acf_changed":false,"_eb_attr":"","inline_featured_image":false,"footnotes":""},"class_list":["post-791","page","type-page","status-publish","hentry"],"acf":[],"yoast_head":"<!-- This site is optimized with the Yoast SEO plugin v20.8 - https:\/\/yoast.com\/wordpress\/plugins\/seo\/ -->\n<title>Workshop: \u201eLets Teach Together\u201c - TARTUH.EE<\/title>\n<meta name=\"robots\" content=\"index, follow, max-snippet:-1, max-image-preview:large, max-video-preview:-1\" \/>\n<link rel=\"canonical\" href=\"https:\/\/www.tartuh.ee\/en\/ifeh\/workshop-lets-teach-together\/\" \/>\n<meta property=\"og:locale\" content=\"en_US\" \/>\n<meta property=\"og:type\" content=\"article\" \/>\n<meta property=\"og:title\" content=\"Workshop: \u201eLets Teach Together\u201c - TARTUH.EE\" \/>\n<meta property=\"og:description\" content=\"Workshop: \u201eLet`s Teach together!\u201c Moderator: Inga Ploomipuu (Tartu Health Care College)Date: 6 May 2021 at 13:00-15:00&nbsp; (EEST \u2014 Eastern European Summer Time)ZOOM:&nbsp;https:\/\/us02web.zoom.us\/j\/4913845988?pwd=cnlWSDBsUThwUm5zaC9va3VoRW52QT09 In current times, as environmental health issues are more global than ever, international cooperation is more and more crucial, however, also the possibilities to connect internationally have been impaired more than ever. Therefore, [&hellip;]\" \/>\n<meta property=\"og:url\" content=\"https:\/\/www.tartuh.ee\/en\/ifeh\/workshop-lets-teach-together\/\" \/>\n<meta property=\"og:site_name\" content=\"TARTUH.EE\" \/>\n<meta property=\"article:modified_time\" content=\"2022-05-17T09:19:12+00:00\" \/>\n<meta name=\"twitter:card\" content=\"summary_large_image\" \/>\n<meta name=\"twitter:label1\" content=\"Est. reading time\" \/>\n\t<meta name=\"twitter:data1\" content=\"1 minute\" \/>\n<script type=\"application\/ld+json\" class=\"yoast-schema-graph\">{\"@context\":\"https:\/\/schema.org\",\"@graph\":[{\"@type\":\"WebPage\",\"@id\":\"https:\/\/www.tartuh.ee\/en\/ifeh\/workshop-lets-teach-together\/\",\"url\":\"https:\/\/www.tartuh.ee\/en\/ifeh\/workshop-lets-teach-together\/\",\"name\":\"Workshop: \u201eLets Teach Together\u201c - TARTUH.EE\",\"isPartOf\":{\"@id\":\"https:\/\/www.tartuh.ee\/#website\"},\"datePublished\":\"2022-05-10T18:44:59+00:00\",\"dateModified\":\"2022-05-17T09:19:12+00:00\",\"breadcrumb\":{\"@id\":\"https:\/\/www.tartuh.ee\/en\/ifeh\/workshop-lets-teach-together\/#breadcrumb\"},\"inLanguage\":\"en-US\",\"potentialAction\":[{\"@type\":\"ReadAction\",\"target\":[\"https:\/\/www.tartuh.ee\/en\/ifeh\/workshop-lets-teach-together\/\"]}]},{\"@type\":\"BreadcrumbList\",\"@id\":\"https:\/\/www.tartuh.ee\/en\/ifeh\/workshop-lets-teach-together\/#breadcrumb\",\"itemListElement\":[{\"@type\":\"ListItem\",\"position\":1,\"name\":\"Home\",\"item\":\"https:\/\/www.tartuh.ee\/en\/\"},{\"@type\":\"ListItem\",\"position\":2,\"name\":\"IFEH\",\"item\":\"https:\/\/www.tartuh.ee\/en\/ifeh\/\"},{\"@type\":\"ListItem\",\"position\":3,\"name\":\"Workshop: \u201eLets Teach Together\u201c\"}]},{\"@type\":\"WebSite\",\"@id\":\"https:\/\/www.tartuh.ee\/#website\",\"url\":\"https:\/\/www.tartuh.ee\/\",\"name\":\"TARTUH.EE\",\"description\":\"Tartu Tervishoiu K\u00f5rgkool on Eestis ja rahvusvaheliselt hinnatud k\u00f5rgkool ning kompetentsikeskus tervise ja heaolu valdkonnas. K\u00f5rgkoolis on v\u00f5imalik \u00f5ppida rakendusk\u00f5rghariduse, magistri- ja kutse\u00f5ppe \u00f5ppekavadel.\",\"publisher\":{\"@id\":\"https:\/\/www.tartuh.ee\/#organization\"},\"potentialAction\":[{\"@type\":\"SearchAction\",\"target\":{\"@type\":\"EntryPoint\",\"urlTemplate\":\"https:\/\/www.tartuh.ee\/?s={search_term_string}\"},\"query-input\":\"required name=search_term_string\"}],\"inLanguage\":\"en-US\"},{\"@type\":\"Organization\",\"@id\":\"https:\/\/www.tartuh.ee\/#organization\",\"name\":\"TARTUH.EE\",\"url\":\"https:\/\/www.tartuh.ee\/\",\"logo\":{\"@type\":\"ImageObject\",\"inLanguage\":\"en-US\",\"@id\":\"https:\/\/www.tartuh.ee\/#\/schema\/logo\/image\/\",\"url\":\"https:\/\/www.tartuh.ee\/wp-content\/uploads\/2025\/01\/cropped-TTKK-2025-logo.jpg\",\"contentUrl\":\"https:\/\/www.tartuh.ee\/wp-content\/uploads\/2025\/01\/cropped-TTKK-2025-logo.jpg\",\"width\":1498,\"height\":755,\"caption\":\"TARTUH.EE\"},\"image\":{\"@id\":\"https:\/\/www.tartuh.ee\/#\/schema\/logo\/image\/\"}}]}<\/script>\n<!-- \/ Yoast SEO plugin. -->","yoast_head_json":{"title":"Workshop: \u201eLets Teach Together\u201c - TARTUH.EE","robots":{"index":"index","follow":"follow","max-snippet":"max-snippet:-1","max-image-preview":"max-image-preview:large","max-video-preview":"max-video-preview:-1"},"canonical":"https:\/\/www.tartuh.ee\/en\/ifeh\/workshop-lets-teach-together\/","og_locale":"en_US","og_type":"article","og_title":"Workshop: \u201eLets Teach Together\u201c - TARTUH.EE","og_description":"Workshop: \u201eLet`s Teach together!\u201c Moderator: Inga Ploomipuu (Tartu Health Care College)Date: 6 May 2021 at 13:00-15:00&nbsp; (EEST \u2014 Eastern European Summer Time)ZOOM:&nbsp;https:\/\/us02web.zoom.us\/j\/4913845988?pwd=cnlWSDBsUThwUm5zaC9va3VoRW52QT09 In current times, as environmental health issues are more global than ever, international cooperation is more and more crucial, however, also the possibilities to connect internationally have been impaired more than ever. Therefore, [&hellip;]","og_url":"https:\/\/www.tartuh.ee\/en\/ifeh\/workshop-lets-teach-together\/","og_site_name":"TARTUH.EE","article_modified_time":"2022-05-17T09:19:12+00:00","twitter_card":"summary_large_image","twitter_misc":{"Est. reading time":"1 minute"},"schema":{"@context":"https:\/\/schema.org","@graph":[{"@type":"WebPage","@id":"https:\/\/www.tartuh.ee\/en\/ifeh\/workshop-lets-teach-together\/","url":"https:\/\/www.tartuh.ee\/en\/ifeh\/workshop-lets-teach-together\/","name":"Workshop: \u201eLets Teach Together\u201c - TARTUH.EE","isPartOf":{"@id":"https:\/\/www.tartuh.ee\/#website"},"datePublished":"2022-05-10T18:44:59+00:00","dateModified":"2022-05-17T09:19:12+00:00","breadcrumb":{"@id":"https:\/\/www.tartuh.ee\/en\/ifeh\/workshop-lets-teach-together\/#breadcrumb"},"inLanguage":"en-US","potentialAction":[{"@type":"ReadAction","target":["https:\/\/www.tartuh.ee\/en\/ifeh\/workshop-lets-teach-together\/"]}]},{"@type":"BreadcrumbList","@id":"https:\/\/www.tartuh.ee\/en\/ifeh\/workshop-lets-teach-together\/#breadcrumb","itemListElement":[{"@type":"ListItem","position":1,"name":"Home","item":"https:\/\/www.tartuh.ee\/en\/"},{"@type":"ListItem","position":2,"name":"IFEH","item":"https:\/\/www.tartuh.ee\/en\/ifeh\/"},{"@type":"ListItem","position":3,"name":"Workshop: \u201eLets Teach Together\u201c"}]},{"@type":"WebSite","@id":"https:\/\/www.tartuh.ee\/#website","url":"https:\/\/www.tartuh.ee\/","name":"TARTUH.EE","description":"Tartu Tervishoiu K\u00f5rgkool on Eestis ja rahvusvaheliselt hinnatud k\u00f5rgkool ning kompetentsikeskus tervise ja heaolu valdkonnas. K\u00f5rgkoolis on v\u00f5imalik \u00f5ppida rakendusk\u00f5rghariduse, magistri- ja kutse\u00f5ppe \u00f5ppekavadel.","publisher":{"@id":"https:\/\/www.tartuh.ee\/#organization"},"potentialAction":[{"@type":"SearchAction","target":{"@type":"EntryPoint","urlTemplate":"https:\/\/www.tartuh.ee\/?s={search_term_string}"},"query-input":"required name=search_term_string"}],"inLanguage":"en-US"},{"@type":"Organization","@id":"https:\/\/www.tartuh.ee\/#organization","name":"TARTUH.EE","url":"https:\/\/www.tartuh.ee\/","logo":{"@type":"ImageObject","inLanguage":"en-US","@id":"https:\/\/www.tartuh.ee\/#\/schema\/logo\/image\/","url":"https:\/\/www.tartuh.ee\/wp-content\/uploads\/2025\/01\/cropped-TTKK-2025-logo.jpg","contentUrl":"https:\/\/www.tartuh.ee\/wp-content\/uploads\/2025\/01\/cropped-TTKK-2025-logo.jpg","width":1498,"height":755,"caption":"TARTUH.EE"},"image":{"@id":"https:\/\/www.tartuh.ee\/#\/schema\/logo\/image\/"}}]}},"_links":{"self":[{"href":"https:\/\/www.tartuh.ee\/en\/wp-json\/wp\/v2\/pages\/791","targetHints":{"allow":["GET"]}}],"collection":[{"href":"https:\/\/www.tartuh.ee\/en\/wp-json\/wp\/v2\/pages"}],"about":[{"href":"https:\/\/www.tartuh.ee\/en\/wp-json\/wp\/v2\/types\/page"}],"author":[{"embeddable":true,"href":"https:\/\/www.tartuh.ee\/en\/wp-json\/wp\/v2\/users\/5"}],"replies":[{"embeddable":true,"href":"https:\/\/www.tartuh.ee\/en\/wp-json\/wp\/v2\/comments?post=791"}],"version-history":[{"count":2,"href":"https:\/\/www.tartuh.ee\/en\/wp-json\/wp\/v2\/pages\/791\/revisions"}],"predecessor-version":[{"id":793,"href":"https:\/\/www.tartuh.ee\/en\/wp-json\/wp\/v2\/pages\/791\/revisions\/793"}],"up":[{"embeddable":true,"href":"https:\/\/www.tartuh.ee\/en\/wp-json\/wp\/v2\/pages\/768"}],"wp:attachment":[{"href":"https:\/\/www.tartuh.ee\/en\/wp-json\/wp\/v2\/media?parent=791"}],"curies":[{"name":"wp","href":"https:\/\/api.w.org\/{rel}","templated":true}]}}