{"id":836,"date":"2022-05-10T22:08:02","date_gmt":"2022-05-10T22:08:02","guid":{"rendered":"https:\/\/www.tartuh.ee\/?page_id=836"},"modified":"2025-11-20T11:56:33","modified_gmt":"2025-11-20T11:56:33","slug":"student-conference-health-in-our-hands","status":"publish","type":"page","link":"https:\/\/www.tartuh.ee\/en\/about-tartuh\/events\/student-conference-health-in-our-hands\/","title":{"rendered":"Student Conference &#8220;Health in our Hands&#8221;"},"content":{"rendered":"\n<figure class=\"wp-block-image size-full\"><img loading=\"lazy\" decoding=\"async\" width=\"1921\" height=\"1045\" src=\"https:\/\/www.tartuh.ee\/wp-content\/uploads\/2025\/04\/Konverents-HealthInOurHands-TervisMeieKates-logod-2025-ing1.jpg\" alt=\"\" class=\"wp-image-15414\" srcset=\"https:\/\/www.tartuh.ee\/wp-content\/uploads\/2025\/04\/Konverents-HealthInOurHands-TervisMeieKates-logod-2025-ing1.jpg 1921w, https:\/\/www.tartuh.ee\/wp-content\/uploads\/2025\/04\/Konverents-HealthInOurHands-TervisMeieKates-logod-2025-ing1-300x163.jpg 300w, https:\/\/www.tartuh.ee\/wp-content\/uploads\/2025\/04\/Konverents-HealthInOurHands-TervisMeieKates-logod-2025-ing1-768x418.jpg 768w, https:\/\/www.tartuh.ee\/wp-content\/uploads\/2025\/04\/Konverents-HealthInOurHands-TervisMeieKates-logod-2025-ing1-1024x557.jpg 1024w, https:\/\/www.tartuh.ee\/wp-content\/uploads\/2025\/04\/Konverents-HealthInOurHands-TervisMeieKates-logod-2025-ing1-1536x836.jpg 1536w\" sizes=\"auto, (max-width: 1921px) 100vw, 1921px\" \/><\/figure>\n\n\n\n<p>We are pleased to invite you to the 5th International Student Conference &#8220;Health in Our Hands&#8221; organised by Tartu Applied Health Sciences University (TARTUH), which will take place on 20 November 2025 at Tartu Applied Health Sciences University  (Nooruse 5, Tartu, Estonia).<\/p>\n\n\n\n<p>The aim of the conference is to promote interaction between health and medical students (2024, 2025) and academics from different disciplines (health, medicine, pharmacy, physiotherapy, biomedicine, nursing, etc.) and countries, as well as the exchange of knowledge and experience in research.<\/p>\n\n\n\n<p>The language used in the conference will be English. As a motivational incentive and for registration Conference ticket buyers will also be able to attend the university\u2019s <a href=\"https:\/\/www.facebook.com\/events\/1223353549811845\" target=\"_blank\" rel=\"noreferrer noopener\">214th anniversary celebration<\/a> (on November 19th at 19.00 on the University main building, Nooruse 5) as part of the ticket price.<\/p>\n\n\n\n<p>All accepted abstracts from graduate and undergraduate students will be published in the Collections of Research Papers of TARTUH.<\/p>\n\n\n\n<p>If you need any other information, please do not hesitate to contact us by e-mail conference@nooruse.ee.<\/p>\n\n\n\n<p class=\"has-black-color has-text-color has-link-color has-medium-font-size wp-elements-580493cc0ca083a6c0d164f47afdfad4\"><strong>We are looking forward to hosting you!<\/strong><\/p>\n\n\n\n<div style=\"height:100px\" aria-hidden=\"true\" class=\"wp-block-spacer\"><\/div>\n\n\n\n<hr class=\"wp-block-separator has-alpha-channel-opacity\"\/>\n\n\n\n<div class=\"wp-block-columns is-layout-flex wp-container-core-columns-is-layout-9d6595d7 wp-block-columns-is-layout-flex\">\n<div class=\"wp-block-column is-layout-flow wp-block-column-is-layout-flow\">\n<div class=\"wp-block-buttons is-layout-flex wp-block-buttons-is-layout-flex\">\n<div class=\"wp-block-button\"><a class=\"wp-block-button__link wp-element-button\" href=\"https:\/\/www.tartuh.ee\/en\/student-conference-health-in-our-hands\/registration-2\/\">Registration<\/a><\/div>\n\n\n\n<div class=\"wp-block-button\"><a class=\"wp-block-button__link has-text-align-left wp-element-button\" href=\"https:\/\/www.tartuh.ee\/en\/student-conference-health-in-our-hands\/840-2\/\">Abtract Requirements<\/a><\/div>\n<\/div>\n<\/div>\n\n\n\n<div class=\"wp-block-column is-layout-flow wp-block-column-is-layout-flow\">\n<div class=\"wp-block-buttons is-layout-flex wp-block-buttons-is-layout-flex\">\n<div class=\"wp-block-button\"><a class=\"wp-block-button__link wp-element-button\" href=\"https:\/\/www.tartuh.ee\/en\/student-conference-health-in-our-hands\/schedule-2\/\">Schedule<\/a><\/div>\n\n\n\n<div class=\"wp-block-button\"><a class=\"wp-block-button__link has-text-align-left wp-element-button\" href=\"https:\/\/www.tartuh.ee\/en\/student-conference-health-in-our-hands\/oral-presentation-requirements\/\">Oral Presentation Requirements<\/a><\/div>\n<\/div>\n\n\n\n<div style=\"height:34px\" aria-hidden=\"true\" class=\"wp-block-spacer\"><\/div>\n\n\n\n<div style=\"height:34px\" aria-hidden=\"true\" class=\"wp-block-spacer\"><\/div>\n<\/div>\n\n\n\n<div class=\"wp-block-column is-layout-flow wp-block-column-is-layout-flow\">\n<div class=\"wp-block-buttons is-layout-flex wp-block-buttons-is-layout-flex\">\n<div class=\"wp-block-button\"><a class=\"wp-block-button__link wp-element-button\" href=\"https:\/\/www.tartuh.ee\/en\/student-conference-health-in-our-hands\/winners\/\">Winners<\/a><\/div>\n\n\n\n<div class=\"wp-block-button\"><a class=\"wp-block-button__link has-text-align-left wp-element-button\" href=\"https:\/\/www.tartuh.ee\/en\/student-conference-health-in-our-hands\/poster-presentation-requirements\/\">Poster Presentation Requirements<\/a><\/div>\n<\/div>\n<\/div>\n<\/div>\n\n\n\n<p><em>The conference is also part of BIP &#8220;<\/em><a href=\"https:\/\/www.tartuh.ee\/en\/about-the-university\/eventsthcc\/erasmus-blended-intensive-programme\/\"><em>How to Speak Research: Communication, Presentation and AI<\/em>&#8220;<\/a>.<\/p>\n\n\n\n<p class=\"has-black-color has-text-color has-link-color has-medium-font-size wp-elements-2b482680bf957e965b035fee0f8a28a3\"><strong>Sponsored by<\/strong><\/p>\n\n\n\n<div class=\"wp-block-columns is-layout-flex wp-container-core-columns-is-layout-9d6595d7 wp-block-columns-is-layout-flex\">\n<div class=\"wp-block-column is-layout-flow wp-block-column-is-layout-flow\">\n<figure class=\"wp-block-image size-large is-resized\"><img loading=\"lazy\" decoding=\"async\" width=\"1024\" height=\"325\" src=\"https:\/\/www.tartuh.ee\/wp-content\/uploads\/2025\/10\/photopopoint_logo_RGB_white_on_red-1024x325.png\" alt=\"\" class=\"wp-image-16890\" style=\"width:247px;height:auto\" srcset=\"https:\/\/www.tartuh.ee\/wp-content\/uploads\/2025\/10\/photopopoint_logo_RGB_white_on_red-1024x325.png 1024w, https:\/\/www.tartuh.ee\/wp-content\/uploads\/2025\/10\/photopopoint_logo_RGB_white_on_red-300x95.png 300w, https:\/\/www.tartuh.ee\/wp-content\/uploads\/2025\/10\/photopopoint_logo_RGB_white_on_red-768x244.png 768w, https:\/\/www.tartuh.ee\/wp-content\/uploads\/2025\/10\/photopopoint_logo_RGB_white_on_red-1536x488.png 1536w, https:\/\/www.tartuh.ee\/wp-content\/uploads\/2025\/10\/photopopoint_logo_RGB_white_on_red.png 1724w\" sizes=\"auto, (max-width: 1024px) 100vw, 1024px\" \/><\/figure>\n\n\n\n<figure class=\"wp-block-image size-large is-resized\"><img loading=\"lazy\" decoding=\"async\" width=\"1768\" height=\"1768\" src=\"https:\/\/www.tartuh.ee\/wp-content\/uploads\/2025\/11\/VrvA-7.svg\" alt=\"\" class=\"wp-image-17155\" style=\"width:245px;height:auto\"\/><\/figure>\n\n\n\n<figure class=\"wp-block-image size-large is-resized\"><img loading=\"lazy\" decoding=\"async\" width=\"1024\" height=\"236\" src=\"https:\/\/www.tartuh.ee\/wp-content\/uploads\/2025\/11\/SYNLAB_logo-1024x236.png\" alt=\"\" class=\"wp-image-17537\" style=\"width:240px;height:auto\" srcset=\"https:\/\/www.tartuh.ee\/wp-content\/uploads\/2025\/11\/SYNLAB_logo-1024x236.png 1024w, https:\/\/www.tartuh.ee\/wp-content\/uploads\/2025\/11\/SYNLAB_logo-300x69.png 300w, https:\/\/www.tartuh.ee\/wp-content\/uploads\/2025\/11\/SYNLAB_logo-768x177.png 768w, https:\/\/www.tartuh.ee\/wp-content\/uploads\/2025\/11\/SYNLAB_logo-1536x354.png 1536w, https:\/\/www.tartuh.ee\/wp-content\/uploads\/2025\/11\/SYNLAB_logo-2048x471.png 2048w\" sizes=\"auto, (max-width: 1024px) 100vw, 1024px\" \/><\/figure>\n<\/div>\n\n\n\n<div class=\"wp-block-column is-layout-flow wp-block-column-is-layout-flow\">\n<figure class=\"wp-block-image size-large is-resized\"><img loading=\"lazy\" decoding=\"async\" width=\"1024\" height=\"458\" src=\"https:\/\/www.tartuh.ee\/wp-content\/uploads\/2025\/10\/Noo_logo_sloganiga_punane-1024x458.png\" alt=\"\" class=\"wp-image-16895\" style=\"width:245px;height:auto\" srcset=\"https:\/\/www.tartuh.ee\/wp-content\/uploads\/2025\/10\/Noo_logo_sloganiga_punane-1024x458.png 1024w, https:\/\/www.tartuh.ee\/wp-content\/uploads\/2025\/10\/Noo_logo_sloganiga_punane-300x134.png 300w, https:\/\/www.tartuh.ee\/wp-content\/uploads\/2025\/10\/Noo_logo_sloganiga_punane-768x344.png 768w, https:\/\/www.tartuh.ee\/wp-content\/uploads\/2025\/10\/Noo_logo_sloganiga_punane-1536x687.png 1536w, https:\/\/www.tartuh.ee\/wp-content\/uploads\/2025\/10\/Noo_logo_sloganiga_punane-2048x917.png 2048w\" sizes=\"auto, (max-width: 1024px) 100vw, 1024px\" \/><\/figure>\n\n\n<div class=\"wp-block-image\">\n<figure class=\"aligncenter size-large is-resized\"><img loading=\"lazy\" decoding=\"async\" width=\"1024\" height=\"710\" src=\"https:\/\/www.tartuh.ee\/wp-content\/uploads\/2025\/10\/Ecosh_logo_horisontal-copy-1024x710.png\" alt=\"\" class=\"wp-image-16893\" style=\"width:164px;height:auto\" srcset=\"https:\/\/www.tartuh.ee\/wp-content\/uploads\/2025\/10\/Ecosh_logo_horisontal-copy-1024x710.png 1024w, https:\/\/www.tartuh.ee\/wp-content\/uploads\/2025\/10\/Ecosh_logo_horisontal-copy-300x208.png 300w, https:\/\/www.tartuh.ee\/wp-content\/uploads\/2025\/10\/Ecosh_logo_horisontal-copy-768x532.png 768w, https:\/\/www.tartuh.ee\/wp-content\/uploads\/2025\/10\/Ecosh_logo_horisontal-copy-1536x1065.png 1536w, https:\/\/www.tartuh.ee\/wp-content\/uploads\/2025\/10\/Ecosh_logo_horisontal-copy.png 1538w\" sizes=\"auto, (max-width: 1024px) 100vw, 1024px\" \/><\/figure>\n<\/div>\n\n\n<figure class=\"wp-block-image size-full is-resized\"><img loading=\"lazy\" decoding=\"async\" width=\"394\" height=\"162\" src=\"https:\/\/www.tartuh.ee\/wp-content\/uploads\/2025\/11\/NORDENBEAUTY-LOGO-LONG-1-1.png\" alt=\"\" class=\"wp-image-17241\" style=\"width:257px;height:auto\" srcset=\"https:\/\/www.tartuh.ee\/wp-content\/uploads\/2025\/11\/NORDENBEAUTY-LOGO-LONG-1-1.png 394w, https:\/\/www.tartuh.ee\/wp-content\/uploads\/2025\/11\/NORDENBEAUTY-LOGO-LONG-1-1-300x123.png 300w\" sizes=\"auto, (max-width: 394px) 100vw, 394px\" \/><\/figure>\n\n\n\n<figure class=\"wp-block-image size-full\"><img loading=\"lazy\" decoding=\"async\" width=\"932\" height=\"466\" src=\"https:\/\/www.tartuh.ee\/wp-content\/uploads\/2025\/11\/Icosagen_logo.jpg\" alt=\"\" class=\"wp-image-17539\" srcset=\"https:\/\/www.tartuh.ee\/wp-content\/uploads\/2025\/11\/Icosagen_logo.jpg 932w, https:\/\/www.tartuh.ee\/wp-content\/uploads\/2025\/11\/Icosagen_logo-300x150.jpg 300w, https:\/\/www.tartuh.ee\/wp-content\/uploads\/2025\/11\/Icosagen_logo-768x384.jpg 768w\" sizes=\"auto, (max-width: 932px) 100vw, 932px\" \/><\/figure>\n<\/div>\n\n\n\n<div class=\"wp-block-column is-layout-flow wp-block-column-is-layout-flow\">\n<figure class=\"wp-block-gallery has-nested-images columns-default is-cropped wp-block-gallery-1 is-layout-flex wp-block-gallery-is-layout-flex\">\n<figure class=\"wp-block-image size-large is-resized\"><img loading=\"lazy\" decoding=\"async\" width=\"1024\" height=\"379\" data-id=\"17159\" src=\"https:\/\/www.tartuh.ee\/wp-content\/uploads\/2025\/11\/KarlovaKohv_logo_est-1-1024x379.png\" alt=\"\" class=\"wp-image-17159\" style=\"width:252px;height:auto\" srcset=\"https:\/\/www.tartuh.ee\/wp-content\/uploads\/2025\/11\/KarlovaKohv_logo_est-1-1024x379.png 1024w, https:\/\/www.tartuh.ee\/wp-content\/uploads\/2025\/11\/KarlovaKohv_logo_est-1-300x111.png 300w, https:\/\/www.tartuh.ee\/wp-content\/uploads\/2025\/11\/KarlovaKohv_logo_est-1-768x284.png 768w, https:\/\/www.tartuh.ee\/wp-content\/uploads\/2025\/11\/KarlovaKohv_logo_est-1.png 1504w\" sizes=\"auto, (max-width: 1024px) 100vw, 1024px\" \/><\/figure>\n<\/figure>\n\n\n\n<figure class=\"wp-block-image size-large is-resized\"><img loading=\"lazy\" decoding=\"async\" width=\"1024\" height=\"724\" src=\"https:\/\/www.tartuh.ee\/wp-content\/uploads\/2025\/11\/2019-TV-logod-1-1024x724.png\" alt=\"\" class=\"wp-image-17216\" style=\"width:199px;height:auto\" srcset=\"https:\/\/www.tartuh.ee\/wp-content\/uploads\/2025\/11\/2019-TV-logod-1-1024x724.png 1024w, https:\/\/www.tartuh.ee\/wp-content\/uploads\/2025\/11\/2019-TV-logod-1-300x212.png 300w, https:\/\/www.tartuh.ee\/wp-content\/uploads\/2025\/11\/2019-TV-logod-1-768x543.png 768w, https:\/\/www.tartuh.ee\/wp-content\/uploads\/2025\/11\/2019-TV-logod-1-1536x1086.png 1536w, https:\/\/www.tartuh.ee\/wp-content\/uploads\/2025\/11\/2019-TV-logod-1-2048x1448.png 2048w\" sizes=\"auto, (max-width: 1024px) 100vw, 1024px\" \/><\/figure>\n\n\n\n<figure class=\"wp-block-image size-full is-resized\"><img loading=\"lazy\" decoding=\"async\" width=\"480\" height=\"250\" src=\"https:\/\/www.tartuh.ee\/wp-content\/uploads\/2025\/11\/ImelineTeadus_valgel_PNG.png\" alt=\"\" class=\"wp-image-17386\" style=\"width:190px;height:auto\" srcset=\"https:\/\/www.tartuh.ee\/wp-content\/uploads\/2025\/11\/ImelineTeadus_valgel_PNG.png 480w, https:\/\/www.tartuh.ee\/wp-content\/uploads\/2025\/11\/ImelineTeadus_valgel_PNG-300x156.png 300w\" sizes=\"auto, (max-width: 480px) 100vw, 480px\" \/><\/figure>\n\n\n\n<figure class=\"wp-block-image size-large is-resized\"><img loading=\"lazy\" decoding=\"async\" width=\"1024\" height=\"484\" src=\"https:\/\/www.tartuh.ee\/wp-content\/uploads\/2025\/11\/logo_large-1024x484.png\" alt=\"\" class=\"wp-image-17542\" style=\"width:222px;height:auto\" srcset=\"https:\/\/www.tartuh.ee\/wp-content\/uploads\/2025\/11\/logo_large-1024x484.png 1024w, https:\/\/www.tartuh.ee\/wp-content\/uploads\/2025\/11\/logo_large-300x142.png 300w, https:\/\/www.tartuh.ee\/wp-content\/uploads\/2025\/11\/logo_large-768x363.png 768w, https:\/\/www.tartuh.ee\/wp-content\/uploads\/2025\/11\/logo_large-1536x725.png 1536w, https:\/\/www.tartuh.ee\/wp-content\/uploads\/2025\/11\/logo_large-2048x967.png 2048w\" sizes=\"auto, (max-width: 1024px) 100vw, 1024px\" \/><\/figure>\n<\/div>\n<\/div>\n\n\n\n<p><\/p>\n","protected":false},"excerpt":{"rendered":"<p>We are pleased to invite you to the 5th International Student Conference &#8220;Health in Our Hands&#8221; organised by Tartu Applied Health Sciences University (TARTUH), which will take place on 20 November 2025 at Tartu Applied Health Sciences University (Nooruse 5, Tartu, Estonia). The aim of the conference is to promote interaction between health and medical [&hellip;]<\/p>\n","protected":false},"author":5,"featured_media":0,"parent":5886,"menu_order":0,"comment_status":"closed","ping_status":"closed","template":"","meta":{"_acf_changed":false,"_eb_attr":"","inline_featured_image":false,"footnotes":""},"class_list":["post-836","page","type-page","status-publish","hentry"],"acf":[],"yoast_head":"<!-- This site is optimized with the Yoast SEO plugin v20.8 - https:\/\/yoast.com\/wordpress\/plugins\/seo\/ -->\n<title>Student Conference &quot;Health in our Hands&quot; - TARTUH.EE<\/title>\n<meta name=\"description\" content=\"We are pleased to invite you to the International Student Conference \u201eHealth in Our Hands\u201c in Tartu Health Care College (Estonia), on 16 November 2023.\" \/>\n<meta name=\"robots\" content=\"index, follow, max-snippet:-1, max-image-preview:large, max-video-preview:-1\" \/>\n<link rel=\"canonical\" href=\"https:\/\/www.tartuh.ee\/en\/about-tartuh\/events\/student-conference-health-in-our-hands\/\" \/>\n<meta property=\"og:locale\" content=\"en_US\" \/>\n<meta property=\"og:type\" content=\"article\" \/>\n<meta property=\"og:title\" content=\"Student Conference &quot;Health in our Hands&quot; - TARTUH.EE\" \/>\n<meta property=\"og:description\" content=\"We are pleased to invite you to the International Student Conference \u201eHealth in Our Hands\u201c in Tartu Health Care College (Estonia), on 16 November 2023.\" \/>\n<meta property=\"og:url\" content=\"https:\/\/www.tartuh.ee\/en\/about-tartuh\/events\/student-conference-health-in-our-hands\/\" \/>\n<meta property=\"og:site_name\" content=\"TARTUH.EE\" \/>\n<meta property=\"article:modified_time\" content=\"2025-11-20T11:56:33+00:00\" \/>\n<meta property=\"og:image\" content=\"https:\/\/www.tartuh.ee\/wp-content\/uploads\/2025\/04\/Konverents-HealthInOurHands-TervisMeieKates-logod-2025-ing1.jpg\" \/>\n<meta name=\"twitter:card\" content=\"summary_large_image\" \/>\n<meta name=\"twitter:label1\" content=\"Est. reading time\" \/>\n\t<meta name=\"twitter:data1\" content=\"4 minutes\" \/>\n<script type=\"application\/ld+json\" class=\"yoast-schema-graph\">{\"@context\":\"https:\/\/schema.org\",\"@graph\":[{\"@type\":\"WebPage\",\"@id\":\"https:\/\/www.tartuh.ee\/en\/about-tartuh\/events\/student-conference-health-in-our-hands\/\",\"url\":\"https:\/\/www.tartuh.ee\/en\/about-tartuh\/events\/student-conference-health-in-our-hands\/\",\"name\":\"Student Conference \\\"Health in our Hands\\\" - TARTUH.EE\",\"isPartOf\":{\"@id\":\"https:\/\/www.tartuh.ee\/#website\"},\"datePublished\":\"2022-05-10T22:08:02+00:00\",\"dateModified\":\"2025-11-20T11:56:33+00:00\",\"description\":\"We are pleased to invite you to the International Student Conference \u201eHealth in Our Hands\u201c in Tartu Health Care College (Estonia), on 16 November 2023.\",\"breadcrumb\":{\"@id\":\"https:\/\/www.tartuh.ee\/en\/about-tartuh\/events\/student-conference-health-in-our-hands\/#breadcrumb\"},\"inLanguage\":\"en-US\",\"potentialAction\":[{\"@type\":\"ReadAction\",\"target\":[\"https:\/\/www.tartuh.ee\/en\/about-tartuh\/events\/student-conference-health-in-our-hands\/\"]}]},{\"@type\":\"BreadcrumbList\",\"@id\":\"https:\/\/www.tartuh.ee\/en\/about-tartuh\/events\/student-conference-health-in-our-hands\/#breadcrumb\",\"itemListElement\":[{\"@type\":\"ListItem\",\"position\":1,\"name\":\"Home\",\"item\":\"https:\/\/www.tartuh.ee\/en\/\"},{\"@type\":\"ListItem\",\"position\":2,\"name\":\"About TARTUH\",\"item\":\"https:\/\/www.tartuh.ee\/en\/about-tartuh\/\"},{\"@type\":\"ListItem\",\"position\":3,\"name\":\"Events\",\"item\":\"https:\/\/www.tartuh.ee\/en\/about-tartuh\/events\/\"},{\"@type\":\"ListItem\",\"position\":4,\"name\":\"Student Conference &#8220;Health in our Hands&#8221;\"}]},{\"@type\":\"WebSite\",\"@id\":\"https:\/\/www.tartuh.ee\/#website\",\"url\":\"https:\/\/www.tartuh.ee\/\",\"name\":\"TARTUH.EE\",\"description\":\"Tartu Tervishoiu K\u00f5rgkool on Eestis ja rahvusvaheliselt hinnatud k\u00f5rgkool ning kompetentsikeskus tervise ja heaolu valdkonnas. K\u00f5rgkoolis on v\u00f5imalik \u00f5ppida rakendusk\u00f5rghariduse, magistri- ja kutse\u00f5ppe \u00f5ppekavadel.\",\"publisher\":{\"@id\":\"https:\/\/www.tartuh.ee\/#organization\"},\"potentialAction\":[{\"@type\":\"SearchAction\",\"target\":{\"@type\":\"EntryPoint\",\"urlTemplate\":\"https:\/\/www.tartuh.ee\/?s={search_term_string}\"},\"query-input\":\"required name=search_term_string\"}],\"inLanguage\":\"en-US\"},{\"@type\":\"Organization\",\"@id\":\"https:\/\/www.tartuh.ee\/#organization\",\"name\":\"TARTUH.EE\",\"url\":\"https:\/\/www.tartuh.ee\/\",\"logo\":{\"@type\":\"ImageObject\",\"inLanguage\":\"en-US\",\"@id\":\"https:\/\/www.tartuh.ee\/#\/schema\/logo\/image\/\",\"url\":\"https:\/\/www.tartuh.ee\/wp-content\/uploads\/2025\/01\/cropped-TTKK-2025-logo.jpg\",\"contentUrl\":\"https:\/\/www.tartuh.ee\/wp-content\/uploads\/2025\/01\/cropped-TTKK-2025-logo.jpg\",\"width\":1498,\"height\":755,\"caption\":\"TARTUH.EE\"},\"image\":{\"@id\":\"https:\/\/www.tartuh.ee\/#\/schema\/logo\/image\/\"}}]}<\/script>\n<!-- \/ Yoast SEO plugin. -->","yoast_head_json":{"title":"Student Conference \"Health in our Hands\" - TARTUH.EE","description":"We are pleased to invite you to the International Student Conference \u201eHealth in Our Hands\u201c in Tartu Health Care College (Estonia), on 16 November 2023.","robots":{"index":"index","follow":"follow","max-snippet":"max-snippet:-1","max-image-preview":"max-image-preview:large","max-video-preview":"max-video-preview:-1"},"canonical":"https:\/\/www.tartuh.ee\/en\/about-tartuh\/events\/student-conference-health-in-our-hands\/","og_locale":"en_US","og_type":"article","og_title":"Student Conference \"Health in our Hands\" - TARTUH.EE","og_description":"We are pleased to invite you to the International Student Conference \u201eHealth in Our Hands\u201c in Tartu Health Care College (Estonia), on 16 November 2023.","og_url":"https:\/\/www.tartuh.ee\/en\/about-tartuh\/events\/student-conference-health-in-our-hands\/","og_site_name":"TARTUH.EE","article_modified_time":"2025-11-20T11:56:33+00:00","og_image":[{"url":"https:\/\/www.tartuh.ee\/wp-content\/uploads\/2025\/04\/Konverents-HealthInOurHands-TervisMeieKates-logod-2025-ing1.jpg"}],"twitter_card":"summary_large_image","twitter_misc":{"Est. reading time":"4 minutes"},"schema":{"@context":"https:\/\/schema.org","@graph":[{"@type":"WebPage","@id":"https:\/\/www.tartuh.ee\/en\/about-tartuh\/events\/student-conference-health-in-our-hands\/","url":"https:\/\/www.tartuh.ee\/en\/about-tartuh\/events\/student-conference-health-in-our-hands\/","name":"Student Conference \"Health in our Hands\" - TARTUH.EE","isPartOf":{"@id":"https:\/\/www.tartuh.ee\/#website"},"datePublished":"2022-05-10T22:08:02+00:00","dateModified":"2025-11-20T11:56:33+00:00","description":"We are pleased to invite you to the International Student Conference \u201eHealth in Our Hands\u201c in Tartu Health Care College (Estonia), on 16 November 2023.","breadcrumb":{"@id":"https:\/\/www.tartuh.ee\/en\/about-tartuh\/events\/student-conference-health-in-our-hands\/#breadcrumb"},"inLanguage":"en-US","potentialAction":[{"@type":"ReadAction","target":["https:\/\/www.tartuh.ee\/en\/about-tartuh\/events\/student-conference-health-in-our-hands\/"]}]},{"@type":"BreadcrumbList","@id":"https:\/\/www.tartuh.ee\/en\/about-tartuh\/events\/student-conference-health-in-our-hands\/#breadcrumb","itemListElement":[{"@type":"ListItem","position":1,"name":"Home","item":"https:\/\/www.tartuh.ee\/en\/"},{"@type":"ListItem","position":2,"name":"About TARTUH","item":"https:\/\/www.tartuh.ee\/en\/about-tartuh\/"},{"@type":"ListItem","position":3,"name":"Events","item":"https:\/\/www.tartuh.ee\/en\/about-tartuh\/events\/"},{"@type":"ListItem","position":4,"name":"Student Conference &#8220;Health in our Hands&#8221;"}]},{"@type":"WebSite","@id":"https:\/\/www.tartuh.ee\/#website","url":"https:\/\/www.tartuh.ee\/","name":"TARTUH.EE","description":"Tartu Tervishoiu K\u00f5rgkool on Eestis ja rahvusvaheliselt hinnatud k\u00f5rgkool ning kompetentsikeskus tervise ja heaolu valdkonnas. K\u00f5rgkoolis on v\u00f5imalik \u00f5ppida rakendusk\u00f5rghariduse, magistri- ja kutse\u00f5ppe \u00f5ppekavadel.","publisher":{"@id":"https:\/\/www.tartuh.ee\/#organization"},"potentialAction":[{"@type":"SearchAction","target":{"@type":"EntryPoint","urlTemplate":"https:\/\/www.tartuh.ee\/?s={search_term_string}"},"query-input":"required name=search_term_string"}],"inLanguage":"en-US"},{"@type":"Organization","@id":"https:\/\/www.tartuh.ee\/#organization","name":"TARTUH.EE","url":"https:\/\/www.tartuh.ee\/","logo":{"@type":"ImageObject","inLanguage":"en-US","@id":"https:\/\/www.tartuh.ee\/#\/schema\/logo\/image\/","url":"https:\/\/www.tartuh.ee\/wp-content\/uploads\/2025\/01\/cropped-TTKK-2025-logo.jpg","contentUrl":"https:\/\/www.tartuh.ee\/wp-content\/uploads\/2025\/01\/cropped-TTKK-2025-logo.jpg","width":1498,"height":755,"caption":"TARTUH.EE"},"image":{"@id":"https:\/\/www.tartuh.ee\/#\/schema\/logo\/image\/"}}]}},"_links":{"self":[{"href":"https:\/\/www.tartuh.ee\/en\/wp-json\/wp\/v2\/pages\/836","targetHints":{"allow":["GET"]}}],"collection":[{"href":"https:\/\/www.tartuh.ee\/en\/wp-json\/wp\/v2\/pages"}],"about":[{"href":"https:\/\/www.tartuh.ee\/en\/wp-json\/wp\/v2\/types\/page"}],"author":[{"embeddable":true,"href":"https:\/\/www.tartuh.ee\/en\/wp-json\/wp\/v2\/users\/5"}],"replies":[{"embeddable":true,"href":"https:\/\/www.tartuh.ee\/en\/wp-json\/wp\/v2\/comments?post=836"}],"version-history":[{"count":44,"href":"https:\/\/www.tartuh.ee\/en\/wp-json\/wp\/v2\/pages\/836\/revisions"}],"predecessor-version":[{"id":17544,"href":"https:\/\/www.tartuh.ee\/en\/wp-json\/wp\/v2\/pages\/836\/revisions\/17544"}],"up":[{"embeddable":true,"href":"https:\/\/www.tartuh.ee\/en\/wp-json\/wp\/v2\/pages\/5886"}],"wp:attachment":[{"href":"https:\/\/www.tartuh.ee\/en\/wp-json\/wp\/v2\/media?parent=836"}],"curies":[{"name":"wp","href":"https:\/\/api.w.org\/{rel}","templated":true}]}}