{"id":840,"date":"2022-05-10T22:14:35","date_gmt":"2022-05-10T22:14:35","guid":{"rendered":"https:\/\/www.tartuh.ee\/?page_id=840"},"modified":"2025-04-23T13:15:57","modified_gmt":"2025-04-23T13:15:57","slug":"840-2","status":"publish","type":"page","link":"https:\/\/www.tartuh.ee\/en\/about-tartuh\/events\/student-conference-health-in-our-hands\/840-2\/","title":{"rendered":"Abstract Requirements"},"content":{"rendered":"\n<p>We welcome abstracts and presentations from undergraduate and postgraduate (2024, 2025) health and medical students from different disciplines and countries!<\/p>\n\n\n\n<ul class=\"wp-block-list\">\n<li>Abstracts may be original works or literature reviews.<\/li>\n\n\n\n<li>All abstracts must be in English. Abstracts must be sent: conference@nooruse.ee.<\/li>\n\n\n\n<li>Please use<a href=\"https:\/\/www.tartuh.ee\/dokumendid\/abstract_form.docx\"> the abstract form<\/a>!<\/li>\n\n\n\n<li>Call for abstracts is opened on May 1st, 2025<\/li>\n\n\n\n<li>Deadline for abstract submission \u2013 October 1st, 2025<\/li>\n\n\n\n<li>All abstracts are peer reviewed and scored by the Abstract Review Committee.<\/li>\n\n\n\n<li>Abstract Review Committee reserves the right to accept or reject abstracts.<\/li>\n\n\n\n<li>Abstract acceptance notification \u2013 October 15th, 2025.<\/li>\n\n\n\n<li>Authors can choose their presentation preference \u201eoral\u201d or \u201eposter\u201d.<\/li>\n\n\n\n<li>Submitter is responsible for the accuracy of the abstract text.<\/li>\n\n\n\n<li>There is no limit to the number of abstracts that an individual can submit.<\/li>\n\n\n\n<li>All abstracts will be published exactly as submitted in <a href=\"https:\/\/www.tartuh.ee\/en\/research-and-development\/research\/r-d-priorities\/collection-of-applied-researches\/\">Collection of Research Papers<\/a>.<\/li>\n<\/ul>\n\n\n\n<h2 class=\"wp-block-heading\">Abstract guidelines<\/h2>\n\n\n\n<p>Your abstract is rejected immediately if you do not follow the guidelines below (&lt;350 words; title and author \/ scientific research supervisor details not included in word count):<\/p>\n\n\n\n<ul class=\"wp-block-list\">\n<li>Title<\/li>\n\n\n\n<li>Author(s) \u2013 full names (first name, last name); institutional affiliation (department (ie. Department of medicine), institution (ie. University\/College name), city\/town, country<\/li>\n\n\n\n<li>Scientific research supervisor(s) \u2013 full names; institutional affiliation, institution, city\/town, country<\/li>\n\n\n\n<li>Background \/ Aim<\/li>\n\n\n\n<li>Methods<\/li>\n\n\n\n<li>Results<\/li>\n\n\n\n<li>Conclusion(s)<\/li>\n\n\n\n<li>Keywords \u2013 3-5 keywords to better define your abstract content<\/li>\n\n\n\n<li>Please do not include (a list of) references in the body or at the end of your abstract!<\/li>\n<\/ul>\n\n\n\n<p><strong>Evaluation criteria for abstracts:<\/strong><br>Abstracts are evaluated by experts (Abstract Review Committee) from different institutions and countries. Maximum score is 25 points:<\/p>\n\n\n\n<ul class=\"wp-block-list\">\n<li>Importance \/ Originality (1-5 points)<\/li>\n\n\n\n<li>Methods (1-5 points)<\/li>\n\n\n\n<li>Results (1-5 points)<\/li>\n\n\n\n<li>Conclusions (1-5 points)<\/li>\n\n\n\n<li>Appropriate use of language and terminology (1-5 points)<\/li>\n<\/ul>\n\n\n\n<h3 class=\"wp-block-heading\"><strong>Scientific Committee \u2013 Abstract Review Committee<\/strong>:<\/h3>\n\n\n\n<ol class=\"wp-block-list\">\n<li><strong>\u00dclle Parm<\/strong>, PhD, TARTUH, Estonia<\/li>\n\n\n\n<li><strong>Sanja Kalambura<\/strong>, PhD, University of Applied Science Velika Gorica, Croatia<\/li>\n\n\n\n<li><strong>Evanthia Sakellari<\/strong>, PhD, Technological Educational Institute of Athens, Greece<\/li>\n<\/ol>\n\n\n\n<div class=\"wp-block-buttons is-layout-flex wp-block-buttons-is-layout-flex\">\n<div class=\"wp-block-button\"><a class=\"wp-block-button__link wp-element-button\" href=\"https:\/\/www.tartuh.ee\/en\/student-conference-health-in-our-hands\/\">Return to the HOH Main Page<\/a><\/div>\n<\/div>\n","protected":false},"excerpt":{"rendered":"<p>We welcome abstracts and presentations from undergraduate and postgraduate (2024, 2025) health and medical students from different disciplines and countries! Abstract guidelines Your abstract is rejected immediately if you do not follow the guidelines below (&lt;350 words; title and author \/ scientific research supervisor details not included in word count): Evaluation criteria for abstracts:Abstracts are [&hellip;]<\/p>\n","protected":false},"author":5,"featured_media":0,"parent":836,"menu_order":0,"comment_status":"closed","ping_status":"closed","template":"","meta":{"_acf_changed":false,"_eb_attr":"","inline_featured_image":false,"footnotes":""},"class_list":["post-840","page","type-page","status-publish","hentry"],"acf":[],"yoast_head":"<!-- This site is optimized with the Yoast SEO plugin v20.8 - https:\/\/yoast.com\/wordpress\/plugins\/seo\/ -->\n<title>Abstract Requirements - TARTUH.EE<\/title>\n<meta name=\"robots\" content=\"index, follow, max-snippet:-1, max-image-preview:large, max-video-preview:-1\" \/>\n<link rel=\"canonical\" href=\"https:\/\/www.tartuh.ee\/en\/about-tartuh\/events\/student-conference-health-in-our-hands\/840-2\/\" \/>\n<meta property=\"og:locale\" content=\"en_US\" \/>\n<meta property=\"og:type\" content=\"article\" \/>\n<meta property=\"og:title\" content=\"Abstract Requirements - TARTUH.EE\" \/>\n<meta property=\"og:description\" content=\"We welcome abstracts and presentations from undergraduate and postgraduate (2024, 2025) health and medical students from different disciplines and countries! Abstract guidelines Your abstract is rejected immediately if you do not follow the guidelines below (&lt;350 words; title and author \/ scientific research supervisor details not included in word count): Evaluation criteria for abstracts:Abstracts are [&hellip;]\" \/>\n<meta property=\"og:url\" content=\"https:\/\/www.tartuh.ee\/en\/about-tartuh\/events\/student-conference-health-in-our-hands\/840-2\/\" \/>\n<meta property=\"og:site_name\" content=\"TARTUH.EE\" \/>\n<meta property=\"article:modified_time\" content=\"2025-04-23T13:15:57+00:00\" \/>\n<meta name=\"twitter:card\" content=\"summary_large_image\" \/>\n<meta name=\"twitter:label1\" content=\"Est. reading time\" \/>\n\t<meta name=\"twitter:data1\" content=\"2 minutes\" \/>\n<script type=\"application\/ld+json\" class=\"yoast-schema-graph\">{\"@context\":\"https:\/\/schema.org\",\"@graph\":[{\"@type\":\"WebPage\",\"@id\":\"https:\/\/www.tartuh.ee\/en\/about-tartuh\/events\/student-conference-health-in-our-hands\/840-2\/\",\"url\":\"https:\/\/www.tartuh.ee\/en\/about-tartuh\/events\/student-conference-health-in-our-hands\/840-2\/\",\"name\":\"Abstract Requirements - TARTUH.EE\",\"isPartOf\":{\"@id\":\"https:\/\/www.tartuh.ee\/#website\"},\"datePublished\":\"2022-05-10T22:14:35+00:00\",\"dateModified\":\"2025-04-23T13:15:57+00:00\",\"breadcrumb\":{\"@id\":\"https:\/\/www.tartuh.ee\/en\/about-tartuh\/events\/student-conference-health-in-our-hands\/840-2\/#breadcrumb\"},\"inLanguage\":\"en-US\",\"potentialAction\":[{\"@type\":\"ReadAction\",\"target\":[\"https:\/\/www.tartuh.ee\/en\/about-tartuh\/events\/student-conference-health-in-our-hands\/840-2\/\"]}]},{\"@type\":\"BreadcrumbList\",\"@id\":\"https:\/\/www.tartuh.ee\/en\/about-tartuh\/events\/student-conference-health-in-our-hands\/840-2\/#breadcrumb\",\"itemListElement\":[{\"@type\":\"ListItem\",\"position\":1,\"name\":\"Home\",\"item\":\"https:\/\/www.tartuh.ee\/en\/\"},{\"@type\":\"ListItem\",\"position\":2,\"name\":\"About TARTUH\",\"item\":\"https:\/\/www.tartuh.ee\/en\/about-tartuh\/\"},{\"@type\":\"ListItem\",\"position\":3,\"name\":\"Events\",\"item\":\"https:\/\/www.tartuh.ee\/en\/about-tartuh\/events\/\"},{\"@type\":\"ListItem\",\"position\":4,\"name\":\"Student Conference &#8220;Health in our Hands&#8221;\",\"item\":\"https:\/\/www.tartuh.ee\/en\/about-tartuh\/events\/student-conference-health-in-our-hands\/\"},{\"@type\":\"ListItem\",\"position\":5,\"name\":\"Abstract Requirements\"}]},{\"@type\":\"WebSite\",\"@id\":\"https:\/\/www.tartuh.ee\/#website\",\"url\":\"https:\/\/www.tartuh.ee\/\",\"name\":\"TARTUH.EE\",\"description\":\"Tartu Tervishoiu K\u00f5rgkool on Eestis ja rahvusvaheliselt hinnatud k\u00f5rgkool ning kompetentsikeskus tervise ja heaolu valdkonnas. K\u00f5rgkoolis on v\u00f5imalik \u00f5ppida rakendusk\u00f5rghariduse, magistri- ja kutse\u00f5ppe \u00f5ppekavadel.\",\"publisher\":{\"@id\":\"https:\/\/www.tartuh.ee\/#organization\"},\"potentialAction\":[{\"@type\":\"SearchAction\",\"target\":{\"@type\":\"EntryPoint\",\"urlTemplate\":\"https:\/\/www.tartuh.ee\/?s={search_term_string}\"},\"query-input\":\"required name=search_term_string\"}],\"inLanguage\":\"en-US\"},{\"@type\":\"Organization\",\"@id\":\"https:\/\/www.tartuh.ee\/#organization\",\"name\":\"TARTUH.EE\",\"url\":\"https:\/\/www.tartuh.ee\/\",\"logo\":{\"@type\":\"ImageObject\",\"inLanguage\":\"en-US\",\"@id\":\"https:\/\/www.tartuh.ee\/#\/schema\/logo\/image\/\",\"url\":\"https:\/\/www.tartuh.ee\/wp-content\/uploads\/2025\/01\/cropped-TTKK-2025-logo.jpg\",\"contentUrl\":\"https:\/\/www.tartuh.ee\/wp-content\/uploads\/2025\/01\/cropped-TTKK-2025-logo.jpg\",\"width\":1498,\"height\":755,\"caption\":\"TARTUH.EE\"},\"image\":{\"@id\":\"https:\/\/www.tartuh.ee\/#\/schema\/logo\/image\/\"}}]}<\/script>\n<!-- \/ Yoast SEO plugin. -->","yoast_head_json":{"title":"Abstract Requirements - TARTUH.EE","robots":{"index":"index","follow":"follow","max-snippet":"max-snippet:-1","max-image-preview":"max-image-preview:large","max-video-preview":"max-video-preview:-1"},"canonical":"https:\/\/www.tartuh.ee\/en\/about-tartuh\/events\/student-conference-health-in-our-hands\/840-2\/","og_locale":"en_US","og_type":"article","og_title":"Abstract Requirements - TARTUH.EE","og_description":"We welcome abstracts and presentations from undergraduate and postgraduate (2024, 2025) health and medical students from different disciplines and countries! Abstract guidelines Your abstract is rejected immediately if you do not follow the guidelines below (&lt;350 words; title and author \/ scientific research supervisor details not included in word count): Evaluation criteria for abstracts:Abstracts are [&hellip;]","og_url":"https:\/\/www.tartuh.ee\/en\/about-tartuh\/events\/student-conference-health-in-our-hands\/840-2\/","og_site_name":"TARTUH.EE","article_modified_time":"2025-04-23T13:15:57+00:00","twitter_card":"summary_large_image","twitter_misc":{"Est. reading time":"2 minutes"},"schema":{"@context":"https:\/\/schema.org","@graph":[{"@type":"WebPage","@id":"https:\/\/www.tartuh.ee\/en\/about-tartuh\/events\/student-conference-health-in-our-hands\/840-2\/","url":"https:\/\/www.tartuh.ee\/en\/about-tartuh\/events\/student-conference-health-in-our-hands\/840-2\/","name":"Abstract Requirements - TARTUH.EE","isPartOf":{"@id":"https:\/\/www.tartuh.ee\/#website"},"datePublished":"2022-05-10T22:14:35+00:00","dateModified":"2025-04-23T13:15:57+00:00","breadcrumb":{"@id":"https:\/\/www.tartuh.ee\/en\/about-tartuh\/events\/student-conference-health-in-our-hands\/840-2\/#breadcrumb"},"inLanguage":"en-US","potentialAction":[{"@type":"ReadAction","target":["https:\/\/www.tartuh.ee\/en\/about-tartuh\/events\/student-conference-health-in-our-hands\/840-2\/"]}]},{"@type":"BreadcrumbList","@id":"https:\/\/www.tartuh.ee\/en\/about-tartuh\/events\/student-conference-health-in-our-hands\/840-2\/#breadcrumb","itemListElement":[{"@type":"ListItem","position":1,"name":"Home","item":"https:\/\/www.tartuh.ee\/en\/"},{"@type":"ListItem","position":2,"name":"About TARTUH","item":"https:\/\/www.tartuh.ee\/en\/about-tartuh\/"},{"@type":"ListItem","position":3,"name":"Events","item":"https:\/\/www.tartuh.ee\/en\/about-tartuh\/events\/"},{"@type":"ListItem","position":4,"name":"Student Conference &#8220;Health in our Hands&#8221;","item":"https:\/\/www.tartuh.ee\/en\/about-tartuh\/events\/student-conference-health-in-our-hands\/"},{"@type":"ListItem","position":5,"name":"Abstract Requirements"}]},{"@type":"WebSite","@id":"https:\/\/www.tartuh.ee\/#website","url":"https:\/\/www.tartuh.ee\/","name":"TARTUH.EE","description":"Tartu Tervishoiu K\u00f5rgkool on Eestis ja rahvusvaheliselt hinnatud k\u00f5rgkool ning kompetentsikeskus tervise ja heaolu valdkonnas. K\u00f5rgkoolis on v\u00f5imalik \u00f5ppida rakendusk\u00f5rghariduse, magistri- ja kutse\u00f5ppe \u00f5ppekavadel.","publisher":{"@id":"https:\/\/www.tartuh.ee\/#organization"},"potentialAction":[{"@type":"SearchAction","target":{"@type":"EntryPoint","urlTemplate":"https:\/\/www.tartuh.ee\/?s={search_term_string}"},"query-input":"required name=search_term_string"}],"inLanguage":"en-US"},{"@type":"Organization","@id":"https:\/\/www.tartuh.ee\/#organization","name":"TARTUH.EE","url":"https:\/\/www.tartuh.ee\/","logo":{"@type":"ImageObject","inLanguage":"en-US","@id":"https:\/\/www.tartuh.ee\/#\/schema\/logo\/image\/","url":"https:\/\/www.tartuh.ee\/wp-content\/uploads\/2025\/01\/cropped-TTKK-2025-logo.jpg","contentUrl":"https:\/\/www.tartuh.ee\/wp-content\/uploads\/2025\/01\/cropped-TTKK-2025-logo.jpg","width":1498,"height":755,"caption":"TARTUH.EE"},"image":{"@id":"https:\/\/www.tartuh.ee\/#\/schema\/logo\/image\/"}}]}},"_links":{"self":[{"href":"https:\/\/www.tartuh.ee\/en\/wp-json\/wp\/v2\/pages\/840","targetHints":{"allow":["GET"]}}],"collection":[{"href":"https:\/\/www.tartuh.ee\/en\/wp-json\/wp\/v2\/pages"}],"about":[{"href":"https:\/\/www.tartuh.ee\/en\/wp-json\/wp\/v2\/types\/page"}],"author":[{"embeddable":true,"href":"https:\/\/www.tartuh.ee\/en\/wp-json\/wp\/v2\/users\/5"}],"replies":[{"embeddable":true,"href":"https:\/\/www.tartuh.ee\/en\/wp-json\/wp\/v2\/comments?post=840"}],"version-history":[{"count":12,"href":"https:\/\/www.tartuh.ee\/en\/wp-json\/wp\/v2\/pages\/840\/revisions"}],"predecessor-version":[{"id":15424,"href":"https:\/\/www.tartuh.ee\/en\/wp-json\/wp\/v2\/pages\/840\/revisions\/15424"}],"up":[{"embeddable":true,"href":"https:\/\/www.tartuh.ee\/en\/wp-json\/wp\/v2\/pages\/836"}],"wp:attachment":[{"href":"https:\/\/www.tartuh.ee\/en\/wp-json\/wp\/v2\/media?parent=840"}],"curies":[{"name":"wp","href":"https:\/\/api.w.org\/{rel}","templated":true}]}}