{"id":842,"date":"2022-05-10T22:17:50","date_gmt":"2022-05-10T22:17:50","guid":{"rendered":"https:\/\/www.tartuh.ee\/?page_id=842"},"modified":"2025-04-23T13:17:57","modified_gmt":"2025-04-23T13:17:57","slug":"oral-presentation-requirements","status":"publish","type":"page","link":"https:\/\/www.tartuh.ee\/en\/about-tartuh\/events\/student-conference-health-in-our-hands\/oral-presentation-requirements\/","title":{"rendered":"Oral Presentation Requirements"},"content":{"rendered":"\n<ul class=\"wp-block-list\">\n<li>A 15 minute spoken presentation, including question and answer time (5 min).<\/li>\n\n\n\n<li>Presenter shows the research and findings of their accepted abstract in a&nbsp;<a href=\"https:\/\/nooruse.ee\/dokumendid\/Presentation_PP.pptx\" target=\"_blank\" rel=\"noreferrer noopener\">PowerPoint presentation<\/a>.<\/li>\n\n\n\n<li>PowerPoint presentation should be sent to organizers (conference@nooruse.ee) at latest 13 November 2025.<\/li>\n\n\n\n<li>In 10 minutes we prefer from 8-10 slides.<\/li>\n\n\n\n<li>The presenter is responsible for obtaining all of the conflict-of interest disclosure.<\/li>\n\n\n\n<li>The presentation will be evaluated by a Jury Committee.<\/li>\n<\/ul>\n\n\n\n<p><strong>Evaluation criteria<\/strong>&nbsp;for oral presentations (maximum score is 25 points):<\/p>\n\n\n\n<ul class=\"wp-block-list\">\n<li>Content (clarity and quality of content) \u2013 1-5 points<\/li>\n\n\n\n<li>Self-presentation (command of language, voice, energy, body language, engagement with audience) \u2013 1-5 points<\/li>\n\n\n\n<li>Visual aids (useful, economical, well-designed, support oral presentation) \u2013 1-5 points<\/li>\n\n\n\n<li>Use of time \u2013 1-5 points<\/li>\n\n\n\n<li>Response to questions \u2013 1-5 points<\/li>\n<\/ul>\n\n\n\n<p><strong>Scientific Committee \u2013 Jury Committee (for oral presentations):<\/strong><a href=\"https:\/\/www.tartuh.ee\/en\/\"><\/a><\/p>\n\n\n\n<ol class=\"wp-block-list\">\n<li>Eerik J\u00f5gi, PhD, TARTUH, Estonia<\/li>\n\n\n\n<li>Gerli M\u00f5ts, PhD, TARTUH, Estonia<\/li>\n\n\n\n<li>Jaan Looga, MSc, TARTUH, Estonia<\/li>\n\n\n\n<li>Katrin Lang, PhD, University of Tartu, Estonia<\/li>\n\n\n\n<li>Saima Hinno, PhD, Viljandi Hospital, Estonia<\/li>\n\n\n\n<li>Steven Onkelinx, Fontys University of Applied Science, Netherlands<\/li>\n<\/ol>\n\n\n\n<div class=\"wp-block-buttons is-layout-flex wp-block-buttons-is-layout-flex\">\n<div class=\"wp-block-button\"><a class=\"wp-block-button__link wp-element-button\" href=\"https:\/\/www.tartuh.ee\/en\/student-conference-health-in-our-hands\/\">Return to the HOH Main Page<\/a><\/div>\n<\/div>\n","protected":false},"excerpt":{"rendered":"<p>Evaluation criteria&nbsp;for oral presentations (maximum score is 25 points): Scientific Committee \u2013 Jury Committee (for oral presentations):<\/p>\n","protected":false},"author":5,"featured_media":0,"parent":836,"menu_order":0,"comment_status":"closed","ping_status":"closed","template":"","meta":{"_acf_changed":false,"_eb_attr":"","inline_featured_image":false,"footnotes":""},"class_list":["post-842","page","type-page","status-publish","hentry"],"acf":[],"yoast_head":"<!-- This site is optimized with the Yoast SEO plugin v20.8 - https:\/\/yoast.com\/wordpress\/plugins\/seo\/ -->\n<title>Oral Presentation Requirements - TARTUH.EE<\/title>\n<meta name=\"description\" content=\"Oral Presentation Requirements for conference &quot;Health in Our Hands&quot;.\" \/>\n<meta name=\"robots\" content=\"index, follow, max-snippet:-1, max-image-preview:large, max-video-preview:-1\" \/>\n<link rel=\"canonical\" href=\"https:\/\/www.tartuh.ee\/en\/about-tartuh\/events\/student-conference-health-in-our-hands\/oral-presentation-requirements\/\" \/>\n<meta property=\"og:locale\" content=\"en_US\" \/>\n<meta property=\"og:type\" content=\"article\" \/>\n<meta property=\"og:title\" content=\"Oral Presentation Requirements - TARTUH.EE\" \/>\n<meta property=\"og:description\" content=\"Oral Presentation Requirements for conference &quot;Health in Our Hands&quot;.\" \/>\n<meta property=\"og:url\" content=\"https:\/\/www.tartuh.ee\/en\/about-tartuh\/events\/student-conference-health-in-our-hands\/oral-presentation-requirements\/\" \/>\n<meta property=\"og:site_name\" content=\"TARTUH.EE\" \/>\n<meta property=\"article:modified_time\" content=\"2025-04-23T13:17:57+00:00\" \/>\n<meta name=\"twitter:card\" content=\"summary_large_image\" \/>\n<meta name=\"twitter:label1\" content=\"Est. reading time\" \/>\n\t<meta name=\"twitter:data1\" content=\"1 minute\" \/>\n<script type=\"application\/ld+json\" class=\"yoast-schema-graph\">{\"@context\":\"https:\/\/schema.org\",\"@graph\":[{\"@type\":\"WebPage\",\"@id\":\"https:\/\/www.tartuh.ee\/en\/about-tartuh\/events\/student-conference-health-in-our-hands\/oral-presentation-requirements\/\",\"url\":\"https:\/\/www.tartuh.ee\/en\/about-tartuh\/events\/student-conference-health-in-our-hands\/oral-presentation-requirements\/\",\"name\":\"Oral Presentation Requirements - TARTUH.EE\",\"isPartOf\":{\"@id\":\"https:\/\/www.tartuh.ee\/#website\"},\"datePublished\":\"2022-05-10T22:17:50+00:00\",\"dateModified\":\"2025-04-23T13:17:57+00:00\",\"description\":\"Oral Presentation Requirements for conference \\\"Health in Our Hands\\\".\",\"breadcrumb\":{\"@id\":\"https:\/\/www.tartuh.ee\/en\/about-tartuh\/events\/student-conference-health-in-our-hands\/oral-presentation-requirements\/#breadcrumb\"},\"inLanguage\":\"en-US\",\"potentialAction\":[{\"@type\":\"ReadAction\",\"target\":[\"https:\/\/www.tartuh.ee\/en\/about-tartuh\/events\/student-conference-health-in-our-hands\/oral-presentation-requirements\/\"]}]},{\"@type\":\"BreadcrumbList\",\"@id\":\"https:\/\/www.tartuh.ee\/en\/about-tartuh\/events\/student-conference-health-in-our-hands\/oral-presentation-requirements\/#breadcrumb\",\"itemListElement\":[{\"@type\":\"ListItem\",\"position\":1,\"name\":\"Home\",\"item\":\"https:\/\/www.tartuh.ee\/en\/\"},{\"@type\":\"ListItem\",\"position\":2,\"name\":\"About TARTUH\",\"item\":\"https:\/\/www.tartuh.ee\/en\/about-tartuh\/\"},{\"@type\":\"ListItem\",\"position\":3,\"name\":\"Events\",\"item\":\"https:\/\/www.tartuh.ee\/en\/about-tartuh\/events\/\"},{\"@type\":\"ListItem\",\"position\":4,\"name\":\"Student Conference &#8220;Health in our Hands&#8221;\",\"item\":\"https:\/\/www.tartuh.ee\/en\/about-tartuh\/events\/student-conference-health-in-our-hands\/\"},{\"@type\":\"ListItem\",\"position\":5,\"name\":\"Oral Presentation Requirements\"}]},{\"@type\":\"WebSite\",\"@id\":\"https:\/\/www.tartuh.ee\/#website\",\"url\":\"https:\/\/www.tartuh.ee\/\",\"name\":\"TARTUH.EE\",\"description\":\"Tartu Tervishoiu K\u00f5rgkool on Eestis ja rahvusvaheliselt hinnatud k\u00f5rgkool ning kompetentsikeskus tervise ja heaolu valdkonnas. K\u00f5rgkoolis on v\u00f5imalik \u00f5ppida rakendusk\u00f5rghariduse, magistri- ja kutse\u00f5ppe \u00f5ppekavadel.\",\"publisher\":{\"@id\":\"https:\/\/www.tartuh.ee\/#organization\"},\"potentialAction\":[{\"@type\":\"SearchAction\",\"target\":{\"@type\":\"EntryPoint\",\"urlTemplate\":\"https:\/\/www.tartuh.ee\/?s={search_term_string}\"},\"query-input\":\"required name=search_term_string\"}],\"inLanguage\":\"en-US\"},{\"@type\":\"Organization\",\"@id\":\"https:\/\/www.tartuh.ee\/#organization\",\"name\":\"TARTUH.EE\",\"url\":\"https:\/\/www.tartuh.ee\/\",\"logo\":{\"@type\":\"ImageObject\",\"inLanguage\":\"en-US\",\"@id\":\"https:\/\/www.tartuh.ee\/#\/schema\/logo\/image\/\",\"url\":\"https:\/\/www.tartuh.ee\/wp-content\/uploads\/2025\/01\/cropped-TTKK-2025-logo.jpg\",\"contentUrl\":\"https:\/\/www.tartuh.ee\/wp-content\/uploads\/2025\/01\/cropped-TTKK-2025-logo.jpg\",\"width\":1498,\"height\":755,\"caption\":\"TARTUH.EE\"},\"image\":{\"@id\":\"https:\/\/www.tartuh.ee\/#\/schema\/logo\/image\/\"}}]}<\/script>\n<!-- \/ Yoast SEO plugin. -->","yoast_head_json":{"title":"Oral Presentation Requirements - TARTUH.EE","description":"Oral Presentation Requirements for conference \"Health in Our Hands\".","robots":{"index":"index","follow":"follow","max-snippet":"max-snippet:-1","max-image-preview":"max-image-preview:large","max-video-preview":"max-video-preview:-1"},"canonical":"https:\/\/www.tartuh.ee\/en\/about-tartuh\/events\/student-conference-health-in-our-hands\/oral-presentation-requirements\/","og_locale":"en_US","og_type":"article","og_title":"Oral Presentation Requirements - TARTUH.EE","og_description":"Oral Presentation Requirements for conference \"Health in Our Hands\".","og_url":"https:\/\/www.tartuh.ee\/en\/about-tartuh\/events\/student-conference-health-in-our-hands\/oral-presentation-requirements\/","og_site_name":"TARTUH.EE","article_modified_time":"2025-04-23T13:17:57+00:00","twitter_card":"summary_large_image","twitter_misc":{"Est. reading time":"1 minute"},"schema":{"@context":"https:\/\/schema.org","@graph":[{"@type":"WebPage","@id":"https:\/\/www.tartuh.ee\/en\/about-tartuh\/events\/student-conference-health-in-our-hands\/oral-presentation-requirements\/","url":"https:\/\/www.tartuh.ee\/en\/about-tartuh\/events\/student-conference-health-in-our-hands\/oral-presentation-requirements\/","name":"Oral Presentation Requirements - TARTUH.EE","isPartOf":{"@id":"https:\/\/www.tartuh.ee\/#website"},"datePublished":"2022-05-10T22:17:50+00:00","dateModified":"2025-04-23T13:17:57+00:00","description":"Oral Presentation Requirements for conference \"Health in Our Hands\".","breadcrumb":{"@id":"https:\/\/www.tartuh.ee\/en\/about-tartuh\/events\/student-conference-health-in-our-hands\/oral-presentation-requirements\/#breadcrumb"},"inLanguage":"en-US","potentialAction":[{"@type":"ReadAction","target":["https:\/\/www.tartuh.ee\/en\/about-tartuh\/events\/student-conference-health-in-our-hands\/oral-presentation-requirements\/"]}]},{"@type":"BreadcrumbList","@id":"https:\/\/www.tartuh.ee\/en\/about-tartuh\/events\/student-conference-health-in-our-hands\/oral-presentation-requirements\/#breadcrumb","itemListElement":[{"@type":"ListItem","position":1,"name":"Home","item":"https:\/\/www.tartuh.ee\/en\/"},{"@type":"ListItem","position":2,"name":"About TARTUH","item":"https:\/\/www.tartuh.ee\/en\/about-tartuh\/"},{"@type":"ListItem","position":3,"name":"Events","item":"https:\/\/www.tartuh.ee\/en\/about-tartuh\/events\/"},{"@type":"ListItem","position":4,"name":"Student Conference &#8220;Health in our Hands&#8221;","item":"https:\/\/www.tartuh.ee\/en\/about-tartuh\/events\/student-conference-health-in-our-hands\/"},{"@type":"ListItem","position":5,"name":"Oral Presentation Requirements"}]},{"@type":"WebSite","@id":"https:\/\/www.tartuh.ee\/#website","url":"https:\/\/www.tartuh.ee\/","name":"TARTUH.EE","description":"Tartu Tervishoiu K\u00f5rgkool on Eestis ja rahvusvaheliselt hinnatud k\u00f5rgkool ning kompetentsikeskus tervise ja heaolu valdkonnas. K\u00f5rgkoolis on v\u00f5imalik \u00f5ppida rakendusk\u00f5rghariduse, magistri- ja kutse\u00f5ppe \u00f5ppekavadel.","publisher":{"@id":"https:\/\/www.tartuh.ee\/#organization"},"potentialAction":[{"@type":"SearchAction","target":{"@type":"EntryPoint","urlTemplate":"https:\/\/www.tartuh.ee\/?s={search_term_string}"},"query-input":"required name=search_term_string"}],"inLanguage":"en-US"},{"@type":"Organization","@id":"https:\/\/www.tartuh.ee\/#organization","name":"TARTUH.EE","url":"https:\/\/www.tartuh.ee\/","logo":{"@type":"ImageObject","inLanguage":"en-US","@id":"https:\/\/www.tartuh.ee\/#\/schema\/logo\/image\/","url":"https:\/\/www.tartuh.ee\/wp-content\/uploads\/2025\/01\/cropped-TTKK-2025-logo.jpg","contentUrl":"https:\/\/www.tartuh.ee\/wp-content\/uploads\/2025\/01\/cropped-TTKK-2025-logo.jpg","width":1498,"height":755,"caption":"TARTUH.EE"},"image":{"@id":"https:\/\/www.tartuh.ee\/#\/schema\/logo\/image\/"}}]}},"_links":{"self":[{"href":"https:\/\/www.tartuh.ee\/en\/wp-json\/wp\/v2\/pages\/842","targetHints":{"allow":["GET"]}}],"collection":[{"href":"https:\/\/www.tartuh.ee\/en\/wp-json\/wp\/v2\/pages"}],"about":[{"href":"https:\/\/www.tartuh.ee\/en\/wp-json\/wp\/v2\/types\/page"}],"author":[{"embeddable":true,"href":"https:\/\/www.tartuh.ee\/en\/wp-json\/wp\/v2\/users\/5"}],"replies":[{"embeddable":true,"href":"https:\/\/www.tartuh.ee\/en\/wp-json\/wp\/v2\/comments?post=842"}],"version-history":[{"count":11,"href":"https:\/\/www.tartuh.ee\/en\/wp-json\/wp\/v2\/pages\/842\/revisions"}],"predecessor-version":[{"id":15426,"href":"https:\/\/www.tartuh.ee\/en\/wp-json\/wp\/v2\/pages\/842\/revisions\/15426"}],"up":[{"embeddable":true,"href":"https:\/\/www.tartuh.ee\/en\/wp-json\/wp\/v2\/pages\/836"}],"wp:attachment":[{"href":"https:\/\/www.tartuh.ee\/en\/wp-json\/wp\/v2\/media?parent=842"}],"curies":[{"name":"wp","href":"https:\/\/api.w.org\/{rel}","templated":true}]}}