{"id":9219,"date":"2023-03-27T09:37:23","date_gmt":"2023-03-27T09:37:23","guid":{"rendered":"https:\/\/www.tartuh.ee\/?page_id=9219"},"modified":"2023-08-25T08:50:08","modified_gmt":"2023-08-25T08:50:08","slug":"archive","status":"publish","type":"page","link":"https:\/\/www.tartuh.ee\/en\/research-and-development\/research\/archive\/","title":{"rendered":"Archive"},"content":{"rendered":"\n<h3 class=\"wp-block-heading\">Completed international projects (ended 2018 or earlier)<\/h3>\n\n\n\n<ul class=\"wp-block-list\">\n<li><a href=\"https:\/\/www.tartuh.ee\/en\/nordplus-horizontal-study-quality-in-terms-of-multiculturalism-in-the-baltic-countries\/\">Study Quality in Terms of Multiculturalism in the Baltic Countries<\/a><\/li>\n\n\n\n<li><a href=\"https:\/\/www.tartuh.ee\/volunteers-to-africa-and-asia-the-contribution-of-estonian-expertise-in-development-cooperation-2017-2018\/\">Volunteers to Africa and Asia<\/a><\/li>\n\n\n\n<li><a href=\"https:\/\/www.tartuh.ee\/en\/research-and-development\/projects\/international-credit-mobilty\/\">International Credit Mobility<\/a><\/li>\n\n\n\n<li><a href=\"https:\/\/www.tartuh.ee\/en\/research-and-development\/projects\/safhy\/\">Safety and Hygiene &#8211; Safer Environment (SAFHY)<\/a><\/li>\n\n\n\n<li><a href=\"https:\/\/www.tartuh.ee\/en\/research-and-development\/projects\/acucare\/\">Acute Team in Youth Psychiatric Services Targeted to the Residental Child Care (ACUCARE)<\/a><\/li>\n\n\n\n<li><a href=\"https:\/\/www.tartuh.ee\/en\/research-and-development\/projects\/dediwe\/\">The Developer of Digital Health and Welfare Services (DeDiWe)<\/a><\/li>\n\n\n\n<li><a href=\"https:\/\/www.tartuh.ee\/en\/research-and-development\/projects\/nemo\/\">Northen European Mobility (NEMO)<\/a><\/li>\n\n\n\n<li><a href=\"https:\/\/www.tartuh.ee\/en\/research-and-development\/projects\/ellan\/\">European Later Life Active Network (ELLAN)<\/a><\/li>\n<\/ul>\n\n\n\n<div class=\"wp-block-columns is-layout-flex wp-container-core-columns-is-layout-9d6595d7 wp-block-columns-is-layout-flex\"><\/div>\n","protected":false},"excerpt":{"rendered":"<p>Completed international projects (ended 2018 or earlier)<\/p>\n","protected":false},"author":31,"featured_media":0,"parent":5973,"menu_order":0,"comment_status":"closed","ping_status":"closed","template":"","meta":{"_acf_changed":false,"_eb_attr":"","inline_featured_image":false,"footnotes":""},"class_list":["post-9219","page","type-page","status-publish","hentry"],"acf":[],"yoast_head":"<!-- This site is optimized with the Yoast SEO plugin v20.8 - https:\/\/yoast.com\/wordpress\/plugins\/seo\/ -->\n<title>Archive - TARTUH.EE<\/title>\n<meta name=\"description\" content=\"Archive of Applied Researches of Tartu Health Care College.\" \/>\n<meta name=\"robots\" content=\"index, follow, max-snippet:-1, max-image-preview:large, max-video-preview:-1\" \/>\n<link rel=\"canonical\" href=\"https:\/\/www.tartuh.ee\/en\/research-and-development\/research\/archive\/\" \/>\n<meta property=\"og:locale\" content=\"en_US\" \/>\n<meta property=\"og:type\" content=\"article\" \/>\n<meta property=\"og:title\" content=\"Archive - TARTUH.EE\" \/>\n<meta property=\"og:description\" content=\"Archive of Applied Researches of Tartu Health Care College.\" \/>\n<meta property=\"og:url\" content=\"https:\/\/www.tartuh.ee\/en\/research-and-development\/research\/archive\/\" \/>\n<meta property=\"og:site_name\" content=\"TARTUH.EE\" \/>\n<meta property=\"article:modified_time\" content=\"2023-08-25T08:50:08+00:00\" \/>\n<meta name=\"twitter:card\" content=\"summary_large_image\" \/>\n<meta name=\"twitter:label1\" content=\"Est. reading time\" \/>\n\t<meta name=\"twitter:data1\" content=\"1 minute\" \/>\n<script type=\"application\/ld+json\" class=\"yoast-schema-graph\">{\"@context\":\"https:\/\/schema.org\",\"@graph\":[{\"@type\":\"WebPage\",\"@id\":\"https:\/\/www.tartuh.ee\/en\/research-and-development\/research\/archive\/\",\"url\":\"https:\/\/www.tartuh.ee\/en\/research-and-development\/research\/archive\/\",\"name\":\"Archive - TARTUH.EE\",\"isPartOf\":{\"@id\":\"https:\/\/www.tartuh.ee\/#website\"},\"datePublished\":\"2023-03-27T09:37:23+00:00\",\"dateModified\":\"2023-08-25T08:50:08+00:00\",\"description\":\"Archive of Applied Researches of Tartu Health Care College.\",\"breadcrumb\":{\"@id\":\"https:\/\/www.tartuh.ee\/en\/research-and-development\/research\/archive\/#breadcrumb\"},\"inLanguage\":\"en-US\",\"potentialAction\":[{\"@type\":\"ReadAction\",\"target\":[\"https:\/\/www.tartuh.ee\/en\/research-and-development\/research\/archive\/\"]}]},{\"@type\":\"BreadcrumbList\",\"@id\":\"https:\/\/www.tartuh.ee\/en\/research-and-development\/research\/archive\/#breadcrumb\",\"itemListElement\":[{\"@type\":\"ListItem\",\"position\":1,\"name\":\"Home\",\"item\":\"https:\/\/www.tartuh.ee\/en\/\"},{\"@type\":\"ListItem\",\"position\":2,\"name\":\"Research and Development\",\"item\":\"https:\/\/www.tartuh.ee\/en\/research-and-development\/\"},{\"@type\":\"ListItem\",\"position\":3,\"name\":\"Research\",\"item\":\"https:\/\/www.tartuh.ee\/en\/research-and-development\/research\/\"},{\"@type\":\"ListItem\",\"position\":4,\"name\":\"Archive\"}]},{\"@type\":\"WebSite\",\"@id\":\"https:\/\/www.tartuh.ee\/#website\",\"url\":\"https:\/\/www.tartuh.ee\/\",\"name\":\"TARTUH.EE\",\"description\":\"Tartu Tervishoiu K\u00f5rgkool on Eestis ja rahvusvaheliselt hinnatud k\u00f5rgkool ning kompetentsikeskus tervise ja heaolu valdkonnas. K\u00f5rgkoolis on v\u00f5imalik \u00f5ppida rakendusk\u00f5rghariduse, magistri- ja kutse\u00f5ppe \u00f5ppekavadel.\",\"publisher\":{\"@id\":\"https:\/\/www.tartuh.ee\/#organization\"},\"potentialAction\":[{\"@type\":\"SearchAction\",\"target\":{\"@type\":\"EntryPoint\",\"urlTemplate\":\"https:\/\/www.tartuh.ee\/?s={search_term_string}\"},\"query-input\":\"required name=search_term_string\"}],\"inLanguage\":\"en-US\"},{\"@type\":\"Organization\",\"@id\":\"https:\/\/www.tartuh.ee\/#organization\",\"name\":\"TARTUH.EE\",\"url\":\"https:\/\/www.tartuh.ee\/\",\"logo\":{\"@type\":\"ImageObject\",\"inLanguage\":\"en-US\",\"@id\":\"https:\/\/www.tartuh.ee\/#\/schema\/logo\/image\/\",\"url\":\"https:\/\/www.tartuh.ee\/wp-content\/uploads\/2025\/01\/cropped-TTKK-2025-logo.jpg\",\"contentUrl\":\"https:\/\/www.tartuh.ee\/wp-content\/uploads\/2025\/01\/cropped-TTKK-2025-logo.jpg\",\"width\":1498,\"height\":755,\"caption\":\"TARTUH.EE\"},\"image\":{\"@id\":\"https:\/\/www.tartuh.ee\/#\/schema\/logo\/image\/\"}}]}<\/script>\n<!-- \/ Yoast SEO plugin. -->","yoast_head_json":{"title":"Archive - TARTUH.EE","description":"Archive of Applied Researches of Tartu Health Care College.","robots":{"index":"index","follow":"follow","max-snippet":"max-snippet:-1","max-image-preview":"max-image-preview:large","max-video-preview":"max-video-preview:-1"},"canonical":"https:\/\/www.tartuh.ee\/en\/research-and-development\/research\/archive\/","og_locale":"en_US","og_type":"article","og_title":"Archive - TARTUH.EE","og_description":"Archive of Applied Researches of Tartu Health Care College.","og_url":"https:\/\/www.tartuh.ee\/en\/research-and-development\/research\/archive\/","og_site_name":"TARTUH.EE","article_modified_time":"2023-08-25T08:50:08+00:00","twitter_card":"summary_large_image","twitter_misc":{"Est. reading time":"1 minute"},"schema":{"@context":"https:\/\/schema.org","@graph":[{"@type":"WebPage","@id":"https:\/\/www.tartuh.ee\/en\/research-and-development\/research\/archive\/","url":"https:\/\/www.tartuh.ee\/en\/research-and-development\/research\/archive\/","name":"Archive - TARTUH.EE","isPartOf":{"@id":"https:\/\/www.tartuh.ee\/#website"},"datePublished":"2023-03-27T09:37:23+00:00","dateModified":"2023-08-25T08:50:08+00:00","description":"Archive of Applied Researches of Tartu Health Care College.","breadcrumb":{"@id":"https:\/\/www.tartuh.ee\/en\/research-and-development\/research\/archive\/#breadcrumb"},"inLanguage":"en-US","potentialAction":[{"@type":"ReadAction","target":["https:\/\/www.tartuh.ee\/en\/research-and-development\/research\/archive\/"]}]},{"@type":"BreadcrumbList","@id":"https:\/\/www.tartuh.ee\/en\/research-and-development\/research\/archive\/#breadcrumb","itemListElement":[{"@type":"ListItem","position":1,"name":"Home","item":"https:\/\/www.tartuh.ee\/en\/"},{"@type":"ListItem","position":2,"name":"Research and Development","item":"https:\/\/www.tartuh.ee\/en\/research-and-development\/"},{"@type":"ListItem","position":3,"name":"Research","item":"https:\/\/www.tartuh.ee\/en\/research-and-development\/research\/"},{"@type":"ListItem","position":4,"name":"Archive"}]},{"@type":"WebSite","@id":"https:\/\/www.tartuh.ee\/#website","url":"https:\/\/www.tartuh.ee\/","name":"TARTUH.EE","description":"Tartu Tervishoiu K\u00f5rgkool on Eestis ja rahvusvaheliselt hinnatud k\u00f5rgkool ning kompetentsikeskus tervise ja heaolu valdkonnas. K\u00f5rgkoolis on v\u00f5imalik \u00f5ppida rakendusk\u00f5rghariduse, magistri- ja kutse\u00f5ppe \u00f5ppekavadel.","publisher":{"@id":"https:\/\/www.tartuh.ee\/#organization"},"potentialAction":[{"@type":"SearchAction","target":{"@type":"EntryPoint","urlTemplate":"https:\/\/www.tartuh.ee\/?s={search_term_string}"},"query-input":"required name=search_term_string"}],"inLanguage":"en-US"},{"@type":"Organization","@id":"https:\/\/www.tartuh.ee\/#organization","name":"TARTUH.EE","url":"https:\/\/www.tartuh.ee\/","logo":{"@type":"ImageObject","inLanguage":"en-US","@id":"https:\/\/www.tartuh.ee\/#\/schema\/logo\/image\/","url":"https:\/\/www.tartuh.ee\/wp-content\/uploads\/2025\/01\/cropped-TTKK-2025-logo.jpg","contentUrl":"https:\/\/www.tartuh.ee\/wp-content\/uploads\/2025\/01\/cropped-TTKK-2025-logo.jpg","width":1498,"height":755,"caption":"TARTUH.EE"},"image":{"@id":"https:\/\/www.tartuh.ee\/#\/schema\/logo\/image\/"}}]}},"_links":{"self":[{"href":"https:\/\/www.tartuh.ee\/en\/wp-json\/wp\/v2\/pages\/9219","targetHints":{"allow":["GET"]}}],"collection":[{"href":"https:\/\/www.tartuh.ee\/en\/wp-json\/wp\/v2\/pages"}],"about":[{"href":"https:\/\/www.tartuh.ee\/en\/wp-json\/wp\/v2\/types\/page"}],"author":[{"embeddable":true,"href":"https:\/\/www.tartuh.ee\/en\/wp-json\/wp\/v2\/users\/31"}],"replies":[{"embeddable":true,"href":"https:\/\/www.tartuh.ee\/en\/wp-json\/wp\/v2\/comments?post=9219"}],"version-history":[{"count":13,"href":"https:\/\/www.tartuh.ee\/en\/wp-json\/wp\/v2\/pages\/9219\/revisions"}],"predecessor-version":[{"id":10583,"href":"https:\/\/www.tartuh.ee\/en\/wp-json\/wp\/v2\/pages\/9219\/revisions\/10583"}],"up":[{"embeddable":true,"href":"https:\/\/www.tartuh.ee\/en\/wp-json\/wp\/v2\/pages\/5973"}],"wp:attachment":[{"href":"https:\/\/www.tartuh.ee\/en\/wp-json\/wp\/v2\/media?parent=9219"}],"curies":[{"name":"wp","href":"https:\/\/api.w.org\/{rel}","templated":true}]}}