{"id":9443,"date":"2023-04-14T13:17:10","date_gmt":"2023-04-14T13:17:10","guid":{"rendered":"https:\/\/www.tartuh.ee\/?page_id=9443"},"modified":"2024-01-29T14:16:39","modified_gmt":"2024-01-29T14:16:39","slug":"online-professional-education-for-physiotherapists-and-other-healthcare-professionals-on-domestic-violence","status":"publish","type":"page","link":"https:\/\/www.tartuh.ee\/en\/online-professional-education-for-physiotherapists-and-other-healthcare-professionals-on-domestic-violence\/","title":{"rendered":"Online Professional Education for Physiotherapists and other healthcare professionals on Domestic Violence"},"content":{"rendered":"\n<figure class=\"wp-block-image size-full is-resized\"><img loading=\"lazy\" decoding=\"async\" width=\"640\" height=\"223\" src=\"https:\/\/www.tartuh.ee\/wp-content\/uploads\/2024\/01\/image-1.png\" alt=\"\" class=\"wp-image-11819\" style=\"width:501px;height:auto\" srcset=\"https:\/\/www.tartuh.ee\/wp-content\/uploads\/2024\/01\/image-1.png 640w, https:\/\/www.tartuh.ee\/wp-content\/uploads\/2024\/01\/image-1-300x105.png 300w\" sizes=\"auto, (max-width: 640px) 100vw, 640px\" \/><\/figure>\n\n\n\n<p>The project aims to develop a standalone workshop on domestic violence for current and future physiotherapists and other healthcare workers (e.g. nurses, midwives and careworkers). <\/p>\n\n\n\n<p>The aim of the project is to create an online version of the course as a widely available MOOC offered freely by the University of Tartu and to create more accessible versions of these e-learning materials on an online educational resource platform. The project will result in a training curriculum, online course and online educational resources all combined on a knowledge sharing platform<\/p>\n\n\n\n<p><strong>Partners:<\/strong> Syndesmos Melon Gynaikeion Somateion Irakleioy Kai Nomoy Irakleioy (Greece); Mesogeiako Institouto Meleton Koinonikou Fylou Idryma (Cyprus); M&amp;M Profuture Training, S.L. (Spain); University of Tartu; NGO Women&#8217;s Support and Information Center.<\/p>\n\n\n\n<p><strong>Period: <\/strong>1.02.2022\u221231.01.2025<\/p>\n\n\n\n<p><strong>Funding program:<\/strong> Erasmus+ Cooperation partnerships in vocational education<\/p>\n\n\n\n<p><strong>Contact person:<\/strong> Anna-Liisa Tamm, <a href=\"mailto:annaliisatamm@nooruse.ee\" target=\"_blank\" rel=\"noreferrer noopener\">annaliisatamm@nooruse.ee<\/a>, 737 0228<\/p>\n\n\n\n<figure class=\"wp-block-image size-large is-resized\"><img loading=\"lazy\" decoding=\"async\" width=\"1024\" height=\"292\" src=\"https:\/\/www.tartuh.ee\/wp-content\/uploads\/2024\/01\/image-1024x292.png\" alt=\"\" class=\"wp-image-11816\" style=\"width:422px;height:auto\" srcset=\"https:\/\/www.tartuh.ee\/wp-content\/uploads\/2024\/01\/image-1024x292.png 1024w, https:\/\/www.tartuh.ee\/wp-content\/uploads\/2024\/01\/image-300x86.png 300w, https:\/\/www.tartuh.ee\/wp-content\/uploads\/2024\/01\/image-768x219.png 768w, https:\/\/www.tartuh.ee\/wp-content\/uploads\/2024\/01\/image-1536x438.png 1536w, https:\/\/www.tartuh.ee\/wp-content\/uploads\/2024\/01\/image.png 1920w\" sizes=\"auto, (max-width: 1024px) 100vw, 1024px\" \/><\/figure>\n","protected":false},"excerpt":{"rendered":"<p>The project aims to develop a standalone workshop on domestic violence for current and future physiotherapists and other healthcare workers (e.g. nurses, midwives and careworkers). The aim of the project is to create an online version of the course as a widely available MOOC offered freely by the University of Tartu and to create more [&hellip;]<\/p>\n","protected":false},"author":31,"featured_media":0,"parent":0,"menu_order":0,"comment_status":"closed","ping_status":"closed","template":"","meta":{"_acf_changed":false,"_eb_attr":"","inline_featured_image":false,"footnotes":""},"class_list":["post-9443","page","type-page","status-publish","hentry"],"acf":[],"yoast_head":"<!-- This site is optimized with the Yoast SEO plugin v20.8 - https:\/\/yoast.com\/wordpress\/plugins\/seo\/ -->\n<title>Online Professional Education for Physiotherapists and other healthcare professionals on Domestic Violence - TARTUH.EE<\/title>\n<meta name=\"robots\" content=\"index, follow, max-snippet:-1, max-image-preview:large, max-video-preview:-1\" \/>\n<link rel=\"canonical\" href=\"https:\/\/www.tartuh.ee\/en\/online-professional-education-for-physiotherapists-and-other-healthcare-professionals-on-domestic-violence\/\" \/>\n<meta property=\"og:locale\" content=\"en_US\" \/>\n<meta property=\"og:type\" content=\"article\" \/>\n<meta property=\"og:title\" content=\"Online Professional Education for Physiotherapists and other healthcare professionals on Domestic Violence - TARTUH.EE\" \/>\n<meta property=\"og:description\" content=\"The project aims to develop a standalone workshop on domestic violence for current and future physiotherapists and other healthcare workers (e.g. nurses, midwives and careworkers). The aim of the project is to create an online version of the course as a widely available MOOC offered freely by the University of Tartu and to create more [&hellip;]\" \/>\n<meta property=\"og:url\" content=\"https:\/\/www.tartuh.ee\/en\/online-professional-education-for-physiotherapists-and-other-healthcare-professionals-on-domestic-violence\/\" \/>\n<meta property=\"og:site_name\" content=\"TARTUH.EE\" \/>\n<meta property=\"article:modified_time\" content=\"2024-01-29T14:16:39+00:00\" \/>\n<meta property=\"og:image\" content=\"https:\/\/www.tartuh.ee\/wp-content\/uploads\/2024\/01\/image-1.png\" \/>\n<meta name=\"twitter:card\" content=\"summary_large_image\" \/>\n<meta name=\"twitter:label1\" content=\"Est. reading time\" \/>\n\t<meta name=\"twitter:data1\" content=\"2 minutes\" \/>\n<script type=\"application\/ld+json\" class=\"yoast-schema-graph\">{\"@context\":\"https:\/\/schema.org\",\"@graph\":[{\"@type\":\"WebPage\",\"@id\":\"https:\/\/www.tartuh.ee\/en\/online-professional-education-for-physiotherapists-and-other-healthcare-professionals-on-domestic-violence\/\",\"url\":\"https:\/\/www.tartuh.ee\/en\/online-professional-education-for-physiotherapists-and-other-healthcare-professionals-on-domestic-violence\/\",\"name\":\"Online Professional Education for Physiotherapists and other healthcare professionals on Domestic Violence - TARTUH.EE\",\"isPartOf\":{\"@id\":\"https:\/\/www.tartuh.ee\/#website\"},\"datePublished\":\"2023-04-14T13:17:10+00:00\",\"dateModified\":\"2024-01-29T14:16:39+00:00\",\"breadcrumb\":{\"@id\":\"https:\/\/www.tartuh.ee\/en\/online-professional-education-for-physiotherapists-and-other-healthcare-professionals-on-domestic-violence\/#breadcrumb\"},\"inLanguage\":\"en-US\",\"potentialAction\":[{\"@type\":\"ReadAction\",\"target\":[\"https:\/\/www.tartuh.ee\/en\/online-professional-education-for-physiotherapists-and-other-healthcare-professionals-on-domestic-violence\/\"]}]},{\"@type\":\"BreadcrumbList\",\"@id\":\"https:\/\/www.tartuh.ee\/en\/online-professional-education-for-physiotherapists-and-other-healthcare-professionals-on-domestic-violence\/#breadcrumb\",\"itemListElement\":[{\"@type\":\"ListItem\",\"position\":1,\"name\":\"Home\",\"item\":\"https:\/\/www.tartuh.ee\/en\/\"},{\"@type\":\"ListItem\",\"position\":2,\"name\":\"Online Professional Education for Physiotherapists and other healthcare professionals on Domestic Violence\"}]},{\"@type\":\"WebSite\",\"@id\":\"https:\/\/www.tartuh.ee\/#website\",\"url\":\"https:\/\/www.tartuh.ee\/\",\"name\":\"TARTUH.EE\",\"description\":\"Tartu Tervishoiu K\u00f5rgkool on Eestis ja rahvusvaheliselt hinnatud k\u00f5rgkool ning kompetentsikeskus tervise ja heaolu valdkonnas. K\u00f5rgkoolis on v\u00f5imalik \u00f5ppida rakendusk\u00f5rghariduse, magistri- ja kutse\u00f5ppe \u00f5ppekavadel.\",\"publisher\":{\"@id\":\"https:\/\/www.tartuh.ee\/#organization\"},\"potentialAction\":[{\"@type\":\"SearchAction\",\"target\":{\"@type\":\"EntryPoint\",\"urlTemplate\":\"https:\/\/www.tartuh.ee\/?s={search_term_string}\"},\"query-input\":\"required name=search_term_string\"}],\"inLanguage\":\"en-US\"},{\"@type\":\"Organization\",\"@id\":\"https:\/\/www.tartuh.ee\/#organization\",\"name\":\"TARTUH.EE\",\"url\":\"https:\/\/www.tartuh.ee\/\",\"logo\":{\"@type\":\"ImageObject\",\"inLanguage\":\"en-US\",\"@id\":\"https:\/\/www.tartuh.ee\/#\/schema\/logo\/image\/\",\"url\":\"https:\/\/www.tartuh.ee\/wp-content\/uploads\/2025\/01\/cropped-TTKK-2025-logo.jpg\",\"contentUrl\":\"https:\/\/www.tartuh.ee\/wp-content\/uploads\/2025\/01\/cropped-TTKK-2025-logo.jpg\",\"width\":1498,\"height\":755,\"caption\":\"TARTUH.EE\"},\"image\":{\"@id\":\"https:\/\/www.tartuh.ee\/#\/schema\/logo\/image\/\"}}]}<\/script>\n<!-- \/ Yoast SEO plugin. -->","yoast_head_json":{"title":"Online Professional Education for Physiotherapists and other healthcare professionals on Domestic Violence - TARTUH.EE","robots":{"index":"index","follow":"follow","max-snippet":"max-snippet:-1","max-image-preview":"max-image-preview:large","max-video-preview":"max-video-preview:-1"},"canonical":"https:\/\/www.tartuh.ee\/en\/online-professional-education-for-physiotherapists-and-other-healthcare-professionals-on-domestic-violence\/","og_locale":"en_US","og_type":"article","og_title":"Online Professional Education for Physiotherapists and other healthcare professionals on Domestic Violence - TARTUH.EE","og_description":"The project aims to develop a standalone workshop on domestic violence for current and future physiotherapists and other healthcare workers (e.g. nurses, midwives and careworkers). The aim of the project is to create an online version of the course as a widely available MOOC offered freely by the University of Tartu and to create more [&hellip;]","og_url":"https:\/\/www.tartuh.ee\/en\/online-professional-education-for-physiotherapists-and-other-healthcare-professionals-on-domestic-violence\/","og_site_name":"TARTUH.EE","article_modified_time":"2024-01-29T14:16:39+00:00","og_image":[{"url":"https:\/\/www.tartuh.ee\/wp-content\/uploads\/2024\/01\/image-1.png"}],"twitter_card":"summary_large_image","twitter_misc":{"Est. reading time":"2 minutes"},"schema":{"@context":"https:\/\/schema.org","@graph":[{"@type":"WebPage","@id":"https:\/\/www.tartuh.ee\/en\/online-professional-education-for-physiotherapists-and-other-healthcare-professionals-on-domestic-violence\/","url":"https:\/\/www.tartuh.ee\/en\/online-professional-education-for-physiotherapists-and-other-healthcare-professionals-on-domestic-violence\/","name":"Online Professional Education for Physiotherapists and other healthcare professionals on Domestic Violence - TARTUH.EE","isPartOf":{"@id":"https:\/\/www.tartuh.ee\/#website"},"datePublished":"2023-04-14T13:17:10+00:00","dateModified":"2024-01-29T14:16:39+00:00","breadcrumb":{"@id":"https:\/\/www.tartuh.ee\/en\/online-professional-education-for-physiotherapists-and-other-healthcare-professionals-on-domestic-violence\/#breadcrumb"},"inLanguage":"en-US","potentialAction":[{"@type":"ReadAction","target":["https:\/\/www.tartuh.ee\/en\/online-professional-education-for-physiotherapists-and-other-healthcare-professionals-on-domestic-violence\/"]}]},{"@type":"BreadcrumbList","@id":"https:\/\/www.tartuh.ee\/en\/online-professional-education-for-physiotherapists-and-other-healthcare-professionals-on-domestic-violence\/#breadcrumb","itemListElement":[{"@type":"ListItem","position":1,"name":"Home","item":"https:\/\/www.tartuh.ee\/en\/"},{"@type":"ListItem","position":2,"name":"Online Professional Education for Physiotherapists and other healthcare professionals on Domestic Violence"}]},{"@type":"WebSite","@id":"https:\/\/www.tartuh.ee\/#website","url":"https:\/\/www.tartuh.ee\/","name":"TARTUH.EE","description":"Tartu Tervishoiu K\u00f5rgkool on Eestis ja rahvusvaheliselt hinnatud k\u00f5rgkool ning kompetentsikeskus tervise ja heaolu valdkonnas. K\u00f5rgkoolis on v\u00f5imalik \u00f5ppida rakendusk\u00f5rghariduse, magistri- ja kutse\u00f5ppe \u00f5ppekavadel.","publisher":{"@id":"https:\/\/www.tartuh.ee\/#organization"},"potentialAction":[{"@type":"SearchAction","target":{"@type":"EntryPoint","urlTemplate":"https:\/\/www.tartuh.ee\/?s={search_term_string}"},"query-input":"required name=search_term_string"}],"inLanguage":"en-US"},{"@type":"Organization","@id":"https:\/\/www.tartuh.ee\/#organization","name":"TARTUH.EE","url":"https:\/\/www.tartuh.ee\/","logo":{"@type":"ImageObject","inLanguage":"en-US","@id":"https:\/\/www.tartuh.ee\/#\/schema\/logo\/image\/","url":"https:\/\/www.tartuh.ee\/wp-content\/uploads\/2025\/01\/cropped-TTKK-2025-logo.jpg","contentUrl":"https:\/\/www.tartuh.ee\/wp-content\/uploads\/2025\/01\/cropped-TTKK-2025-logo.jpg","width":1498,"height":755,"caption":"TARTUH.EE"},"image":{"@id":"https:\/\/www.tartuh.ee\/#\/schema\/logo\/image\/"}}]}},"_links":{"self":[{"href":"https:\/\/www.tartuh.ee\/en\/wp-json\/wp\/v2\/pages\/9443","targetHints":{"allow":["GET"]}}],"collection":[{"href":"https:\/\/www.tartuh.ee\/en\/wp-json\/wp\/v2\/pages"}],"about":[{"href":"https:\/\/www.tartuh.ee\/en\/wp-json\/wp\/v2\/types\/page"}],"author":[{"embeddable":true,"href":"https:\/\/www.tartuh.ee\/en\/wp-json\/wp\/v2\/users\/31"}],"replies":[{"embeddable":true,"href":"https:\/\/www.tartuh.ee\/en\/wp-json\/wp\/v2\/comments?post=9443"}],"version-history":[{"count":3,"href":"https:\/\/www.tartuh.ee\/en\/wp-json\/wp\/v2\/pages\/9443\/revisions"}],"predecessor-version":[{"id":11823,"href":"https:\/\/www.tartuh.ee\/en\/wp-json\/wp\/v2\/pages\/9443\/revisions\/11823"}],"wp:attachment":[{"href":"https:\/\/www.tartuh.ee\/en\/wp-json\/wp\/v2\/media?parent=9443"}],"curies":[{"name":"wp","href":"https:\/\/api.w.org\/{rel}","templated":true}]}}